{"id":100,"date":"2011-06-17T23:23:45","date_gmt":"2011-06-17T23:23:45","guid":{"rendered":""},"modified":"2014-08-08T10:32:08","modified_gmt":"2014-08-08T10:32:08","slug":"watvoegel","status":"publish","type":"page","link":"https:\/\/www.big-animals.com\/de\/watvoegel\/","title":{"rendered":"Watv\u00f6gel"},"content":{"rendered":"<p>&nbsp;<\/p>\n<figure id=\"attachment_1359\" aria-describedby=\"caption-attachment-1359\" style=\"width: 251px\" class=\"wp-caption alignright\"><a href=\"http:\/\/www.big-animals.com\/wp-content\/uploads\/2011\/06\/Sandpiper.jpg\"><img loading=\"lazy\" decoding=\"async\" class=\"gts_attribute gts_attribute_1_alt gts_attribute_2_title wp-image-1359 size-full\" title=\"Der Schnepfenvogel ist ein typischer Stelzvogel\" src=\"http:\/\/www.big-animals.com\/wp-content\/uploads\/2011\/06\/Sandpiper.jpg\" alt=\"Der Schnepfenvogel ist ein typischer Stelzvogel\" width=\"251\" height=\"193\" \/><\/a><figcaption id=\"caption-attachment-1359\" class=\"wp-caption-text\">Der Schnepfenvogel ist ein typischer Watvogel<\/figcaption><\/figure>\n<p><span id=\"gts_text_2\" class=\"gts_text\">Watv\u00f6gel werden auch Stelzv\u00f6gel genannt. Zu dieser Gruppe von <a class=\" gts_attribute gts_attribute_3_title\" title=\"Die gr\u00f6\u00dften V\u00f6gel der Welt!\" href=\"..\/the-worlds-biggest-birds\/\">V\u00f6geln<\/a> geh\u00f6ren V\u00f6gel, die nahe der K\u00fcste von Meeren oder Seen leben, darunter sind jedoch keine V\u00f6gel wie Storche oder Reiher (die gr\u00f6\u00dfer sind) bzw. V\u00f6gel die besser an das Leben am Ozean angepasst sind (wie z.B. M\u00f6wen). Es gibt 210 Spezies von Watv\u00f6geln auf der Welt. Sie m\u00f6gen Sumpfgebiete oder K\u00fcstenregionen. Die meisten der arktischen und gem\u00e4\u00dfigten Spezies ziehen ab, die tropischen Spezies hingegen neigen dazu an einem Ort zu verweilen oder weiterzuziehen, je nachdem wie viel Regen es dort gibt.<\/span><span id=\"gts_text_5\" class=\"gts_text\"><\/span><\/p>\n<p>Die meisten von ihnen fressen kleine wirbellose Tiere, die sie im Schlamm finden. Watv\u00f6gel haben unterschiedliche Schnabell\u00e4ngen. Also sind sie dazu f\u00e4hig am selben Ort Nahrung aus dem Schlamm aufzunehmen ohne im Wettstreit zu stehen. Sie besitzen einen empfindlichen Nerv am Ende ihrer Schn\u00e4bel, den sie dazu benutzen ihre Beute im Schlamm bzw. in der Erde zu finden.<\/p>\n<p>Gr\u00f6\u00dfere Watv\u00f6gel fressen gr\u00f6\u00dfere Beute wie z.B. Insekten und kleine Reptilien. Die gr\u00f6\u00dferen Exemplare sind dazu f\u00e4hig, in trockeneren Gebieten zu leben. Allerdings leben die Kleineren nahe der K\u00fcstenregionen, zum Beispiel Schnepfenv\u00f6gel.<\/p>\n<p><span id=\"gts_text_12\" class=\"gts_text\">Die gr\u00f6\u00dfte Spezies ist der <a class=\" gts_attribute gts_attribute_4_title\" title=\"Isabellbrachvogel\" href=\"http:\/\/www.big-animals.com\/de\/isabellbrachvogel\/\">Isabellbrachvogel<\/a>.<\/span> Er ist um die 63 cm gro\u00df und wiegt 860 Gramm. <span id=\"gts_text_13\" class=\"gts_text\">Der<\/span><span id=\"gts_text_14\" class=\"gts_text\"> <a class=\" gts_attribute gts_attribute_5_title\" title=\"Rifftriel\" href=\"http:\/\/www.big-animals.com\/de\/rifftriel\/\">Rifftriel <\/a>ist der Schwerste mit einem Gewicht von ungef\u00e4hr 1kg.<br \/>\n<\/span><\/p>\n","protected":false},"excerpt":{"rendered":"<p>&nbsp; Watv\u00f6gel werden auch Stelzv\u00f6gel genannt. Zu dieser Gruppe von V\u00f6geln geh\u00f6ren V\u00f6gel, die nahe der K\u00fcste von Meeren oder Seen leben, darunter sind jedoch keine V\u00f6gel wie Storche oder Reiher (die gr\u00f6\u00dfer sind) bzw. V\u00f6gel die besser an das Leben am Ozean angepasst sind (wie z.B. M\u00f6wen). Es gibt 210 Spezies von Watv\u00f6geln auf &hellip; <a href=\"https:\/\/www.big-animals.com\/de\/watvoegel\/\" class=\"more-link\">Continue reading <span class=\"screen-reader-text\">Watv\u00f6gel<\/span><\/a><\/p>\n","protected":false},"author":1,"featured_media":0,"parent":0,"menu_order":0,"comment_status":"closed","ping_status":"open","template":"","meta":{"_acf_changed":false,"footnotes":""},"acf":[],"_links":{"self":[{"href":"https:\/\/www.big-animals.com\/de\/wp-json\/wp\/v2\/pages\/100"}],"collection":[{"href":"https:\/\/www.big-animals.com\/de\/wp-json\/wp\/v2\/pages"}],"about":[{"href":"https:\/\/www.big-animals.com\/de\/wp-json\/wp\/v2\/types\/page"}],"author":[{"embeddable":true,"href":"https:\/\/www.big-animals.com\/de\/wp-json\/wp\/v2\/users\/1"}],"replies":[{"embeddable":true,"href":"https:\/\/www.big-animals.com\/de\/wp-json\/wp\/v2\/comments?post=100"}],"version-history":[{"count":5,"href":"https:\/\/www.big-animals.com\/de\/wp-json\/wp\/v2\/pages\/100\/revisions"}],"predecessor-version":[{"id":561,"href":"https:\/\/www.big-animals.com\/de\/wp-json\/wp\/v2\/pages\/100\/revisions\/561"}],"wp:attachment":[{"href":"https:\/\/www.big-animals.com\/de\/wp-json\/wp\/v2\/media?parent=100"}],"curies":[{"name":"wp","href":"https:\/\/api.w.org\/{rel}","templated":true}]}}