{"id":101,"date":"2011-06-18T00:29:56","date_gmt":"2011-06-18T00:29:56","guid":{"rendered":""},"modified":"2014-08-08T11:08:04","modified_gmt":"2014-08-08T11:08:04","slug":"isabellbrachvogel","status":"publish","type":"page","link":"https:\/\/www.big-animals.com\/de\/isabellbrachvogel\/","title":{"rendered":"Isabellbrachvogel"},"content":{"rendered":"<p><span id=\"gts_text_1\" class=\"gts_text\">Der Isabellbrachvogel ist der gr\u00f6\u00dfte <a class=\" gts_attribute gts_attribute_3_title\" title=\"Watv\u00f6gel\" href=\"http:\/\/www.big-animals.com\/de\/watvoegel\/\">Watvogel<\/a> und der weltgr\u00f6\u00dfte Schnepfenvogel. Er hat einen sehr langen Schnabel, der nach unten gekr\u00fcmmt ist. Der Schnabel eines Weibchens ist normalerweise l\u00e4nger als der eines M\u00e4nnchens. Der Schnabel ist ungef\u00e4hr 185mm lang.<\/span><span id=\"gts_text_4\" class=\"gts_text\"><\/span><\/p>\n<figure id=\"attachment_1361\" aria-describedby=\"caption-attachment-1361\" style=\"width: 300px\" class=\"wp-caption alignright\"><a href=\"http:\/\/www.big-animals.com\/wp-content\/uploads\/2011\/06\/Far_Eastern_Curlew.jpg\"><img loading=\"lazy\" decoding=\"async\" class=\"gts_attribute gts_attribute_1_alt gts_attribute_4_title wp-image-1361 size-medium\" title=\"Der Isabellbrachvogel hat einen sehr langen Schnabel!\" src=\"http:\/\/www.big-animals.com\/wp-content\/uploads\/2011\/06\/Far_Eastern_Curlew-300x196.jpg\" alt=\"Der Isabellbrachvogel hat einen sehr langen Schnabel!\" width=\"300\" height=\"196\" \/><\/a><figcaption id=\"caption-attachment-1361\" class=\"wp-caption-text\">Der Isabellbrachvogel hat einen sehr langen Schnabel!<\/figcaption><\/figure>\n<p><span id=\"gts_text_5\" class=\"gts_text\">Er hat einen langen Hals, zwei lange Beine und ist braun. Er ist um die 63cm lang. Seine langen Beine haben ihm erm\u00f6glicht, in nassen Gebieten und gem\u00e4\u00dfigtem Grasland zu waten. Er kann in den K\u00fcstenregionen von Nordost- und S\u00fcdaustralien gefunden werden, inklusive Tasmanien. Er wird auch selten im Inland entdeckt. Sie werden au\u00dferdem in asiatischen L\u00e4ndern wie Japan, Korea und Borneo gesichtet. Sie lieben es auf Wattenmeer, Seegrasgew\u00e4chsen, windgesch\u00fctzten K\u00fcsten, besonders in Mangroves\u00fcmpfen, Buchten und Lagunen zu leben.<\/span><span id=\"gts_text_11\" class=\"gts_text\"><\/span><\/p>\n<p><span id=\"gts_text_12\" class=\"gts_text\">Der Isabellbrachvogel br\u00fctet im Nordosten Asiens, einschlie\u00dflich Sibirien bis zur Kamtschatka und der Mongolei. Er sucht sich morastige und sumpfige Feuchtgebiete sowie Seeufer aus, um seine Eier zu legen. Er verl\u00e4sst die Brutgebiete im Zeitraum von Mitte Juli bis zum sp\u00e4ten September. Der Isabellbrachvogel ist eine Zugvogelart.<\/span><span id=\"gts_text_15\" class=\"gts_text\"><br \/>\n<\/span><\/p>\n<p>Er benutzt seinen langen, gekr\u00fcmmten Schnabel um im Schlamm nach Nahrung zu suchen. Sie fressen kleine Krabben und Mollusken. Zwar\u00a0 mag es sein, dass er sich alleine ern\u00e4hrt, jedoch zieht und ruht der Isabellbrachvogel in gro\u00dfen Schw\u00e4rmen. Sein Ruf ist ein scharfes, klares Pfeifen, in etwa \u201eCuuue-reee\u201c. Normalerweise gibt er wiederholt Laute von sich.<\/p>\n<figure id=\"attachment_1362\" aria-describedby=\"caption-attachment-1362\" style=\"width: 300px\" class=\"wp-caption aligncenter\"><a href=\"http:\/\/www.big-animals.com\/wp-content\/uploads\/2011\/06\/Far_Eastern_Curlew_and_Human.png\"><img loading=\"lazy\" decoding=\"async\" class=\"gts_attribute gts_attribute_2_alt gts_attribute_5_title wp-image-1362 size-medium\" title=\"Der Isabellbrachvogel ist der weltgr\u00f6\u00dfte Stelzvogel bzw. Watvogel\" src=\"http:\/\/www.big-animals.com\/wp-content\/uploads\/2011\/06\/Far_Eastern_Curlew_and_Human-300x282.png\" alt=\"Der Isabellbrachvogel ist der weltgr\u00f6\u00dfte Stelzvogel bzw. Watvogel\" width=\"300\" height=\"282\" \/><\/a><figcaption id=\"caption-attachment-1362\" class=\"wp-caption-text\">Der Isabellbrachvogel ist der weltgr\u00f6\u00dfte Stelzvogel bzw. Watvogel<\/figcaption><\/figure>\n","protected":false},"excerpt":{"rendered":"<p>Der Isabellbrachvogel ist der gr\u00f6\u00dfte Watvogel und der weltgr\u00f6\u00dfte Schnepfenvogel. Er hat einen sehr langen Schnabel, der nach unten gekr\u00fcmmt ist. Der Schnabel eines Weibchens ist normalerweise l\u00e4nger als der eines M\u00e4nnchens. Der Schnabel ist ungef\u00e4hr 185mm lang. Er hat einen langen Hals, zwei lange Beine und ist braun. Er ist um die 63cm lang. &hellip; <a href=\"https:\/\/www.big-animals.com\/de\/isabellbrachvogel\/\" class=\"more-link\">Continue reading <span class=\"screen-reader-text\">Isabellbrachvogel<\/span><\/a><\/p>\n","protected":false},"author":1,"featured_media":0,"parent":0,"menu_order":0,"comment_status":"closed","ping_status":"open","template":"","meta":{"_acf_changed":false,"footnotes":""},"acf":[],"_links":{"self":[{"href":"https:\/\/www.big-animals.com\/de\/wp-json\/wp\/v2\/pages\/101"}],"collection":[{"href":"https:\/\/www.big-animals.com\/de\/wp-json\/wp\/v2\/pages"}],"about":[{"href":"https:\/\/www.big-animals.com\/de\/wp-json\/wp\/v2\/types\/page"}],"author":[{"embeddable":true,"href":"https:\/\/www.big-animals.com\/de\/wp-json\/wp\/v2\/users\/1"}],"replies":[{"embeddable":true,"href":"https:\/\/www.big-animals.com\/de\/wp-json\/wp\/v2\/comments?post=101"}],"version-history":[{"count":3,"href":"https:\/\/www.big-animals.com\/de\/wp-json\/wp\/v2\/pages\/101\/revisions"}],"predecessor-version":[{"id":562,"href":"https:\/\/www.big-animals.com\/de\/wp-json\/wp\/v2\/pages\/101\/revisions\/562"}],"wp:attachment":[{"href":"https:\/\/www.big-animals.com\/de\/wp-json\/wp\/v2\/media?parent=101"}],"curies":[{"name":"wp","href":"https:\/\/api.w.org\/{rel}","templated":true}]}}