{"id":105,"date":"2011-06-25T23:04:03","date_gmt":"2011-06-25T23:04:03","guid":{"rendered":""},"modified":"2014-04-02T11:34:36","modified_gmt":"2014-04-02T11:34:36","slug":"krontauben","status":"publish","type":"page","link":"https:\/\/www.big-animals.com\/de\/krontauben\/","title":{"rendered":"Krontauben"},"content":{"rendered":"<p>&nbsp;<\/p>\n<figure id=\"attachment_1409\" aria-describedby=\"caption-attachment-1409\" style=\"width: 140px\" class=\"wp-caption alignleft\"><a href=\"http:\/\/www.big-animals.com\/wp-content\/uploads\/2011\/06\/Victoria_Crowned_Pigeon.jpg\"><img loading=\"lazy\" decoding=\"async\" class=\"size-medium wp-image-1409 gts_attribute gts_attribute_1_alt gts_attribute_2_title\" title=\"Die Victoria-Krontaube\" alt=\"Die Victoria-Krontaube\" src=\"http:\/\/www.big-animals.com\/wp-content\/uploads\/2011\/06\/Victoria_Crowned_Pigeon-140x300.jpg\" width=\"140\" height=\"300\" \/><\/a><figcaption id=\"caption-attachment-1409\" class=\"wp-caption-text\">Die Victoria-Krontaube<\/figcaption><\/figure>\n<p><span class=\"gts_text\" id=\"gts_text_1\">Es gibt drei gro\u00dfe <span class=\" gts_attribute gts_attribute_3_title\">Kron<\/span><a class=\" gts_attribute gts_attribute_3_title\" title=\"Columbidae\" href=\"http:\/\/www.big-animals.com\/columbidae\/\">tauben<\/a><span class=\" gts_attribute gts_attribute_3_title\"> auf der Welt. Da w\u00e4rne die Krontaube, die <\/span><\/span><span class=\"gts_text\" id=\"gts_text_1\"><span class=\" gts_attribute gts_attribute_3_title\"><span class=\"st\">Rotbrust-Krontaube und die Victoria-Krontaube. Sie haben fast die Gr\u00f6\u00dfe eines Truthahns. Sie wiegen zwischen 2-4kg. Sie sind die gr\u00f6\u00dften Mitglieder der Taubenfamilie. Die drei erw\u00e4hnten Krontauben sehen \u00e4hnlich aus.<\/span><\/span> <\/span><span class=\"gts_text\" id=\"gts_text_6\"><\/span><\/p>\n<p>Sie sind gro\u00dfe blaugraue V\u00f6gel mit dunklen, kastanienbraunen Farben unterhalb. Sie unterscheiden sich von anderen Tauben, da sie 16 Schwanzfedern haben, anstelle von nur 12 Schwanzfedern.<\/p>\n<p>Sie leben in Neuguinea und in einigen umgebenden Inseln. Sie fressen Fr\u00fcchte, Samen und Schnecken. Die M\u00e4nnchen und Weibchen sind fast identisch. Beide, sowohl Mama als auch Papa helfen dabei, das Ei warm zu halten. Das Ei ben\u00f6tigt um die 28 bis 30 Tage um zu schl\u00fcpfen. Das Ei ist weiss. Sie produzieren f\u00fcr ihre Kinder \u201eKropfmilch\u201c sowie die Flamingos. Beide, sowohl Mami als auch Vati sind dazu f\u00e4hig, diese \u201eKropfmilch\u201c zu produzieren. Ihr K\u00fcken braucht 30 Tage, bis es bereit ist zu fliegen und unabh\u00e4ngig zu sein. Sie k\u00f6nnen bis zu \u00fcber 20 Jahre alt werden.<\/p>\n<p>Sie machen ihre Nester aus den \u00c4sten und Wurzeln aus B\u00fcschen und B\u00e4umen. Sie lieben hohe Hecken. Sie neigen dazu, einander Partner f\u00fcrs Leben zu sein. Sie beginnen ihren tag mit einem Chor von Rufen, bevor sie auf die Jagd gehen. Sie schl\u00fcrfen nicht, wenn sie trinken. Stattdessen tunken sie ihren Schnabel ein und saugen das Wasser zum Trinken aus. Ihr Schnabel ist f\u00fcr sie wie ein Strohhalm. Sie bewegen sich in Schw\u00e4rmen w\u00e4hrend des Tages fort und ruhen in der Nacht ebenfalls in Schw\u00e4rmen. Sie m\u00f6gen die gegenseitige Anwesenheit und neigen dazu, sicherer vor ihren Feinden zu sein, wenn sie sich in Schw\u00e4rmen befinden.<\/p>\n<p>Diese Tauben werden aufgrund des wundersch\u00f6nen Federschopfes auf ihren K\u00f6pfen und auch wegen ihres leckeren Fleisches gejagt. Also um sicherzustellen, dass diese Tauben nicht aussterben, gibt es jetzt Gesetze um sie zu sch\u00fctzen. Nichtsdestotrotz sind\u00a0 f\u00fcr den gr\u00f6\u00dften Teil verschwunden, besonders in der N\u00e4he von bewohnten Gebieten. Es wurde berichtet, dass sie immer noch sehr present im wilden Dschungel von Neuguinea sind.<\/p>\n","protected":false},"excerpt":{"rendered":"<p>&nbsp; Es gibt drei gro\u00dfe Krontauben auf der Welt. Da w\u00e4rne die Krontaube, die Rotbrust-Krontaube und die Victoria-Krontaube. Sie haben fast die Gr\u00f6\u00dfe eines Truthahns. Sie wiegen zwischen 2-4kg. Sie sind die gr\u00f6\u00dften Mitglieder der Taubenfamilie. Die drei erw\u00e4hnten Krontauben sehen \u00e4hnlich aus. Sie sind gro\u00dfe blaugraue V\u00f6gel mit dunklen, kastanienbraunen Farben unterhalb. Sie unterscheiden &hellip; <a href=\"https:\/\/www.big-animals.com\/de\/krontauben\/\" class=\"more-link\">Continue reading <span class=\"screen-reader-text\">Krontauben<\/span><\/a><\/p>\n","protected":false},"author":1,"featured_media":0,"parent":0,"menu_order":0,"comment_status":"closed","ping_status":"open","template":"","meta":{"_acf_changed":false,"footnotes":""},"acf":[],"_links":{"self":[{"href":"https:\/\/www.big-animals.com\/de\/wp-json\/wp\/v2\/pages\/105"}],"collection":[{"href":"https:\/\/www.big-animals.com\/de\/wp-json\/wp\/v2\/pages"}],"about":[{"href":"https:\/\/www.big-animals.com\/de\/wp-json\/wp\/v2\/types\/page"}],"author":[{"embeddable":true,"href":"https:\/\/www.big-animals.com\/de\/wp-json\/wp\/v2\/users\/1"}],"replies":[{"embeddable":true,"href":"https:\/\/www.big-animals.com\/de\/wp-json\/wp\/v2\/comments?post=105"}],"version-history":[{"count":2,"href":"https:\/\/www.big-animals.com\/de\/wp-json\/wp\/v2\/pages\/105\/revisions"}],"predecessor-version":[{"id":480,"href":"https:\/\/www.big-animals.com\/de\/wp-json\/wp\/v2\/pages\/105\/revisions\/480"}],"wp:attachment":[{"href":"https:\/\/www.big-animals.com\/de\/wp-json\/wp\/v2\/media?parent=105"}],"curies":[{"name":"wp","href":"https:\/\/api.w.org\/{rel}","templated":true}]}}