{"id":106,"date":"2011-06-25T23:36:46","date_gmt":"2011-06-25T23:36:46","guid":{"rendered":""},"modified":"2014-08-08T07:51:27","modified_gmt":"2014-08-08T07:51:27","slug":"dodo","status":"publish","type":"page","link":"https:\/\/www.big-animals.com\/de\/dodo\/","title":{"rendered":"Dodo"},"content":{"rendered":"<figure id=\"attachment_1416\" aria-describedby=\"caption-attachment-1416\" style=\"width: 300px\" class=\"wp-caption alignnone\"><a href=\"http:\/\/www.big-animals.com\/wp-content\/uploads\/2011\/06\/Dodo_and_Human.png\"><img loading=\"lazy\" decoding=\"async\" class=\"gts_attribute gts_attribute_1_alt gts_attribute_2_title wp-image-1416 size-medium\" title=\"Der Dodo war die gr\u00f6\u00dfte Taube \u00fcberhaupt\" src=\"http:\/\/www.big-animals.com\/wp-content\/uploads\/2011\/06\/Dodo_and_Human-300x244.png\" alt=\"Der Dodo war die gr\u00f6\u00dfte Taube \u00fcberhaupt\" width=\"300\" height=\"244\" \/><\/a><figcaption id=\"caption-attachment-1416\" class=\"wp-caption-text\">Der Dodo war die gr\u00f6\u00dfte Taube \u00fcberhaupt<\/figcaption><\/figure>\n<p>&nbsp;<\/p>\n<p><span id=\"gts_text_1\" class=\"gts_text\">Der Dodo ist die gr\u00f6\u00dfte <a class=\" gts_attribute gts_attribute_3_title\" title=\"Tauben\" href=\"http:\/\/www.big-animals.com\/de\/tauben\/\">Taube<\/a><span class=\" gts_attribute gts_attribute_3_title\"> weltweit. Er war flugunf\u00e4hig und lebte in Mauritius. Er war 1 Meter hoch und wog um die 23 kg. Er fra\u00df Fr\u00fcchte. Da er nicht fliegen konnte, baute er seine Nester auf dem Boden.<\/span> <\/span><span id=\"gts_text_5\" class=\"gts_text\"><\/span><\/p>\n<p><span id=\"gts_text_6\" class=\"gts_text\">Er war seit dem mittleren bis sp\u00e4ten 17ten Jahrhundert ausgestorben gewesen. Der Dodo hatte gr\u00e4uliche und br\u00e4unliche Federn. Er hat einen langen Schnabel mit einer gehakten Spitze, welche ungef\u00e4hr 23 cm lang war. Er besa\u00df sehr kleine Fl\u00fcgel, ein Paar gelbe Beine und einen B\u00fcschel von wuscheligen Federn am hinteren Teil des R\u00fcckens.<\/span><span id=\"gts_text_9\" class=\"gts_text\"><\/span><\/p>\n<p><span id=\"gts_text_10\" class=\"gts_text\">Da er nicht in der Lage war zu fliegen und keine Angst vor Menschen hatte, war die Jagd des Dodos dementsprechend einfach. Als Menschen auf Mauritius ankamen, brachten sie auch Tiere wie Hunde, Schweine, Ratten und krabbenfressende Makaken mit sich, welche die Nester der Dodos \u00fcberfielen. Nun ist der Dodo f\u00fcr immer verschwunden.<\/span><span id=\"gts_text_12\" class=\"gts_text\"><\/span><\/p>\n","protected":false},"excerpt":{"rendered":"<p>&nbsp; Der Dodo ist die gr\u00f6\u00dfte Taube weltweit. Er war flugunf\u00e4hig und lebte in Mauritius. Er war 1 Meter hoch und wog um die 23 kg. Er fra\u00df Fr\u00fcchte. Da er nicht fliegen konnte, baute er seine Nester auf dem Boden. Er war seit dem mittleren bis sp\u00e4ten 17ten Jahrhundert ausgestorben gewesen. Der Dodo hatte &hellip; <a href=\"https:\/\/www.big-animals.com\/de\/dodo\/\" class=\"more-link\">Continue reading <span class=\"screen-reader-text\">Dodo<\/span><\/a><\/p>\n","protected":false},"author":1,"featured_media":0,"parent":0,"menu_order":0,"comment_status":"closed","ping_status":"open","template":"","meta":{"_acf_changed":false,"footnotes":""},"acf":[],"_links":{"self":[{"href":"https:\/\/www.big-animals.com\/de\/wp-json\/wp\/v2\/pages\/106"}],"collection":[{"href":"https:\/\/www.big-animals.com\/de\/wp-json\/wp\/v2\/pages"}],"about":[{"href":"https:\/\/www.big-animals.com\/de\/wp-json\/wp\/v2\/types\/page"}],"author":[{"embeddable":true,"href":"https:\/\/www.big-animals.com\/de\/wp-json\/wp\/v2\/users\/1"}],"replies":[{"embeddable":true,"href":"https:\/\/www.big-animals.com\/de\/wp-json\/wp\/v2\/comments?post=106"}],"version-history":[{"count":3,"href":"https:\/\/www.big-animals.com\/de\/wp-json\/wp\/v2\/pages\/106\/revisions"}],"predecessor-version":[{"id":551,"href":"https:\/\/www.big-animals.com\/de\/wp-json\/wp\/v2\/pages\/106\/revisions\/551"}],"wp:attachment":[{"href":"https:\/\/www.big-animals.com\/de\/wp-json\/wp\/v2\/media?parent=106"}],"curies":[{"name":"wp","href":"https:\/\/api.w.org\/{rel}","templated":true}]}}