{"id":108,"date":"2011-07-03T00:34:44","date_gmt":"2011-07-03T00:34:44","guid":{"rendered":""},"modified":"2014-02-21T13:34:47","modified_gmt":"2014-02-21T13:34:47","slug":"das-nordamerikanische-truthuhn","status":"publish","type":"page","link":"https:\/\/www.big-animals.com\/de\/das-nordamerikanische-truthuhn\/","title":{"rendered":"Das nordamerikanische Truthuhn"},"content":{"rendered":"<p><span class=\"gts_text\" id=\"gts_text_1\">Das nordamerikanische Truthuhn lebt in Nordamerika.<\/span> <span class=\"gts_text\" id=\"gts_text_2\">Es ist der schwerste und gr\u00f6\u00dfte <a class=\" gts_attribute gts_attribute_3_title\" title=\"H\u00fchnerv\u00f6gel\" href=\"http:\/\/www.big-animals.com\/de\/huehnervoegel\/\">H\u00fchnervogel<\/a>.<\/span> <span class=\"gts_text\" id=\"gts_text_3\">Es ist die gleiche Spezies wie der heimische Truthahn.<\/span> <span class=\"gts_text\" id=\"gts_text_4\">Heimische oder zahme Truth\u00fchner wurden von der s\u00fcdmexikanischen Subspezies der Truth\u00fchner domestiziert. Die Truth\u00fchner sind diejenigen Wesen, die von amerikanischen Leuten an Thanksgiving und Weihnachten serviert werden. Sie werden in Bauernh\u00f6fen gehalten.<\/span><span class=\"gts_text\" id=\"gts_text_6\"><br \/>\n<\/span><\/p>\n<figure id=\"attachment_1446\" aria-describedby=\"caption-attachment-1446\" style=\"width: 300px\" class=\"wp-caption alignleft\"><a href=\"http:\/\/www.big-animals.com\/wp-content\/uploads\/2011\/07\/NorthAmericanWildTurkey.jpg\"><img loading=\"lazy\" decoding=\"async\" class=\"size-medium wp-image-1446 gts_attribute gts_attribute_1_alt gts_attribute_4_title\" title=\"Die nordamerikanische wilde T\u00fcrkei ist ein sch\u00f6ner Vogel - fotografieren Sie durch Malene Thyssen\" alt=\"Die nordamerikanische wilde T\u00fcrkei ist ein sch\u00f6ner Vogel - fotografieren Sie durch Malene Thyssen\" src=\"http:\/\/www.big-animals.com\/wp-content\/uploads\/2011\/07\/NorthAmericanWildTurkey-300x233.jpg\" width=\"300\" height=\"233\" \/><\/a><figcaption id=\"caption-attachment-1446\" class=\"wp-caption-text\">Das nordamerikanische Truthuhn ist ein wunderbarer Vogel &#8211; Fotografie von Malene Thyssen<\/figcaption><\/figure>\n<p><span class=\"gts_text\" id=\"gts_text_7\">Erwachsene Truth\u00fchner haben langes, r\u00f6tlich-gelbe bis hin zu gr\u00e4ulich-gr\u00fcne Beine und einen schwarzen K\u00f6rper.<\/span> <span class=\"gts_text\" id=\"gts_text_8\">M\u00e4nnchen werden Truth\u00e4hne genannt. Sie bauschen ihre K\u00f6rper auf und breiten ihre Hinterfl\u00fcgel wie ein sch\u00f6ner Pfau aus. Sie haben einen gro\u00dfen federlosen, r\u00f6tlichen Kopf, eine rote Kehle und rote <em>Kehllappen<\/em> an der Kehle und am Nacken. Ihr Kopf hat ein fleischartiges Geschwulst namens <em>Hungerwarze<\/em>. Diese werden rot, wenn das Truthuhn aufgebracht ist. Wenn ein m\u00e4nnliches Truthuhn aufgeregt ist, wird sein Kopf blau und wenn es bereit ist zu k\u00e4mpfen, wird der Kopf rot. So ein wundervoller, farbenfroher Vogel! Jede seiner F\u00fc\u00dfe hat 3 Zehen und die M\u00e4nnchen besitzen eine spezielle Waffe namens Sporn hinter jedem ihrer Beine. Es wird in K\u00e4mpfen eingesetzt. Das lange, fleischartige Objekt \u00fcber dem Schnabel eines M\u00e4nnchens wird <em>Karunkel<\/em> genannt. Das Karunkel wird hellrot, wenn es aufgebracht ist.<\/span><span class=\"gts_text\" id=\"gts_text_19\"><br \/>\n<\/span><\/p>\n<p><span class=\"gts_text\" id=\"gts_text_20\">Truth\u00fchner\u00a0 haben eine lange, dunkle, f\u00e4cherf\u00f6rmige Schwanzfeder und glatte Bronzefl\u00fcgel.<\/span> <span class=\"gts_text\" id=\"gts_text_21\">Die Federn der M\u00e4nnchen haben alle Arten von Farben.<\/span> <span class=\"gts_text\" id=\"gts_text_22\">Es gibt Stellen, die rot sind, violett, gr\u00fcn, kupfern, Bronze und einige Teile sehen aus bestimmten Winkeln wie Gold.<\/span> <span class=\"gts_text\" id=\"gts_text_23\">Ein weibliches Truthuhn wird Henne genannt.<\/span> <span class=\"gts_text\" id=\"gts_text_24\">Sie sind weniger hell gef\u00e4rbt.<\/span> <span class=\"gts_text\" id=\"gts_text_25\">Sie sind normalerweise braun und grau.<\/span> <span class=\"gts_text\" id=\"gts_text_26\">Truth\u00fchner haben 5000 bis 6000 Federn.<\/span> <span class=\"gts_text\" id=\"gts_text_27\">Erwachsene Truth\u00fchner haben Schwanzfedern der gleichen L\u00e4nge, aber die Schwanzfedern der Jungtiere haben verschiedene L\u00e4ngen.<\/span><\/p>\n<figure id=\"attachment_1448\" aria-describedby=\"caption-attachment-1448\" style=\"width: 300px\" class=\"wp-caption alignright\"><a href=\"http:\/\/www.big-animals.com\/wp-content\/uploads\/2011\/07\/Wild_turkey_and_human.png\"><img loading=\"lazy\" decoding=\"async\" class=\"size-medium wp-image-1448 gts_attribute gts_attribute_2_alt gts_attribute_5_title\" title=\"Die nordamerikanische wilde T\u00fcrkei und Mensch\" alt=\"Die nordamerikanische wilde T\u00fcrkei und Mensch\" src=\"http:\/\/www.big-animals.com\/wp-content\/uploads\/2011\/07\/Wild_turkey_and_human-300x273.png\" width=\"300\" height=\"273\" \/><\/a><figcaption id=\"caption-attachment-1448\" class=\"wp-caption-text\">Nordamerikanisches Truthuhn und Mensch<\/figcaption><\/figure>\n<p><span class=\"gts_text\" id=\"gts_text_28\">M\u00e4nnliche Truth\u00e4hne neigen dazu einen \u201eBart\u201c, einen B\u00fcschel oder ein St\u00fcck Haar zu haben, das von der Mitte ihrer Brust aus w\u00e4chst.<\/span> <span class=\"gts_text\" id=\"gts_text_29\">Die B\u00e4rte sind ungef\u00e4hr 230mm in der L\u00e4nge.<\/span> <span class=\"gts_text\" id=\"gts_text_30\">Das lustige hierbei ist, dass einige der Weibchen ebenfalls einen Bart haben, deren ist jedoch k\u00fcrzer und d\u00fcnner.<br \/>\n<\/span><\/p>\n<p><span class=\"gts_text\" id=\"gts_text_31\">Das erwachsene M\u00e4nnchen wiegt zwischen 5 bis 11kg und misst zwischen 100 &#8211; 125cm.<\/span> <span class=\"gts_text\" id=\"gts_text_32\">Das erwachsene Weibchen ist viel kleiner.<\/span> <span class=\"gts_text\" id=\"gts_text_33\">Sie ist zwischen 3-5,4kg und misst zwischen 76 bis 95cm in der L\u00e4nge.<\/span> <span class=\"gts_text\" id=\"gts_text_34\">Ihre Spannweite erstreckt sich auf 1,25 bis 1.44m.<\/span><\/p>\n<p><span class=\"gts_text\" id=\"gts_text_35\">Obwohl sie schwer sind, sind sie gute Flieger &#8211; nicht wie die heimischen Truth\u00fchner, die nicht fliegen k\u00f6nnen.<\/span> <span class=\"gts_text\" id=\"gts_text_36\">Sie fliegen oder laufen, wenn sie Gefahr wittern.<\/span> <span class=\"gts_text\" id=\"gts_text_37\">Sie leben in W\u00e4ldern Nordamerikas.<\/span> <span class=\"gts_text\" id=\"gts_text_38\">Sie machen alle Arten von Ger\u00e4uschen die sich wie Verschlingen, Glucken, Schl\u00e4ge, Schnurren, Gekl\u00e4ffe, cutts, Gejammer, Gegacker und Kee-kees anh\u00f6ren.<\/span><\/p>\n<p><span class=\"gts_text\" id=\"gts_text_39\">Wilde Truth\u00e4hne sind allesfressend.<\/span> <span class=\"gts_text\" id=\"gts_text_40\">Sie verbringen ihre Tage, Nahrung wie Eicheln, Samen, kleine Insekten und Waldbeeren zu suchen.<\/span> <span class=\"gts_text\" id=\"gts_text_41\">Sie suchen auf dem Boden und in kleinen B\u00e4umen nach Nahrung.<\/span> Manchmal kommt es so, dass sie Amphibien und kleine Reptilien wie Salamander und Schlangen essen<span class=\"gts_text\" id=\"gts_text_42\">.<\/span> <span class=\"gts_text\" id=\"gts_text_43\">Sie verbringen ihre N\u00e4chte auf den unteren Zweigen von B\u00e4umen.<br \/>\n<\/span><\/p>\n<p><span class=\"gts_text\" id=\"gts_text_44\">Das Weibchen sucht nach einem guten Ort, um ihr Nest zu errichten.<\/span> <span class=\"gts_text\" id=\"gts_text_45\">Sie neigt dazu, ihr Nest unter einem Busch im Holz zu errichten.<\/span> <span class=\"gts_text\" id=\"gts_text_46\">Sie legt zwischen 10-14 gefleckte, braune Eier.<\/span> <span class=\"gts_text\" id=\"gts_text_47\">Sie legt normalerweise nur eins pro Tag.<\/span> <span class=\"gts_text\" id=\"gts_text_48\">Die Eier werden f\u00fcr mindestens 28 Tage ausgebr\u00fctet.<\/span> <span class=\"gts_text\" id=\"gts_text_49\">Wenn die Babys ausgebr\u00fctet werden, sind sie als Putenk\u00fcken bekannt.<\/span> <span class=\"gts_text\" id=\"gts_text_50\">Die Putenk\u00fcken werden mit feinen Federn bedeckt und sid sind dazu f\u00e4hig, sich zu bewegen wenn sie gerade ausgeschl\u00fcpft sind.<\/span> So verlassen sie das Nest kurz nach dem Ausschl\u00fcpfen, in ungef\u00e4hr 12 bis 24 Stunden<span class=\"gts_text\" id=\"gts_text_51\">.<\/span> <span class=\"gts_text\" id=\"gts_text_52\">F\u00fcr die ersten zwei Wochen sind die Putenk\u00fcken nicht im Stande zu fliegen.<\/span> <span class=\"gts_text\" id=\"gts_text_53\">Waschb\u00e4ren, gestreifte Stinktiere, Grauf\u00fcchse und Rattenschlangen m\u00f6gen es, ihre Eier zu fressen.<\/span> <span class=\"gts_text\" id=\"gts_text_54\">J\u00e4ger, Erwachsene und Jungtiere schlie\u00dfen Kojoten, Rotluchse, Goldadler und Hunde mit ein.<\/span> <span class=\"gts_text\" id=\"gts_text_55\">Wir Menschen sind zur Zeit der Hauptj\u00e4ger von erwachsenen Truth\u00fchnern.<\/span><\/p>\n<p><span class=\"gts_text\" id=\"gts_text_56\">Der Bestand von nordamerikanischen wilden Truth\u00fchnern verringerte sich zu Beginn des 20. Jahrhunderts wegen der Jagd und des Lebensraumverlustes.<\/span> <span class=\"gts_text\" id=\"gts_text_57\">Jedoch hat man M\u00fche investiert um das Br\u00fcten der \u00fcberlebenden nordamerikanischen Truth\u00fchner zu sch\u00fctzen und zu ermutigen.<br \/>\n<\/span><\/p>\n<p><span class=\"gts_text\" id=\"gts_text_58\">\u00a0<\/span><\/p>\n","protected":false},"excerpt":{"rendered":"<p>Das nordamerikanische Truthuhn lebt in Nordamerika. Es ist der schwerste und gr\u00f6\u00dfte H\u00fchnervogel. Es ist die gleiche Spezies wie der heimische Truthahn. Heimische oder zahme Truth\u00fchner wurden von der s\u00fcdmexikanischen Subspezies der Truth\u00fchner domestiziert. Die Truth\u00fchner sind diejenigen Wesen, die von amerikanischen Leuten an Thanksgiving und Weihnachten serviert werden. Sie werden in Bauernh\u00f6fen gehalten. Erwachsene &hellip; <a href=\"https:\/\/www.big-animals.com\/de\/das-nordamerikanische-truthuhn\/\" class=\"more-link\">Continue reading <span class=\"screen-reader-text\">Das nordamerikanische Truthuhn<\/span><\/a><\/p>\n","protected":false},"author":1,"featured_media":0,"parent":0,"menu_order":0,"comment_status":"closed","ping_status":"open","template":"","meta":{"_acf_changed":false,"footnotes":""},"acf":[],"_links":{"self":[{"href":"https:\/\/www.big-animals.com\/de\/wp-json\/wp\/v2\/pages\/108"}],"collection":[{"href":"https:\/\/www.big-animals.com\/de\/wp-json\/wp\/v2\/pages"}],"about":[{"href":"https:\/\/www.big-animals.com\/de\/wp-json\/wp\/v2\/types\/page"}],"author":[{"embeddable":true,"href":"https:\/\/www.big-animals.com\/de\/wp-json\/wp\/v2\/users\/1"}],"replies":[{"embeddable":true,"href":"https:\/\/www.big-animals.com\/de\/wp-json\/wp\/v2\/comments?post=108"}],"version-history":[{"count":3,"href":"https:\/\/www.big-animals.com\/de\/wp-json\/wp\/v2\/pages\/108\/revisions"}],"predecessor-version":[{"id":331,"href":"https:\/\/www.big-animals.com\/de\/wp-json\/wp\/v2\/pages\/108\/revisions\/331"}],"wp:attachment":[{"href":"https:\/\/www.big-animals.com\/de\/wp-json\/wp\/v2\/media?parent=108"}],"curies":[{"name":"wp","href":"https:\/\/api.w.org\/{rel}","templated":true}]}}