{"id":109,"date":"2011-07-03T08:51:18","date_gmt":"2011-07-03T08:51:18","guid":{"rendered":""},"modified":"2014-10-02T21:33:18","modified_gmt":"2014-10-02T21:33:18","slug":"aehrentraegerpfau","status":"publish","type":"page","link":"https:\/\/www.big-animals.com\/de\/aehrentraegerpfau\/","title":{"rendered":"\u00c4hrentr\u00e4gerpfau"},"content":{"rendered":"<p>&nbsp;<\/p>\n<figure id=\"attachment_1451\" aria-describedby=\"caption-attachment-1451\" style=\"width: 300px\" class=\"wp-caption alignleft\"><a href=\"http:\/\/www.big-animals.com\/wp-content\/uploads\/2011\/07\/Green_Peafowl.jpg\"><img loading=\"lazy\" decoding=\"async\" class=\"size-medium wp-image-1451 gts_attribute gts_attribute_1_alt gts_attribute_3_title\" title=\"Der \u00c4hrentr\u00e4gerpfau - Fotografie durch JJ Harrison\" src=\"http:\/\/www.big-animals.com\/wp-content\/uploads\/2011\/07\/Green_Peafowl-300x199.jpg\" alt=\"Der \u00c4hrentr\u00e4gerpfau - Fotografie durch JJ Harrison\" width=\"300\" height=\"199\" \/><\/a><figcaption id=\"caption-attachment-1451\" class=\"wp-caption-text\">Der \u00c4hrentr\u00e4gerpfau &#8211; Fotografie von JJ Harrison<\/figcaption><\/figure>\n<p><span id=\"gts_text_1\" class=\"gts_text\">Der \u00c4hrentr\u00e4gerpfau hat die gr\u00f6\u00dfte Fl\u00fcgelspannweite aller bekannten\u00a0<a title=\"H\u00fchnerv\u00f6gel\" href=\"http:\/\/www.big-animals.com\/de\/huehnervoegel\/\">H\u00fchnerv\u00f6gel<\/a>.<\/span>\u00a0Sie betr\u00e4gt bis zu 1,2 Meter.\u00a0<span id=\"gts_text_2\" class=\"gts_text\">Das M\u00e4nnchen kann, einschlie\u00dflich seiner <em>Schleppe<\/em>\u00a0(den langen Schwanzfedern), bis zu 3 Meter lang werden\u00a0und ein Gewicht von bis zu 5kg erreicht.<\/span> <span id=\"gts_text_3\" class=\"gts_text\">Das Weibchen ist dagegen nur 1,1m lang und wiegt etwa 2.4kg.<\/span>\u00a0Dieses Tier ist durchaus in der Lage,\u00a0gro\u00dfe Distanzen im Flug zur\u00fcckzulegen. F\u00fcr gew\u00f6hnlich nutzt es seine Flugf\u00e4higkeit jedoch nur, um sich beispielsweise\u00a0bei Bedrohungen\u00a0auf einen Baum zu fl\u00fcchten<span id=\"gts_text_5\" class=\"gts_text\">.<\/span><\/p>\n<p><span id=\"gts_text_6\" class=\"gts_text\">Den Lebensraum dieser beeindruckenden Kreatur bilden die\u00a0tropischen W\u00e4lder von S\u00fcdostasien, zum Beispiel in Malaysia und Java.<\/span> <span id=\"gts_text_7\" class=\"gts_text\">Er ist eng mit dem Indischen Pfau und dem\u00a0Blauen Pfau verwandt, die beide in Indien beheimatet sind.<\/span>\u00a0Genauso wie bei <span id=\"gts_text_8\" class=\"gts_text\">ihren blauen\u00a0Artverwandten wird\u00a0der m\u00e4nnliche \u00c4hrentr\u00e4gerpfau &#8220;Hahn&#8221;\u00a0genannt, und der weibche &#8220;Henne&#8221;.<\/span><\/p>\n<figure id=\"attachment_1452\" aria-describedby=\"caption-attachment-1452\" style=\"width: 226px\" class=\"wp-caption alignright\"><a href=\"http:\/\/www.big-animals.com\/wp-content\/uploads\/2011\/07\/Green_Peafowl_and_Human.png\"><img loading=\"lazy\" decoding=\"async\" class=\"size-medium wp-image-1452 gts_attribute gts_attribute_2_alt gts_attribute_6_title\" title=\"\u00c4hrentr\u00e4gerpfau und Mensch\" src=\"http:\/\/www.big-animals.com\/wp-content\/uploads\/2011\/07\/Green_Peafowl_and_Human-226x300.png\" alt=\"\u00c4hrentr\u00e4gerpfau und Mensch\" width=\"226\" height=\"300\" \/><\/a><figcaption id=\"caption-attachment-1452\" class=\"wp-caption-text\">\u00c4hrentr\u00e4gerpfau und Mensch<\/figcaption><\/figure>\n<p><span id=\"gts_text_9\" class=\"gts_text\">Im Gegensatz zum m\u00e4nnlichen \u00c4hrentr\u00e4gerpfau\u00a0hat das Weibchen\u00a0wesentlich\u00a0mattere\u00a0Farben\u00a0und\u00a0ein fehlendes<\/span><span id=\"gts_text_10\" class=\"gts_text\">\u00a0Dreieck aus gr\u00fcnen Federn an der Fl\u00fcgelschulter.<\/span> <span id=\"gts_text_11\" class=\"gts_text\">Sie hat eine\u00a0br\u00e4unlich-schwarze\u00a0Unterseite und Schwanzfedern\u00a0mit blassen, wellenf\u00f6rmigen Linien.<\/span> <span id=\"gts_text_12\" class=\"gts_text\">Die M\u00e4nnchen haben dagegen eine lange, aufrechte Federkrone, strahlend-gr\u00fcne\u00a0Schwanzfedern mit schwarzen, schuppigen R\u00e4ndern\u00a0und br\u00e4unlich-schwarze Fl\u00fcgel.<\/span> Sowohl die <span id=\"gts_text_13\" class=\"gts_text\">M\u00e4nnchen als auch die Weibchen haben nach oben gerichtete Federkronen, lange Beine, schwere Fl\u00fcgel und weite\u00a0Schwanzfedern.<\/span><\/p>\n<p><span id=\"gts_text_14\" class=\"gts_text\">Die Weibchen nisten in\u00a0Bodenn\u00e4he und k\u00f6nnen\u00a0zwischen 3 und 5 Eiern gleichzeitig legen.<\/span> D<span id=\"gts_text_15\" class=\"gts_text\">ie Mutter \u00fcbernimmt dabei die gesamte Verantwortung f\u00fcr die Versorgung der K\u00fcken.<\/span> Tags\u00fcber<span id=\"gts_text_16\" class=\"gts_text\">\u00a0verbringen sie\u00a0f\u00fcr gew\u00f6hnlich viel\u00a0Zeit in oder nahe hohem Gras, w\u00e4hrend sie Nachts auf etwa 10 bis 15 Meter hohen<\/span><span id=\"gts_text_17\" class=\"gts_text\">\u00a0B\u00e4umen schlafen.<\/span> <span id=\"gts_text_18\" class=\"gts_text\">Die M\u00e4nnchen kehren in\u00a0der Abendd\u00e4mmerung von ihrem Ruheplatz zur\u00fcck.<\/span><\/p>\n<p><span id=\"gts_text_19\" class=\"gts_text\">Sie fressen\u00a0sowohl Fr\u00fcchte und Reptilien als auch wirbellose und andere kleine Tiere.<\/span> <span id=\"gts_text_20\" class=\"gts_text\">Sie sind sogar zur Jagd von Giftschlangen f\u00e4hig.<\/span> Man sollte also immer einen im Hinterhof haben<span id=\"gts_text_21\" class=\"gts_text\">, um die Schlangen fern zu halten!<\/span> <span id=\"gts_text_22\" class=\"gts_text\">Zecken, Termiten, Bl\u00fcten, Knospenbl\u00e4tter und Beeren stehen ebenfalls auf der Speisekarte eines ausgewachsenen\u00a0\u00c4hrentr\u00e4gerpfaus, doch manchmal wird er auch\u00a0selbst zum Leckerbissen f\u00fcr\u00a0<\/span><span id=\"gts_text_23\" class=\"gts_text\">Nebelparder, Sumpfluchse und Fischkatzen.<\/span><\/p>\n<p><span id=\"gts_text_24\" class=\"gts_text\">Der \u00c4hrentr\u00e4gerpfau ist eine stark bedrohte Art, da er f\u00fcr sein\u00a0Fleisch, seine Federn, seine Eier und sogar K\u00fcken gejagt und sein Lebensraum zunehmend eingeschr\u00e4nkt wird.<\/span> <span id=\"gts_text_25\" class=\"gts_text\">Traurigerweise werden \u00c4hrentr\u00e4gerpfauen von chinesischen und thail\u00e4ndischen\u00a0Bauern oft als Plage angesehen, weshalb sie nicht selten versuchen, die Tiere zu\u00a0vergiften.<\/span><\/p>\n","protected":false},"excerpt":{"rendered":"<p>&nbsp; Der \u00c4hrentr\u00e4gerpfau hat die gr\u00f6\u00dfte Fl\u00fcgelspannweite aller bekannten\u00a0H\u00fchnerv\u00f6gel.\u00a0Sie betr\u00e4gt bis zu 1,2 Meter.\u00a0Das M\u00e4nnchen kann, einschlie\u00dflich seiner Schleppe\u00a0(den langen Schwanzfedern), bis zu 3 Meter lang werden\u00a0und ein Gewicht von bis zu 5kg erreicht. Das Weibchen ist dagegen nur 1,1m lang und wiegt etwa 2.4kg.\u00a0Dieses Tier ist durchaus in der Lage,\u00a0gro\u00dfe Distanzen im Flug zur\u00fcckzulegen. &hellip; <a href=\"https:\/\/www.big-animals.com\/de\/aehrentraegerpfau\/\" class=\"more-link\">Continue reading <span class=\"screen-reader-text\">\u00c4hrentr\u00e4gerpfau<\/span><\/a><\/p>\n","protected":false},"author":1,"featured_media":0,"parent":0,"menu_order":0,"comment_status":"closed","ping_status":"open","template":"","meta":{"_acf_changed":false,"footnotes":""},"acf":[],"_links":{"self":[{"href":"https:\/\/www.big-animals.com\/de\/wp-json\/wp\/v2\/pages\/109"}],"collection":[{"href":"https:\/\/www.big-animals.com\/de\/wp-json\/wp\/v2\/pages"}],"about":[{"href":"https:\/\/www.big-animals.com\/de\/wp-json\/wp\/v2\/types\/page"}],"author":[{"embeddable":true,"href":"https:\/\/www.big-animals.com\/de\/wp-json\/wp\/v2\/users\/1"}],"replies":[{"embeddable":true,"href":"https:\/\/www.big-animals.com\/de\/wp-json\/wp\/v2\/comments?post=109"}],"version-history":[{"count":8,"href":"https:\/\/www.big-animals.com\/de\/wp-json\/wp\/v2\/pages\/109\/revisions"}],"predecessor-version":[{"id":605,"href":"https:\/\/www.big-animals.com\/de\/wp-json\/wp\/v2\/pages\/109\/revisions\/605"}],"wp:attachment":[{"href":"https:\/\/www.big-animals.com\/de\/wp-json\/wp\/v2\/media?parent=109"}],"curies":[{"name":"wp","href":"https:\/\/api.w.org\/{rel}","templated":true}]}}