{"id":11,"date":"2011-05-09T08:58:54","date_gmt":"2011-05-09T08:58:54","guid":{"rendered":""},"modified":"2014-02-25T08:11:05","modified_gmt":"2014-02-25T08:11:05","slug":"der-namenlose-riesige-costa-ricanische-stummelfuesser","status":"publish","type":"page","link":"https:\/\/www.big-animals.com\/de\/der-namenlose-riesige-costa-ricanische-stummelfuesser\/","title":{"rendered":"Der namenlose riesige costa-ricanische Stummelf\u00fc\u00dfer"},"content":{"rendered":"<p><span class=\"gts_text\" id=\"gts_text_1\"><a href=\"\/Velvet-Worms.html\">Stummelf\u00fc\u00dfer<\/a> sind eine Gruppe von Tieren, die sich so von anderen Tieren unterscheiden, dass Wissenschaftler ihnen ihren ganz eigenen Stamm (Onychophora genannt) gegeben haben. Die meisten von ihnen sind nur 3-5 cm lang, aber der Gr\u00f6\u00dfte ist ein enormes Monster von einem Stummelf\u00fc\u00dfer &#8211; es w\u00e4chst bis zu 22 cm lang! Die Babies dieser Spezies sind gr\u00f6\u00dfer als die Erwachsenen der meisten anderen Arten! <\/span><span class=\"gts_text\" id=\"gts_text_3\"><\/span><\/p>\n<p><span class=\"gts_text\" id=\"gts_text_4\">Dieser gigantische Stummelf\u00fc\u00dfer lebet in den Dschungeln von Costa Rica und legt keine Eier. Sie k\u00f6nnen <\/span><span class=\"gts_text\" id=\"gts_text_5\"><a href=\"http:\/\/www.biologia.ucr.ac.cr\/rbt\/attachments\/onicof\/news2000.htm\">hier ein Bild von ihm<\/a> sehen.<\/span> <span class=\"gts_text\" id=\"gts_text_6\">Es wurde von einem Biologen namens Alejandro Sol\u00f3rzano entdeckt.<\/span><\/p>\n<p><span class=\"gts_text\" id=\"gts_text_7\">Es gibt jedoch eine Sache \u00fcber die Sie sich wundern &#8211; wie wird dieser riesige Stummelf\u00fc\u00dfer <em>genannt<\/em>? Und die schlechten Nachrichten sind &#8211; das arme Lebewesen hat \u00fcberhaupt keinen Namen! Formalerweise nennen es die Experten in diesem Feld den riesigen Stummelf\u00fc\u00dfer. Wie auch immer, dies kann nicht sein offizieller Name sein bis ein Wissenschaflter sich die Zeit nimmt, das Lebewesen zu studieren und einen Essay dar\u00fcber f\u00fcr einen anderen Wissenschaftler schreibt. In diesem Essay, wird der Wissenschaftler \u00fcber einen offiziellen Namen f\u00fcr diesen riesigen Stummelf\u00fc\u00dfer entscheiden. Er oder sie k\u00f6nnte es den \u201eriesigen Stummelf\u00fc\u00dfer\u201c nennen, aber sie k\u00f6nnten es genauso gut \u201eSol\u00f3rzanos Stummelf\u00fc\u00dfer\u201c nennen. Bis der richtige Wissenschaftler diesen Essay schreibt, bleibt dieses costa-ricanische Wunder ohne einen Namen!<br \/>\n<\/span><span class=\"gts_text\" id=\"gts_text_14\"><\/span><\/p>\n","protected":false},"excerpt":{"rendered":"<p>Stummelf\u00fc\u00dfer sind eine Gruppe von Tieren, die sich so von anderen Tieren unterscheiden, dass Wissenschaftler ihnen ihren ganz eigenen Stamm (Onychophora genannt) gegeben haben. Die meisten von ihnen sind nur 3-5 cm lang, aber der Gr\u00f6\u00dfte ist ein enormes Monster von einem Stummelf\u00fc\u00dfer &#8211; es w\u00e4chst bis zu 22 cm lang! Die Babies dieser Spezies &hellip; <a href=\"https:\/\/www.big-animals.com\/de\/der-namenlose-riesige-costa-ricanische-stummelfuesser\/\" class=\"more-link\">Continue reading <span class=\"screen-reader-text\">Der namenlose riesige costa-ricanische Stummelf\u00fc\u00dfer<\/span><\/a><\/p>\n","protected":false},"author":1,"featured_media":0,"parent":0,"menu_order":0,"comment_status":"closed","ping_status":"open","template":"","meta":{"_acf_changed":false,"footnotes":""},"acf":[],"_links":{"self":[{"href":"https:\/\/www.big-animals.com\/de\/wp-json\/wp\/v2\/pages\/11"}],"collection":[{"href":"https:\/\/www.big-animals.com\/de\/wp-json\/wp\/v2\/pages"}],"about":[{"href":"https:\/\/www.big-animals.com\/de\/wp-json\/wp\/v2\/types\/page"}],"author":[{"embeddable":true,"href":"https:\/\/www.big-animals.com\/de\/wp-json\/wp\/v2\/users\/1"}],"replies":[{"embeddable":true,"href":"https:\/\/www.big-animals.com\/de\/wp-json\/wp\/v2\/comments?post=11"}],"version-history":[{"count":3,"href":"https:\/\/www.big-animals.com\/de\/wp-json\/wp\/v2\/pages\/11\/revisions"}],"predecessor-version":[{"id":400,"href":"https:\/\/www.big-animals.com\/de\/wp-json\/wp\/v2\/pages\/11\/revisions\/400"}],"wp:attachment":[{"href":"https:\/\/www.big-animals.com\/de\/wp-json\/wp\/v2\/media?parent=11"}],"curies":[{"name":"wp","href":"https:\/\/api.w.org\/{rel}","templated":true}]}}