{"id":110,"date":"2011-10-17T22:46:58","date_gmt":"2011-10-17T22:46:58","guid":{"rendered":""},"modified":"2014-09-22T23:49:33","modified_gmt":"2014-09-22T23:49:33","slug":"das-rote-riesenkaenguru-das-weltgroesste-beuteltier","status":"publish","type":"page","link":"https:\/\/www.big-animals.com\/de\/das-rote-riesenkaenguru-das-weltgroesste-beuteltier\/","title":{"rendered":"Rotes Riesenk\u00e4nguru &#8211; Weltgr\u00f6\u00dftes Beuteltier"},"content":{"rendered":"<h3>Wie gro\u00df ist das rote Riesenk\u00e4nguru?<\/h3>\n<p><span style=\"float: left\"><img decoding=\"async\" class=\" gts_attribute gts_attribute_1_alt\" src=\"http:\/\/ba.dr-mikes-maths.com\/\/wp-content\/themes\/twentyten\/images\/ba\/red-kangaroo-and-human.png\" alt=\"Der rote K\u00e4nguru und der Mensch.\" \/><\/span><\/p>\n<p><span id=\"gts_text_2\" class=\"gts_text\">\u00a0<\/span><\/p>\n<p><span id=\"gts_text_3\" class=\"gts_text\">\u00a0<\/span><\/p>\n<p><span id=\"gts_text_4\" class=\"gts_text\">\u00a0<\/span><\/p>\n<p><span id=\"gts_text_5\" class=\"gts_text\">\u00a0<\/span><\/p>\n<p><span id=\"gts_text_6\" class=\"gts_text\">\u00a0<\/span><\/p>\n<p><span id=\"gts_text_7\" class=\"gts_text\">\u00a0<\/span><\/p>\n<p><span id=\"gts_text_8\" class=\"gts_text\">\u00a0<\/span><\/p>\n<p><span id=\"gts_text_9\" class=\"gts_text\">\u00a0<\/span><\/p>\n<p><span id=\"gts_text_10\" class=\"gts_text\">\u00a0<\/span><\/p>\n<p><span id=\"gts_text_11\" class=\"gts_text\">\u00a0<\/span><\/p>\n<p><span id=\"gts_text_12\" class=\"gts_text\">\u00a0<\/span><\/p>\n<p><span id=\"gts_text_13\" class=\"gts_text\">\u00a0<\/span><\/p>\n<p><span id=\"gts_text_14\" class=\"gts_text\">\u00a0<\/span><\/p>\n<p><span id=\"gts_text_15\" class=\"gts_text\">\u00a0<\/span><\/p>\n<p><span id=\"gts_text_16\" class=\"gts_text\">Das rote Riesenk\u00e4nguru ist das weltgr\u00f6\u00dfte <a href=\"\/Marsupials.html\">Beuteltier<\/a>. Ein durchschnittlichgro\u00dfer roter Riesenk\u00e4nguru steht ungef\u00e4hr 1,5 Meter hoch, ein bisschen k\u00fcrzer als ein durchschnittlicher Mensch. Sie k\u00f6nnen oft bis zu einem halben Meter h\u00f6her wachsen. Ein erwachsenes M\u00e4nnchen wiegt 85 kg, aber im Durchschnitt sind sie 25% leichter. <\/span><span id=\"gts_text_17\" class=\"gts_text\"><\/span><span id=\"gts_text_19\" class=\"gts_text\"><\/span><\/p>\n<h3><span id=\"gts_text_20\" class=\"gts_text\">Der Lebensraum des roten Riesenk\u00e4ngurus<br \/>\n<\/span><\/h3>\n<p><span id=\"gts_text_21\" class=\"gts_text\">Es gibt einige Arten von K\u00e4ngurus in Australien. Der rote Riesenk\u00e4nguru ist der Gr\u00f6\u00dfte und lebt bei den trockenen W\u00fcsten des Nordens. Es h\u00e4lt sich selbst k\u00fchl in dem es im Schatten bleibt und inaktiv bleibt, wenn es heiss ist &#8211; es ist nachts am meisten aktiv, besonders in der Morgend\u00e4mmerung und Abendd\u00e4mmerung. Es hechelt (so wie Hunde) und leckt seine Vorderbeine ab.<\/span><span id=\"gts_text_24\" class=\"gts_text\"><br \/>\n<\/span><\/p>\n<p><span id=\"gts_text_25\" class=\"gts_text\">Wie alle K\u00e4ngurus, ist der rote Riesenk\u00e4nguru ein Pflanzenfresser. Seine Lieblingsnahrung sind Gr\u00e4ser und Tiefengew\u00e4chse. Sein K\u00f6rper konserviert Wasser sehr gut, so dass es genug Wasser von dem Futter, dass es isst, kriegt. Tats\u00e4chlich und vorrausgesetzt, dass es genug Nahrung hat, kann es f\u00fcr sehr lange Zeiten ohne Trinken \u00fcberleben.<br \/>\n<\/span><span id=\"gts_text_28\" class=\"gts_text\"><\/span><\/p>\n<h3><span id=\"gts_text_29\" class=\"gts_text\">Rotes Riesenk\u00e4nguru &#8211; Fakten<br \/>\n<\/span><\/h3>\n<p><span id=\"gts_text_30\" class=\"gts_text\"><\/span> Wissenschaftler nennen den roten Riesenk\u00e4nguru <span style=\"font-style: italic\"><span id=\"gts_text_31\" class=\"gts_text\">Macropus Rufus<\/span><\/span><span id=\"gts_text_32\" class=\"gts_text\">, was \u201eroter Bigfoot\u201c bedeutet. Es gibt 14 verschiedene Arten des <em>Macropus<\/em><\/span>, inklusive aller verschiedenen Arten von K\u00e4ngurus, Wallabys und Bergk\u00e4ngurus. Wallabys und Bergk\u00e4ngurus sehen alle dem K\u00e4nguru \u00e4hnlich.<br \/>\n<span style=\"float: right\"><img decoding=\"async\" class=\" gts_attribute gts_attribute_2_alt\" src=\"http:\/\/ba.dr-mikes-maths.com\/\/wp-content\/themes\/twentyten\/images\/ba\/red-kangaroo-2.jpg\" alt=\"Ein Paar rote K\u00e4ngurus.\" \/><\/span><br \/>\n<span id=\"gts_text_37\" class=\"gts_text\">All diese Arten geh\u00f6ren zu einer Familie names <em>Macropodidae<\/em>, was ebenfalls \u201eBig-foot\u201c bedeutet. All diese Lebewesen haben immer noch lange F\u00fc\u00dfe und bewegen sich mit H\u00fcpfen fort, aber viele sehen nicht wie K\u00e4ngurus aus. In der Tat nannten fr\u00fche niederl\u00e4ndische Abenteurer eine bestimmte Insel im Westen Australiens ein \u201eNest der Ratte\u201c, weil es voll mit mittelgro\u00dfen Makropoden war, genannt \u201eQuokka\u201c.<\/span><\/p>\n<p><span id=\"gts_text_42\" class=\"gts_text\">Der Familie Macropodidae geh\u00f6rt der Ordnung<\/span> <span style=\"font-style: italic\"><span id=\"gts_text_43\" class=\"gts_text\">Diprotodontia<\/span><\/span><span id=\"gts_text_44\" class=\"gts_text\">, \u201ezwei vordere Z\u00e4hne\u201c bedeutend.<\/span> <span id=\"gts_text_45\" class=\"gts_text\">Diese schlie\u00dfen all die ber\u00fchmtesten Beuteltiere &#8211; K\u00e4ngurus, Koalas, Wombate, Opossums und mehr mit ein.<\/span> <span id=\"gts_text_46\" class=\"gts_text\">Deshalb ist das rote Riesenk\u00e4nguru<br \/>\n<\/span><\/p>\n<ul>\n<li><span id=\"gts_text_47\" class=\"gts_text\">Das weltgr\u00f6\u00dfte der 14 Arten von K\u00e4ngurus, Wallabys und Bergk\u00e4ngurus,<br \/>\n<\/span><\/li>\n<li><span id=\"gts_text_48\" class=\"gts_text\">Das weltgr\u00f6\u00dfte der um die 47 Arten von Makropoden,<\/span><\/li>\n<li><span id=\"gts_text_49\" class=\"gts_text\">Das weltgr\u00f6\u00dfte der um die 120 Arten des<\/span> <span style=\"font-style: italic\"><span id=\"gts_text_50\" class=\"gts_text\">Diprotodontia<\/span><\/span><span id=\"gts_text_51\" class=\"gts_text\">,<\/span><\/li>\n<\/ul>\n<p><span id=\"gts_text_52\" class=\"gts_text\">sowie das gr\u00f6\u00dfte Beuteltier der Welt.<\/span> <span id=\"gts_text_53\" class=\"gts_text\">Es ist nicht das gr\u00f6\u00dfte <a href=\"\/Mammals.html\">S\u00e4ugetier<\/a> oder sogar das gr\u00f6\u00dfte Lands\u00e4ugetier.<\/span> <span id=\"gts_text_54\" class=\"gts_text\">Diese Ehre bleibt dem <a href=\"\/Blue-Whale.html\">Blauwal<\/a> und <a href=\"\/African-Bush-Elephant.html\">afrikanischen Elefanten<\/a> vorbehalten.<\/span><\/p>\n<h3><span id=\"gts_text_55\" class=\"gts_text\">Der Sprung des roten Riesenk\u00e4ngurus<br \/>\n<\/span><\/h3>\n<p><span id=\"gts_text_58\" class=\"gts_text\">Das K\u00e4nguru hat die F\u00e4higkeit eines bemerkenswerten Sprungs. Es kann \u00fcber einen 3 Meter Zaun springen und seine H\u00fcpfschritte k\u00f6nnen bis zu \u00fcber 5 Meter lang sein. Dieser unglaubliche Sprung hat sogar Poeten inspiriert, einschliesslich eines meiner Lieblingsgedichte, von <a href=\"http:\/\/en.wikipedia.org\/wiki\/Ogden_Nash\" target=\"_blank\">Ogden Nash<\/a>, welches er schrieb um <a class=\" gts_attribute gts_attribute_4_title\" title=\"Camille Saint-Sa\u00ebns\" href=\"http:\/\/en.wikipedia.org\/wiki\/Camille_Saint-Sa%C3%ABns\" target=\"_blank\">Camille Saint-<\/a><a title=\"Camille Saint-Sa\u00ebns\" href=\"http:\/\/en.wikipedia.org\/wiki\/Camille_Saint-Sa%C3%ABns\" target=\"_blank\">Sa\u00ebns<\/a> <a href=\"http:\/\/en.wikipedia.org\/wiki\/Carnival_of_the_Animals\" target=\"_blank\">Karneval der Tiere<\/a> zu begleiten:<\/span><\/p>\n<div style=\"margin-left: 40px\"><span style=\"font-style: italic\"><span id=\"gts_text_59\" class=\"gts_text\">Der K\u00e4nguru kann unglaublich springen.<\/span><br \/>\n<span id=\"gts_text_60\" class=\"gts_text\">Er muss springen, weil er essbar ist.<\/span><br \/>\n<span id=\"gts_text_61\" class=\"gts_text\">Ich k\u00f6nnte einen K\u00e4nguru nicht essen,<\/span><br \/>\n<span id=\"gts_text_62\" class=\"gts_text\">Aber viele feine Australier tun es.<\/span><br \/>\n<span id=\"gts_text_63\" class=\"gts_text\">Die mit Kochb\u00fcchern und mit Bumerangs,<\/span><br \/>\n<span id=\"gts_text_64\" class=\"gts_text\">Genie\u00dfen ihn in geschmackvollen K\u00e4nguru-schaumgeb\u00e4cken<\/span><\/span><span id=\"gts_text_65\" class=\"gts_text\">.<\/span><\/div>\n<p><span id=\"gts_text_66\" class=\"gts_text\">Also, ich weiss zwar nichts \u00fcber die Schaumgeb\u00e4cke, aber ein 5 Meter Sprung bei einem 1,5 Meter Tier ist wirklich unglaublich.<br \/>\n<\/span><\/p>\n<p><span id=\"gts_text_67\" class=\"gts_text\">Das K\u00e4nguru hat spezielle dehnbare Sehnen in seinen Beinen, die sich wie Federn verhalten, wenn sie sich Sprung f\u00fcr Sprung fortbewegen. Ein rotes Riesenk\u00e4nguru verbraucht die selbe Menge Energie, wenn es schnell springt und wenn es langsam h\u00fcpft.<br \/>\n<\/span><span id=\"gts_text_68\" class=\"gts_text\"><\/span><\/p>\n<h3><span id=\"gts_text_69\" class=\"gts_text\">Andere Tatsachen \u00fcber das rote Riesenk\u00e4nguru<br \/>\n<\/span><\/h3>\n<p><span id=\"gts_text_70\" class=\"gts_text\">Gl\u00fccklicherweise sind diese Lebewesen nicht in mindester Weise gef\u00e4hrdet. Wenn die Zeiten gut sind, k\u00f6nnen sie ihre Populationsanzahl schnell erh\u00f6hen. Sie leben bis zu 14 Jahre und ein Mutterk\u00e4nguru kann alle 8 oder 9 Monate ein Baby haben. Ein Babyk\u00e4nguru wird \u201eJoey\u201c genannt und eine Gruppe von K\u00e4ngurus ein \u201eMob\u201c. Wenn m\u00e4nnliche rote Riesenk\u00e4ngurus k\u00e4mpfen, balancieren sie auf ihren Hinterbeinen und dem Schwanz, fauchen mit den Vorderpfoten und ver\u00fcben gelegentlich einen Hinterbeintritt. Wenn Sie m\u00f6gen, k\u00f6nnen Sie ein <\/span><span id=\"gts_text_75\" class=\"gts_text\"><a href=\"http:\/\/au.youtube.com\/watch?v=CEDq0SAYW44\" target=\"_blank\">Video dieses Vorkommnisses<\/a> sehen. Es sieht ein bisschen aus wie Boxen, was der Grund daf\u00fcr ist, warum die Leute \u00fcber \u201eboxende K\u00e4ngurus\u201c reden. <\/span><span id=\"gts_text_76\" class=\"gts_text\"><\/span><\/p>\n<div style=\"text-align: center\"><img decoding=\"async\" class=\" gts_attribute gts_attribute_3_alt gts_attribute_5_title\" style=\"width: 600px;height: 325px\" title=\"roter K\u00e4nguru\" src=\"http:\/\/ba.dr-mikes-maths.com\/\/wp-content\/themes\/twentyten\/images\/ba\/red-kangaroo.jpg\" alt=\"roter K\u00e4nguru\" \/><\/div>\n","protected":false},"excerpt":{"rendered":"<p>Wie gro\u00df ist das rote Riesenk\u00e4nguru? \u00a0 \u00a0 \u00a0 \u00a0 \u00a0 \u00a0 \u00a0 \u00a0 \u00a0 \u00a0 \u00a0 \u00a0 \u00a0 \u00a0 Das rote Riesenk\u00e4nguru ist das weltgr\u00f6\u00dfte Beuteltier. Ein durchschnittlichgro\u00dfer roter Riesenk\u00e4nguru steht ungef\u00e4hr 1,5 Meter hoch, ein bisschen k\u00fcrzer als ein durchschnittlicher Mensch. Sie k\u00f6nnen oft bis zu einem halben Meter h\u00f6her wachsen. Ein erwachsenes &hellip; <a href=\"https:\/\/www.big-animals.com\/de\/das-rote-riesenkaenguru-das-weltgroesste-beuteltier\/\" class=\"more-link\">Continue reading <span class=\"screen-reader-text\">Rotes Riesenk\u00e4nguru &#8211; Weltgr\u00f6\u00dftes Beuteltier<\/span><\/a><\/p>\n","protected":false},"author":1,"featured_media":0,"parent":0,"menu_order":0,"comment_status":"closed","ping_status":"open","template":"","meta":{"_acf_changed":false,"footnotes":""},"acf":[],"_links":{"self":[{"href":"https:\/\/www.big-animals.com\/de\/wp-json\/wp\/v2\/pages\/110"}],"collection":[{"href":"https:\/\/www.big-animals.com\/de\/wp-json\/wp\/v2\/pages"}],"about":[{"href":"https:\/\/www.big-animals.com\/de\/wp-json\/wp\/v2\/types\/page"}],"author":[{"embeddable":true,"href":"https:\/\/www.big-animals.com\/de\/wp-json\/wp\/v2\/users\/1"}],"replies":[{"embeddable":true,"href":"https:\/\/www.big-animals.com\/de\/wp-json\/wp\/v2\/comments?post=110"}],"version-history":[{"count":4,"href":"https:\/\/www.big-animals.com\/de\/wp-json\/wp\/v2\/pages\/110\/revisions"}],"predecessor-version":[{"id":582,"href":"https:\/\/www.big-animals.com\/de\/wp-json\/wp\/v2\/pages\/110\/revisions\/582"}],"wp:attachment":[{"href":"https:\/\/www.big-animals.com\/de\/wp-json\/wp\/v2\/media?parent=110"}],"curies":[{"name":"wp","href":"https:\/\/api.w.org\/{rel}","templated":true}]}}