{"id":111,"date":"2011-10-17T22:49:28","date_gmt":"2011-10-17T22:49:28","guid":{"rendered":""},"modified":"2014-08-08T08:22:14","modified_gmt":"2014-08-08T08:22:14","slug":"westlicher-langschnabeligel","status":"publish","type":"page","link":"https:\/\/www.big-animals.com\/de\/westlicher-langschnabeligel\/","title":{"rendered":"Westlicher Langschnabeligel"},"content":{"rendered":"<figure id=\"attachment_1002\" aria-describedby=\"caption-attachment-1002\" style=\"width: 391px\" class=\"wp-caption alignright\"><a href=\"http:\/\/commons.wikimedia.org\/wiki\/File:Long-beakedEchidna.jpg\"><img loading=\"lazy\" decoding=\"async\" class=\"gts_attribute gts_attribute_1_alt gts_attribute_3_title wp-image-1002 size-full\" title=\"Der westliche Langschnabeligel\" src=\"http:\/\/www.big-animals.com\/wp-content\/uploads\/2011\/05\/Western_Long_Beaked_Echidna.jpg\" alt=\"Der westliche Langschnabeligel\" width=\"391\" height=\"299\" \/><\/a><figcaption id=\"caption-attachment-1002\" class=\"wp-caption-text\">Der westliche Langschnabeligel<\/figcaption><\/figure>\n<p><span id=\"gts_text_1\" class=\"gts_text\">\u00a0<\/span><\/p>\n<p><span id=\"gts_text_2\" class=\"gts_text\">\u00a0<\/span><\/p>\n<p><span id=\"gts_text_3\" class=\"gts_text\">\u00a0<\/span><\/p>\n<p><span id=\"gts_text_4\" class=\"gts_text\">\u00a0<\/span><\/p>\n<p><span id=\"gts_text_5\" class=\"gts_text\">\u00a0<\/span><\/p>\n<p><span id=\"gts_text_6\" class=\"gts_text\">\u00a0<\/span><\/p>\n<p><span id=\"gts_text_7\" class=\"gts_text\">\u00a0<\/span><\/p>\n<p><span id=\"gts_text_8\" class=\"gts_text\">\u00a0<\/span><\/p>\n<p><span id=\"gts_text_9\" class=\"gts_text\">\u00a0<\/span><\/p>\n<p><span id=\"gts_text_10\" class=\"gts_text\">\u00a0<\/span><\/p>\n<p><span id=\"gts_text_11\" class=\"gts_text\">\u00a0<\/span><\/p>\n<p>Der westliche Langschnabeligel ist stark gef\u00e4hrdet. Seine Population ging aufgrund von Abholzung und Jagd zur\u00fcck. Ob du es glaubst oder nicht! Diese stachlige Kreatur gilt in Papua-Neuguinea als Delikatesse. Menschen sind die Hauptfeinde des westlichen Langschnabeligels. Er kann in Papua-Neuguinea gefunden werden. Er lebt in Alpenwiesen und feuchten Bergw\u00e4ldern bei H\u00f6hen zwischen 1300 Meter und 4000 Meter.<\/p>\n<p>Er frisst Regenw\u00fcrmer und ist ein gro\u00dfes, eierlegendes S\u00e4ugetier. Er hat eine K\u00f6rperl\u00e4nge zwischen 60 und 100 Zentimeter und wiegt bis zu 16,5 Kilogramm. Er hat keinen Schwanz. Er hat eine lange Schnauze, die nach unten geneigt ist. Diese Schnauze ist ungef\u00e4hr 20 cm lang. Auf seiner Zunge sind Stacheln, die dazu verwendet werden Beute effektiv zu fangen. Seine Stacheln sind kaum von dem langen Fell zu unterscheiden. Er hat langes, dunkelbraunes oder schwarzes Fell und schwarze Stacheln an den Seiten.<\/p>\n<p>Normalerweise hat er 3 Klauen an den Vorder- und Hinterf\u00fc\u00dfen, die zum Graben benutzt werden. Er ist ein sich langsam fortbewegendes Wesen, dass sich bei Gefahr in einen stachligen Ball verwandelt. Au\u00dferdem ist er ein einzelg\u00e4ngerisches Lebewesen. Er kann\u00a0in Gefangenschaft mindestens 31 Jahre alt werden. Ein Weibchen legt normalerweise nur ein Ei zur selben Zeit.<\/p>\n<figure id=\"attachment_1003\" aria-describedby=\"caption-attachment-1003\" style=\"width: 275px\" class=\"wp-caption aligncenter\"><a href=\"http:\/\/www.big-animals.com\/wp-content\/uploads\/2011\/05\/Western_Long_Beaked_Echidna_and_Human.png\"><img loading=\"lazy\" decoding=\"async\" class=\"gts_attribute gts_attribute_2_alt gts_attribute_4_title wp-image-1003 size-medium\" title=\"Westlicher Langschnabeligel und Mensch\" src=\"http:\/\/www.big-animals.com\/wp-content\/uploads\/2011\/05\/Western_Long_Beaked_Echidna_and_Human-275x300.png\" alt=\"Westlicher Langschnabeligel und Mensch\" width=\"275\" height=\"300\" \/><\/a><figcaption id=\"caption-attachment-1003\" class=\"wp-caption-text\">Westlicher Langschnabeligel und Mensch<\/figcaption><\/figure>\n","protected":false},"excerpt":{"rendered":"<p>\u00a0 \u00a0 \u00a0 \u00a0 \u00a0 \u00a0 \u00a0 \u00a0 \u00a0 \u00a0 \u00a0 Der westliche Langschnabeligel ist stark gef\u00e4hrdet. Seine Population ging aufgrund von Abholzung und Jagd zur\u00fcck. Ob du es glaubst oder nicht! Diese stachlige Kreatur gilt in Papua-Neuguinea als Delikatesse. Menschen sind die Hauptfeinde des westlichen Langschnabeligels. Er kann in Papua-Neuguinea gefunden werden. Er lebt &hellip; <a href=\"https:\/\/www.big-animals.com\/de\/westlicher-langschnabeligel\/\" class=\"more-link\">Continue reading <span class=\"screen-reader-text\">Westlicher Langschnabeligel<\/span><\/a><\/p>\n","protected":false},"author":1,"featured_media":0,"parent":0,"menu_order":0,"comment_status":"closed","ping_status":"open","template":"","meta":{"_acf_changed":false,"footnotes":""},"acf":[],"_links":{"self":[{"href":"https:\/\/www.big-animals.com\/de\/wp-json\/wp\/v2\/pages\/111"}],"collection":[{"href":"https:\/\/www.big-animals.com\/de\/wp-json\/wp\/v2\/pages"}],"about":[{"href":"https:\/\/www.big-animals.com\/de\/wp-json\/wp\/v2\/types\/page"}],"author":[{"embeddable":true,"href":"https:\/\/www.big-animals.com\/de\/wp-json\/wp\/v2\/users\/1"}],"replies":[{"embeddable":true,"href":"https:\/\/www.big-animals.com\/de\/wp-json\/wp\/v2\/comments?post=111"}],"version-history":[{"count":3,"href":"https:\/\/www.big-animals.com\/de\/wp-json\/wp\/v2\/pages\/111\/revisions"}],"predecessor-version":[{"id":553,"href":"https:\/\/www.big-animals.com\/de\/wp-json\/wp\/v2\/pages\/111\/revisions\/553"}],"wp:attachment":[{"href":"https:\/\/www.big-animals.com\/de\/wp-json\/wp\/v2\/media?parent=111"}],"curies":[{"name":"wp","href":"https:\/\/api.w.org\/{rel}","templated":true}]}}