{"id":13,"date":"2011-05-09T09:01:45","date_gmt":"2011-05-09T09:01:45","guid":{"rendered":""},"modified":"2014-02-24T09:19:30","modified_gmt":"2014-02-24T09:19:30","slug":"die-groessten-knorpelfische-der-welt","status":"publish","type":"page","link":"https:\/\/www.big-animals.com\/de\/die-groessten-knorpelfische-der-welt\/","title":{"rendered":"Die gr\u00f6\u00dften Knorpelfische der Welt!"},"content":{"rendered":"<p><span class=\"gts_text\" id=\"gts_text_1\"><strong>Was ist ein Knorpelfisch?<\/strong><\/span><\/p>\n<p><span class=\"gts_text\" id=\"gts_text_2\">Knorpelfische sind <a href=\"\/Fish.html\">Fische<\/a> ohne Knochen.<\/span> <span class=\"gts_text\" id=\"gts_text_3\">Anstelle der Knochen haben sie das weichere Material, das <strong>Knorpel<\/strong> genannt wird.<\/span> Unsere Skelette sind aus Knochen gemacht, also haben wir ein bisschen Knorpelgewebe in unseren K\u00f6rpern. Zum Beispiel, wenn Sie Ihre Nase halten und herumdrehen, sehen sie , dass das mittlere St\u00fcck etwas hart ist, jedoch nicht so hart wie ein Knochen. Das ist Knorpel!<\/p>\n<p>Also wenn Sie Probleme damit haben <em>Cartilaginous<\/em> auszusprechen, merken Sie sich einfach, dass es vom Wort <em>Cartilage<\/em> kommt. Das ist der Grund warum es nicht Cartiligenous, Cartileginous, Cartilgunous oder irgendwas anderes ist!<br \/>\n<span class=\"gts_text\" id=\"gts_text_4\"><\/span><\/p>\n<p>Die \u00fcblichsten Arten von Knorpelfischen sind Haie und Rochen. Wie die meisten anderen Fische, trifft folgendes auf Knorpelfische zu<\/p>\n<ul>\n<li><span class=\"gts_text\" id=\"gts_text_11\">Sie haben Kiemen und atmen Wasser,<\/span><\/li>\n<li><span class=\"gts_text\" id=\"gts_text_12\">Sie sind \u201ekaltbl\u00fctig\u201c &#8211; ihre K\u00f6rpertemperatur ist die selbe wie das umgebende Wasser und<\/span><\/li>\n<li><span class=\"gts_text\" id=\"gts_text_13\">k\u00f6nnen in der Luft nicht \u00fcberleben.<\/span><\/li>\n<\/ul>\n<p><span class=\"gts_text\" id=\"gts_text_14\">Die Sachen, die Knorpelfische von anderen <a href=\"\/Fish.html\">Fischen<\/a> unterscheidet sind<\/span><\/p>\n<ul>\n<li><span class=\"gts_text\" id=\"gts_text_17\">Sie haben Knorpelgewebe anstatt Knochen. Das bedeuted, dass Knorpelfische keine guten Fossilien abgeben. Zum Beispiel sind die einzigen Fossilien die wir von einem <a href=\"\/Megalodon-Shark.html\">Megalodon<\/a> haben, seine Z\u00e4hne!<br \/>\n<\/span><\/li>\n<li><span class=\"gts_text\" id=\"gts_text_18\"><\/span><span class=\"gts_text\" id=\"gts_text_19\">Im Gegensatz zu Fischen haben Knorpelfische gro\u00dfe Gehirne, verglichen mit ihrer K\u00f6rpergr\u00f6\u00dfe. Es gibt ein paar Ausnahmen, aber das ist die Regel.<\/span><\/li>\n<li><span class=\"gts_text\" id=\"gts_text_20\">Die meisten Wirbeltiere produzieren ihre roten Blutzellen in ihrem Knochenmark. Knorpelfische haben keine Knochen, also besitzen sie kein Knochenmark. Sie benutzen verschiedene Organe um rote Blutzellen herzustellen,<\/span><span class=\"gts_text\" id=\"gts_text_22\"><\/span><\/li>\n<\/ul>\n<p><span class=\"gts_text\" id=\"gts_text_23\">Der gr\u00f6\u00dfte lebendige Fisch der Welt ist ein Knorpelfisch &#8211; eigentlich ein Hai, <a href=\"\/Whale-Shark.html\">Walhai<\/a> genannt.<\/span> <span class=\"gts_text\" id=\"gts_text_24\">Der gr\u00f6\u00dfte Knorpelfisch \u00fcberhaupt ist auch ein Haifisch &#8211; das <a href=\"\/Megalodon-Shark.html\">Megalodon<\/a>.<\/span><\/p>\n<p><span class=\"gts_text\" id=\"gts_text_25\"><strong>Welche Arten von Knorpelfisch gibt es?<\/strong><\/span><\/p>\n<p><span class=\"gts_text\" id=\"gts_text_26\">Der wissenschaftliche Name f\u00fcr die Klasse der Knorpelfische ist Chondrichthyes, welcher einfach nur \u201eKnorpelfisch\u201c bedeutet. Keine gro\u00dfen \u00dcberraschungen an dieser Stelle, oder? Diese Klasse ist in drei Hauptgruppen unterteilt, welche wiederum in 12 kleinere Gruppen, auch \u201eOrdnungen\u201c genannt, unterteilt werden. Dazu geh\u00f6ren<\/span><span class=\"gts_text\" id=\"gts_text_29\"><br \/>\n<\/span><\/p>\n<ul>\n<li><span class=\"gts_text\" id=\"gts_text_30\">Die <em>Chim\u00e4ren<\/em> sind die einzige Art von <em>Holocephali,<\/em> die noch lebendig sind. Sie werden manchmal Seekatzen oder Elefantenfische genannt. Sie leben am Grunde des Meeres und verteidigen sich mit einem giftigen Stachel.<\/span><span class=\"gts_text\" id=\"gts_text_32\"><br \/>\n<\/span><\/li>\n<li><span class=\"gts_text\" id=\"gts_text_33\">Die <em>Batoids<\/em> sind Rochen und echte Rochen.<\/span> <span class=\"gts_text\" id=\"gts_text_34\">Es gibt drei Gruppen (\u201eOrdnungen\u201c genannt) von Batoids.<\/span>\n<ul>\n<li><span class=\"gts_text\" id=\"gts_text_35\"><\/span><span class=\"gts_text\" id=\"gts_text_36\">Die Rajiformes sind die \u201enormalen\u201c Rochen und echten Rochen. Sie haben flache K\u00f6rper und \u201efliegen\u201c sozusagen durch das Wasser.<\/span><\/li>\n<li><span class=\"gts_text\" id=\"gts_text_37\">Die Pristiformes sind die \u201eS\u00e4gefische\u201c. Das griechische Wort Pristis bedeutet S\u00e4ge. S\u00e4gefische haben eine gro\u00dfe Schnauze, welche ihnen dabei hilft, herauszufinden wo sich ihre Feinde verstecken. Sie sollten nicht mit Schwertfischen verwechselt werden, welche in keinster Weise Knorpelfische sind oder die S\u00e4gehaie (unten genannt)<\/span><span class=\"gts_text\" id=\"gts_text_40\"><\/span><\/li>\n<li><span class=\"gts_text\" id=\"gts_text_41\">Die <em>Torpediniformes<\/em> sind Zitterrochen. Wie die elektrischen Aale, erzeugen sie Elektrizit\u00e4t um ihre Beute zu bet\u00e4uben oder zu t\u00f6ten. Manche Spezies k\u00f6nnen genug Elektizit\u00e4t erzeugen, um einen Menschen zu bet\u00e4uben!<\/span> <span class=\"gts_text\" id=\"gts_text_42\"><\/span><span class=\"gts_text\" id=\"gts_text_43\"><\/span><\/li>\n<\/ul>\n<\/li>\n<li><span class=\"gts_text\" id=\"gts_text_44\">Die <em>Selachimorphs<\/em> sind besser bekannt als\u2026 <a href=\"\/Sharks.html\">Haifische<\/a>! Der Haik\u00f6rper ist gerade dazu geformt, sich durch das Wasser zu bewegen. Seine besondere Haut hilft und verteidigt es auch gegen Parasiten. Haie haben ersetzbare Z\u00e4hne! Es gibt 8 verschiedene Gruppen (Ordnungen) von Haifischen<\/span><span class=\"gts_text\" id=\"gts_text_48\"><\/span>\n<ul>\n<li><span class=\"gts_text\" id=\"gts_text_49\">Die <em>Hexanchiformes<\/em> haben sechs oder sieben Kiemenschlitze auf jeder Seite. Die meisten Haie haben nur f\u00fcnf.<\/span><span class=\"gts_text\" id=\"gts_text_50\"><\/span><\/li>\n<li><span class=\"gts_text\" id=\"gts_text_51\">Die <em>Squaliformes<\/em> haben eine Extraflosse auf der Spitze und schneidende Z\u00e4hne auf der Oberfl\u00e4che und der Unterseite.<br \/>\n<\/span><\/li>\n<li><span class=\"gts_text\" id=\"gts_text_52\">Das <em>Pristiophoriformes<\/em> sind die S\u00e4gehaie &#8211; nicht zu verwechseln mit den oben genannten S\u00e4gehaien! S\u00e4gehaie benutzen ihre gezahnte Schnauze um die Fische die sie fressen, zu zerhacken und aufzuschlitzen. Alle Spezies der S\u00e4gehaie sind vom Aussterben bedroht.<\/span><span class=\"gts_text\" id=\"gts_text_54\"><\/span><\/li>\n<li><span class=\"gts_text\" id=\"gts_text_55\">Die<em> Squatiniformes<\/em> sehen aus wie Rochen. Wie auch immer, ihre Kiemen sind an der Seite ihrer K\u00f6pfe, wie bei allen anderen Haien. Sie werden auch Engelshaie genannt.<\/span><span class=\"gts_text\" id=\"gts_text_57\"><\/span><\/li>\n<li><span class=\"gts_text\" id=\"gts_text_58\"><em>Heterodontiformes<\/em> bedeutet \u201eVerschiedene Arten von Z\u00e4hnen\u201c und sicher genug, haben diese Haie eine Vielzahl von Z\u00e4hnen, sodass sie Schalentiere erfassen und zerquetschen k\u00f6nnen.<\/span><\/li>\n<li><span class=\"gts_text\" id=\"gts_text_59\">Die <em>Orectolobiformes<\/em> werden normalerweise \u201eTeppichhaie\u201c genannt, weil ihre Haut sch\u00f6ne Muster enth\u00e4lt. Der weltgr\u00f6\u00dfte Fisch, der <a href=\"\/Whale-Shark.html\">Walhai<\/a>, geh\u00f6rt zu dieser Gruppe.<\/span><\/li>\n<li><span class=\"gts_text\" id=\"gts_text_60\">Die <em>Carcharhiniformes<\/em> sind die vielf\u00e4ltigste Gruppe von Haien mit \u00fcber 270 Spezies<\/span><span class=\"gts_text\" id=\"gts_text_61\">. Sie besitzen ein extra Paar Augenlider, um ihre Augen zu sch\u00fctzen.<br \/>\n<\/span><\/li>\n<li><span class=\"gts_text\" id=\"gts_text_62\">Die <em>Lamniformes<\/em>, auch Makrelenhaie genannt, enthalten den gr\u00f6\u00dften Knorpelfisch \u00fcberhaupt, das <a href=\"\/Megalodon-Shark.html\">Megalodon<\/a>, so wie auch den ber\u00fchmtesten Hai, der weisse Hai. Die Gruppe enth\u00e4lt auch den harmlosen und sehr seltenen Riesenmaulhai. <\/span><span class=\"gts_text\" id=\"gts_text_63\"><\/span><\/li>\n<\/ul>\n<p><span class=\"gts_text\" id=\"gts_text_64\">Die Rochen und echten Rochen (Batoids) und die Haifische (Selachimorphs) sind zusammen einer Gruppe namens <em>Elasmobranchii<\/em> gruppiert.<\/span><\/li>\n<\/ul>\n<p><span class=\"gts_text\" id=\"gts_text_65\"><strong>Was ist der gr\u00f6\u00dfte Knorpelfisch der Welt?<\/strong><\/span><\/p>\n<p><span class=\"gts_text\" id=\"gts_text_66\">Der weltgr\u00f6\u00dfte lebendige Knorpelfisch ist ein sehr sanftm\u00fctiger <a href=\"\/Sharks.html\">Haifisch<\/a> &#8211; der <a href=\"\/Whale-Shark.html\">Walhai<\/a>. Obwohl es ein hait ist, ist es sehr harmlos &#8211; ausser Sie sind ein kleines Plankton oder ein kleiner Tintenfisch! Abgesehen vom Fressen solch kleiner Dinge, kann es bis zu 12 Meter lang oder mehr wachsen &#8211; das ist zwei mal so lang wie ein weisser Hai &#8211; und wiegt um die 12000 kg, beziehungsweise 26000 Pfund!<\/span> <span class=\"gts_text\" id=\"gts_text_68\"><\/span><\/p>\n<p><span class=\"gts_text\" id=\"gts_text_69\">Der weltgr\u00f6\u00dfte Knorpelfisch <em>\u00fcberhaupt<\/em> ist ebenfalls ein <a href=\"\/Sharks.html\">Haifisch<\/a> &#8211; aber keiner mit dem Sie gern das Wasser teilen wollen! Das <\/span><span class=\"gts_text\" id=\"gts_text_70\"><a href=\"\/Megalodon-Shark.html\">Megalodon<\/a> oder <a href=\"\/Megalodon-Shark.html\">Grosszahnhai<\/a> war dem weissen Hai \u00e4hnlich &#8211; ausser dass er 3 mal gr\u00f6\u00dfer war! Bei 18 Meter L\u00e4nge, w\u00e4re seine Hauptnahrung Wal. <\/span><span class=\"gts_text\" id=\"gts_text_71\"><\/span><\/p>\n","protected":false},"excerpt":{"rendered":"<p>Was ist ein Knorpelfisch? Knorpelfische sind Fische ohne Knochen. Anstelle der Knochen haben sie das weichere Material, das Knorpel genannt wird. Unsere Skelette sind aus Knochen gemacht, also haben wir ein bisschen Knorpelgewebe in unseren K\u00f6rpern. Zum Beispiel, wenn Sie Ihre Nase halten und herumdrehen, sehen sie , dass das mittlere St\u00fcck etwas hart ist, &hellip; <a href=\"https:\/\/www.big-animals.com\/de\/die-groessten-knorpelfische-der-welt\/\" class=\"more-link\">Continue reading <span class=\"screen-reader-text\">Die gr\u00f6\u00dften Knorpelfische der Welt!<\/span><\/a><\/p>\n","protected":false},"author":1,"featured_media":0,"parent":0,"menu_order":0,"comment_status":"closed","ping_status":"open","template":"","meta":{"_acf_changed":false,"footnotes":""},"acf":[],"_links":{"self":[{"href":"https:\/\/www.big-animals.com\/de\/wp-json\/wp\/v2\/pages\/13"}],"collection":[{"href":"https:\/\/www.big-animals.com\/de\/wp-json\/wp\/v2\/pages"}],"about":[{"href":"https:\/\/www.big-animals.com\/de\/wp-json\/wp\/v2\/types\/page"}],"author":[{"embeddable":true,"href":"https:\/\/www.big-animals.com\/de\/wp-json\/wp\/v2\/users\/1"}],"replies":[{"embeddable":true,"href":"https:\/\/www.big-animals.com\/de\/wp-json\/wp\/v2\/comments?post=13"}],"version-history":[{"count":2,"href":"https:\/\/www.big-animals.com\/de\/wp-json\/wp\/v2\/pages\/13\/revisions"}],"predecessor-version":[{"id":343,"href":"https:\/\/www.big-animals.com\/de\/wp-json\/wp\/v2\/pages\/13\/revisions\/343"}],"wp:attachment":[{"href":"https:\/\/www.big-animals.com\/de\/wp-json\/wp\/v2\/media?parent=13"}],"curies":[{"name":"wp","href":"https:\/\/api.w.org\/{rel}","templated":true}]}}