{"id":15,"date":"2011-05-09T09:04:13","date_gmt":"2011-05-09T09:04:13","guid":{"rendered":""},"modified":"2011-05-09T09:04:13","modified_gmt":"2011-05-09T09:04:13","slug":"schildkrote-undschildkroten","status":"publish","type":"page","link":"https:\/\/www.big-animals.com\/de\/schildkrote-undschildkroten\/","title":{"rendered":"Schildkr\u00f6ten und Schildkr\u00f6ten"},"content":{"rendered":"<p><span id=\"gts_text_1\" class=\"gts_text\">Schildkr\u00f6ten und Schildkr\u00f6ten sind <a href=\"http:\/\/www.big-animals.com\/the-worlds-biggest-reptiles\/\">Reptilien<\/a>.<\/span> <span id=\"gts_text_2\" class=\"gts_text\">Sie haben ein spezielles Oberteil, das als ein Schild auftritt.<\/span> <span id=\"gts_text_3\" class=\"gts_text\">Sie werden durch ein Oberteil auf die Oberseite und darunterliegend gesch\u00fctzt.<\/span> <span id=\"gts_text_4\" class=\"gts_text\">Das oberste gew\u00f6lbte Teil wird die <em>Schale<\/em> genannt.<\/span> <span id=\"gts_text_5\" class=\"gts_text\">Der unterere Teil, der den Bauch einschlie\u00dft, wird sein <em>plastron<\/em> genannt.<\/span> <span id=\"gts_text_6\" class=\"gts_text\">\u00a0werden die Schale und das plastron zusammen durch die kn\u00f6chernen Strukturen verbunden, die Br\u00fccken genannt werden.<\/span> <span id=\"gts_text_7\" class=\"gts_text\">Das Oberteil der Schildkr\u00f6ten besteht 60 verschiedene Knochen, die Teil des R\u00fcckgrats, des Brustbeins und der Rippen einschlie\u00dfen.<\/span> <span id=\"gts_text_8\" class=\"gts_text\">Dies k\u00f6nnen hei\u00dfen, anders als, was Sie in den Karikaturen sehen, die Schildkr\u00f6te aus sein Oberteil nicht herauskommen.<\/span><\/p>\n<p><span id=\"gts_text_9\" class=\"gts_text\">Die Form des Oberteils sagt uns, wie die Schildkr\u00f6te lebt.<\/span> <span id=\"gts_text_10\" class=\"gts_text\">Die meisten Schildkr\u00f6ten haben ein gro\u00dfes kuppelf\u00f6rmiges Oberteil als Schild gegen ihre Fleischfresser.<\/span> <span id=\"gts_text_11\" class=\"gts_text\">Aber die afrikanische Pfannkuchenschildkr\u00f6te hat ein flaches flexibles Oberteil, das Hilfen es, zum weg von ihren Fleischfressern durch das Verstecken in den Felsenspalten schnell zu laufen.<\/span><\/p>\n<p><span id=\"gts_text_12\" class=\"gts_text\">Die meisten Schildkr\u00f6ten, die im Wasser leben, haben die flachen Oberteile, zum sie zu helfen, um zu schwimmen und zu tauchen.<\/span> <span id=\"gts_text_13\" class=\"gts_text\">Amerikanische rei\u00dfende Schildkr\u00f6ten und Moschusschildkr\u00f6ten haben kleines, k\u00f6nnen kreuzf\u00f6rmiges unteres Oberteil also sie an der Unterseite der Teiche und der Str\u00f6me leistungsf\u00e4higer gehen.<\/span><\/p>\n<p><span id=\"gts_text_14\" class=\"gts_text\">Verschiedene Schildkr\u00f6ten haben Oberteile von verschiedenen Farben.<\/span> <span id=\"gts_text_15\" class=\"gts_text\">Die allgemeinsten Farben sind Braun, Schwarzes oder Olivgr\u00fcn.<\/span> <span id=\"gts_text_16\" class=\"gts_text\">Eine der buntesten Schildkr\u00f6ten ist die gemalte Ostschildkr\u00f6te, die ein gelbes unteres Oberteil und ein schwarzes oder olivgr\u00fcnes Oberteil mit roter Markierung um die Kante hat.<\/span> <span id=\"gts_text_17\" class=\"gts_text\">Nicht ist buntes das!<\/span><\/p>\n<p><span id=\"gts_text_18\" class=\"gts_text\">Schildkr\u00f6ten, die die meisten ihres Lebens auf Land verbringen, haben die schwereren und h\u00f6heren kuppelf\u00f6rmigen Oberteile.<\/span> <span id=\"gts_text_19\" class=\"gts_text\">Die Wasser- und weich-gesch\u00e4lten Schildkr\u00f6ten haben, helle Oberteile zu haben, damit sie nicht zur Unterseite des Meeres sinken.<\/span> <span id=\"gts_text_20\" class=\"gts_text\">Ein helleres Oberteil hilft ihnen auch, um schneller zu schwimmen.<\/span> <span id=\"gts_text_21\" class=\"gts_text\">Zum Beispiel sind Lederschildkr\u00f6ten ausgezeichnete Schwimmer und haben sehr helle Oberteile.<\/span><\/p>\n<p><span id=\"gts_text_22\" class=\"gts_text\">Schildkr\u00f6ten waren um, als die Dinosaurier die Erde durchstreiften.<\/span> <span id=\"gts_text_23\" class=\"gts_text\">Dieses macht die Schildkr\u00f6ten eine von den \u00e4ltesten Reptilgruppen, verglichen mit Eidechsen, Schlangen und Krokodilen.<\/span> <span id=\"gts_text_24\" class=\"gts_text\">Einige Schildkr\u00f6ten k\u00f6nnen leben, um in 100 Jahren zu sein alt.<\/span> <span id=\"gts_text_25\" class=\"gts_text\">\u00a0Der Grund, warum sie leben, der lang ist, weil die Organe der Schildkr\u00f6ten halten, gut zu arbeiten, w\u00e4hrend sie altern.<\/span><\/p>\n<figure id=\"attachment_363\" aria-describedby=\"caption-attachment-363\" style=\"width: 259px\" class=\"wp-caption alignleft\"><a href=\"http:\/\/www.big-animals.com\/wp-content\/uploads\/2011\/01\/Harriet.jpg\"><img loading=\"lazy\" decoding=\"async\" class=\"size-full wp-image-363\" title=\"Harriet, die langlebige Gal\u00e1pagos-Schildkr\u00f6te\" src=\"http:\/\/www.big-animals.com\/wp-content\/uploads\/2011\/01\/Harriet.jpg\" alt=\"Harriet, die langlebige Gal\u00e1pagos-Schildkr\u00f6te\" width=\"259\" height=\"144\" \/><\/a><figcaption id=\"caption-attachment-363\" class=\"wp-caption-text\">Harriet, The Long-Lived Gal\u00e1pagos Tortoise<\/figcaption><\/figure>\n<p><span id=\"gts_text_26\" class=\"gts_text\">Adwaita (Bedeutung \u201eeine und nur\u201c im Sanskrit) war der Name einer m\u00e4nnlichen riesigen Schildkr\u00f6te Aldabra in den zoologischen G\u00e4rten Alipore von Kolkata, Indien.<\/span> <span id=\"gts_text_27\" class=\"gts_text\">Er war unter den \u00e4ltesten lebenden Tieren in der Welt.<\/span> <span id=\"gts_text_28\" class=\"gts_text\">Er starb, als er ungef\u00e4hr 255 Jahre im Jahre 2006 alt war.<\/span> <span id=\"gts_text_29\" class=\"gts_text\">Tu&#8217;i Malila ist die zweite lang-gelebte Schildkr\u00f6te nach Adwaita.<\/span> <span id=\"gts_text_30\" class=\"gts_text\">Er starb im Jahre 1965 im Alter von 188.<\/span> <span id=\"gts_text_31\" class=\"gts_text\">Als N\u00e4chstes ist Harriet, eine <a href=\"http:\/\/www.big-animals.com\/galapagos-tortoise\/\">Gal\u00e1pagos-Schildkr\u00f6te die<\/a> dritte lang-lebenschildkr\u00f6te, die im Alter von 175 Jahren alt in Australien im Jahre 2006 starb.<\/span><\/p>\n<p><span id=\"gts_text_32\" class=\"gts_text\">Einige von vielen lebendiger heutiger Tag der Spezies sind in der Gefahr von heraus sterben.<\/span> <span id=\"gts_text_33\" class=\"gts_text\">Alle Meeresschildkr\u00f6ten werden gef\u00e4hrdet.<\/span> <span id=\"gts_text_34\" class=\"gts_text\">Es gibt die Gesetze, zum sie zu sch\u00fctzen, aber ihr Fleisch ist in hohem Grade herein Nachfrage in etwas Kulturen.<\/span> <span id=\"gts_text_35\" class=\"gts_text\">Schildkr\u00f6tesuppe ist ein teurer Teller, zum Beispiel.<\/span> <span id=\"gts_text_36\" class=\"gts_text\">Sie sind so aggressiv in Asien gejagt worden, soweit, dass die Schildkr\u00f6ten fast vollst\u00e4ndig verschwunden sind.<\/span><\/p>\n<p><span id=\"gts_text_37\" class=\"gts_text\">Vermutung welche Damen!<\/span> <span id=\"gts_text_38\" class=\"gts_text\">Fett von den Schildkr\u00f6ten wird auch in den Karibischen Meeren und in Mexiko als Bestandteil in den Kosmetik benutzt.<\/span> <span id=\"gts_text_39\" class=\"gts_text\">Das untere Oberteil einer Schildkr\u00f6te wird in der traditionellen chinesischen Medizin benutzt.<\/span><\/p>\n<p><span id=\"gts_text_40\" class=\"gts_text\">Zu die hohe Nachfrage f\u00fcr Schildkr\u00f6ten, die viele Leute, begonnen haben Schildkr\u00f6tebauernh\u00f6fe in China zu gr\u00fcnden, Oklahoma und Louisiana treffen.<\/span><\/p>\n<p><span id=\"gts_text_41\" class=\"gts_text\">Schildkr\u00f6ten sind kaltbl\u00fctig.<\/span> <span id=\"gts_text_42\" class=\"gts_text\">Deshalb \u00e4ndern ihre K\u00f6rper Temperatur entsprechend ihren Umgebungen.<\/span> <span id=\"gts_text_43\" class=\"gts_text\">Die Schildkr\u00f6ten bleiben im kalten Wasser leblos.<\/span> <span id=\"gts_text_44\" class=\"gts_text\">Die meisten ihnen Schlaf w\u00e4hrend des Winters.<\/span> <span id=\"gts_text_45\" class=\"gts_text\">Alle Schildkr\u00f6ten und Schildkr\u00f6ten atmen Luft.<\/span> <span id=\"gts_text_46\" class=\"gts_text\">Schildkr\u00f6ten Underwater m\u00fcssen zur Oberfl\u00e4che gehen, ihre Lungen wieder zu f\u00fcllen.<\/span><\/p>\n<p><span id=\"gts_text_47\" class=\"gts_text\">Schildkr\u00f6ten legen nicht ihre Eier unter Wasser.<\/span> <span id=\"gts_text_48\" class=\"gts_text\">\u00a0Die meisten weiblichen Schildkr\u00f6ten gehen zum Strand zur\u00fcck, um ihre Eier nach reisenden Hunderten von den Kilometern zu legen.<\/span> <span id=\"gts_text_49\" class=\"gts_text\">Schildkr\u00f6ten haben die Flipper, zum sie zu helfen, um zu schwimmen.<\/span> <span id=\"gts_text_50\" class=\"gts_text\">Glauben Sie, dass er oder nicht sie so schnell schwimmen k\u00f6nnen, wie Menschen auf dem Land laufen k\u00f6nnen.<\/span> <span id=\"gts_text_51\" class=\"gts_text\">Sie verschieben ihre vorderen Flipper auf Schwimmen und die hinteren Flipper tun die Steuerung.<\/span><\/p>\n<figure id=\"attachment_364\" aria-describedby=\"caption-attachment-364\" style=\"width: 213px\" class=\"wp-caption alignright\"><a href=\"http:\/\/www.big-animals.com\/wp-content\/uploads\/2011\/01\/HaeckelChelonia.jpg\"><img loading=\"lazy\" decoding=\"async\" class=\"size-medium wp-image-364\" title=\"Verschiedene Arten von Schildkr\u00f6ten und von Schildkr\u00f6ten - Zeichnungen von Haeckel, 1904\" src=\"http:\/\/www.big-animals.com\/wp-content\/uploads\/2011\/01\/HaeckelChelonia-213x300.jpg\" alt=\"Verschiedene Arten von Schildkr\u00f6ten und von Schildkr\u00f6ten - Zeichnungen von Haeckel, 1904\" width=\"213\" height=\"300\" \/><\/a><figcaption id=\"caption-attachment-364\" class=\"wp-caption-text\">Different Types of Turtles and Tortoises - Drawings by Haeckel, 1904<\/figcaption><\/figure>\n<p><span id=\"gts_text_52\" class=\"gts_text\">Da sie verwendeten so, um im Wasser zu sein sind, sie finden es wirklich hart, sich auf dem Boden zu verschieben.<\/span> <span id=\"gts_text_53\" class=\"gts_text\">Deshalb verschieben sich Mutterschildkr\u00f6ten sehr sehr langsam auf dem Land und vorw\u00e4rts schleppen mit ihren Flippern, um einen Platz zu finden, um ein Loch zu graben und ihre Eier zu legen.<\/span> <span id=\"gts_text_54\" class=\"gts_text\">Sie legen mehrere Hundert Eier, die wie Klingeln pong B\u00e4lle aussehen.<\/span> <span id=\"gts_text_55\" class=\"gts_text\">Sie umfassen das Loch mit Schlamm oder Sand.<\/span> <span id=\"gts_text_56\" class=\"gts_text\">Die M\u00fctter lassen dann ihre Eier im Loch.<\/span> <span id=\"gts_text_57\" class=\"gts_text\">Mutterschildkr\u00f6ten interessieren nicht sich f\u00fcr ihre Babys.<\/span><\/p>\n<p><span id=\"gts_text_58\" class=\"gts_text\">Die Hitze von der Sonne hilft, die Eier auszubr\u00fcten.<\/span> <span id=\"gts_text_59\" class=\"gts_text\">Weibliche Schildkr\u00f6ten br\u00fcten von den w\u00e4rmeren Eiern aus, die zur Oberfl\u00e4che des Sandes oder des Schlammes n\u00e4her sind.<\/span> <span id=\"gts_text_60\" class=\"gts_text\">\u00a0M\u00e4nnliche Schildkr\u00f6ten br\u00fcten von den k\u00fchleren Eiern aus, die an der Unterseite des Lochs sind.<\/span> <span id=\"gts_text_61\" class=\"gts_text\">Diese kleinen Babyschildkr\u00f6ten graben zur Oberfl\u00e4che selbst und schwimmen dann zum Meer.<\/span> <span id=\"gts_text_62\" class=\"gts_text\">Es gibt viele V\u00f6gel, Krabben und Tiere, die warten, um auf ihnen zu genie\u00dfen, da sie ihre Weise zur\u00fcck zu dem Meer machen.<\/span> <span id=\"gts_text_63\" class=\"gts_text\">\u00a0Traurig erreichen nur 1% aller Babyschildkr\u00f6ten Erwachsensein.<\/span><\/p>\n<p><span id=\"gts_text_64\" class=\"gts_text\">Einige Schildkr\u00f6ten k\u00f6nnen ihren Hals senken und ihren Kopf zur\u00fcck in das Oberteil gerade ziehen.<\/span> <span id=\"gts_text_65\" class=\"gts_text\">Diese Spezies von Schildkr\u00f6ten schlie\u00dfen Frischwasserschildkr\u00f6ten, rei\u00dfende Schildkr\u00f6ten, Schildkr\u00f6ten, weiche gesch\u00e4lte Schildkr\u00f6ten und Meeresschildkr\u00f6ten mit ein.<\/span> <span id=\"gts_text_66\" class=\"gts_text\">Andere Schildkr\u00f6ten, genannt Pelomedusenschildkr\u00f6ten, ziehen den Hals seitlich in das Oberteil.<\/span> <span id=\"gts_text_67\" class=\"gts_text\">Sie werden Seitehals Schildkr\u00f6ten angerufen und leben in der s\u00fcdlichen Hemisph\u00e4re.<\/span><\/p>\n<p><span id=\"gts_text_68\" class=\"gts_text\">Der Kopf einer Schildkr\u00f6te wird in den harten Skalen umfa\u00dft.<\/span> <span id=\"gts_text_69\" class=\"gts_text\">Die meisten Schildkr\u00f6ten, die die meisten ihrer Zeit auf dem Land verbringen, haben ihre Augen, Gegenst\u00e4nden vor ihnen unten zu betrachten.<\/span> <span id=\"gts_text_70\" class=\"gts_text\">Einige Wasserschildkr\u00f6ten wie rei\u00dfende Schildkr\u00f6ten und weich-gesch\u00e4lte Schildkr\u00f6ten haben Augen n\u00e4her an der Spitze des Kopfes.<\/span> <span id=\"gts_text_71\" class=\"gts_text\">Diese Spezies von Schildkr\u00f6ten k\u00f6nnen sich von den Fleischfressern verstecken, indem sie unten in seichtes Wasser sinken, aber dass ihre Augen und Nasenl\u00f6cher \u00fcber der Oberfl\u00e4che sich vergewissern, sind.<\/span> <span id=\"gts_text_72\" class=\"gts_text\">Meeresschildkr\u00f6ten haben Dr\u00fcsen nahe ihren Augen, zum des \u00fcbersch\u00fcssigen Salzes in ihrem K\u00f6rper loszuwerden, den sie von ihrem Trinkwasser erhalten.<\/span><\/p>\n<p><span id=\"gts_text_73\" class=\"gts_text\">Schildkr\u00f6ten haben gro\u00dfartige Nachtsicht.<\/span> <span id=\"gts_text_74\" class=\"gts_text\">Sie hilft ihnen gro\u00df, um an der Unterseite des dunklen Ozeans oder nachts auf dem Land offenbar zu sehen, wenn sie herauskommen, ihre Eier zu legen.<\/span><\/p>\n<p><span id=\"gts_text_75\" class=\"gts_text\">Einige Schildkr\u00f6ten essen Anlagen und Fleisch, einige isst gr\u00f6\u00dftenteils Anlagen und andere gr\u00f6\u00dftenteils Fleisch.<\/span> <span id=\"gts_text_76\" class=\"gts_text\">Schildkr\u00f6ten haben nicht Z\u00e4hne, aber sie haben einen starken Schnabel.<\/span> <span id=\"gts_text_77\" class=\"gts_text\">Anlage-essend haben Schildkr\u00f6ten einen S\u00e4ge \u00e4hnlichen Rand zu ihrem Schnabel, der ihnen hilft, in starke Nahrung wie Seegr\u00e4ser zu schneiden.<\/span> <span id=\"gts_text_78\" class=\"gts_text\">Andererseits haben fleischessende Schildkr\u00f6ten Messer-scharfen Schnabel f\u00fcr das Schneiden durch ihr Opfer.<\/span> <span id=\"gts_text_79\" class=\"gts_text\">Schildkr\u00f6ten benutzen ihre Zungen, um ihnen zu helfen, um ihre Nahrung zu schlucken, aber sie k\u00f6nnen ihre Zungen nicht an Fangnahrung wie einem Frosch heraus festhalten.<\/span><\/p>\n<p><span id=\"gts_text_80\" class=\"gts_text\">Die gr\u00f6\u00dfte lebende Meeresschildkr\u00f6te ist die gro\u00dfe <a href=\"http:\/\/www.big-animals.com\/leatherback-sea-turtle\/\">Leatherbackmeeresschildkr\u00f6te<\/a>.<\/span> <span id=\"gts_text_81\" class=\"gts_text\">Die L\u00e4nge seines Oberteils ist ungef\u00e4hr 200cm (6,6 Fu\u00df) und kann \u00fcber 900 Kilogramm (2000lb) wiegen.<\/span> <span id=\"gts_text_82\" class=\"gts_text\">Sein Oberteil wird mit lederartiger Haut mit angehobenen Streifen umfa\u00dft.<\/span> <span id=\"gts_text_83\" class=\"gts_text\">Es hat eine h\u00f6here K\u00f6rpertemperatur als das umgebende Wasser wegen seiner hohen metabolischen Rate.<\/span> <span id=\"gts_text_84\" class=\"gts_text\">Es lebt in den w\u00e4rmeren Ozeanozeanen.<\/span> <span id=\"gts_text_85\" class=\"gts_text\">Meeresschildkr\u00f6ten haben mehr flachere Form, also k\u00f6nnen sie durch das Wasser w\u00fcrdevoll gleiten.<\/span> <span id=\"gts_text_86\" class=\"gts_text\">Sie leben im Meer alle ihre Leben.<\/span> <span id=\"gts_text_87\" class=\"gts_text\">Schildkr\u00f6te Archelon (Bedeutungsmachthaber auf Griechen) ist die gr\u00f6\u00dfte Meeresschildkr\u00f6te \u00fcberhaupt, aber sie ist bereits ausgestorben.<\/span> <span id=\"gts_text_88\" class=\"gts_text\">Es war 4,6 Meter (15 Fu\u00df) lang.<\/span> <span id=\"gts_text_89\" class=\"gts_text\">Es war mehr als 2.200 Kilogramm (4500lbs).<\/span> <span id=\"gts_text_90\" class=\"gts_text\">Die meisten \u00dcberreste von Archelon-Schildkr\u00f6ten konnten in South Dakota und in Wyoming gefunden werden.\u00a0Es gibt einige Schildkr\u00f6ten, die auch im S\u00fc\u00dfwasser leben.<\/span> <span id=\"gts_text_91\" class=\"gts_text\">\u00a0Die S\u00fc\u00dfwasserschildkr\u00f6ten sind im Allgemeinen verglichen mit den Meeresschildkr\u00f6ten kleineres.<\/span> <span id=\"gts_text_92\" class=\"gts_text\">Die gr\u00f6\u00dften S\u00fc\u00dfwasserschildkr\u00f6ten sind die Asiat weich-gesch\u00e4lte Schildkr\u00f6te.<\/span> <span id=\"gts_text_93\" class=\"gts_text\">\u00a0Diese Schildkr\u00f6te kann bis 2 Meter (6,6 Fu\u00df) wachsen.<\/span><\/p>\n<p><span id=\"gts_text_94\" class=\"gts_text\">Schildkr\u00f6ten isst  Anlagen und Insekten.<\/span> <span id=\"gts_text_95\" class=\"gts_text\">Sie haben vernetzte vordere F\u00fc\u00dfe, die wie Flipper aussehen.<\/span> <span id=\"gts_text_96\" class=\"gts_text\">Schwein-Gerochene Schildkr\u00f6ten haben wirkliche Flipper.<\/span> <span id=\"gts_text_97\" class=\"gts_text\">Aber Schildkr\u00f6ten, die die meisten ihres Lebens auf dem Land verbringen, haben gedrungene Beine mit scharfen Greifern f\u00fcr das Graben.<\/span> <span id=\"gts_text_98\" class=\"gts_text\">Schildkr\u00f6ten essen nur Anlagen und Bl\u00e4tter und andere tief liegend Vegetation.<\/span> <span id=\"gts_text_99\" class=\"gts_text\">Sie neigen, in einem Bereich zu bleiben.<\/span> <span id=\"gts_text_100\" class=\"gts_text\">Sie nehmen nur am Wasser teil, wenn sie durstig oder badend sind.<\/span> <span id=\"gts_text_101\" class=\"gts_text\">Sie k\u00f6nnen sein ertrinken in den starken Strom.<\/span> <span id=\"gts_text_102\" class=\"gts_text\">Sie k\u00f6nnen in den trockenen Bereichen gefunden werden.<\/span> <span id=\"gts_text_103\" class=\"gts_text\">Sie sind gew\u00f6hnlich gr\u00f6\u00dfer, sperriger und schwerer.<\/span> <span id=\"gts_text_104\" class=\"gts_text\">Die gr\u00f6\u00dfte lebende Schildkr\u00f6te ist die <a href=\"http:\/\/www.big-animals.com\/galapagos-tortoise\/\">Gal\u00e1pagos-Schildkr\u00f6te, die,<\/a> die zu ungef\u00e4hr 1,8 Meter (6 Meter) sich lang entwickelt und er kann \u00fcber 400kilograms (882lb) wiegen.<\/span> <span id=\"gts_text_105\" class=\"gts_text\">Er geh\u00f6rt zu am l\u00e4ngsten gelebt von allen Wirbeltieren.<\/span> <span id=\"gts_text_106\" class=\"gts_text\">Er kann in 100 Jahren alt im wilden leben.<\/span> <span id=\"gts_text_107\" class=\"gts_text\">Die \u00e4lteste Gal\u00e1pagos-Schildkr\u00f6te war mindestens 170 Jahre alt.<\/span> <span id=\"gts_text_108\" class=\"gts_text\">Es wird auf den Gal\u00e1pagos-Inseln im Pazifischen Ozean gefunden.<\/span> <span id=\"gts_text_109\" class=\"gts_text\">Die gr\u00f6\u00dfte ausgestorbene Schildkr\u00f6te ist die Meiolania-Schildkr\u00f6te.<\/span> <span id=\"gts_text_110\" class=\"gts_text\">Sie werden im Norden und S\u00fcdamerika, Australien und Afrika gefunden.<\/span> <span id=\"gts_text_111\" class=\"gts_text\">Vor sie wurden ausgestorbenen 2000 Jahren, als Mann begann, sie f\u00fcr Nahrung zu jagen.<\/span> <span id=\"gts_text_112\" class=\"gts_text\">Sie sind ungef\u00e4hr 2,5 Meter (8,2 Fu\u00df) lang.<\/span><\/p>\n<p><span id=\"gts_text_113\" class=\"gts_text\">Andererseits ist die kleinste Schildkr\u00f6te der Welt die gesprenkelte Padloper-Schildkr\u00f6te &#8211; die M\u00e4nner entwickeln Sie nur sich zu ungef\u00e4hr 6-8 Zentimeter (2,4 &#8211; 3,1 Zoll), lang &#8211; aber die Frauen sind ein wenig gr\u00f6\u00dfer.<\/span> <span id=\"gts_text_114\" class=\"gts_text\">Sie wiegen Gramm ungef\u00e4hr 95-165 (3.4-5.8oz).<\/span> <span id=\"gts_text_115\" class=\"gts_text\">Ihre Lieblingsnahrung ist kleine fette Anlagen mit Losen Wasser in ihnen.<\/span> <span id=\"gts_text_116\" class=\"gts_text\">Sie leben auf felsigem Boden.<\/span> <span id=\"gts_text_117\" class=\"gts_text\">Sie k\u00f6nnen in Wests\u00fcdafrika gefunden werden.<\/span> <span id=\"gts_text_118\" class=\"gts_text\">Zwei andere kleine Speziesschildkr\u00f6ten sind die amerikanischen Schlammschildkr\u00f6ten und Moschusschildkr\u00f6ten, die in einem Bereich leben, der von Kanada nach S\u00fcdamerika reicht.<\/span> <span id=\"gts_text_119\" class=\"gts_text\">Ihre Oberteile waren kleiner als 13 Zentimeter (5.1inches) in der L\u00e4nge.<\/span><\/p>\n<p><span id=\"gts_text_120\" class=\"gts_text\">Schildkr\u00f6ten verwenden die Hilfe der Strahlen der Sonne, um sich zu w\u00e4rmen und sie benutzen Wasser oder Schatten, um sich abzuk\u00fchlen.<\/span> <span id=\"gts_text_121\" class=\"gts_text\">Die Schildkr\u00f6ten neigen, ihre K\u00f6rper zu w\u00e4rmen, indem sie Sonneund sich auch unter dem Boden baden graben, um k\u00fchl zu halten.<\/span> <span id=\"gts_text_122\" class=\"gts_text\">Die \u00e4u\u00dfere Schicht des Oberteils ist ein Teil der Haut.<\/span> <span id=\"gts_text_123\" class=\"gts_text\">Schildkr\u00f6ten versch\u00fctten ihre H\u00e4ute in einem Zug nicht wie die Schlange.<\/span> <span id=\"gts_text_124\" class=\"gts_text\">Schildkr\u00f6ten versch\u00fctteten ihre Haut St\u00fcck f\u00fcr St\u00fcck.<\/span> <span id=\"gts_text_125\" class=\"gts_text\">Schildkr\u00f6ten versch\u00fctteten auch Haut.<\/span> <span id=\"gts_text_126\" class=\"gts_text\">Dieses sammelt tote Haut in starke Griffe und Platten an, die bestimmte K\u00f6rperteile au\u00dferhalb des Oberteils sch\u00fctzen.<\/span><\/p>\n<p><span id=\"gts_text_127\" class=\"gts_text\">Gro\u00dfe Schildkr\u00f6ten neigen zu schwimmen weniger als die kleineren.<\/span> <span id=\"gts_text_128\" class=\"gts_text\">Zum Beispiel schwimmt die Alligatorrei\u00dfende Schildkr\u00f6te, die eine der gr\u00f6\u00dften Frischwasserschildkr\u00f6ten in der Welt ist-, kaum \u00fcberhaupt.<\/span> <span id=\"gts_text_129\" class=\"gts_text\">Sie ziehen es vor, entlang die Unterseite des Flusses oder des Sees zu gehen.<\/span> <span id=\"gts_text_130\" class=\"gts_text\">Schildkr\u00f6ten benutzen ihre langen Greifer, um auf Riverbanks und sich hin- und herbewegende Klotz zu klettern.<\/span><\/p>\n<p><span id=\"gts_text_131\" class=\"gts_text\">Kleine Landschildkr\u00f6ten und Frischwasserschildkr\u00f6ten werden manchmal als Haustiere gehalten.<\/span> <span id=\"gts_text_132\" class=\"gts_text\">Popul\u00e4rsten sind russische Schildkr\u00f6ten, Sporn-Thighed Schildkr\u00f6ten und Rot-Ohrige Schieber.<\/span><\/p>\n","protected":false},"excerpt":{"rendered":"<p>Schildkr\u00f6ten und Schildkr\u00f6ten sind Reptilien. Sie haben ein spezielles Oberteil, das als ein Schild auftritt. Sie werden durch ein Oberteil auf die Oberseite und darunterliegend gesch\u00fctzt. Das oberste gew\u00f6lbte Teil wird die Schale genannt. Der unterere Teil, der den Bauch einschlie\u00dft, wird sein plastron genannt. \u00a0werden die Schale und das plastron zusammen durch die kn\u00f6chernen &hellip; <a href=\"https:\/\/www.big-animals.com\/de\/schildkrote-undschildkroten\/\" class=\"more-link\">Continue reading <span class=\"screen-reader-text\">Schildkr\u00f6ten und Schildkr\u00f6ten<\/span><\/a><\/p>\n","protected":false},"author":1,"featured_media":0,"parent":0,"menu_order":0,"comment_status":"closed","ping_status":"open","template":"","meta":{"_acf_changed":false,"footnotes":""},"acf":[],"_links":{"self":[{"href":"https:\/\/www.big-animals.com\/de\/wp-json\/wp\/v2\/pages\/15"}],"collection":[{"href":"https:\/\/www.big-animals.com\/de\/wp-json\/wp\/v2\/pages"}],"about":[{"href":"https:\/\/www.big-animals.com\/de\/wp-json\/wp\/v2\/types\/page"}],"author":[{"embeddable":true,"href":"https:\/\/www.big-animals.com\/de\/wp-json\/wp\/v2\/users\/1"}],"replies":[{"embeddable":true,"href":"https:\/\/www.big-animals.com\/de\/wp-json\/wp\/v2\/comments?post=15"}],"version-history":[{"count":0,"href":"https:\/\/www.big-animals.com\/de\/wp-json\/wp\/v2\/pages\/15\/revisions"}],"wp:attachment":[{"href":"https:\/\/www.big-animals.com\/de\/wp-json\/wp\/v2\/media?parent=15"}],"curies":[{"name":"wp","href":"https:\/\/api.w.org\/{rel}","templated":true}]}}