{"id":17,"date":"2011-05-09T09:05:00","date_gmt":"2011-05-09T09:05:00","guid":{"rendered":""},"modified":"2014-05-19T10:33:02","modified_gmt":"2014-05-19T10:33:02","slug":"wale","status":"publish","type":"page","link":"https:\/\/www.big-animals.com\/de\/wale\/","title":{"rendered":"Wale"},"content":{"rendered":"<p><span class=\"gts_text\" id=\"gts_text_1\">Zu den Cetacea geh\u00f6ren die gr\u00f6\u00dften Tiere, welche jemals gelebt haben &#8211; der <a title=\"Der Blauwal \u2013 das gr\u00f6\u00dfte Tier \u00fcberhaupt!\" href=\"http:\/\/www.big-animals.com\/de\/der-blauwal-das-groesste-tier-ueberhaupt\/\">Blauwal<\/a> ist ein Cetacea, sowie auch die intelligenten und freun<\/span><span class=\"gts_text\" id=\"gts_text_3\">dlichen Delphine und T\u00fcmmler. T\u00fcmmler sind kleine Wale. Wale sind <a title=\"Die gr\u00f6\u00dften S\u00e4ugetiere der Welt!\" href=\"http:\/\/www.big-animals.com\/the-worlds-biggest-mammals\/\">Meeress\u00e4ugetiere<\/a>. Sie wurden f\u00fcr das Leben im Meer geschaffen. Sie haben stromlinienf\u00f6rmige K\u00f6rper, die ihnen beim Schwimmen helfen. Ihre Vordergliedma\u00dfen agieren wie Schwimmflossen. Ihre Hintergliedma\u00dfen sind extrem klein. Ihre Schwanzflossen liegen flach anstatt vertikal wie bei der Schwanzflosse eines Fisches.<br \/>\n<\/span><\/p>\n<p>Wale sind gut durch eine dicke Fettschicht gesch\u00fctzt, die sie im k\u00fchlen Meerwasser warm h\u00e4lt. Sie atmen mit ihren Lungen Luft ein. Wenn sie ins tiefe, blaue Meer tauchen, schlie\u00dfen sich ihre Luftl\u00f6cher (die zugleich ihre Nasenl\u00f6cher sind, auf ihren K\u00f6pfen). Die Luftl\u00f6cher \u00f6ffnen sich, wenn die Wale wieder an der Oberfl\u00e4che sind. Sie atmen durch ihre Luftl\u00f6cher explosivartig aus. Dies verursacht einen dichten Strahl aus nebeliger Luft und Dunst. Warme Luft wird aus den Luftl\u00f6chern ausgeatmet. Nach dem Ausatmen, atmen sie sofort wieder ein und die Luftl\u00f6cher schliessen sich wieder. Die Luftl\u00f6cher bleiben geschlossen, wenn sie dich Wale ausruhen, sodass sie unter Wasser entspannen k\u00f6nnen. Es braucht nur den Bruchteil einer Sekunde f\u00fcr Delfine und T\u00fcmmler zu atmen, bei Walen jedoch, wie z.B. beim blauen Wal, kann es einige Sekunden l\u00e4nger dauern.<\/p>\n<figure id=\"attachment_1043\" aria-describedby=\"caption-attachment-1043\" style=\"width: 300px\" class=\"wp-caption alignright\"><a href=\"http:\/\/www.big-animals.com\/wp-content\/uploads\/2011\/05\/HumpbackWhaleUnderwater.jpg\"><img loading=\"lazy\" decoding=\"async\" class=\"size-medium wp-image-1043\" title=\"Der Buckel-Wal ist ein typischer Wal\" alt=\"Der Buckel-Wal ist ein typischer Wal\" src=\"http:\/\/www.big-animals.com\/wp-content\/uploads\/2011\/05\/HumpbackWhaleUnderwater-300x152.jpg\" width=\"300\" height=\"152\" \/><\/a><figcaption id=\"caption-attachment-1043\" class=\"wp-caption-text\">Der Buckelwal ist ein typischer Cetacea<\/figcaption><\/figure>\n<p>Die Luftl\u00f6cher befinden sich auf der Oberseite ihrer K\u00f6pfe. Die Luftl\u00f6cher sind von einem muskul\u00f6sen Lappen bedeckt, der das Wasser vom Eindringen abh\u00e4lt, wenn die Wale unter Wasser sind.\u00a0 Sie k\u00f6nnen nicht durch ihren Mund atmen. Sie k\u00f6nnen nur durch ihre Luftl\u00f6cher atmen.<\/p>\n<figure id=\"attachment_1045\" aria-describedby=\"caption-attachment-1045\" style=\"width: 300px\" class=\"wp-caption alignleft\"><a href=\"http:\/\/www.big-animals.com\/wp-content\/uploads\/2011\/05\/Dolphin.jpg\"><img loading=\"lazy\" decoding=\"async\" class=\"size-medium wp-image-1045\" title=\"Die Wale schlie\u00dfen Wale und Delphine mit ein\" alt=\"Die Wale schlie\u00dfen Wale und Delphine mit ein\" src=\"http:\/\/www.big-animals.com\/wp-content\/uploads\/2011\/05\/Dolphin-300x131.jpg\" width=\"300\" height=\"131\" \/><\/a><figcaption id=\"caption-attachment-1045\" class=\"wp-caption-text\">Zu den Cetacea geh\u00f6ren Wale und Delfine<\/figcaption><\/figure>\n<p><span class=\"gts_text\" id=\"gts_text_23\">Die Augen der Wale sind an der Seite anstatt an der Vorderseite ihrer K\u00f6pfe. Also sind die einzigen, die beide Augen dazu benutzen nach vorne und nach unten zu schauen, Delfine mit gebogenen \u201eSchn\u00e4beln\u201c. Die Tr\u00e4nendr\u00fcsen in ihren Augen geben \u00f6lige Tr\u00e4nen ab, die ihre Augen vor dem salzigen Meerwasser sch\u00fctzen. Ihre Augenlinsen sind fast kugelf\u00f6rmig. Diese Linsen sind in der Lage, sich auf eine winzige Menge von Licht zu fokussieren.<\/span><span class=\"gts_text\" id=\"gts_text_24\"><br \/>\n<\/span><\/p>\n<p>Sie haben kleine Ohren &#8211; nur ein kleines Loch in der Haut. Sie besitzen keine \u00e4u\u00dferen Ohren zum H\u00f6ren. Jedenfalls sind die \u00e4u\u00dferen Ohren unn\u00f6tig, da Wasser Ger\u00e4usche besser leitet als Luft. Sie haben ein hochentwickeltes inneres Ohr, um Ger\u00e4usche aus weiter Entfernung wahrzunehmen. Sie sich auch dazu f\u00e4hig, herauszufinden woher das Ger\u00e4usch kam. Ebenfalls sind sie etwas wie Menschen. Sie benutzen Ger\u00e4usche, um miteinander zu kommunizieren. Sie gr\u00f6hlen, st\u00f6hnen, pfeifen und klicken. Ob du es glaubst oder nicht, der Buckelwal kann sogar singen!<\/p>\n<p>Es gibt zwei Hauptgruppen von Walen. Die Zahnwale, namens Odontoceti, enthalten die Pottwale, Wei\u00dfwale, Delfine und T\u00fcmmler. Sie besitzen Z\u00e4hne, die sie dazu benutzen um Fische, Tintenfische und andere Meerestiere als Nahrung zu fangen. Sie kauen ihre Nahrung nicht, sondern schlucken sie im Ganzen. Wenn sie gro\u00dfe Beute schnappen, wie z.B. eine Seerobbe, beissen sie ab und verschlucken ein St\u00fcck nach dem anderen. Sie besitzen nur ein Luftloch.<\/p>\n<figure id=\"attachment_1044\" aria-describedby=\"caption-attachment-1044\" style=\"width: 300px\" class=\"wp-caption alignright\"><a href=\"http:\/\/www.big-animals.com\/wp-content\/uploads\/2011\/05\/HumpbackWhaleTail.jpg\"><img loading=\"lazy\" decoding=\"async\" class=\"size-medium wp-image-1044\" title=\"Wale haben H\u00f6henleitwerke\" alt=\"Wale haben H\u00f6henleitwerke\" src=\"http:\/\/www.big-animals.com\/wp-content\/uploads\/2011\/05\/HumpbackWhaleTail-300x176.jpg\" width=\"300\" height=\"176\" \/><\/a><figcaption id=\"caption-attachment-1044\" class=\"wp-caption-text\">Cetacea besitzen horizontal ausgerichtete Schwanzflossen<\/figcaption><\/figure>\n<p>Die Gruppe namens Mysticeti hat im Erwachsenenalter keine Z\u00e4hne. Stattdessen haben sie Barten die aussehen wie S\u00e4ume, die vom Oberkiefer h\u00e4ngen. Diese Barten unterscheiden kleine Tiere wie Makrelen und Fische von den gro\u00dfen Tieren im Meerwasser. Sie haben 2 Luftl\u00f6cher, die sich Seite an Seite befinden. Beispiele von Mysticeti Walen sind der blaue Wal, der Buckelwal, der Gr\u00f6nlandwal und Minkewale.<\/p>\n<p>Wale sind S\u00e4ugetiere. Da sie S\u00e4ugetire sind, sind sie Warmbl\u00fcter, sie atmen Luft durch ihre Lungen, sie geben ihren Babays Milch und zu guter Letzt haben sie sogar Haare, obwohl sie gr\u00f6\u00dftenteils haarlos sind.<\/p>\n","protected":false},"excerpt":{"rendered":"<p>Zu den Cetacea geh\u00f6ren die gr\u00f6\u00dften Tiere, welche jemals gelebt haben &#8211; der Blauwal ist ein Cetacea, sowie auch die intelligenten und freundlichen Delphine und T\u00fcmmler. T\u00fcmmler sind kleine Wale. Wale sind Meeress\u00e4ugetiere. Sie wurden f\u00fcr das Leben im Meer geschaffen. Sie haben stromlinienf\u00f6rmige K\u00f6rper, die ihnen beim Schwimmen helfen. Ihre Vordergliedma\u00dfen agieren wie Schwimmflossen. &hellip; <a href=\"https:\/\/www.big-animals.com\/de\/wale\/\" class=\"more-link\">Continue reading <span class=\"screen-reader-text\">Wale<\/span><\/a><\/p>\n","protected":false},"author":1,"featured_media":0,"parent":0,"menu_order":0,"comment_status":"closed","ping_status":"open","template":"","meta":{"_acf_changed":false,"footnotes":""},"acf":[],"_links":{"self":[{"href":"https:\/\/www.big-animals.com\/de\/wp-json\/wp\/v2\/pages\/17"}],"collection":[{"href":"https:\/\/www.big-animals.com\/de\/wp-json\/wp\/v2\/pages"}],"about":[{"href":"https:\/\/www.big-animals.com\/de\/wp-json\/wp\/v2\/types\/page"}],"author":[{"embeddable":true,"href":"https:\/\/www.big-animals.com\/de\/wp-json\/wp\/v2\/users\/1"}],"replies":[{"embeddable":true,"href":"https:\/\/www.big-animals.com\/de\/wp-json\/wp\/v2\/comments?post=17"}],"version-history":[{"count":2,"href":"https:\/\/www.big-animals.com\/de\/wp-json\/wp\/v2\/pages\/17\/revisions"}],"predecessor-version":[{"id":543,"href":"https:\/\/www.big-animals.com\/de\/wp-json\/wp\/v2\/pages\/17\/revisions\/543"}],"wp:attachment":[{"href":"https:\/\/www.big-animals.com\/de\/wp-json\/wp\/v2\/media?parent=17"}],"curies":[{"name":"wp","href":"https:\/\/api.w.org\/{rel}","templated":true}]}}