{"id":21,"date":"2011-05-09T09:08:52","date_gmt":"2011-05-09T09:08:52","guid":{"rendered":""},"modified":"2014-02-24T10:59:53","modified_gmt":"2014-02-24T10:59:53","slug":"die-little-barrier-island-riesenweta-wetapunga","status":"publish","type":"page","link":"https:\/\/www.big-animals.com\/de\/die-little-barrier-island-riesenweta-wetapunga\/","title":{"rendered":"Die Little Barrier Island Riesenweta (Wetapunga)"},"content":{"rendered":"<h3><span class=\"gts_text\" id=\"gts_text_1\">Was ist eine Weta?<\/span><\/h3>\n<p><span style=\"width: 300px;float: right\"><strong><img loading=\"lazy\" decoding=\"async\" class=\" gts_attribute gts_attribute_1_alt\" alt=\"der kleine Sperren-Insel-Riese Weta ist das gr\u00f6\u00dfte Insekt in der Welt.\" src=\"http:\/\/ba.dr-mikes-maths.com\/\/wp-content\/themes\/twentyten\/images\/ba\/giant-weta1.png\" width=\"300\" height=\"152\" \/><br \/>\n<span class=\"gts_text\" id=\"gts_text_2\">Eine Zeichnung der Little Barrier Island Riesenweta<br \/>\n<\/span><\/strong><\/span><\/p>\n<p><span class=\"gts_text\" id=\"gts_text_3\">Riesenwetas sind eine Gruppe von riesigen <a href=\"\/Insects.html\">Insekten<\/a>, die nur in den Inseln abseits der K\u00fcste von Neuseeland gefunden werden k\u00f6nnen. Es gibt 11 Spezies von Riesenweta. Sie sind schwere Insekten. Die Schwerste der Riesenwetas ist die Little Barrier Island Riesenweta, auch Wetapunga genannt. Diese Kreatur h\u00e4lt auch den Rekord f\u00fcr das schwerste Insekt, dass jemals dokumentiert wurde. Dieser Rekordhalter wog um die 70g! Das ist schwerer als ein Spatz! Riesenwetas sind zu schwer um zu springen. Sie sind um die 10cm lang &#8211; <em>ohne<\/em> ihre langen Beine und Antennen!<\/span><span class=\"gts_text\" id=\"gts_text_13\"><\/span><\/p>\n<h3><span class=\"gts_text\" id=\"gts_text_14\">Welche Art von Insekt ist das Wetapunga?<\/span><\/h3>\n<p><span class=\"gts_text\" id=\"gts_text_15\">Riesenwetas geh\u00f6ren zur Familie der Grillen, welche ebenfalls s\u00fcdafrikanische K\u00f6nigsgrillen beinhalten.<\/span><span class=\"gts_text\" id=\"gts_text_16\"> Also ist die Wetapunga nicht nur das gr\u00f6\u00dfte Insekt der Welt, sondern auch die weltgr\u00f6\u00dfte Grille.<br \/>\n<\/span><\/p>\n<h3><span class=\"gts_text\" id=\"gts_text_17\">Ist die Little Barrier Island Riesenweta gef\u00e4hrlich?<\/span><\/h3>\n<p><span class=\"gts_text\" id=\"gts_text_18\">Riesenwetas sind im Allgemeinen von ruhiger Natur. Wenn sie bedroht werden, richten sie ihre langen, stacheligen Beine auf. Die Beine der Little Barrier Island Riesenweta sind l\u00e4nger als sein K\u00f6rper und l\u00e4sst das Lebewesen sehr be\u00e4ngstigend aussehen, wenn die Beine aufgerichtet sind! Wie auch immer, dieses Insekt ist eigentlich total harmlos.<\/span><span class=\"gts_text\" id=\"gts_text_21\"><br \/>\n<\/span><\/p>\n<p><span class=\"gts_text\" id=\"gts_text_22\">Traurigerweise, wurden Riesenwetas fast vollst\u00e4ndig auf den Inseln in der N\u00e4he des Festlands ausgel\u00f6scht, seitdem Plagen wie Ratten von Menschen eingeschleppt wurden &#8211; die Riesenweta ist zu langsam um vor einer hungrigen Ratte zu fliehen. Gl\u00fccklicherweise f\u00fcr die Riesenweta, ist Little Barrier Island jetzt ein Naturschutzgebiet und besondere Rechte werden gebraucht, bevor irgendjemandem erlaubt wird, es zu besuchen. Hier ist eine Karte, die zeigt wo diese Weta lebt:<br \/>\n<\/span><span class=\"gts_text\" id=\"gts_text_24\"><\/span><\/p>\n<p><span class=\"gts_text\" id=\"gts_text_25\">[map: http:\/\/maps.google.com\/?ie=UTF8&amp;t=h&amp;ll=-36.20162,175.082588&amp;spn=0.202795,0.445976&amp;z=12]<\/span><\/p>\n<p><span class=\"gts_text\" id=\"gts_text_26\">Zoomen Sie heraus und Sie sehen wie nah diese Insel an Auckland, Neuseeland ist.<br \/>\n<\/span><\/p>\n","protected":false},"excerpt":{"rendered":"<p>Was ist eine Weta? Eine Zeichnung der Little Barrier Island Riesenweta Riesenwetas sind eine Gruppe von riesigen Insekten, die nur in den Inseln abseits der K\u00fcste von Neuseeland gefunden werden k\u00f6nnen. Es gibt 11 Spezies von Riesenweta. Sie sind schwere Insekten. Die Schwerste der Riesenwetas ist die Little Barrier Island Riesenweta, auch Wetapunga genannt. Diese &hellip; <a href=\"https:\/\/www.big-animals.com\/de\/die-little-barrier-island-riesenweta-wetapunga\/\" class=\"more-link\">Continue reading <span class=\"screen-reader-text\">Die Little Barrier Island Riesenweta (Wetapunga)<\/span><\/a><\/p>\n","protected":false},"author":1,"featured_media":0,"parent":0,"menu_order":0,"comment_status":"closed","ping_status":"open","template":"","meta":{"_acf_changed":false,"footnotes":""},"acf":[],"_links":{"self":[{"href":"https:\/\/www.big-animals.com\/de\/wp-json\/wp\/v2\/pages\/21"}],"collection":[{"href":"https:\/\/www.big-animals.com\/de\/wp-json\/wp\/v2\/pages"}],"about":[{"href":"https:\/\/www.big-animals.com\/de\/wp-json\/wp\/v2\/types\/page"}],"author":[{"embeddable":true,"href":"https:\/\/www.big-animals.com\/de\/wp-json\/wp\/v2\/users\/1"}],"replies":[{"embeddable":true,"href":"https:\/\/www.big-animals.com\/de\/wp-json\/wp\/v2\/comments?post=21"}],"version-history":[{"count":2,"href":"https:\/\/www.big-animals.com\/de\/wp-json\/wp\/v2\/pages\/21\/revisions"}],"predecessor-version":[{"id":448,"href":"https:\/\/www.big-animals.com\/de\/wp-json\/wp\/v2\/pages\/21\/revisions\/448"}],"wp:attachment":[{"href":"https:\/\/www.big-animals.com\/de\/wp-json\/wp\/v2\/media?parent=21"}],"curies":[{"name":"wp","href":"https:\/\/api.w.org\/{rel}","templated":true}]}}