{"id":22,"date":"2011-05-09T09:08:59","date_gmt":"2011-05-09T09:08:59","guid":{"rendered":""},"modified":"2014-02-21T10:10:56","modified_gmt":"2014-02-21T10:10:56","slug":"die-groessten-chordatiere-der-welt","status":"publish","type":"page","link":"https:\/\/www.big-animals.com\/de\/die-groessten-chordatiere-der-welt\/","title":{"rendered":"Die gr\u00f6\u00dften Chordatiere der Welt!"},"content":{"rendered":"<p><span class=\"gts_text\" id=\"gts_text_1\"><strong>Was ist ein Chordatier?<\/strong><\/span><\/p>\n<p><span class=\"gts_text\" id=\"gts_text_2\">Die Chordatiere sind ein Stamm (eigentlich ein Phylum) des <a href=\"\/Animals.html\">Tieres<\/a>.<\/span> <span class=\"gts_text\" id=\"gts_text_3\">Sie unterscheiden sich dadurch von anderen Tieren, dass sie so etwas wie ein \u201eR\u00fcckgrat\u201c haben &#8211; ein Rohr im unteren Teil ihres R\u00fcckens, welches einen wichtigen Nerv enth\u00e4lt.<\/span> <span class=\"gts_text\" id=\"gts_text_4\">Die meisten Chordatiere sind <a href=\"\/Vertebrates.html\">Wirbeltiere<\/a>.<\/span> <span class=\"gts_text\" id=\"gts_text_5\">Bei Wirbeltieren ist dieses Rohr normalerweise aus R\u00fcckenwirbel gemacht, mit flexiblen Fl\u00e4chen zwischen jedem Wirbel, die es dem Tier erlaubt seinen R\u00fccken bis zu einem bestimmten Grad verbiegen zu lassen.<\/span> <span class=\"gts_text\" id=\"gts_text_6\">Das gr\u00f6\u00dfte Chordatier der Welt ist ein Wirbeltier und ist in der Tat das &#8211; das gr\u00f6\u00dfte Tier der Welt &#8211; der <a href=\"\/Blue-Whale.html\">Blauwal<\/a>.<\/span> <span class=\"gts_text\" id=\"gts_text_7\">Andere Eigenschaften welche die meisten Chordatiere miteinander teilen sind:<\/span><\/p>\n<ul>\n<li><span class=\"gts_text\" id=\"gts_text_8\">Ein Schwanz, welchen es mit Hilfe von Muskeln bewegt,<\/span><\/li>\n<li><span class=\"gts_text\" id=\"gts_text_9\">Ein hohler oder geschlitzter Mund,<\/span><\/li>\n<li><span class=\"gts_text\" id=\"gts_text_10\">Ein Bereich an der R\u00fcckseite der Kehle um Schleim zu produzieren (das ist richtig, fast alle Chordatiere produzieren Rotz!).<br \/>\n<\/span><\/li>\n<\/ul>\n<p><span class=\"gts_text\" id=\"gts_text_11\"><strong>Welche Arten von Chordatieren gibt es?<\/strong><\/span><\/p>\n<p><span class=\"gts_text\" id=\"gts_text_12\">Der Stamm der Chordatiere, genannt <em>Chordata<\/em>, wird in drei Hauptgruppen geteilt (Subphyla genannt).<\/span> <span class=\"gts_text\" id=\"gts_text_13\">Diese werden der Reihe nach in eine gr\u00f6\u00dfere Anzahl von <strong><em>Klassen<\/em><\/strong> unterteilt.<\/span><\/p>\n<ul>\n<li><span class=\"gts_text\" id=\"gts_text_14\"><a href=\"\/Vertebrates.html\">Wirbeltiere<\/a>: bei diesen Tieren ist das R\u00fcckenmark normalerweise aus Knochen gemacht.<\/span> Das schliesst uns mit ein, ebenso den blauen Wal, Fische, V\u00f6gel, Reptilien und Amphibien<span class=\"gts_text\" id=\"gts_text_15\">.<\/span> <span class=\"gts_text\" id=\"gts_text_16\">\u00dcber 57000 der 63000 Spezies der Chordatiere sind eigentlich Wirbeltiere.<\/span>\n<ul>\n<li><span class=\"gts_text\" id=\"gts_text_17\"><a href=\"\/Fish.html\">Fische<\/a> &#8211; genau genommen gibt es einige verschiedene Klassen von Tiere, alle von ihnen werden Fische genannt.<\/span> <span class=\"gts_text\" id=\"gts_text_18\">Die weithin bekanntesten sind die Knorpelfische (Condrichthyes) und die Knochenfische (oder auch \u201enormale\u201c Fische!), welche die zwei Klassen Actinopterygii und Sarcopterygii einschlie\u00dft.<\/span> Folgend, e<span class=\"gts_text\" id=\"gts_text_19\">ine Liste aller bekannten Fischklassen.<\/span>\n<ul>\n<li><span class=\"gts_text\" id=\"gts_text_20\">Die Acanthodii, manchmal Stachelhaie genannt, sind eine ausgestorbene Gruppe von Fischen, die einige Eigenschaften von Knorpelfische hatten und einige des Knochenfischs.<\/span><\/li>\n<li><span class=\"gts_text\" id=\"gts_text_21\">Die Actinopterygii sind die gr\u00f6\u00dfte Klasse von Fischen, eigentlich sogar die gr\u00f6\u00dfte Klasse von Wirbeltieren!<\/span> <span class=\"gts_text\" id=\"gts_text_22\">Es gibt 27000 Spezies von diesen, \u201eStrahlenflossern\u201c und sie leben im Meer und im S\u00fc\u00dfwasser.<\/span><\/li>\n<li><span class=\"gts_text\" id=\"gts_text_23\">Die Cephalaspidomorphs sind eine Gruppe ausgestorbener kieferloser Fische.<\/span> Tats\u00e4chlich sind sich Wissenschaftler dar\u00fcber im Unklaren, welche Tiere exakt zu dieser Gruppe geh\u00f6ren &#8211; manche sagen, die Neunaugen sollten einbezogen werden, andere widersprechen<span class=\"gts_text\" id=\"gts_text_24\">.<\/span><\/li>\n<li><span class=\"gts_text\" id=\"gts_text_25\">Die Condrichthyes sind Knorpelfische, einschlie\u00dflich Haifische und Strahlenflosser.<\/span> <span class=\"gts_text\" id=\"gts_text_26\">Diese Fische haben keine echten Knochen, stattdessen besteht ihr Skelett aus Knorpelgewebe.<\/span><\/li>\n<li><span class=\"gts_text\" id=\"gts_text_27\">Die Conodonten: eine Gruppe ausgestorbener, wurm\u00e4hnlicher Tiere, haupts\u00e4chlich durch ihre versteinerte Z\u00e4hne bekannt.<\/span><\/li>\n<li><span class=\"gts_text\" id=\"gts_text_28\">Die Hyperoartia ist die Klasse der Neunaugen, eine Gruppe aalf\u00f6rmiger Seetiere, die von Fischen so unterschiedlich sind, dass Wissenschaftler sie in eine v\u00f6llig andere Gruppe einsetzen.<\/span><\/li>\n<li><span class=\"gts_text\" id=\"gts_text_29\">Die Schleimaale: hier handelt es sich um Schleimaale &#8211; sie sehen ein bisschen aus wie Aale und k\u00f6nnen sich selbst zu Knoten formen.<br \/>\n<\/span><\/li>\n<li><span class=\"gts_text\" id=\"gts_text_30\">Die Placodermi: eine weitere Gruppe ausgestorbener Fische, welche harte Knochenplatten basa\u00df, um ihre K\u00f6pfe zu sch\u00fctzen<br \/>\n<\/span><\/li>\n<li><span class=\"gts_text\" id=\"gts_text_31\">Die Pteraspidomorphs: eine Gruppe ausgestorbener Fische, die keinen Kiefer hatten.<\/span><\/li>\n<li><span class=\"gts_text\" id=\"gts_text_32\">Das Sarcopterygii oder Fleischflosser, schlie\u00dfen den Lungenfisch und die ausgestorben geglaubten Quastenflosser ein.<\/span><\/li>\n<\/ul>\n<\/li>\n<li><span class=\"gts_text\" id=\"gts_text_33\">Die anderen Klassen des Wirbeltiers sind<\/span>\n<ul>\n<li><span class=\"gts_text\" id=\"gts_text_34\">Die Amphibien (Amphibien).<\/span> <span class=\"gts_text\" id=\"gts_text_35\">Diese sind Fr\u00f6sche, Molche, Kr\u00f6ten, Salamander, Axolotl.<\/span> <span class=\"gts_text\" id=\"gts_text_36\">Diese sind Wirbeltiere, die Luft und Wasser atmen k\u00f6nnen.<\/span><\/li>\n<li><span class=\"gts_text\" id=\"gts_text_37\">Die <a href=\"http:\/\/www.big-animals.com\/the-worlds-biggest-reptiles\/\">Reptilien<\/a> (Sauropsida).<\/span> <span class=\"gts_text\" id=\"gts_text_38\">Diese sind die Schildkr\u00f6ten, Eidechsen, Schlangen und andere Landwirbeltiere mit Schuppen.<\/span><\/li>\n<li><span class=\"gts_text\" id=\"gts_text_39\">Synapsida ist eine Gruppe von Kreaturen, die die meisten von uns Dinosaurier nennen w\u00fcrde, welche sich aber so heftig von Dinosauriern unterscheiden, dass sie ihrer eigene Klasse zugeteilt wurden.<\/span><\/li>\n<li><span class=\"gts_text\" id=\"gts_text_40\">Die <a href=\"\/Birds.html\">V\u00f6gel<\/a> (Aves).<\/span> <span class=\"gts_text\" id=\"gts_text_41\">Gr\u00f6\u00dftenteils mit Federn versehen und gr\u00f6\u00dftenteils f\u00e4hig zu fliegen.<\/span><\/li>\n<li><span class=\"gts_text\" id=\"gts_text_42\">Die <a href=\"\/Mammals.html\">S\u00e4ugetiere<\/a> (Mammalia).<\/span> <span class=\"gts_text\" id=\"gts_text_43\">Diese warmbl\u00fctigen Gesch\u00f6pfe haben gr\u00f6\u00dftenteils Haare und geben ihren S\u00e4uglingen all ihre Milch.<\/span><\/li>\n<\/ul>\n<\/li>\n<\/ul>\n<\/li>\n<li><span class=\"gts_text\" id=\"gts_text_44\">Cephalocordata ist eine Gruppe von Tieren, deren R\u00fccken-\u201eknochen\u201c eigentlich nicht aus Knochen gemacht ist, sondern aus einem z\u00e4hen, ledrigen Rohr.<\/span><\/li>\n<li><span class=\"gts_text\" id=\"gts_text_45\">Zuguterletzt sind da noch die Urochordata Tiere, die ein Nervenmark entlang ihres R\u00fcckens haben, aber nur als Jungtiere.<\/span> <span class=\"gts_text\" id=\"gts_text_46\">Wenn sie aufwachsen, verschwindet das Mark.<\/span> <span class=\"gts_text\" id=\"gts_text_47\">Es gibt drei Klassen von Urochordata.<\/span>\n<ul>\n<li><span class=\"gts_text\" id=\"gts_text_48\">Babyseescheiden (Ascidiacea) sehen aus wie kleine Kaulquappen und schwimmen herum.<\/span> <span class=\"gts_text\" id=\"gts_text_49\">Das Erwachsene jedoch befestigt sich an einem Felsen, verliert seinen Schwanz (und Nervenschnur) und filtert sein Futter aus dem Wasser, das vorbeiflie\u00dft, heraus.<\/span><\/li>\n<li><span class=\"gts_text\" id=\"gts_text_50\">Die Thaliacea sind in vielerlei Hinsicht wie die Seescheiden, aber schwimmen ihr ganzes Leben herum, anstatt sich an einem Stein festzuhalten.<br \/>\n<\/span><\/li>\n<li><span class=\"gts_text\" id=\"gts_text_51\">Die Larvacae bilden Cellulosebl\u00e4schen um sich herum, welche sie wie einen Filter benutzen, um ihr Futter zu verdichten.<br \/>\n<\/span><\/li>\n<\/ul>\n<\/li>\n<\/ul>\n<p><span class=\"gts_text\" id=\"gts_text_52\"><strong>Was ist das gr\u00f6\u00dfte Chordatier der Welt?<\/strong><\/span><\/p>\n<p><span class=\"gts_text\" id=\"gts_text_53\">Das gr\u00f6\u00dfte Chordatier der Welt in jeder Weise ist der <a href=\"\/Blue-Whale.html\">Blauwal<\/a>.<\/span> <span class=\"gts_text\" id=\"gts_text_54\">Es kann bis zu 30 Meter oder mehr lang wachsen und wiegt um die 140 Tonnen &#8211; das sind 140000 Kilogramm oder 300000 Pfund!<\/span> <span class=\"gts_text\" id=\"gts_text_55\">Es ist sogar gr\u00f6\u00dfer als die gr\u00f6\u00dften Dinosaurier, die es je gab.<\/span> <span class=\"gts_text\" id=\"gts_text_56\">Traurigerweise, ging es im 20sten Jahrhundert fast den gleichen Weg wie die Dinosaurier, aufgrund des Walfangs. Die Jagd auf Blauwale wurde im Jahre 1960 verbannt und endete letztendlich in den 1970ern. Sogar zu diesem Zeitpunkt, betr\u00e4gt die Population der Blauwale immer noch weniger als 1% von dem Wert vor der Waljagd und einige Wissenschaftler bef\u00fcrchten, dass sich die Anzahl der Blauwale nie wieder erholen wird.<\/span><span class=\"gts_text\" id=\"gts_text_58\"><\/span><\/p>\n","protected":false},"excerpt":{"rendered":"<p>Was ist ein Chordatier? Die Chordatiere sind ein Stamm (eigentlich ein Phylum) des Tieres. Sie unterscheiden sich dadurch von anderen Tieren, dass sie so etwas wie ein \u201eR\u00fcckgrat\u201c haben &#8211; ein Rohr im unteren Teil ihres R\u00fcckens, welches einen wichtigen Nerv enth\u00e4lt. Die meisten Chordatiere sind Wirbeltiere. Bei Wirbeltieren ist dieses Rohr normalerweise aus R\u00fcckenwirbel &hellip; <a href=\"https:\/\/www.big-animals.com\/de\/die-groessten-chordatiere-der-welt\/\" class=\"more-link\">Continue reading <span class=\"screen-reader-text\">Die gr\u00f6\u00dften Chordatiere der Welt!<\/span><\/a><\/p>\n","protected":false},"author":1,"featured_media":0,"parent":0,"menu_order":0,"comment_status":"closed","ping_status":"open","template":"","meta":{"_acf_changed":false,"footnotes":""},"acf":[],"_links":{"self":[{"href":"https:\/\/www.big-animals.com\/de\/wp-json\/wp\/v2\/pages\/22"}],"collection":[{"href":"https:\/\/www.big-animals.com\/de\/wp-json\/wp\/v2\/pages"}],"about":[{"href":"https:\/\/www.big-animals.com\/de\/wp-json\/wp\/v2\/types\/page"}],"author":[{"embeddable":true,"href":"https:\/\/www.big-animals.com\/de\/wp-json\/wp\/v2\/users\/1"}],"replies":[{"embeddable":true,"href":"https:\/\/www.big-animals.com\/de\/wp-json\/wp\/v2\/comments?post=22"}],"version-history":[{"count":2,"href":"https:\/\/www.big-animals.com\/de\/wp-json\/wp\/v2\/pages\/22\/revisions"}],"predecessor-version":[{"id":381,"href":"https:\/\/www.big-animals.com\/de\/wp-json\/wp\/v2\/pages\/22\/revisions\/381"}],"wp:attachment":[{"href":"https:\/\/www.big-animals.com\/de\/wp-json\/wp\/v2\/media?parent=22"}],"curies":[{"name":"wp","href":"https:\/\/api.w.org\/{rel}","templated":true}]}}