{"id":23,"date":"2011-05-09T09:09:05","date_gmt":"2011-05-09T09:09:05","guid":{"rendered":""},"modified":"2014-02-26T10:46:22","modified_gmt":"2014-02-26T10:46:22","slug":"die-groessten-gliederfuesser-der-welt","status":"publish","type":"page","link":"https:\/\/www.big-animals.com\/de\/die-groessten-gliederfuesser-der-welt\/","title":{"rendered":"Die gr\u00f6\u00dften Gliederf\u00fc\u00dfer der Welt"},"content":{"rendered":"<h3><span class=\"gts_text\" id=\"gts_text_1\">Was sind Gliederf\u00fc\u00dfer?<\/span><\/h3>\n<p>Gliederf\u00fc\u00dfer haben keinen R\u00fcckgrat, jedoch besitzen ein Exoskellet, was soviel bedeutet wie \u00e4usseres Skellet, welches hart ist, ein gegliederter K\u00f6rper und zusammengef\u00fcgte Anh\u00e4ngsel namens K\u00f6rperglied. Gliederf\u00fc\u00dfer besitzen Gliedma\u00dfe mit Gelenken, die es ihnen erlauben sich zu bewegen. Der Hohlraum ihrer K\u00f6rper enth\u00e4lt das Nervensystem, das Kreislaufsystem, Reproduktionssystem und das Verdauungssystem. Die verschiedenen Arten von Gliederf\u00fc\u00dfern sind<\/p>\n<p style=\"text-align: left\"><span class=\"gts_text\" id=\"gts_text_2\"><\/span><span class=\"gts_text\" id=\"gts_text_7\"><\/span> <span style=\"width: 260px;float: right;text-align: center\"><br \/>\n<img loading=\"lazy\" decoding=\"async\" class=\" gts_attribute gts_attribute_1_alt\" alt=\"Japanische Seespinne in Singapur\" src=\"http:\/\/ba.dr-mikes-maths.com\/\/wp-content\/themes\/twentyten\/images\/ba\/japanese-spider-crab-in-singapore-small.jpg\" width=\"250\" height=\"203\" \/><br \/>\n<span class=\"gts_text\" id=\"gts_text_8\"><strong>Der gr\u00f6\u00dfte Gliederf\u00fc\u00dfer der Welt, die <a href=\"\/Japanese-Spider-Crab.html\">japanische Seespinne<\/a><\/strong><\/span><br \/>\n<\/span><\/p>\n<ul>\n<li><span class=\"gts_text\" id=\"gts_text_9\">Die Trilobiten &#8211; dies ist eine Gruppe von Meerestieren, die ausgestorben sind<\/span><\/li>\n<li><span class=\"gts_text\" id=\"gts_text_10\"><\/span>Die Chelicerates, welche Spinnen, Milben und Skorpione und \u00e4hnliche Kreaturen einschliesst. <span class=\"gts_text\" id=\"gts_text_12\"><\/span><\/li>\n<li><span class=\"gts_text\" id=\"gts_text_13\"><\/span>Die Myriapods (\u201eviele F\u00fc\u00dfe\u201c), welche Hundertf\u00fc\u00dfler und Tausendf\u00fc\u00dfler beinhalten <span class=\"gts_text\" id=\"gts_text_15\"><\/span><\/li>\n<li><span class=\"gts_text\" id=\"gts_text_18\">Die gr\u00f6\u00dfte Gruppe von Gliederf\u00fc\u00dfern sind die Hexapods (\u201e6 Beine\u201c), welche <a class=\" gts_attribute gts_attribute_3_title\" title=\"Die gr\u00f6\u00dften Insekten der Welt!\" href=\"http:\/\/www.big-animals.com\/the-worlds-biggest-insects\/\">Insekten<\/a> miteinschlieen.<\/span><\/li>\n<li><span class=\"gts_text\" id=\"gts_text_19\">F\u00fcnftens gibt es die Crustaceans, welche meistens im Wasser leben. Diese beinhalten Hummer, Krabben, Flusskrebse, Shrimps und Rankenf\u00fc\u00dfer.<\/span><span class=\"gts_text\" id=\"gts_text_20\"><\/span><\/li>\n<\/ul>\n<h3><span class=\"gts_text\" id=\"gts_text_21\">Trilobites<\/span><\/h3>\n<p><span class=\"gts_text\" id=\"gts_text_22\">Die gr\u00f6\u00dften dieser ausgestorbenen Meeresgliederf\u00fc\u00dfer ist ein Exemplar von Isotelus rex aus Manitoba. Es ist \u00fcber 70 cm in der L\u00e4nge.<br \/>\n<\/span><span class=\"gts_text\" id=\"gts_text_23\"><\/span><\/p>\n<h3><span class=\"gts_text\" id=\"gts_text_24\">Crustuceans<\/span><\/h3>\n<p><span class=\"gts_text\" id=\"gts_text_25\">Die <a href=\"\/Japanese-Spider-Crab.html\">japanische Seespinne<\/a><\/span><span class=\"gts_text\" id=\"gts_text_26\"> ist ein Krustentier der Klasse Malacostraca, der gr\u00f6\u00dfte Gliederf\u00fc\u00dfer der Welt. Wie auch immer, der <a href=\"\/American-Lobster.html\">amerikanische Hummer<\/a>, Homarus americanus, ein weiteres Krustentier ist schwerer als die japanische Seespinne. Die japanische Seespinne wiegt um 20kg und der amerikanische Hummer wiegt bis zu 22kg. Die<em><\/em><\/span><span class=\"gts_text\" id=\"gts_text_29\"> <a href=\"\/Coconut-Crab.html\">Kokosnuss-Krabbe<\/a>, <em>Birgus latro<\/em>, ebenfalls ein Krustentier, ist der gr\u00f6\u00dfte Landgliederf\u00fc\u00dfer und gr\u00f6\u00dfte wirbellose Tier zu Lande.<br \/>\n<\/span><\/p>\n<h3><span class=\"gts_text\" id=\"gts_text_30\">Chelicerates<\/span><\/h3>\n<p style=\"text-align: left\"><span style=\"width: 360px;float: left\"><img loading=\"lazy\" decoding=\"async\" class=\" gts_attribute gts_attribute_2_alt\" alt=\"Goliath Vogel-Essen Spinne\" src=\"http:\/\/ba.dr-mikes-maths.com\/\/wp-content\/themes\/twentyten\/images\/ba\/birdeater-spider.jpg\" width=\"350\" height=\"263\" \/><br \/>\n<span class=\"gts_text\" id=\"gts_text_31\"><strong>Die weltgr\u00f6\u00dfte Spinne, die <a class=\" gts_attribute gts_attribute_4_title\" title=\"Die Goliath Vogel-Essen Spinne - die gr\u00f6\u00dfte Spinne der Welt!\" href=\"http:\/\/www.big-animals.com\/the-goliath-bird-eating-spider-the-worlds-biggest-spider\/\">Goliath-Vogelspinne<\/a><\/strong><\/span> <\/span><span class=\"gts_text\" id=\"gts_text_32\">Der gr\u00f6\u00dfte<\/span><span class=\"gts_text\" id=\"gts_text_41\"> Chelicerate \u00fcberhaupt war ein gigantischer Seeskorpion, entweder Jaekelopterus rhenaniae (oder vielleicht Pterygotus). Die Seeskorpione waren nicht wirklich Skorpione und lebten meistens nicht im Meer. Dieser Jaekelopterus mag vielleicht der gr\u00f6\u00dfte Gliederf\u00fc\u00dfer \u00fcberhaupt sein &#8211; es ist nicht klar, ob es gr\u00f6\u00dfer war als der Myriapode namens Arthropleura da keine kompletten Fossilien jener Art gefunden wurden. Der gr\u00f6\u00dfte lebende Chelicerates ist eine Art von Seespinne namens Colossendeis colossea mit sehr langen spindeld\u00fcrren Beine die fast 60 cm reichen. Seespinnen sind keine echten Spinnen. Die gr\u00f6\u00dfte Spinne \u00fcberhaupt ist die <a class=\" gts_attribute gts_attribute_5_title\" title=\"Die Goliath Vogel-Essen Spinne - die gr\u00f6\u00dfte Spinne der Welt!\" href=\"http:\/\/www.big-animals.com\/the-goliath-bird-eating-spider-the-worlds-biggest-spider\/\">Goliath-Vogelspinne<\/a> (Vogelspinne), <em>Theraphosa blondi<\/em>, und der gr\u00f6\u00dfte Skorpion ist\u00a0<\/span><span style=\"font-style: italic\"><span class=\"gts_text\" id=\"gts_text_42\">Heterometrus swammerdami<\/span><\/span><span class=\"gts_text\" id=\"gts_text_43\">, welche in den W\u00e4ldern Indiens lebt und bis zu 22 cm lang w\u00e4chst.<br \/>\n<\/span><\/p>\n<h3><span class=\"gts_text\" id=\"gts_text_44\">Myriapods<\/span><\/h3>\n<p><span class=\"gts_text\" id=\"gts_text_45\">Myriapoden schliessen Hundertf\u00fc\u00dfler und Tausendf\u00fc\u00dfler mit ein. Der gr\u00f6\u00dfte Tausendf\u00fc\u00dfler ist der amazonische Riesentausendf\u00fc\u00dfler, Scolopendra gigantea. Es hat eine K\u00f6rpergr\u00f6\u00dfe von 33 cm. Der gr\u00f6\u00dfte Hundertf\u00fc\u00dfler ist jedoch gr\u00f6\u00dfer &#8211; der afrikanische Gigantenhundertf\u00fc\u00dfler kann bis zu 38,6 cm wachsen. Stell dir vor, einer von denen krabbelt durch deinen Garten!<\/span><span class=\"gts_text\" id=\"gts_text_49\"><\/span><\/p>\n<h3><span class=\"gts_text\" id=\"gts_text_50\">Sechsf\u00fc\u00dfer<\/span><\/h3>\n<p><span class=\"gts_text\" id=\"gts_text_54\">Das schwerste Insekt im Larvenstadium ist der Goliathk\u00e4fer, Goliathus goliatus. Es wiegt mindestens 115g. Das gr\u00f6\u00dfte erwachsene Insekt ist die <a href=\"\/Wetapunga.html\">Little Barrier Island Riesenweta<\/a>, Deinacrida heterecantha. Die schwerste jemals aufgezeichnete Riesenweta war ein schwangeres Weibchen das \u00fcber 71g wog. Diese sind beide k\u00fcrzer als die Stabschrecke Phobaeticus Chani, welches in den Regenw\u00e4ldern auf Inseln Borneos lebt. Das gr\u00f6\u00dfte Insekt \u00fcberhaupt ist die Libelle Meganeura Monyi, welche schon lange ausgestorben ist. Es hat eine Fl\u00fcgelspannweite von mehr als 75cm &#8211; fast die Gr\u00f6\u00dfe eines Rabes! Kannst du dir vorstellen, diese gigantische Libelle mit einem Netz zu fangen? Jedoch ist die gr\u00f6\u00dfte lebende Spezies einer Libelle immer noch sehr gro\u00df &#8211; Megaloprepus caeruleta, entlang der Fl\u00fcgel 19cm reichend, mit einer K\u00f6rpergr\u00f6\u00dfe von \u00fcber 12cm. Die gr\u00f6\u00dfte Schabe ist die gigantische grabende Schabe Macropanesthia rhinoceros. Diese Schabe ist 8,3 cm lang und hat ein Gewicht von 36 g. Die gr\u00f6\u00dften und schwersten Ameisen sind die weiblichen Ameisen Dorylus helvolus. Es hat eine L\u00e4nge von 5 cm. Die gr\u00f6\u00dfte Biene ist die indonesische M\u00f6rtelbiene Megachile pluto. Diese weibliche Biene kann 3,8cm lang sein, mit einer Spannweite von 6,3cm. Die gr\u00f6\u00dfte Wespe ist die Spinnenwespe, Tarantulafalke. Es ist um die 6,8 cm lang und hat eine Spannweite von 11,6cm.<\/span><span class=\"gts_text\" id=\"gts_text_75\"><\/span><\/p>\n<p><span class=\"gts_text\" id=\"gts_text_76\">Die gr\u00f6\u00dfte Termite ist die afrikanische Spezies<\/span> <span style=\"font-style: italic\"><span class=\"gts_text\" id=\"gts_text_77\">Macrotermes bellicosus.<\/span> <\/span><br \/>\n<span class=\"gts_text\" id=\"gts_text_78\">Die Larve dieser Termite kann um die 10,6cm lang sein. Der gr\u00f6\u00dfte Schmetterling ist der K\u00f6nigin-Alexandra-K\u00f6nigfalter, <em>Ornithoptera alexandrae<\/em>. Die gr\u00f6\u00dfte Motte ist der Atlasspinner, <em>Attacus atlas<\/em>. Beider dieser Spezies haben K\u00f6rper die l\u00e4nger als 8cm sind, eine Spannweite von 28cm und ein Gewicht von 12g. Die gr\u00f6\u00dfte Gottesanbeterin ist die gro\u00dfe Chinesen-Mantis, <em>Tenodera aridifolia<\/em>. Die weibliche Gottesanbeterin kann um die 10,6cm lang sein. Der gr\u00f6\u00dfte Floh ist der <em>Hystrichopsylla schefferi<\/em>, der eine L\u00e4nge von 1,2cm erreichen kann. Du kannst diese Art von Floh im Fell des Stummelschwanzh\u00f6rnchen finden. Was muss das f\u00fcr ein ungl\u00fccklicher Bieber sein!<\/span><span class=\"gts_text\" id=\"gts_text_86\"><\/span><\/p>\n<h3><span class=\"gts_text\" id=\"gts_text_87\">Die weltgr\u00f6\u00dften Gliederf\u00fc\u00dfer<br \/>\n<\/span><\/h3>\n<p><span class=\"gts_text\" id=\"gts_text_88\">Wie bereits erw\u00e4hnt,<\/span><\/p>\n<ul>\n<li><span class=\"gts_text\" id=\"gts_text_89\">Der l\u00e4ngste Gliederf\u00fc\u00dfer \u00fcberhaupt wahr h\u00f6chstwahrscheinlich der Seeskorpion <em>Jaekelopterus rhenaniae<\/em> oder wenn nicht, dann der Seeskorpion<em> Pterygotus<\/em> oder m\u00f6glicherweise sogar der Myriapode<em> Arthropleura<\/em>. Dieser zuletzt erw\u00e4hnte war, in jedem Fall, der gr\u00f6\u00dfte Gliederf\u00fc\u00dfer der je auf dem Land gelebt hat.<\/span><span class=\"gts_text\" id=\"gts_text_90\"><\/span><\/li>\n<li><span class=\"gts_text\" id=\"gts_text_91\">Der gr\u00f6\u00dfte lebende Gliederf\u00fc\u00dfer ist die <a href=\"\/Japanese-Spider-Crab.html\">japanische Seespinne<\/a>, und der Schwerste ist der <a href=\"\/American-Lobster.html\">amerikanische Hummer<\/a> &#8211; diese sind beide Krebstiere.<\/span><\/li>\n<li><span class=\"gts_text\" id=\"gts_text_92\">Der gr\u00f6\u00dfte lebende Landgliederf\u00fc\u00dfer ist ebenfalls ein Krebstier &#8211; die <a href=\"\/Coconut-Crab.html\">Kokosnuss-Krabbe ein<\/a>.<\/span><\/li>\n<\/ul>\n","protected":false},"excerpt":{"rendered":"<p>Was sind Gliederf\u00fc\u00dfer? Gliederf\u00fc\u00dfer haben keinen R\u00fcckgrat, jedoch besitzen ein Exoskellet, was soviel bedeutet wie \u00e4usseres Skellet, welches hart ist, ein gegliederter K\u00f6rper und zusammengef\u00fcgte Anh\u00e4ngsel namens K\u00f6rperglied. Gliederf\u00fc\u00dfer besitzen Gliedma\u00dfe mit Gelenken, die es ihnen erlauben sich zu bewegen. Der Hohlraum ihrer K\u00f6rper enth\u00e4lt das Nervensystem, das Kreislaufsystem, Reproduktionssystem und das Verdauungssystem. Die verschiedenen &hellip; <a href=\"https:\/\/www.big-animals.com\/de\/die-groessten-gliederfuesser-der-welt\/\" class=\"more-link\">Continue reading <span class=\"screen-reader-text\">Die gr\u00f6\u00dften Gliederf\u00fc\u00dfer der Welt<\/span><\/a><\/p>\n","protected":false},"author":1,"featured_media":0,"parent":0,"menu_order":0,"comment_status":"closed","ping_status":"open","template":"","meta":{"_acf_changed":false,"footnotes":""},"acf":[],"_links":{"self":[{"href":"https:\/\/www.big-animals.com\/de\/wp-json\/wp\/v2\/pages\/23"}],"collection":[{"href":"https:\/\/www.big-animals.com\/de\/wp-json\/wp\/v2\/pages"}],"about":[{"href":"https:\/\/www.big-animals.com\/de\/wp-json\/wp\/v2\/types\/page"}],"author":[{"embeddable":true,"href":"https:\/\/www.big-animals.com\/de\/wp-json\/wp\/v2\/users\/1"}],"replies":[{"embeddable":true,"href":"https:\/\/www.big-animals.com\/de\/wp-json\/wp\/v2\/comments?post=23"}],"version-history":[{"count":2,"href":"https:\/\/www.big-animals.com\/de\/wp-json\/wp\/v2\/pages\/23\/revisions"}],"predecessor-version":[{"id":415,"href":"https:\/\/www.big-animals.com\/de\/wp-json\/wp\/v2\/pages\/23\/revisions\/415"}],"wp:attachment":[{"href":"https:\/\/www.big-animals.com\/de\/wp-json\/wp\/v2\/media?parent=23"}],"curies":[{"name":"wp","href":"https:\/\/api.w.org\/{rel}","templated":true}]}}