{"id":24,"date":"2011-05-09T09:09:11","date_gmt":"2011-05-09T09:09:11","guid":{"rendered":""},"modified":"2014-02-26T13:35:08","modified_gmt":"2014-02-26T13:35:08","slug":"die-groessten-haifische-der-welt","status":"publish","type":"page","link":"https:\/\/www.big-animals.com\/de\/die-groessten-haifische-der-welt\/","title":{"rendered":"Die gr\u00f6\u00dften Haifische der Welt!"},"content":{"rendered":"<p><span class=\"gts_text\" id=\"gts_text_1\"><strong>Was ist ein Haifisch?<\/strong><\/span><\/p>\n<p><span class=\"gts_text\" id=\"gts_text_2\">Ein Haifisch ist eine Art von <a href=\"http:\/\/www.big-animals.com\/de\/die-groessten-knorpelfische-der-welt\/\">Knorpelfisch<\/a>.<\/span> Das bedeutet, dass sie anstatt von Knochen, ein weicheres Material namens Knorpel besitzen. Es gibt auch andere Arten von Knorpelfischen, zum Beispiel die Rochen und echten Rochen. Die h\u00e4ufigsten Arten von Knorpelfischen sind Haie und Rochen. Wie die meisten anderen Fische, haben Knorpelfische meistens Kiemen anstatt Lungen und atmen Wasser anstelle von Luft.<span class=\"gts_text\" id=\"gts_text_3\"> <\/span><span class=\"gts_text\" id=\"gts_text_6\"><\/span><\/p>\n<p><span class=\"gts_text\" id=\"gts_text_7\">Haifische haben ersetzbare Z\u00e4hne und ihnen wachsen w\u00e4hrend der Lebenszeit mehrere Tausend. Aus diesem Grund sind Haifische die ausgestorben sind nur anhand ihrer Z\u00e4hne zu erkennen. Ein Beispiel ist der gr\u00f6\u00dfte Haifisch \u00fcberhaupt &#8211; in der Tat, der gr\u00f6\u00dfte Knorpelfisch \u00fcberhaupt, das<\/span><span class=\"gts_text\" id=\"gts_text_9\"> <a href=\"http:\/\/www.big-animals.com\/de\/megalodon-der-groesste-haifisch-ueberhaupt\/\">Megalodon<\/a>.<\/span><\/p>\n<p><span class=\"gts_text\" id=\"gts_text_10\"><strong>Welche Arten von Haifischen gibt es?<\/strong><\/span><\/p>\n<p><span class=\"gts_text\" id=\"gts_text_11\">Der wissenschaftliche Name f\u00fcr die Haifische ist Selachimorphs. Es gibt 8 verschiedene Gruppen von Haien, \u201eOrdnungen\u201c genannt.<\/span><span class=\"gts_text\" id=\"gts_text_12\"><\/span><\/p>\n<ul>\n<li><span class=\"gts_text\" id=\"gts_text_13\">Die <em>Hexanchiformes<\/em> haben sechs oder sieben Kiemenschlitze auf jeder Seite. Die meisten Haie haben nur f\u00fcnf.<\/span><span class=\"gts_text\" id=\"gts_text_14\"><\/span><\/li>\n<li><span class=\"gts_text\" id=\"gts_text_15\">Die <em>Squaliformes<\/em> haben oben eine extra Flosse und messerscharfe Z\u00e4hne oben und unten.<br \/>\n<\/span><\/li>\n<li><span class=\"gts_text\" id=\"gts_text_16\">Die <em>Pristiophoriformes<\/em> sind die S\u00e4gehaie &#8211; nicht zu verwechseln mit den oben genannten S\u00e4gefischen! S\u00e4gehaie benutzen ihre gezahnte Schnauze, um die Fische die sie fressen zu zerhacken und aufzuschlitzen. Alle Spezies der S\u00e4gehaie befinden sich in Aussterbegefahr.<\/span><span class=\"gts_text\" id=\"gts_text_18\"><\/span><\/li>\n<li><span class=\"gts_text\" id=\"gts_text_19\">Die <em>Squatiniformes<\/em> sehen aus wie Rochen. Jedoch sind ihre Kiemen an den Seiten ihrer K\u00f6pfe, wie bei allen anderen Haien. Sie werden auch Engelshaie genannt.<\/span><span class=\"gts_text\" id=\"gts_text_21\"><\/span><\/li>\n<li><span class=\"gts_text\" id=\"gts_text_22\"><em>Heterodontiformes<\/em> bedeutet \u201everschiedene Arten von Z\u00e4hnen\u201c und mit Sicherheit haben diese Haie eine Vielfalt an Z\u00e4hnen, so dass sie Schalentiere erfassen und zerquetschen k\u00f6nnen.<br \/>\n<\/span><\/li>\n<li><span class=\"gts_text\" id=\"gts_text_23\">Die <em>Orectolobiformes<\/em><\/span><span class=\"gts_text\" id=\"gts_text_24\"> werden normalerweise \u201eTeppichhaiartige\u201c genannt, weil ihre Haut sch\u00f6ne Muster aufzeigt. Der weltgr\u00f6\u00dfte Fisch, der <a href=\"http:\/\/www.big-animals.com\/de\/der-walhai\/\">Walhai<\/a>, geh\u00f6rt in diese Gruppe.<\/span><\/li>\n<li><span class=\"gts_text\" id=\"gts_text_25\">Die <em>Carcharhiniformes<\/em> sind die vielf\u00e4ltigste Gruppe von haifischen mit \u00fcber 270 Spezies. Sie besitzen ein extra Paar von Augenlidern um ihre Augen zu besch\u00fctzen.<\/span><span class=\"gts_text\" id=\"gts_text_26\"><br \/>\n<\/span><\/li>\n<li><span class=\"gts_text\" id=\"gts_text_27\">Die <em>Lamniformes, <\/em>auch<em>\u00a0\u00a0<\/em>Makrelenhaie genannt, beinhalten den gr\u00f6\u00dften Knorpelfisch \u00fcberhaupt, das <a href=\"http:\/\/www.big-animals.com\/de\/megalodon-der-groesste-haifisch-ueberhaupt\/\">Megalodon<\/a>, sowie die ber\u00fchmteste Art von Haifischen, der wei\u00dfe Hai. Es enth\u00e4lt auch den harmlosen und sehr seltenen Riesenmaulhai. <\/span><span class=\"gts_text\" id=\"gts_text_28\"><\/span><\/li>\n<\/ul>\n<p><span class=\"gts_text\" id=\"gts_text_29\"><strong>Sind Haifische wirklich gef\u00e4hrlich?<\/strong><\/span><\/p>\n<p><span class=\"gts_text\" id=\"gts_text_30\">Eigentlich sind Menschen gef\u00e4hrlicher als Haie und nicht umgekehrt. Wusstest du, dass jedes Jahr mehr Menschen von Hunden get\u00f6tet werden als durch Haie? Hier sind einige Gr\u00fcnde, warum Haie nicht so gef\u00e4hrlich sind wie die Leute manchmal denken.<\/span><span class=\"gts_text\" id=\"gts_text_32\"><br \/>\n<\/span><\/p>\n<ul>\n<li><span class=\"gts_text\" id=\"gts_text_33\">Viele Arten von Haifischen essen einfach kein menschengro\u00dfes Futter. Zum Beispiel der weltgr\u00f6\u00dfte Haifisch, der<\/span><span class=\"gts_text\" id=\"gts_text_34\"> <a href=\"http:\/\/www.big-animals.com\/de\/der-walhai\/\">Walhai<\/a>, kriegt all sein Futter von Plankton und winzigen Shrimps.<br \/>\n<\/span><\/li>\n<li>Sogar Haie mit einem Ruf der Gef\u00e4hrlichkeit sind weniger gef\u00e4hrlich als wir denken. Zum Beispiel der weisse Hai. Obwohl er der weltgr\u00f6\u00dfte Raubfisch, hat es nur 31 Leute im mediterranischen Raum in den letzten 200 Jahren get\u00f6tet. Eigentlich sind wir gar nicht mal gesundes Fressen f\u00fcr den weissen Hai &#8211; wir sind nicht gut f\u00fcr seine Verdauung.<br \/>\n<span class=\"gts_text\" id=\"gts_text_37\"><\/span><\/li>\n<li><span class=\"gts_text\" id=\"gts_text_38\">Selbst wenn eine Person attackiert wird, k\u00f6nnen die Freunde des Opfers ihm\/ihr meistens beim Entkommen helfen.<\/span><\/li>\n<li><span class=\"gts_text\" id=\"gts_text_39\">Wir sind in der Lage uns gegenseiting vor Haien zu warnen und wir haben Haifischnetze erfunden, Haik\u00e4fige und Hai-Abwehrmittel um uns zu sch\u00fctzen.<br \/>\n<\/span><\/li>\n<\/ul>\n<p><span class=\"gts_text\" id=\"gts_text_40\">Andererseits sind Menschen sehr gef\u00e4hrlich f\u00fcr Haie. Haifischen ist eine boomende Industrie und viele Regierungen achten nicht vorsichtig genug darauf, wie viele Haie gefangen werden.<br \/>\n<\/span><span class=\"gts_text\" id=\"gts_text_41\"><\/span><\/p>\n<ul>\n<li><span class=\"gts_text\" id=\"gts_text_42\">\u201eHaifischflossensuppe\u201c ist in manchen Kulturen eine Delikatesse. Fischerleute fangen einen lebendigen Hai, schneiden seine Flosse ab und lassen den lebendigen Hai zur\u00fcck ins Wasser, wo es durch Ersticken stirbt oder durch die Angriffe von J\u00e4gern.<\/span><span class=\"gts_text\" id=\"gts_text_43\"><\/span><\/li>\n<li><span class=\"gts_text\" id=\"gts_text_44\">Einige Leute glauben, dass Haiknorpelgewebe heilende Kr\u00e4fte hat, obwohl es \u00fcberhaupt keinen Beweis daf\u00fcr gibt, dass dies wahr ist.<\/span><\/li>\n<\/ul>\n<p><span class=\"gts_text\" id=\"gts_text_45\">Aus diesem Grund f\u00e4llt die Anzahl der Haie rapide in manchen Orten. Wir alle fangen zu viele Haie. Sie k\u00f6nnen es nicht mehr l\u00e4nger aushalten.<br \/>\n<\/span><span class=\"gts_text\" id=\"gts_text_47\"><\/span><\/p>\n<p><span class=\"gts_text\" id=\"gts_text_48\"><strong>Welcher ist der gr\u00f6\u00dfte Haifisch der Welt?<\/strong><\/span><\/p>\n<p><span class=\"gts_text\" id=\"gts_text_49\">Der weltgr\u00f6\u00dfte Hai ist in der Tat der weltgr\u00f6\u00dfte Fisch &#8211; der<em><\/em> <a href=\"http:\/\/www.big-animals.com\/de\/der-walhai\/\">Walhai<\/a>. Obwohl er so gro\u00df ist, ist er harmlos &#8211; ausser du bist ein kleines Plankton oder ein Minitintenfisch! Es frisst nur sehr kleine Kreaturen, w\u00e4chst aber bis zu 12 Meter lang und wiegt um die 12000 kg, beziehungsweise 26000 Pfund!<\/span> <span class=\"gts_text\" id=\"gts_text_51\"><\/span><\/p>\n<p><span class=\"gts_text\" id=\"gts_text_52\">Der weltgr\u00f6\u00dfte Hai \u00fc<em>berhaupt<\/em> war das <a href=\"http:\/\/www.big-animals.com\/de\/megalodon-der-groesste-haifisch-ueberhaupt\/\">Megalodon<\/a> oder <a href=\"http:\/\/www.big-animals.com\/de\/megalodon-der-groesste-haifisch-ueberhaupt\/\">Riesenmaulhai<\/a>.<\/span><span class=\"gts_text\" id=\"gts_text_54\">Es war dem ber\u00fchmten weissen Hai \u00e4hnlich, jedoch drei mal so gro\u00df! Bei 18 Meter L\u00e4nge, w\u00e4ren seine Hauptnahrung verschiedene Arten von Wal gewesen.<br \/>\n<\/span><\/p>\n","protected":false},"excerpt":{"rendered":"<p>Was ist ein Haifisch? Ein Haifisch ist eine Art von Knorpelfisch. Das bedeutet, dass sie anstatt von Knochen, ein weicheres Material namens Knorpel besitzen. Es gibt auch andere Arten von Knorpelfischen, zum Beispiel die Rochen und echten Rochen. Die h\u00e4ufigsten Arten von Knorpelfischen sind Haie und Rochen. Wie die meisten anderen Fische, haben Knorpelfische meistens &hellip; <a href=\"https:\/\/www.big-animals.com\/de\/die-groessten-haifische-der-welt\/\" class=\"more-link\">Continue reading <span class=\"screen-reader-text\">Die gr\u00f6\u00dften Haifische der Welt!<\/span><\/a><\/p>\n","protected":false},"author":1,"featured_media":0,"parent":0,"menu_order":0,"comment_status":"closed","ping_status":"open","template":"","meta":{"_acf_changed":false,"footnotes":""},"acf":[],"_links":{"self":[{"href":"https:\/\/www.big-animals.com\/de\/wp-json\/wp\/v2\/pages\/24"}],"collection":[{"href":"https:\/\/www.big-animals.com\/de\/wp-json\/wp\/v2\/pages"}],"about":[{"href":"https:\/\/www.big-animals.com\/de\/wp-json\/wp\/v2\/types\/page"}],"author":[{"embeddable":true,"href":"https:\/\/www.big-animals.com\/de\/wp-json\/wp\/v2\/users\/1"}],"replies":[{"embeddable":true,"href":"https:\/\/www.big-animals.com\/de\/wp-json\/wp\/v2\/comments?post=24"}],"version-history":[{"count":3,"href":"https:\/\/www.big-animals.com\/de\/wp-json\/wp\/v2\/pages\/24\/revisions"}],"predecessor-version":[{"id":417,"href":"https:\/\/www.big-animals.com\/de\/wp-json\/wp\/v2\/pages\/24\/revisions\/417"}],"wp:attachment":[{"href":"https:\/\/www.big-animals.com\/de\/wp-json\/wp\/v2\/media?parent=24"}],"curies":[{"name":"wp","href":"https:\/\/api.w.org\/{rel}","templated":true}]}}