{"id":25,"date":"2011-05-09T09:09:18","date_gmt":"2011-05-09T09:09:18","guid":{"rendered":""},"modified":"2014-02-27T09:15:18","modified_gmt":"2014-02-27T09:15:18","slug":"die-groessten-insekten-der-welt","status":"publish","type":"page","link":"https:\/\/www.big-animals.com\/de\/die-groessten-insekten-der-welt\/","title":{"rendered":"Die gr\u00f6\u00dften Insekten der Welt!"},"content":{"rendered":"<h3><span class=\"gts_text\" id=\"gts_text_1\">Was sind Insekten?<\/span><\/h3>\n<p><span class=\"gts_text\" id=\"gts_text_2\">Insekten sind die gr\u00f6\u00dfte Gruppe von <a href=\"\/Arthropods.html\">Gliederf\u00fc\u00dfern<\/a>. \u00dcber 90% der verschiedenen Arten von Tieren sind Insekten. Du kannst Insekten fast \u00fcberall finden. Sie haben ein hartes \u00e4u\u00dferes Skelett, das ihren K\u00f6rper sch\u00fctzt und einen<\/span> <span class=\"gts_text\" id=\"gts_text_3\"><\/span><span class=\"gts_text\" id=\"gts_text_6\"><img loading=\"lazy\" decoding=\"async\" alt=\"die gr\u00f6\u00dfte Motte der Welt, der Atlasspinner\" src=\"http:\/\/ba.dr-mikes-maths.com\/\/wp-content\/themes\/twentyten\/images\/ba\/atlas-moth.jpg\" width=\"355\" height=\"177\" \/><\/span><br \/>\n<span class=\"gts_text\" id=\"gts_text_6\"><span class=\"gts_text\" id=\"gts_text_7\"><strong>Der Atlasspinner ist nicht das weltgr\u00f6\u00dfte Insekt, aber es ist die gr\u00f6\u00dfte Motte der Welt<\/strong><\/span><\/span><span class=\"gts_text\" id=\"gts_text_13\"> dreiteiligen K\u00f6rper, der aus dem Kopf, Thorax und Abdomen besteht. Sie haben drei Paare von Beinen, zwei Antennen und ein Paar Facettenaugen. Facettenaugen unterscheiden sich von menschlichen Augen, welche eine Augenlinse f\u00fcr jedes Auge besitzen. Facettenaugen haben mehrere Augenlinsen f\u00fcr jedes Auge. Zum Beispiel hat die Fliege um die 4000 Augenlinsen in einem einzigen Auge. Das ist der Grund, warum sie so gut sehen k\u00f6nnen. Facettenaugen besitzen einen sehr gro\u00dfen Blickwinkel und k\u00f6nnen schnelle Bewegung erkennen. Facettenaugen sind bei Gliederf\u00fc\u00dfern \u00fcblich.<br \/>\n<\/span><\/p>\n<h3><span class=\"gts_text\" id=\"gts_text_14\">Wie viele Arten von Insekten gibt es?<\/span><\/h3>\n<p><span class=\"gts_text\" id=\"gts_text_15\">Insekten sind die vielf\u00e4ltigste Gruppe von Tieren auf dem Planeten. Zum Beispiel gibt es um die 2200 Spezies der Gottesanbeterin, 5000 Arten von Libellen, 20000 Arten von Grash\u00fcpfern, 82000 Spezies von K\u00e4fern, 120000 Spezies von Fliegen, 110000 Spezies von Bienen, Wesepen, Ameisen und S\u00e4gewespen, 170000 Arten von Schmetterlingen und Motten und 360000 verschiedene K\u00e4fer. Insekten haben zwei oder vier Fl\u00fcgel abh\u00e4ngig von ihrer Spezies. Die verschienen Arten von Insekten die heute leben sind<br \/>\n<\/span><span class=\"gts_text\" id=\"gts_text_18\"><\/span><\/p>\n<ul>\n<li><span class=\"gts_text\" id=\"gts_text_19\"><\/span><span class=\"gts_text\" id=\"gts_text_20\"><\/span>Die Felsenspringer &#8211; diese fl\u00fcgellosen Insekten wurden noch nicht ausf\u00fchrlich untersucht. Es gibt um die 350 verschiedene Spezies, manche leben sogar in der K\u00e4lte der Arktis!<\/li>\n<li><span class=\"gts_text\" id=\"gts_text_21\">Silberfische sind flache Insekten die st\u00e4rkehaltiges Futter fressen wie Getreide oder Papier. Es gibt \u00fcber 200 Spezies.<\/span><span class=\"gts_text\" id=\"gts_text_22\"><\/span><\/li>\n<li><span class=\"gts_text\" id=\"gts_text_23\">Die Eintagsfliegen sind ber\u00fchmt f\u00fcr ihre kurze Lebensdauer &#8211; manche leben nur f\u00fcr eine halbe Stunde als Erwachsene! Tagesfliegen sind sehr empfindlich gegen\u00fcber Verschmutzung. Es gibt um die 2500 Spezies.<\/span><span class=\"gts_text\" id=\"gts_text_25\"><\/span><\/li>\n<li><span class=\"gts_text\" id=\"gts_text_26\">Die Libellen und Seejungfern sind eine Gruppe von relativ gro\u00dfen Insekten. Libellenlarven leben im Wasser und sind J\u00e4ger. Ihre Beute beinhaltet Moskitolarven. <\/span><span class=\"gts_text\" id=\"gts_text_28\"><\/span><\/li>\n<li><span class=\"gts_text\" id=\"gts_text_29\">Die Steinfliegen sind eher lange, einfache Insekten. Es gibt \u00fcber 1700 Spezies und es werden regelm\u00e4\u00dfig mehr entdeckt.<\/span><span class=\"gts_text\" id=\"gts_text_30\"><\/span><\/li>\n<li><span class=\"gts_text\" id=\"gts_text_31\">Fu\u00dfspinner leben in r\u00f6hrenf\u00f6rmigen Tunneln, die sie mit Seide auspolstern. Die meisten der 300 Arten von Fu\u00dfspinnern leben in den Tropen.<\/span><span class=\"gts_text\" id=\"gts_text_32\"><\/span><\/li>\n<li><span class=\"gts_text\" id=\"gts_text_33\">Die 34 Arten von Bodenl\u00e4usen leben in kleinen Kolonien unter rottendem Holz, fressen Schimmel, Sporen und Milben.<br \/>\n<\/span><\/li>\n<li><span class=\"gts_text\" id=\"gts_text_34\">Die Ohrkneifer haben einen l\u00e4nglichen K\u00f6rper mit einem Paar von Scheren am Schwanz. Es gibt um die 1800 Arten von Ohrkneifern. Alle sind harmlos &#8211; die Ohrkneifer sind nicht giftig und Ohrkneifer tragen keine Krankheiten mit sich.<\/span><span class=\"gts_text\" id=\"gts_text_36\"><\/span><\/li>\n<li><span class=\"gts_text\" id=\"gts_text_37\">Die Grillen, Grash\u00fcpfer und Heuschrecken enthalten um die 12000 Spezies von Insekten. Die<\/span><span class=\"gts_text\" id=\"gts_text_38\"> <a href=\"\/Wetapunga.html\">Little Barrier Island Riesenweta<\/a> aus Neuseeland, wom\u00f6glich das weltgr\u00f6\u00dfte Insekt, geh\u00f6rt zu dieser Gruppe.<\/span><span class=\"gts_text\" id=\"gts_text_39\"><\/span><\/li>\n<li><span class=\"gts_text\" id=\"gts_text_40\">Stabschrecken tarnen sich selbst als \u00c4ste oder St\u00f6cker um sich vor ihren Feinden zu verstecken. Es gibt \u00fcber 3000 verschiedene Spezies. Das weltgr\u00f6\u00dfte Insekt ist eine davon.<\/span><span class=\"gts_text\" id=\"gts_text_42\"><\/span><\/li>\n<li><span class=\"gts_text\" id=\"gts_text_43\">Es gibt um die 30 verschiedene Spezies von <em>Notoptera<\/em>, Grillenschaben oder Gladiatoren genannt.<br \/>\n<\/span><\/li>\n<li><span class=\"gts_text\" id=\"gts_text_44\">Von den 4000 Arten der Schabe leben nur 30 in H\u00e4usern. Ausserdem werden die 4000 Arten der Termiten von Wissenschaftlern nun als eine besondere Art von Schaben angesehen, was zu einer Anzahl von 8000 verschiedenen Spezies in dieser Gruppe f\u00fchrt.<\/span><span class=\"gts_text\" id=\"gts_text_45\"><\/span><\/li>\n<li><span class=\"gts_text\" id=\"gts_text_46\">Die Gottesanbeterinnen enthalten weitere 2200 Spezies der gut getarnten, r\u00e4uberischen Insekten.<\/span><\/li>\n<li><span class=\"gts_text\" id=\"gts_text_47\">Die Staubl\u00e4use enthalten \u00fcber 5500 Spezies von gefl\u00fcgelten Insekten, die Flechte oder den Leim in gebundenen B\u00fcchern fressen. Zudem geh\u00f6ren die 3500 Spezies von L\u00e4usen, die f\u00fcr Menschen Parasiten sind, zu dieser Gruppe.<\/span><span class=\"gts_text\" id=\"gts_text_49\"><\/span><\/li>\n<li>Fransenfl\u00fcgler sind winzige Insekten, die Milben fressen oder Saft aus Pflanzen saugen. Es gibt \u00fcber 5000 verschiedene Arten.<\/li>\n<li><span class=\"gts_text\" id=\"gts_text_52\"><\/span><span class=\"gts_text\" id=\"gts_text_53\">Schnabelkerfen, Blattl\u00e4use und Singzikaden sind eine andere Gruppe zusammengruppiert mit 80000 Spezies, genannt <em>Hemiptera<\/em><\/span>. Die Gr\u00f6\u00dften wachsen bis zu 15 cm lang.<\/li>\n<li><span class=\"gts_text\" id=\"gts_text_54\">Ameisen, Bienen, Wespen und Hornissen sind in die zweitvielf\u00e4ltigste Gruppen von Insekten zusammengefasst. \u00dcber 120000 verschiedene Arten wurden benannt und es k\u00f6nnten sogar um die 300000 sein. <\/span><span class=\"gts_text\" id=\"gts_text_55\"><br \/>\n<\/span><\/li>\n<li><span class=\"gts_text\" id=\"gts_text_56\">K\u00e4fer sind die vielf\u00e4ltigste Gruppe von Tieren auf dem Planeten, mit \u00fcber 350000 bekannten K\u00e4fern und Millionen, die noch entdeckt werden<\/span><span class=\"gts_text\" id=\"gts_text_57\">.<\/span> Die<span class=\"gts_text\" id=\"gts_text_58\"> <a href=\"\/Goliath-Beetle.html\">Goliath-K\u00e4fer<\/a> Larve ist das schwerste Insekt von allen.<\/span><\/li>\n<li><span class=\"gts_text\" id=\"gts_text_59\">Die \u201eF\u00e4cherfl\u00fcgler\u201c sind wenig bekannte parasit\u00e4re Insekten die haupts\u00e4chlich andere Insekten angreifen.<br \/>\n<\/span><\/li>\n<li><span class=\"gts_text\" id=\"gts_text_60\">Kamelhalsfliegen mit riesigen Facettenaugen sind in Europa und Asian \u00fcblich. Die Eier schl\u00fcpfen in Baumrinde oder verrottendem Holz. Es gibt um die 150 verschiedene Spezies.<\/span><span class=\"gts_text\" id=\"gts_text_62\"><\/span><\/li>\n<li>Die ungef\u00e4hr 300 Spezies von Wasserflorfliegen, Schlammfliegen und Eintagsfliegen geh\u00f6ren zu einer Gruppe von Insekten namens <em>Megaloptera<\/em>, weil ihre Fl\u00fcgel so riesig sind. Sie sind nicht sehr bekannt, weil die Erwachsenen nicht lange leben.<\/li>\n<li><span class=\"gts_text\" id=\"gts_text_63\">Florfliegen, Ameisenl\u00f6wen und so weiter machen weitere 4000 Spezies der Insekten aus.<\/span><span class=\"gts_text\" id=\"gts_text_64\"><\/span><\/li>\n<li><span class=\"gts_text\" id=\"gts_text_66\"><\/span><span class=\"gts_text\" id=\"gts_text_67\">Die Skorpionsfliegen haben an ihren Schwanzenden etwas das aussieht wie der Schwanz eines Skorpions, ist jedoch harmlos. <\/span><\/li>\n<li><span class=\"gts_text\" id=\"gts_text_68\">Fl\u00f6he haben keine Fl\u00fcgel und m\u00fcssen Blut saugen, um zu \u00fcberleben. In der Vergangenheit, wurden schreckliche Krankheiten von Mensch zu Mensch durch beissende Fl\u00f6he \u00fcbertragen. Es gibt um die 2000 bekannte Spezies von Fl\u00f6hen.<\/span><span class=\"gts_text\" id=\"gts_text_70\"><\/span><\/li>\n<li><span class=\"gts_text\" id=\"gts_text_71\">Fliegen,<\/span><span class=\"gts_text\" id=\"gts_text_74\"> Moskitos und M\u00fccken sind in einer gro\u00dfen Gruppen von ca. 240000 verschiedenen Arten zusammengefasst. Zweifl\u00fcgler haben nur ein Paar Fl\u00fcgel. Manche Mitglieder dieser Gruppe, besonders manche Moskitos, sind daf\u00fcr f\u00fcr das \u00dcbertragen von schrecklichen Krankheiten verantwortlich. Zum Beispiel macht Malarie 350 Millionen Menschen jedes Jahr krank und t\u00f6tet 1,5 Millionen von ihnen.<br \/>\n<\/span><\/li>\n<li><span class=\"gts_text\" id=\"gts_text_75\">K\u00f6cherfliegen haben haarige Fl\u00fcgel.<\/span><\/li>\n<li><span class=\"gts_text\" id=\"gts_text_76\"><span style=\"font-style: italic\">Lepidoptera<\/span> enth\u00e4lt um die 180000 Spezies von Motten und Schmetterlingen. Die gr\u00f6\u00dften fliegenden Insekten geh\u00f6ren zu dieser Gruppe.<\/span><span class=\"gts_text\" id=\"gts_text_77\"><\/span><\/li>\n<\/ul>\n<h3><span class=\"gts_text\" id=\"gts_text_78\">Der K\u00f6rperstruktur eines Insekts<\/span><\/h3>\n<p><span class=\"gts_text\" id=\"gts_text_79\">Der<\/span> Thorax enth\u00e4lt die Beine zum gehen, schwimmen, springen oder graben. Die meisten Insekten benutzen sechs Beine f\u00fcr das Gehen und sie k\u00f6nnen schnell und standhaft gehen. Zum Beispiel Schaben &#8211; Schaben befinden sich unter den schnellsten Insektenl\u00e4ufern. Wasserk\u00e4fer und Wasserwanzen haben Beine wie ein Paddel um ihnen beim Schwimmen zu helfen. Tats\u00e4chlich k\u00f6nnen manche sogar auf der Oberfl\u00e4che des Wassers laufen wie Wasserspinnen. Insekten sind die einzige Gruppe von wirbellosen Tieren, die fliegen k\u00f6nnen. Ihr Bauch hat alle n\u00f6tigen Organe &#8211; ihr Herz, Verdauungssystem, Atemorgane und wie auch die Organe um Abfallprodukte und mehr zu eliminieren. Die meisten Insekten m\u00fcssen sich h\u00e4uten um zu wachsen. W\u00e4hrend der H\u00e4utung, wirft das Insekt die \u00e4u\u00dfere Schicht seines K\u00f6rpers ab. Dies geschieht entweder bei bestimmten Zeiten des Jahres oder an bestimmten Punkten in seinem Lebenszyklus.<br \/>\n<img loading=\"lazy\" decoding=\"async\" alt=\"Ein riesiges Weta - eins der schwersten Insekten der Welt.\" src=\"http:\/\/ba.dr-mikes-maths.com\/\/wp-content\/themes\/twentyten\/images\/ba\/giant-weta1.png\" width=\"300\" height=\"152\" \/><br \/>\n<span style=\"width: 310px;float: left\"><span class=\"gts_text\" id=\"gts_text_89\"><strong>Die Wetapunga, oder Little Barrier Island Riesenweta, ist das weltgr\u00f6\u00dfte Insekt<br \/>\n<\/strong><\/span><\/span><\/p>\n<h3><span class=\"gts_text\" id=\"gts_text_90\">Insekten und Menschen<br \/>\n<\/span><\/h3>\n<p><span class=\"gts_text\" id=\"gts_text_91\">Viele Insekten sind f\u00fcr uns die Pest. Zum Beispiel verbreiten Moskitos, Fliegen und Schaben Krankheiten, Termiten besch\u00e4digen H\u00e4user, manche Blattl\u00e4use, K\u00e4fer und Raupen zerst\u00f6ren unsere Nahrungspflanzen<\/span><span class=\"gts_text\" id=\"gts_text_96\">. Andererseits gibt es auch Insekten die uns helfen &#8211; best\u00e4uben von bl\u00fchenden Pflanzen (Bienen, Fliegen, Schmetterlinge und Moskitos), produzieren Honig (Bienen) oder Seide (der Seidenspinner), fressen von anderen Insekten (Marienk\u00e4fer) oder sauber machen (Ameisen). Pflanzen k\u00f6nnen sich ohne Best\u00e4ubung nicht fortpflanzen und viele Arten von Pflanzen sind ab\u00e4ngig von den Insekten, die diese Arbeit machen. Sie produzieren Bl\u00fcten um Insekten anzulocken. W\u00e4hrend Bienen den Nektar von den Bl\u00fcten sammeln, setzen sich die Bl\u00fctenpollen \u00fcberall an ihren K\u00f6rpern fest und sie tragen es zu anderen Bl\u00fcten.<br \/>\n<\/span><\/p>\n<h3><span class=\"gts_text\" id=\"gts_text_97\">Was ist das gr\u00f6\u00dfte Insekt der Welt?<\/span><\/h3>\n<p><span class=\"gts_text\" id=\"gts_text_98\"><\/span><span class=\"gts_text\" id=\"gts_text_99\"> Es gibt mehrere Bewerber f\u00fcr den Titel des weltgr\u00f6\u00dften Insekts. Das schwerste Insekt \u00fcberhaupt war eine <a href=\"\/Wetapunga.html\">Little Barrier Island Riesenweta <\/a>aus Neuseeland &#8211; welche aussieht wie eine gro\u00dfe h\u00e4sslige Grille. Ein naher Herausforderer ist der <\/span><span class=\"gts_text\" id=\"gts_text_100\"><a href=\"\/Goliath-Beetle.html\">Goliath-K\u00e4fer<\/a>, welcher auf jeden Fall schwerer ist als eine Larve. Wissenschaftler sind sich noch nicht genau sicher, welche von diesen im Allgemeinen gr\u00f6\u00dfer w\u00e4chst. Das l\u00e4ngste Insekt, dass je gemessen wurde ist eine Art von Stabschrecke aus Borneo, \u00fcber die nur sehr wenig bekannt ist &#8211; nur drei Exemplare wurden gefunden, die L\u00e4ngste von ihnen war 56 cm lang und ist jetzt im britischen Museum ausgestellt.<\/span><span class=\"gts_text\" id=\"gts_text_102\"><\/span><\/p>\n","protected":false},"excerpt":{"rendered":"<p>Was sind Insekten? Insekten sind die gr\u00f6\u00dfte Gruppe von Gliederf\u00fc\u00dfern. \u00dcber 90% der verschiedenen Arten von Tieren sind Insekten. Du kannst Insekten fast \u00fcberall finden. Sie haben ein hartes \u00e4u\u00dferes Skelett, das ihren K\u00f6rper sch\u00fctzt und einen Der Atlasspinner ist nicht das weltgr\u00f6\u00dfte Insekt, aber es ist die gr\u00f6\u00dfte Motte der Welt dreiteiligen K\u00f6rper, der &hellip; <a href=\"https:\/\/www.big-animals.com\/de\/die-groessten-insekten-der-welt\/\" class=\"more-link\">Continue reading <span class=\"screen-reader-text\">Die gr\u00f6\u00dften Insekten der Welt!<\/span><\/a><\/p>\n","protected":false},"author":1,"featured_media":0,"parent":0,"menu_order":0,"comment_status":"closed","ping_status":"open","template":"","meta":{"_acf_changed":false,"footnotes":""},"acf":[],"_links":{"self":[{"href":"https:\/\/www.big-animals.com\/de\/wp-json\/wp\/v2\/pages\/25"}],"collection":[{"href":"https:\/\/www.big-animals.com\/de\/wp-json\/wp\/v2\/pages"}],"about":[{"href":"https:\/\/www.big-animals.com\/de\/wp-json\/wp\/v2\/types\/page"}],"author":[{"embeddable":true,"href":"https:\/\/www.big-animals.com\/de\/wp-json\/wp\/v2\/users\/1"}],"replies":[{"embeddable":true,"href":"https:\/\/www.big-animals.com\/de\/wp-json\/wp\/v2\/comments?post=25"}],"version-history":[{"count":2,"href":"https:\/\/www.big-animals.com\/de\/wp-json\/wp\/v2\/pages\/25\/revisions"}],"predecessor-version":[{"id":308,"href":"https:\/\/www.big-animals.com\/de\/wp-json\/wp\/v2\/pages\/25\/revisions\/308"}],"wp:attachment":[{"href":"https:\/\/www.big-animals.com\/de\/wp-json\/wp\/v2\/media?parent=25"}],"curies":[{"name":"wp","href":"https:\/\/api.w.org\/{rel}","templated":true}]}}