{"id":26,"date":"2011-05-09T09:09:26","date_gmt":"2011-05-09T09:09:26","guid":{"rendered":""},"modified":"2011-05-09T09:09:26","modified_gmt":"2011-05-09T09:09:26","slug":"trichoplax-adhaerens-d-welt-gros-und-nur-placozoan","status":"publish","type":"page","link":"https:\/\/www.big-animals.com\/de\/trichoplax-adhaerens-d-welt-gros-und-nur-placozoan\/","title":{"rendered":"Trichoplax Adhaerens &#8211; der Welt am gr\u00f6\u00dften &#8211; und nur &#8211; Placozoan"},"content":{"rendered":"<h3><span id=\"gts_text_1\" class=\"gts_text\">Das Trichoplax<\/span><\/h3>\n<p><span id=\"gts_text_2\" class=\"gts_text\">Stellen Sie sich einen flachen Klecks des rosa-wei\u00dfen Gelees fest zur Wand vor.<\/span> <span id=\"gts_text_3\" class=\"gts_text\">Stellen Sie jetzt vor, dass sich sie seine Weise entlang durchsickert und fortw\u00e4hrend sich verformt, w\u00e4hrend sie geht.<\/span> <span id=\"gts_text_4\" class=\"gts_text\">Sie erreicht essbares etwas, kriecht \u00fcber sie, h\u00fcllt sie ein und verdaut langsam sein Opfer. <img decoding=\"async\" style=\"width: 200px; height: 193px;\" title=\"Ein Trichoplax Adhaerens (ein Placozoan).\" src=\"http:\/\/ba.dr-mikes-maths.com\/\/wp-content\/themes\/twentyten\/images\/ba\/trichoplax-small.jpg\" alt=\"Ein Trichoplax Adhaerens (ein Placozoan).\" \/> Schlie\u00dflich stellen Sie vor sich, dass dieses Gelee \u00e4hnliche Gesch\u00f6pf alles dies auf der Wand Ihres Aquariums (nicht Ihr Raum) und anstatt ein, schreckliches Monster zu sein tut, ist nur leicht gr\u00f6\u00dfer als der Kopf eines Stiftes.<\/span> <span id=\"gts_text_6\" class=\"gts_text\">Sie haben gerade sich das erstaunliche <span style=\"font-style: italic;\">Trichoplax Adhaerens<\/span> vorgestellt.<\/span> <span id=\"gts_text_7\" class=\"gts_text\">Ein Bild von einem Trichoplax &#8211; durch gesehen einem Mikroskop &#8211; wird rechts gezeigt.<\/span> <span id=\"gts_text_8\" class=\"gts_text\">Es gibt eine gr\u00f6\u00dfere Version dieses Fotos (urspr\u00fcnglich gemacht von Oliver Voigt) an der Unterseite der Seite.<\/span><\/p>\n<p><span id=\"gts_text_9\" class=\"gts_text\">Jetzt ist wie ein kleines Tier das Trichoplax, das auf einer Website der <span style=\"font-style: italic;\">gr\u00f6\u00dften<\/span> Tiere der Welt tut?<\/span> <span id=\"gts_text_10\" class=\"gts_text\">Gut ist Trichoplax Adhaerens ein Placozoan tats\u00e4chlich es ist das einzige Placozoan.<\/span> <span id=\"gts_text_11\" class=\"gts_text\">Es ist am einfachsten, das gr\u00f6\u00dfte zu sein, wenn Sie einzigartig sind!<\/span> <span id=\"gts_text_12\" class=\"gts_text\">Das Trichoplax wurde im Jahre 1883 entdeckt, aber es war erst in den siebziger Jahren, denen Wissenschaftler feststellten, dass es ein Tier war, das zu anderen Arten Tier so unterschiedlich ist, denen es seine Selbst \u201ePhylum\u201c verdiente.<\/span> <span id=\"gts_text_13\" class=\"gts_text\">Sie nannten dieses Phylum Placozoa.<\/span> <span id=\"gts_text_14\" class=\"gts_text\">Phylen sind die gr\u00f6\u00dften Gruppierungen von Tieren.<\/span> <span id=\"gts_text_15\" class=\"gts_text\">Sie k\u00f6nnen eine <a href=\"\/Animals.html\">Liste aller verschiedenen Phylen<\/a> auf der Seite \u00fcber <a href=\"\/Animals.html\">Tiere<\/a> sehen.<\/span><\/p>\n<p><span id=\"gts_text_16\" class=\"gts_text\">Der Name <span style=\"font-style: italic;\">Trichoplax<\/span> kommt von den griechischen W\u00f6rtern, die \u201eHaar\u201c und \u201ePlatte\u201c bedeuten, und von <span style=\"font-style: italic;\">Adhaerens von der<\/span> Tatsache, dass er &#8211; St\u00f6cke &#8211; die Oberfl\u00e4che haftet, die er sich entlang bewegt.<\/span> <span id=\"gts_text_17\" class=\"gts_text\">Es wurde zuerst auf dem Glas eines Meerwasseraquariums in \u00d6sterreich entdeckt und m\u00f6glicherweise machte es das einzige Gesch\u00f6pf, das \u00fcberhaupt in der Gefangenschaft entdeckt wurde.<\/span> <span id=\"gts_text_18\" class=\"gts_text\">Tats\u00e4chlich war es nur im Jahre 1989 dass eine Bev\u00f6lkerung von Trichoplax im wilden entdeckt wurde, in den Meeren vor Japan.<\/span><\/p>\n<h3><span id=\"gts_text_19\" class=\"gts_text\">Gibt es wirklich nur ein Trichoplax?<\/span><\/h3>\n<p><span id=\"gts_text_20\" class=\"gts_text\">Gut im Jahre 1896 <span style=\"font-style: italic;\">wurde<\/span> ein anderes Trichoplax angek\u00fcndigt und <span style=\"font-style: italic;\">Trichoplax Reptans<\/span> nannte.<\/span> <span id=\"gts_text_21\" class=\"gts_text\">Jedoch hat niemand \u00fcberhaupt ein anderes Trichoplax Reptans, so ziemlich vermutlich es existierte nie wirklich gefunden.<\/span> <span id=\"gts_text_22\" class=\"gts_text\">Andererseits in den letzten Jahren haben Wissenschaftler die DNS von Trichoplax Adhaerens studiert und, dass es viel mehr Ver\u00e4nderung gibt, als sie w\u00fcrden erwarten in einzelnen Spezies fanden.<\/span> <span id=\"gts_text_23\" class=\"gts_text\">Dieses hat einiges gef\u00fchrt, sich zu wundern, wenn Trichoplax Adhaerens wirklich viele vielen Spezies ist, das gerade allem Blick geschehen und die selben fungieren.<\/span><\/p>\n<p><span id=\"gts_text_24\" class=\"gts_text\">Bis jetzt jedoch ist das offizielle Wort, dass Trichoplax Adhaerens die einzige Art von Placozoan ist.<\/span> <span id=\"gts_text_25\" class=\"gts_text\">Deshalb bei 2,5 Millimeter (0,1 Zoll), wiegt sich 1 Millimeter (0,04 Zoll) weit und 0,025 Millimeter (0,01 Zoll) dick das Trichoplax Adhaerens als das gr\u00f6\u00dfte!<\/span><\/p>\n<h3><span id=\"gts_text_26\" class=\"gts_text\">Wie was ist Trichoplax?<\/span><\/h3>\n<p><span id=\"gts_text_27\" class=\"gts_text\">Trichoplax Adhaerens hat nur 4 verschiedene Arten Zellen (Leute haben \u00fcber 200).<\/span> <span id=\"gts_text_28\" class=\"gts_text\">Es stellt deshalb einige Puzzlespiele f\u00fcr Zoologen dar.<\/span><\/p>\n<ul>\n<li><span id=\"gts_text_29\" class=\"gts_text\">Wie sagt es seinem K\u00f6rper, wohin man geht, wenn es keine Nervenzellen hat?<\/span><\/li>\n<li><span id=\"gts_text_30\" class=\"gts_text\">Wann es hat seine Nahrung, wie wird es geteilt ziemlich zwischen allen Zellen verdaut?<\/span><\/li>\n<li><span id=\"gts_text_31\" class=\"gts_text\">Wie tut seine Zellen zusammenarbeiten, wenn sein K\u00f6rper keine \u00f6rtlich festgelegte Form hat?<\/span><\/li>\n<li><span id=\"gts_text_32\" class=\"gts_text\">Wenn der K\u00f6rper von einem Trichoplax oben in seine einzelnen Zellen defekt ist, finden sie ihre Weisenr\u00fcckseite zusammen wieder und bauen das urspr\u00fcngliche Trichoplax um.<\/span> <span id=\"gts_text_33\" class=\"gts_text\">Wie tun sie diesen erstaunlichen Trick?<\/span><\/li>\n<li><span id=\"gts_text_34\" class=\"gts_text\">Wenn ein Trichoplax zur H\u00e4lfte geschnitten wird, k\u00f6nnen die zwei H\u00e4lften in zwei neues Trichoplaxes wachsen.<\/span> <span id=\"gts_text_35\" class=\"gts_text\">Wie geschieht dieses?<\/span><\/li>\n<\/ul>\n<p><span id=\"gts_text_36\" class=\"gts_text\">Wissenschaftler wissen, dass Trichoplax in den tropischsten und subtropischsten Meeren auf der ganzen Welt lebt.<\/span> <span id=\"gts_text_37\" class=\"gts_text\">Sie vermuten, dass es Algen isst.<\/span> <span id=\"gts_text_38\" class=\"gts_text\">Es kann Bakterien und andere kleine Nahrungsmittelpartikel auch essen, die fest auf seiner R\u00fcckseite sich ber\u00fchren und erhalten!<\/span><\/p>\n<h3><span id=\"gts_text_39\" class=\"gts_text\">Zusammenfassend<\/span><\/h3>\n<p><span id=\"gts_text_40\" class=\"gts_text\">Das Trichoplax ist ein absolut erstaunliches Gesch\u00f6pf.<\/span><\/p>\n<ul>\n<li><span id=\"gts_text_41\" class=\"gts_text\">Es kann durch irgendein Teil seiner K\u00f6rperoberfl\u00e4che essen,<\/span><\/li>\n<li><span id=\"gts_text_42\" class=\"gts_text\">Es kann sich herum verformen und zerquetschen,<\/span><\/li>\n<li><span id=\"gts_text_43\" class=\"gts_text\">Wenn Sie es zur H\u00e4lfte hacken, erhalten Sie zwei kleineres Trichoplaxes,<\/span><\/li>\n<li><span id=\"gts_text_44\" class=\"gts_text\">Selbst wenn es ganz oben gestampft erh\u00e4lt, verbessert es,<\/span><\/li>\n<li><span id=\"gts_text_45\" class=\"gts_text\">Es ist sehr hart, &#8211; Lichtglanz durch es gerade zu sehen,<\/span><\/li>\n<li><span id=\"gts_text_46\" class=\"gts_text\">Es ist anders als jedes m\u00f6gliches andere Tier im Tierreich.<\/span><\/li>\n<\/ul>\n<p><span id=\"gts_text_47\" class=\"gts_text\">Wenn es sagen wir 2000mal gr\u00f6\u00dfer war, w\u00fcrde es ein perfektes Monster f\u00fcr einen furchtsamen Film sein.<\/span> <span id=\"gts_text_48\" class=\"gts_text\">Da es ist, ist es der gr\u00f6\u00dften Welt und nur Placozoan und ein erstaunliches Mitglied des Tierreichs, den Sie m\u00f6glicherweise gerade in Ihrem Salzwasseraquarium f\u00e4nden.<\/span><\/p>\n<div style=\"text-align: center;\"><img decoding=\"async\" style=\"width: 519px; height: 500px;\" title=\"Ein Trichoplax Adhaerens (ein Placozoan), wenn die Skala addiert ist, um die Gr\u00f6\u00dfe zu zeigen.\" src=\"http:\/\/ba.dr-mikes-maths.com\/\/wp-content\/themes\/twentyten\/images\/ba\/trichoplax-annotated.jpg\" alt=\"Ein trichoplax Adhaerens (ein Placozoan), wenn die Skala addiert ist, um die Gr\u00f6\u00dfe zu zeigen.\" \/><\/div>\n","protected":false},"excerpt":{"rendered":"<p>Das Trichoplax Stellen Sie sich einen flachen Klecks des rosa-wei\u00dfen Gelees fest zur Wand vor. Stellen Sie jetzt vor, dass sich sie seine Weise entlang durchsickert und fortw\u00e4hrend sich verformt, w\u00e4hrend sie geht. Sie erreicht essbares etwas, kriecht \u00fcber sie, h\u00fcllt sie ein und verdaut langsam sein Opfer. Schlie\u00dflich stellen Sie vor sich, dass dieses &hellip; <a href=\"https:\/\/www.big-animals.com\/de\/trichoplax-adhaerens-d-welt-gros-und-nur-placozoan\/\" class=\"more-link\">Continue reading <span class=\"screen-reader-text\">Trichoplax Adhaerens &#8211; der Welt am gr\u00f6\u00dften &#8211; und nur &#8211; Placozoan<\/span><\/a><\/p>\n","protected":false},"author":1,"featured_media":0,"parent":0,"menu_order":0,"comment_status":"closed","ping_status":"open","template":"","meta":{"_acf_changed":false,"footnotes":""},"acf":[],"_links":{"self":[{"href":"https:\/\/www.big-animals.com\/de\/wp-json\/wp\/v2\/pages\/26"}],"collection":[{"href":"https:\/\/www.big-animals.com\/de\/wp-json\/wp\/v2\/pages"}],"about":[{"href":"https:\/\/www.big-animals.com\/de\/wp-json\/wp\/v2\/types\/page"}],"author":[{"embeddable":true,"href":"https:\/\/www.big-animals.com\/de\/wp-json\/wp\/v2\/users\/1"}],"replies":[{"embeddable":true,"href":"https:\/\/www.big-animals.com\/de\/wp-json\/wp\/v2\/comments?post=26"}],"version-history":[{"count":0,"href":"https:\/\/www.big-animals.com\/de\/wp-json\/wp\/v2\/pages\/26\/revisions"}],"wp:attachment":[{"href":"https:\/\/www.big-animals.com\/de\/wp-json\/wp\/v2\/media?parent=26"}],"curies":[{"name":"wp","href":"https:\/\/api.w.org\/{rel}","templated":true}]}}