{"id":27,"date":"2011-05-09T09:10:29","date_gmt":"2011-05-09T09:10:29","guid":{"rendered":""},"modified":"2011-05-09T09:10:29","modified_gmt":"2011-05-09T09:10:29","slug":"komodowaran","status":"publish","type":"page","link":"https:\/\/www.big-animals.com\/de\/komodowaran\/","title":{"rendered":"Komodowaran"},"content":{"rendered":"<p><span id=\"gts_text_1\" class=\"gts_text\">Das Komodowaran ist die gr\u00f6\u00dfte Eidechse in der Welt.<\/span> <span id=\"gts_text_2\" class=\"gts_text\">Es wird in den indonesischen Inseln von Komodo, von Rinca, von Flores und von Gili Motang gefunden.<\/span> <span id=\"gts_text_3\" class=\"gts_text\">Es kann bis 3 Meter wachsen lang (10 Fu\u00df) und wiegt herum 70 Kilogramm (155 lbs).<\/span> <span id=\"gts_text_4\" class=\"gts_text\">Es wird z.Z. als bedrohte Art wegen der Abholzung, des Tourismus, des Pochierens und der Naturkatastrophen wie vulkanische Eruptionen auf den Inseln klassifiziert, denen es auf lebt.<\/span> <span id=\"gts_text_5\" class=\"gts_text\">Komodowaran werden unter indonesischem Gesetz und besonders im Nationalpark Komodo gesch\u00fctzt.<\/span> <span id=\"gts_text_6\" class=\"gts_text\">Es gibt ungef\u00e4hr ungef\u00e4hr 4000 bis 5000 lebende Komodowaran im wilden.<\/span><\/p>\n<h3><span id=\"gts_text_7\" class=\"gts_text\">Wie das Komodowaran isst<\/span><\/h3>\n<figure id=\"attachment_658\" aria-describedby=\"caption-attachment-658\" style=\"width: 300px\" class=\"wp-caption alignleft\"><a href=\"http:\/\/www.big-animals.com\/wp-content\/uploads\/2011\/03\/Komodo-Dragon-Face.jpg\"><img loading=\"lazy\" decoding=\"async\" class=\"size-medium wp-image-658\" title=\"Das Gesicht eines Komodowarans. Pic durch Trisha-Scheren\" src=\"http:\/\/www.big-animals.com\/wp-content\/uploads\/2011\/03\/Komodo-Dragon-Face-300x196.jpg\" alt=\"Das Gesicht eines Komodowarans. Pic durch Trisha-Scheren\" width=\"300\" height=\"196\" \/><\/a><figcaption id=\"caption-attachment-658\" class=\"wp-caption-text\">The Face of a Komodo Dragon. Pic by Trisha Shears<\/figcaption><\/figure>\n<p><span id=\"gts_text_8\" class=\"gts_text\">Komodowaran sind Fleischesser und -reiniger.<\/span> <span id=\"gts_text_9\" class=\"gts_text\">Sie essen sogar ihre eigenen Spezies.<\/span> <span id=\"gts_text_10\" class=\"gts_text\">Sie jagen und \u00fcberfallen Opfer wie Rotwild, Schweine, V\u00f6gel und sogar gro\u00dfer Wasserb\u00fcffel und -menschen.<\/span> <span id=\"gts_text_11\" class=\"gts_text\">Es wird gesch\u00e4tzt, dass 10% ihrer Di\u00e4t aus anderen Komodowaran besteht!<\/span> <span id=\"gts_text_12\" class=\"gts_text\">Sie essen fast irgendeine Art Fleisch.<\/span> <span id=\"gts_text_13\" class=\"gts_text\">Baby-Komodowaran ziehen auf gr\u00f6\u00dftenteils kleine Eidechsen oder Insekten ein.<\/span> <span id=\"gts_text_14\" class=\"gts_text\">\u00a0Sie sind in der Lage, das kleinere ganze Opfer zu schlucken (bis zur Gr\u00f6\u00dfe einer Ziege) wie eine Schlange, weil sie lose Kiefer, flexible Sch\u00e4del und einen dehnbaren Magen verbunden haben.<\/span> <span id=\"gts_text_15\" class=\"gts_text\">Das Komodowaran nimmt 15-20 Minuten, um eine Ziege zu schlucken.<\/span> <span id=\"gts_text_16\" class=\"gts_text\">Dieses verr\u00fcckte Komodowaran beschleunigt sogar den Prozess des Schluckens, indem es die Karkasse gegen einen Baum rammt, um ihn hinunter seine Kehle zu zwingen!<\/span> <span id=\"gts_text_17\" class=\"gts_text\">Manchmal erh\u00e4lt der schlechte Baum vorbei geklopft.<\/span> <span id=\"gts_text_18\" class=\"gts_text\">Jedoch wird er nicht durch die gro\u00dfen Klumpen der Nahrung erstickt, weil er unter Verwendung der kleinen Rohre unter seiner Zunge atmet, angeschlossen an die Lungen.<\/span> <span id=\"gts_text_19\" class=\"gts_text\">Deshalb atmet er durch seinen Mund.<\/span> <span id=\"gts_text_20\" class=\"gts_text\">Da die Komodowaran keine Membran haben, k\u00f6nnen sie Wasser nicht saugen oder sogar Wasser mit ihrer gelben Zunge einh\u00fcllen.<\/span> <span id=\"gts_text_21\" class=\"gts_text\">So nehmen sie tats\u00e4chlich einen Bissen Wasser und ihre K\u00f6pfe anzuheben lie\u00df bis den Wasserstrom hinunter ihre Kehle.<\/span><\/p>\n<p><span id=\"gts_text_22\" class=\"gts_text\">Nachdem sie bis 80% ihres K\u00f6rpergewichts in einer Mahlzeit gegessen haben, schleppen sich sie zu einer sonnigen Stelle, um Verdauung zu beschleunigen.<\/span> <span id=\"gts_text_23\" class=\"gts_text\">Sie ist, weil die Nahrung verrotten und sie vergiften k\u00f6nnte, wenn sie zu lange unverdaut verlassen wird.<\/span><\/p>\n<p><span id=\"gts_text_24\" class=\"gts_text\">Das Komodowaran hat eine langsame metabolische Rate wie eine Schlange.<\/span> <span id=\"gts_text_25\" class=\"gts_text\">Ein gro\u00dfes komodo kann so wenig wie 12 Mahlzeiten ein Jahr an leben.<\/span> <span id=\"gts_text_26\" class=\"gts_text\">Es erbricht sich heraus die H\u00f6rner, das Haar und die Z\u00e4hne seines Opfers.<\/span> <span id=\"gts_text_27\" class=\"gts_text\">Dann s\u00e4ubert es sein Gesicht mit Schmutz oder auf einen Busch.<\/span><\/p>\n<figure id=\"attachment_659\" aria-describedby=\"caption-attachment-659\" style=\"width: 300px\" class=\"wp-caption aligncenter\"><a href=\"http:\/\/www.big-animals.com\/wp-content\/uploads\/2011\/03\/Komodo_Dragon_And_Human.png\"><img loading=\"lazy\" decoding=\"async\" class=\"size-medium wp-image-659\" title=\"Das Komodowaran ist die gr\u00f6\u00dfte Eidechse der Welt\" src=\"http:\/\/www.big-animals.com\/wp-content\/uploads\/2011\/03\/Komodo_Dragon_And_Human-300x136.png\" alt=\"Das Komodowaran ist die gr\u00f6\u00dfte Eidechse der Welt\" width=\"300\" height=\"136\" \/><\/a><figcaption id=\"caption-attachment-659\" class=\"wp-caption-text\">The Komodo Dragon is the World&#038;#39;s Biggest Lizard<\/figcaption><\/figure>\n<p><span id=\"gts_text_28\" class=\"gts_text\">Das gr\u00f6\u00dfte Komodowaran erh\u00e4lt zu erhalten, zuerst zu essen, w\u00e4hrend die kleineren warten m\u00fcssen.<\/span> <span id=\"gts_text_29\" class=\"gts_text\">Wenn sie von der gleichen Gr\u00f6\u00dfe sind, gibt es einen Kampf unter ihnen.<\/span> <span id=\"gts_text_30\" class=\"gts_text\">Verlierer \u00fcbergeben.<\/span> <span id=\"gts_text_31\" class=\"gts_text\">Leider werden die Verlierer manchmal von den Siegern get\u00f6tet und gegessen!<\/span><\/p>\n<p><span id=\"gts_text_32\" class=\"gts_text\">Glauben Sie ihm oder nicht, gelegentlich sie essen sogar Menschen und tote menschliche K\u00f6rper.<\/span> <span id=\"gts_text_33\" class=\"gts_text\">Sie graben oben die K\u00f6rper von den Schwalbengr\u00e4bern, hat diese grauenhafte Gewohnheit die D\u00f6rfer von Komodo veranla\u00dft, ihre Gr\u00e4ber vom sandigen Boden auf Lehmboden- und -stapelfelsen auf die Gr\u00e4ber zu verschieben, damit es h\u00e4rter f\u00fcr diese Komodowaran ist, die K\u00f6rper oben zu graben.<\/span><\/p>\n<h3><span id=\"gts_text_34\" class=\"gts_text\">Komodowaran-Babys<\/span><\/h3>\n<p><span id=\"gts_text_35\" class=\"gts_text\">Das Mutter Komodowaran legt ihre Eier im September.<\/span> <span id=\"gts_text_36\" class=\"gts_text\">Sie legt bis 30 Eier im Nest.<\/span> <span id=\"gts_text_37\" class=\"gts_text\">Sie benutzt den Nesth\u00fcgel einer B\u00fcrste die T\u00fcrkei.<\/span> <span id=\"gts_text_38\" class=\"gts_text\">Die Baby Komodowaran sind ungef\u00e4hr 40cm (16 Zoll) und wiegen ungef\u00e4hr 100 Gramm (3,3 Unze).<\/span> <span id=\"gts_text_39\" class=\"gts_text\">Die Eier werden f\u00fcr 7 bis 8 Monate ausgebr\u00fctet und sie br\u00fcten im April aus.<\/span> <span id=\"gts_text_40\" class=\"gts_text\">Sobald sie ausgebr\u00fctet werden, werden junge Kodomo-Drachen \u00fcberlassen, um sich um selbst zu k\u00fcmmern.<\/span> <span id=\"gts_text_41\" class=\"gts_text\">Sie laufen schnell zu den Treetops.<\/span> <span id=\"gts_text_42\" class=\"gts_text\">Sie leben dort, bis sie genug gro\u00df sind, sich vor durch Fleischfresser und andere Komodowaran gegessen werden zu sch\u00fctzen.<\/span> <span id=\"gts_text_43\" class=\"gts_text\">Sie leben normalerweise oben in den B\u00e4umen, bis sie ungef\u00e4hr 3-5 Jahre alt sind.<\/span> <span id=\"gts_text_44\" class=\"gts_text\">Sie k\u00f6nnen leben solange 50 Jahre alt.\u00a0<\/span> <span id=\"gts_text_45\" class=\"gts_text\">Junge Komodowaran sind mehrfarbig.<\/span> <span id=\"gts_text_46\" class=\"gts_text\">Sie k\u00f6nnen gelb, gr\u00fcn, mit einer gesprenkelten und mit einem Band versehenen Haut braun und grau sein.<\/span> <span id=\"gts_text_47\" class=\"gts_text\">Erwachsene Farben schwanken vom t\u00f6nernen Rot zu dunkelgrauem und zu Schwarzem.<\/span><\/p>\n<figure id=\"attachment_660\" aria-describedby=\"caption-attachment-660\" style=\"width: 300px\" class=\"wp-caption alignright\"><a href=\"http:\/\/www.big-animals.com\/wp-content\/uploads\/2011\/03\/Komodo_Dragon.jpg\"><img loading=\"lazy\" decoding=\"async\" class=\"size-medium wp-image-660\" title=\"Ein sicherndes Komodowaran\" src=\"http:\/\/www.big-animals.com\/wp-content\/uploads\/2011\/03\/Komodo_Dragon-300x139.jpg\" alt=\"Ein sicherndes Komodowaran\" width=\"300\" height=\"139\" \/><\/a><figcaption id=\"caption-attachment-660\" class=\"wp-caption-text\">A Captive Komodo Dragon<\/figcaption><\/figure>\n<p><span id=\"gts_text_48\" class=\"gts_text\">Das Komodowaran hat ein muskul\u00f6ses Endst\u00fcck solange sein K\u00f6rper.<\/span> <span id=\"gts_text_49\" class=\"gts_text\">Es hat ungef\u00e4hr 60 gezackte Z\u00e4hne, die ungef\u00e4hr 2,5 Zentimeter (1 Zoll) lang sind.<\/span> <span id=\"gts_text_50\" class=\"gts_text\">Die Z\u00e4hne sind Rasiermesserscharfes wie Z\u00e4hne eines die Fleisch fressend Haifischs.<\/span> <span id=\"gts_text_51\" class=\"gts_text\">Was erstaunlich ist, ist diese 60 Z\u00e4hne werden h\u00e4ufig ersetzt.<\/span> <span id=\"gts_text_52\" class=\"gts_text\">Seine Z\u00e4hne ist entworfen, um zu schneiden, zu zerrei\u00dfen und Schnitt, aber nicht f\u00fcr das Kauen, deshalb zerrei\u00dft es gro\u00dfe Klumpen des Fleisches vom Opfer und schluckt ihn ganz beim die Karkasse mit ihren Vorderbeinen nach unten halten.<\/span> <span id=\"gts_text_53\" class=\"gts_text\">\u00a0Seine Z\u00e4hne werden in den Gummis versteckt.<\/span> <span id=\"gts_text_54\" class=\"gts_text\">Deshalb hat es nicht das \u201etoothy L\u00e4cheln\u201c eines Krokodils.<\/span> <span id=\"gts_text_55\" class=\"gts_text\">Sein Speichel wird h\u00e4ufig mit Blut gef\u00e4rbt, weil seine Z\u00e4hne fast vollst\u00e4ndig durch Gummigewebe bedeckt werden, das normalerweise geschnitten und zerrissen wird, wenn das Komodowaran das Fleisch eines Opfers auseinander rei\u00dft.<\/span><\/p>\n<p><span id=\"gts_text_56\" class=\"gts_text\">Haben dieser Art von Blut-t\u00f6nte Speicheldrehungen der Speichel des Komodowarans in einen gro\u00dfen Platz, damit giftige Bakterien wachsen.<\/span> <span id=\"gts_text_57\" class=\"gts_text\">Die Bakterienursacheninfektion und h\u00e4ufig das verletzte Opfer sterben innerhalb 2-3 Tage, selbst wenn es entgeht.<\/span> <span id=\"gts_text_58\" class=\"gts_text\">Das Komodowaran hat ein langes, Gelb, tief gegabelte Zunge, die es verwendet, um zu schmecken und zu riechen.<\/span> <span id=\"gts_text_59\" class=\"gts_text\">Es hat eine Vernunft des Geruchs, aber es hat keine Vernunft der Anh\u00f6rung.<\/span> <span id=\"gts_text_60\" class=\"gts_text\">Jedoch ist es in der Lage, weit zu sehen.<\/span> <span id=\"gts_text_61\" class=\"gts_text\">Es kann bis zu 300 Metern (1000 ft) sehen.<\/span> <span id=\"gts_text_62\" class=\"gts_text\">Es hat schlechte Nachtsicht.<\/span> <span id=\"gts_text_63\" class=\"gts_text\">Es ist in der Lage, in der Farbe zu sehen, aber es kann Sachen nicht sehen, wenn sie nicht umziehen.<\/span><\/p>\n<p><span id=\"gts_text_64\" class=\"gts_text\">Haben einer Vernunft des Geruchs, mithilfe eines vorteilhaften Winds und seiner Gewohnheit von seines Kopfes von Seite zu Seite schwingen, w\u00e4hrend er geht, helfen gro\u00df den Komodowaran, um in der Lage zu sein, faules totes Fleisch weg auszusuchen bis 10 Kilometer (6 Meilen).<\/span><\/p>\n<p><span id=\"gts_text_65\" class=\"gts_text\">Komodowaran haben flache K\u00f6pfe mit den gerundeten Schnauzen und den Kurzschluss gebeugten Beinen.<\/span> <span id=\"gts_text_66\" class=\"gts_text\">\u00a0Sie werden mit Skalen bedeckt.<\/span> <span id=\"gts_text_67\" class=\"gts_text\">Einige der Skalen des Komodowarans werden mit dem Knochen verst\u00e4rkt und einige haben Lose Nerven, die seinem Tastsinn hilft.<\/span> <span id=\"gts_text_68\" class=\"gts_text\">Diese speziellen Skalen wachsen um die Ohren, die Lippen, Kinn und die Sohle der F\u00fc\u00dfe des Komodowarans.<\/span><\/p>\n<p><span id=\"gts_text_69\" class=\"gts_text\">Obgleich sie enorm sind, ist das Komodowaran eine sich schnell bewegende Monitoreidechse.<\/span> <span id=\"gts_text_70\" class=\"gts_text\">Es kann bei 20 Kilometern pro Stunde (12 Meilen pro Stunde) \u00fcber kurzen Entfernungen schnell laufen.<\/span> <span id=\"gts_text_71\" class=\"gts_text\">Es ist ein guter L\u00e4ufer der kurzen Entfernung.<\/span> <span id=\"gts_text_72\" class=\"gts_text\">Sie k\u00f6nnen die B\u00e4ume kompetent klettern, wenn sie jung sind, indem sie ihre starken Greifer verwenden und sie gro\u00dfe Schwimmer sind.<\/span> <span id=\"gts_text_73\" class=\"gts_text\">Sie k\u00f6nnen tauchen bis 4,5 Meter (15 Fu\u00df).<\/span><\/p>\n<h3><span id=\"gts_text_74\" class=\"gts_text\">Komodowaran-Lebensraum<\/span><\/h3>\n<p><span id=\"gts_text_75\" class=\"gts_text\">Das Komodowaran lebt in den trockenen hei\u00dfen felsigen Bereichen.<\/span> <span id=\"gts_text_76\" class=\"gts_text\">\u00a0Es liebt, an der trockenen offenen Wiese, an der Savanne und am tropischen Wald zu sein.<\/span> <span id=\"gts_text_77\" class=\"gts_text\">Es ist ein sehr alleines Gesch\u00f6pf ausgenommen w\u00e4hrend die z\u00fcchtende Jahreszeit und das Essen.<\/span> <span id=\"gts_text_78\" class=\"gts_text\">Eine Sache, die \u00fcber die Komodowaran gut ist, sind sie sind bereit, ihre einziehenbereiche zu teilen.<\/span> <span id=\"gts_text_79\" class=\"gts_text\">Sie schl\u00e4ft in den Untertagebauten.<\/span> <span id=\"gts_text_80\" class=\"gts_text\">Sie reguliert seine K\u00f6rpertemperatur, indem sie den Bau verwenden.<\/span> <span id=\"gts_text_81\" class=\"gts_text\">Diese Bauten sind ungef\u00e4hr 1 &#8211; 3 Meter breit (3-10 Fu\u00df).<\/span> <span id=\"gts_text_82\" class=\"gts_text\">Sie benutzt seine starken Vorderbeine und Greifer, um diese Bauten zu errichten.<\/span><\/p>\n<p><span id=\"gts_text_83\" class=\"gts_text\">M\u00e4nnliche Komodowaran sind sehr territorial und sie waren verteidigen ihr Gebiet und sogar Patrouille bis 2 Kilometer, um sich keiner anderen Komodowaran zu vergewissern, ihr Gebiet einzudringen.<\/span><\/p>\n<p><span id=\"gts_text_84\" class=\"gts_text\">W\u00e4hrend das Komodowaran \u00e4lter w\u00e4chst, werden seine Greifer haupts\u00e4chlich als Waffen benutzt &#8211; sie werden selten f\u00fcr das Klettern von B\u00e4umen benutzt, weil die erwachsenen Drachen gerade zu schwer sind.<\/span> <span id=\"gts_text_85\" class=\"gts_text\">Es ist am Tag aktiver.<\/span> <span id=\"gts_text_86\" class=\"gts_text\">Es jagt normalerweise am Nachmittag.<\/span> <span id=\"gts_text_87\" class=\"gts_text\">Wenn es zu hei\u00df ist, bleibt es im Schatten.<\/span> <span id=\"gts_text_88\" class=\"gts_text\">Ihre Lieblingsruhepl\u00e4tze befinden sich an den unfruchtbaren Bergen oder an den H\u00fcgeln mit k\u00fchler Seebrise.<\/span><\/p>\n","protected":false},"excerpt":{"rendered":"<p>Das Komodowaran ist die gr\u00f6\u00dfte Eidechse in der Welt. Es wird in den indonesischen Inseln von Komodo, von Rinca, von Flores und von Gili Motang gefunden. Es kann bis 3 Meter wachsen lang (10 Fu\u00df) und wiegt herum 70 Kilogramm (155 lbs). Es wird z.Z. als bedrohte Art wegen der Abholzung, des Tourismus, des Pochierens &hellip; <a href=\"https:\/\/www.big-animals.com\/de\/komodowaran\/\" class=\"more-link\">Continue reading <span class=\"screen-reader-text\">Komodowaran<\/span><\/a><\/p>\n","protected":false},"author":1,"featured_media":0,"parent":0,"menu_order":0,"comment_status":"closed","ping_status":"open","template":"","meta":{"_acf_changed":false,"footnotes":""},"acf":[],"_links":{"self":[{"href":"https:\/\/www.big-animals.com\/de\/wp-json\/wp\/v2\/pages\/27"}],"collection":[{"href":"https:\/\/www.big-animals.com\/de\/wp-json\/wp\/v2\/pages"}],"about":[{"href":"https:\/\/www.big-animals.com\/de\/wp-json\/wp\/v2\/types\/page"}],"author":[{"embeddable":true,"href":"https:\/\/www.big-animals.com\/de\/wp-json\/wp\/v2\/users\/1"}],"replies":[{"embeddable":true,"href":"https:\/\/www.big-animals.com\/de\/wp-json\/wp\/v2\/comments?post=27"}],"version-history":[{"count":0,"href":"https:\/\/www.big-animals.com\/de\/wp-json\/wp\/v2\/pages\/27\/revisions"}],"wp:attachment":[{"href":"https:\/\/www.big-animals.com\/de\/wp-json\/wp\/v2\/media?parent=27"}],"curies":[{"name":"wp","href":"https:\/\/api.w.org\/{rel}","templated":true}]}}