{"id":29,"date":"2011-05-09T09:20:06","date_gmt":"2011-05-09T09:20:06","guid":{"rendered":""},"modified":"2014-02-20T11:02:56","modified_gmt":"2014-02-20T11:02:56","slug":"amphibien","status":"publish","type":"page","link":"https:\/\/www.big-animals.com\/de\/amphibien\/","title":{"rendered":"Amphibien"},"content":{"rendered":"<p><span class=\"gts_text\" id=\"gts_text_1\">Amphibien sind Tiere, die im Wasser leben, wenn sie jung sind und leben anschlie\u00dfend auf dem Land, wenn sie erwachsen sind.<\/span> <span class=\"gts_text\" id=\"gts_text_2\">Sie besitzen ein <a title=\"Die gr\u00f6\u00dften Wirbeltiere der Welt!\" href=\"http:\/\/www.big-animals.com\/the-worlds-biggest-vertebrates\/\">R\u00fcckgrat<\/a>.<\/span> <span class=\"gts_text\" id=\"gts_text_3\">Die verschiedenen Arten von Amphibien sind <a title=\"Frosch\" href=\"http:\/\/www.big-animals.com\/frog\/\">Fr\u00f6sche<\/a>, <a title=\"Salamander\" href=\"http:\/\/www.big-animals.com\/salamanders\/\">Salamander<\/a> und <a title=\"Caecilian\" href=\"http:\/\/www.big-animals.com\/caecilian\/\">Schleichenlurchen<\/a>.<\/span> <span class=\"gts_text\" id=\"gts_text_4\">Schleichenlurchen haben keine Beine und sehen wie W\u00fcrmer aus!<\/span> <span class=\"gts_text\" id=\"gts_text_5\">Eine Kr\u00f6te ist eigentlich nur eine spezielle Art des Frosches.<\/span> <span class=\"gts_text\" id=\"gts_text_6\">Amphibien sind kaltbl\u00fctige Lebewesen.<\/span> <span class=\"gts_text\" id=\"gts_text_7\">Es gibt ungef\u00e4hr 6500 Spezies von Amphibien.<\/span><\/p>\n<figure id=\"attachment_850\" aria-describedby=\"caption-attachment-850\" style=\"width: 300px\" class=\"wp-caption alignleft\"><a href=\"http:\/\/www.big-animals.com\/wp-content\/uploads\/2011\/04\/Frog.jpg\"><img loading=\"lazy\" decoding=\"async\" class=\"size-medium wp-image-850\" title=\"Fr\u00f6sche sind die Amphibien, die Leute Bestes kennen\" alt=\"Fr\u00f6sche sind die Amphibien, die Leute Bestes kennen\" src=\"http:\/\/www.big-animals.com\/wp-content\/uploads\/2011\/04\/Frog-300x196.jpg\" width=\"300\" height=\"196\" \/><\/a><figcaption id=\"caption-attachment-850\" class=\"wp-caption-text\">Fr\u00f6sche sind die bekanntesten Amphibien<\/figcaption><\/figure>\n<p><span class=\"gts_text\" id=\"gts_text_8\">Leider ist in den letzten Jahrzehnten die Anzahl von Amphibien in der Welt nach unten gegangen.<\/span> <span class=\"gts_text\" id=\"gts_text_9\">Viele der Spezies sind jetzt bedroht oder ausgestorben aufgrund von Lebensraumzerst\u00f6rung, illegaler Jagd, Umweltverschmutzung,\u00a0 Klimawandels und Krankheiten.<\/span><\/p>\n<p><span class=\"gts_text\" id=\"gts_text_10\">Amphibien leben in verschiedenen Umgebungen, die meisten Spezies brauchen S\u00fc\u00dfwasserumgebungen wie z.B. S\u00fcmpfe, Teiche, Fl\u00fcsse, Str\u00f6mungen oder andere nasse Pl\u00e4tze f\u00fcr das Legen von Eiern.<\/span> Amphibien sind relativ einfache Beutetiere<span class=\"gts_text\" id=\"gts_text_11\">.<\/span> <span class=\"gts_text\" id=\"gts_text_12\">Sie besitzen keine giftigen Bisse wie die Kobra oder scharfe Greifer wie die eines Adlers.<\/span> <span class=\"gts_text\" id=\"gts_text_13\">Sie ern\u00e4hren sich von Insekten, Spinnen, W\u00fcrmern, kleinen Fischen, kleinen Reptilien und sogar von kleineren Amphibienn.<\/span><\/p>\n<p><span class=\"gts_text\" id=\"gts_text_14\">Die K\u00f6rpertemperatur einer Amphibie \u00e4ndert sich der Umgebungstemperatur entsprechend.<\/span> <span class=\"gts_text\" id=\"gts_text_15\">Sie \u00e4ndern ihre Farbe, um ihre K\u00f6rpertemperatur anzupassen.<\/span> <span class=\"gts_text\" id=\"gts_text_16\">Zum Beispiel sind sie in der Lage, zu einer dunkleren Farbe zu wechseln, wenn sie mehr Hitze absorbieren m\u00fcssen.<\/span> <span class=\"gts_text\" id=\"gts_text_17\">Ist das nicht erstaunlich?<\/span> <span class=\"gts_text\" id=\"gts_text_18\">Sie sind w\u00e4hrend der warmen Tage aktiver und sind in der Lage, im Sommer besser als im Winter zu jagen.<\/span> <span class=\"gts_text\" id=\"gts_text_19\">Das kalte Wetter macht sie tr\u00e4ge.<\/span> <span class=\"gts_text\" id=\"gts_text_20\">Indem sie ihre Farbe \u00e4ndern, k\u00f6nnen sie sich tarnen und so ihren J\u00e4gern entgehen.<\/span><\/p>\n<figure id=\"attachment_851\" aria-describedby=\"caption-attachment-851\" style=\"width: 251px\" class=\"wp-caption alignright\"><a href=\"http:\/\/www.big-animals.com\/wp-content\/uploads\/2011\/04\/Axolotl.jpg\"><img loading=\"lazy\" decoding=\"async\" class=\"size-full wp-image-851\" title=\"Der Axolotl schaut sehr nett!\" alt=\"Der Axolotl schaut sehr nett!\" src=\"http:\/\/www.big-animals.com\/wp-content\/uploads\/2011\/04\/Axolotl.jpg\" width=\"251\" height=\"202\" \/><\/a><figcaption id=\"caption-attachment-851\" class=\"wp-caption-text\">Der Axolotl sieht s\u00fc\u00df aus!<\/figcaption><\/figure>\n<p><span class=\"gts_text\" id=\"gts_text_21\">Es gibt sie in verschiedenen Gr\u00f6\u00dfen.<\/span> <span class=\"gts_text\" id=\"gts_text_22\">Die allergr\u00f6\u00dfte Amphibie ist der <a title=\"Chinesischer Riesensalamander\" href=\"http:\/\/www.big-animals.com\/chinese-giant-salamander\/\">chinesische Riesensalamander,<\/a> der 180cm lang ist.<\/span> <span class=\"gts_text\" id=\"gts_text_23\">Einige der Kleinsten sind die brasilianischen Goldfr\u00f6sche, die nur 9.8mm lang sind.<\/span> <span class=\"gts_text\" id=\"gts_text_24\">Fr\u00f6sche reichen von ungef\u00e4hr 1cm bis 33cm w\u00e4hrend Salamander l\u00e4nger sind, reichend von ungef\u00e4hr 2,7 bis 180cm lang.<\/span> <span class=\"gts_text\" id=\"gts_text_25\">Schleichenlurchen sind ungef\u00e4hr 7 bis 150cm in der L\u00e4nge .<\/span> <span class=\"gts_text\" id=\"gts_text_26\">Der gr\u00f6\u00dfte Frosch ist der <a title=\"Goliath-Frosch\" href=\"http:\/\/www.big-animals.com\/goliath-frog\/\">Goliath-Frosch,<\/a> der 33cm lang ist, und die gr\u00f6\u00dfte Schleichenlurche ist <a title=\"Caecilian Thompsoni\" href=\"http:\/\/www.big-animals.com\/caecilian-thompsoni\/\"><em>Caecilia Thompsoni,<\/em><\/a> die ungef\u00e4hr 150cm ist.<\/span><\/p>\n<p><span class=\"gts_text\" id=\"gts_text_27\">Amphibien haben eine weiche, glatte, glibberige Haut.<\/span> <span class=\"gts_text\" id=\"gts_text_28\">Ihre Haut ist in der Lage, Gase und Fl\u00fcssigkeiten durchzulassen.<\/span> <span class=\"gts_text\" id=\"gts_text_29\">Deshalb sind sie tats\u00e4chlich dazu f\u00e4hig, durch ihre Haut zu atmen!<\/span> <span class=\"gts_text\" id=\"gts_text_30\">Ist das nicht interessant?<\/span> <span class=\"gts_text\" id=\"gts_text_31\">Zum Beispiel haben Salamander por\u00f6se Haut, die ihnen erm\u00f6glicht, Sauerstoff und Wasser durch ihre Haut zu absorbieren.<\/span> <span class=\"gts_text\" id=\"gts_text_32\">Obgleich einige Amphibien, wie Babykaulquappen, mit ihren Kiemen atmen, im Alter entwickeln sie Lungen um zu atmen.<\/span> <span class=\"gts_text\" id=\"gts_text_33\">Sie h\u00e4ngen immer noch von ihrer Haut ab, um zus\u00e4tzlichen Sauerstoff zu absorbieren.<\/span> <span class=\"gts_text\" id=\"gts_text_34\">Sie trinken kein Wasser &#8211; das ganze Wasser, das sie ben\u00f6tigen, kriegen sie durch die Aufnahme der Haut.<\/span><\/p>\n<p><span class=\"gts_text\" id=\"gts_text_35\">Die meisten Amphibien haben Dr\u00fcsen in der Haut, die giftige Toxine produzieren, um sich gegen ihre Feinde zu verteidigen.<\/span> <span class=\"gts_text\" id=\"gts_text_36\">Ein ber\u00fchmtes Beispiel ist der Pfeilgiftfrosch.<\/span> <span class=\"gts_text\" id=\"gts_text_37\">Sie haben lange, klebrige Zungen um Insekten zu fangen.<\/span> Schleichenlurchen t\u00f6ten ihre Beute schnell mit ihren scharfen Z\u00e4hnen.<\/p>\n<figure id=\"attachment_854\" aria-describedby=\"caption-attachment-854\" style=\"width: 300px\" class=\"wp-caption alignleft\"><a href=\"http:\/\/www.big-animals.com\/wp-content\/uploads\/2011\/04\/Caecilian1.jpg\"><img loading=\"lazy\" decoding=\"async\" class=\"size-medium wp-image-854 \" title=\"Caecilians-Blick m\u00f6gen gerade W\u00fcrmer oder Schlangen!\" alt=\"Caecilians-Blick m\u00f6gen gerade W\u00fcrmer oder Schlangen!\" src=\"http:\/\/www.big-animals.com\/wp-content\/uploads\/2011\/04\/Caecilian1-300x191.jpg\" width=\"300\" height=\"191\" \/><\/a><figcaption id=\"caption-attachment-854\" class=\"wp-caption-text\">Schleichenlurchen sehen genauso aus wie W\u00fcrmer und Schlangen!<\/figcaption><\/figure>\n<p><span class=\"gts_text\" id=\"gts_text_39\">Die meisten ausgewachsenen Amphibien haben Z\u00e4hne wie die Schleichenlurchen.\u00a0<\/span> <span class=\"gts_text\" id=\"gts_text_40\">Fr\u00f6sche haben nur Z\u00e4hne im Oberkiefer &#8211; sie haben keine Z\u00e4hne in ihrem Unterkiefer &#8211; also schlucken sie ihre Nahrung normalerweise im Ganzen, so wie Schlangen.\u00a0Sie<\/span> <span class=\"gts_text\" id=\"gts_text_41\">benutzen ihre Z\u00e4hne, um sind an ihrer Beute festzuhalten und um nicht kauen zu m\u00fcssen.\u00a0Jedoch haben einige Spezies keine Z\u00e4hne, zum Beispiel der afrikanische Krallenfrosch.<\/span><\/p>\n<p><span class=\"gts_text\" id=\"gts_text_42\">Fast alle Amphibien legen ihre Eier im Wasser.<\/span> <span class=\"gts_text\" id=\"gts_text_43\">Jedoch legen einige Fr\u00f6sche, Salamander und Schleichenlurchen ihre Eier in feuchten Pl\u00e4tzen wie z.B. Rissen oder Bauten im Boden.\u00a0<\/span> <span class=\"gts_text\" id=\"gts_text_44\">Fast alle Fr\u00f6sche legen ihre Eier im Wasser und aus den Eiern schl\u00fcpfen Kaulquappel, die im Wasser leben.<\/span> <span class=\"gts_text\" id=\"gts_text_45\">Die Eier von Amphibien werden durch eine spezielle Art gelartige Substanz gesch\u00fctzt.<\/span> <span class=\"gts_text\" id=\"gts_text_46\">Sie atmen mit ihren Kiemen und schwimmen unter Verwendung ihres Schwanzes.<\/span> <span class=\"gts_text\" id=\"gts_text_47\">W\u00e4hrend sie \u00e4lter werden, verlieren sie ihren Schwanz, benutzen ihre Lungen f\u00fcr die Atmung anstelle der Kiemen und ihnen wachsen 4 starke Beine f\u00fcr das Springen.<\/span><\/p>\n<p><span class=\"gts_text\" id=\"gts_text_48\">Schleichenlurchen haben kleine Augen, die zum Schutz durch Haut bedeckt sind.<\/span> <span class=\"gts_text\" id=\"gts_text_49\">Deshalb denken viele Leute, dass sie blind sind &#8211; ihre Sicht ist begrenzt, jedoch sind sie nicht blind.<\/span> <span class=\"gts_text\" id=\"gts_text_50\">Sie haben ein Paar Tentakel, das sich zwischen ihren Augen und Nasenl\u00f6chern befindet.<\/span> <span class=\"gts_text\" id=\"gts_text_51\">Diese Tentakeln helfen ihnen dabei, besser zu riechen.<\/span><\/p>\n<p><span class=\"gts_text\" id=\"gts_text_52\">\u00a0<\/span><\/p>\n","protected":false},"excerpt":{"rendered":"<p>Amphibien sind Tiere, die im Wasser leben, wenn sie jung sind und leben anschlie\u00dfend auf dem Land, wenn sie erwachsen sind. Sie besitzen ein R\u00fcckgrat. Die verschiedenen Arten von Amphibien sind Fr\u00f6sche, Salamander und Schleichenlurchen. Schleichenlurchen haben keine Beine und sehen wie W\u00fcrmer aus! Eine Kr\u00f6te ist eigentlich nur eine spezielle Art des Frosches. Amphibien &hellip; <a href=\"https:\/\/www.big-animals.com\/de\/amphibien\/\" class=\"more-link\">Continue reading <span class=\"screen-reader-text\">Amphibien<\/span><\/a><\/p>\n","protected":false},"author":1,"featured_media":0,"parent":0,"menu_order":0,"comment_status":"closed","ping_status":"open","template":"","meta":{"_acf_changed":false,"footnotes":""},"acf":[],"_links":{"self":[{"href":"https:\/\/www.big-animals.com\/de\/wp-json\/wp\/v2\/pages\/29"}],"collection":[{"href":"https:\/\/www.big-animals.com\/de\/wp-json\/wp\/v2\/pages"}],"about":[{"href":"https:\/\/www.big-animals.com\/de\/wp-json\/wp\/v2\/types\/page"}],"author":[{"embeddable":true,"href":"https:\/\/www.big-animals.com\/de\/wp-json\/wp\/v2\/users\/1"}],"replies":[{"embeddable":true,"href":"https:\/\/www.big-animals.com\/de\/wp-json\/wp\/v2\/comments?post=29"}],"version-history":[{"count":5,"href":"https:\/\/www.big-animals.com\/de\/wp-json\/wp\/v2\/pages\/29\/revisions"}],"predecessor-version":[{"id":373,"href":"https:\/\/www.big-animals.com\/de\/wp-json\/wp\/v2\/pages\/29\/revisions\/373"}],"wp:attachment":[{"href":"https:\/\/www.big-animals.com\/de\/wp-json\/wp\/v2\/media?parent=29"}],"curies":[{"name":"wp","href":"https:\/\/api.w.org\/{rel}","templated":true}]}}