{"id":3,"date":"2011-05-09T08:53:54","date_gmt":"2011-05-09T08:53:54","guid":{"rendered":""},"modified":"2014-03-21T08:46:28","modified_gmt":"2014-03-21T08:46:28","slug":"ein-taegliches-groesstes-tier-auf-ihrer-homepage","status":"publish","type":"page","link":"https:\/\/www.big-animals.com\/de\/ein-taegliches-groesstes-tier-auf-ihrer-homepage\/","title":{"rendered":"Ein t\u00e4gliches \u201egr\u00f6\u00dftes Tier\u201c auf Ihrer Homepage!"},"content":{"rendered":"<p><span class=\"gts_text\" id=\"gts_text_1\">Wenn Sie diese Website m\u00f6gen, werden Sie diese Seite lieben.<\/span> <span class=\"gts_text\" id=\"gts_text_2\">Sie erlaubt Ihnen, ein \u201eGoogle-Gadget\u201c auf Ihrer Homepage hinzuzuf\u00fcgen, damit Sie jeden Tag einen kurzen Klapptext \u00fcber eines der gr\u00f6\u00dften Tiere der Welt sehen k\u00f6nnen.<\/span> <span class=\"gts_text\" id=\"gts_text_3\">So sieht es dann aus:<\/span><\/p>\n<p>&nbsp;<\/p>\n<h3><span class=\"gts_text\" id=\"gts_text_4\">Wie verwenden Sie es?<\/span><\/h3>\n<p><span class=\"gts_text\" id=\"gts_text_5\">Klicken Sie auf die Schaltfl\u00e4che \u201e+Google\u201c, und Sie werden eingeladen, das Gadget (das Ding, dass Sie oben sehen), zu Ihrer iGoogle Homepage hinzuzuf\u00fcgen.<\/span> <span class=\"gts_text\" id=\"gts_text_6\">Anschlie\u00dfend sehen Sie dieses Gadget jedes Mal wenn Sie iGoogle besuchen, welches Ihnen Informationen \u00fcber eines der Tiere dieser Website anzeigt!<\/span><\/p>\n<h3><span class=\"gts_text\" id=\"gts_text_7\">Nicht sicher, was iGoogle ist?<\/span><\/h3>\n<p><span class=\"gts_text\" id=\"gts_text_8\">iGoogle erlaubt Ihnen, eine pers\u00f6nliche Google Startseite zu gestalten.<\/span> <span class=\"gts_text\" id=\"gts_text_9\">Sowie die Google-Suchbox k\u00f6nnen Sie auch alle anderen Arten von Gadgets hinzuf\u00fcgen &#8211; um das Wetter, die Zeit, die Nachrichtenschlagzeilen, Spiele, die Aktienpreise und vieles mehr anzuzeigen.<\/span><\/p>\n<h3><span class=\"gts_text\" id=\"gts_text_10\">Aber was ist, wenn ich das Gadget mag, aber nicht an iGoogle teilnehmen will?<\/span><\/h3>\n<p><span class=\"gts_text\" id=\"gts_text_11\">Das ist in Ordnung!<\/span> <span class=\"gts_text\" id=\"gts_text_12\">Wie Sie sehen k\u00f6nnen, l\u00e4sst sich das Google Gadget auf <em>jede<\/em> Webseite setzen.<\/span> <span class=\"gts_text\" id=\"gts_text_13\">Ich werde die Anleitung bald ins Netz stellen.<\/span> <span class=\"gts_text\" id=\"gts_text_14\">Bleiben Sie dran!<\/span><\/p>\n","protected":false},"excerpt":{"rendered":"<p>Wenn Sie diese Website m\u00f6gen, werden Sie diese Seite lieben. Sie erlaubt Ihnen, ein \u201eGoogle-Gadget\u201c auf Ihrer Homepage hinzuzuf\u00fcgen, damit Sie jeden Tag einen kurzen Klapptext \u00fcber eines der gr\u00f6\u00dften Tiere der Welt sehen k\u00f6nnen. So sieht es dann aus: &nbsp; Wie verwenden Sie es? Klicken Sie auf die Schaltfl\u00e4che \u201e+Google\u201c, und Sie werden eingeladen, &hellip; <a href=\"https:\/\/www.big-animals.com\/de\/ein-taegliches-groesstes-tier-auf-ihrer-homepage\/\" class=\"more-link\">Continue reading <span class=\"screen-reader-text\">Ein t\u00e4gliches \u201egr\u00f6\u00dftes Tier\u201c auf Ihrer Homepage!<\/span><\/a><\/p>\n","protected":false},"author":1,"featured_media":0,"parent":0,"menu_order":0,"comment_status":"closed","ping_status":"open","template":"","meta":{"_acf_changed":false,"footnotes":""},"acf":[],"_links":{"self":[{"href":"https:\/\/www.big-animals.com\/de\/wp-json\/wp\/v2\/pages\/3"}],"collection":[{"href":"https:\/\/www.big-animals.com\/de\/wp-json\/wp\/v2\/pages"}],"about":[{"href":"https:\/\/www.big-animals.com\/de\/wp-json\/wp\/v2\/types\/page"}],"author":[{"embeddable":true,"href":"https:\/\/www.big-animals.com\/de\/wp-json\/wp\/v2\/users\/1"}],"replies":[{"embeddable":true,"href":"https:\/\/www.big-animals.com\/de\/wp-json\/wp\/v2\/comments?post=3"}],"version-history":[{"count":3,"href":"https:\/\/www.big-animals.com\/de\/wp-json\/wp\/v2\/pages\/3\/revisions"}],"predecessor-version":[{"id":441,"href":"https:\/\/www.big-animals.com\/de\/wp-json\/wp\/v2\/pages\/3\/revisions\/441"}],"wp:attachment":[{"href":"https:\/\/www.big-animals.com\/de\/wp-json\/wp\/v2\/media?parent=3"}],"curies":[{"name":"wp","href":"https:\/\/api.w.org\/{rel}","templated":true}]}}