{"id":30,"date":"2011-05-09T09:20:13","date_gmt":"2011-05-09T09:20:13","guid":{"rendered":""},"modified":"2014-04-25T12:33:59","modified_gmt":"2014-04-25T12:33:59","slug":"caecilian-thompsoni","status":"publish","type":"page","link":"https:\/\/www.big-animals.com\/de\/caecilian-thompsoni\/","title":{"rendered":"Caecilian Thompsoni"},"content":{"rendered":"<figure id=\"attachment_989\" aria-describedby=\"caption-attachment-989\" style=\"width: 300px\" class=\"wp-caption alignright\"><a href=\"http:\/\/www.big-animals.com\/wp-content\/uploads\/2011\/05\/Caecilia_Thompsoni_and_Human.png\"><img loading=\"lazy\" decoding=\"async\" class=\"size-medium wp-image-989\" title=\"Caecilia Thompsoni und Mensch\" alt=\"Caecilia Thompsoni und Mensch\" src=\"http:\/\/www.big-animals.com\/wp-content\/uploads\/2011\/05\/Caecilia_Thompsoni_and_Human-300x266.png\" width=\"300\" height=\"266\" \/><\/a><figcaption id=\"caption-attachment-989\" class=\"wp-caption-text\">Caecilia Thompsoni und Mensch<\/figcaption><\/figure>\n<p><span class=\"gts_text\" id=\"gts_text_1\"><em>Caecilian Thompsoni<\/em>, auch Thompsons Schleichenlurch genannt, ist eine <a title=\"Amphibien\" href=\"http:\/\/www.big-animals.com\/de\/amphibien\/\">Amphibie<\/a>.<\/span> <span class=\"gts_text\" id=\"gts_text_2\">Es ist der Gr\u00f6\u00dfte der wurm\u00e4hnlichen <a title=\"Caecilian Thompsoni\" href=\"http:\/\/www.big-animals.com\/de\/caecilian-thompsoni\/\">Caecilian<\/a>.<\/span> <span class=\"gts_text\" id=\"gts_text_3\">\u00a0Es kann bis zu 1,5 m lang wachsen und bis zu \u00fcber 1 kg wiegen.<\/span> <span class=\"gts_text\" id=\"gts_text_4\">Es ist in Kolumbien geb\u00fcrtig.<\/span> <span class=\"gts_text\" id=\"gts_text_5\">Es lebt in den subtropischen oder tropischen feuchten Tieflandw\u00e4ldern, subtropischen oder tropischen feuchten Gebirgen, in Plantagen und sogar G\u00e4rten.<\/span> <span class=\"gts_text\" id=\"gts_text_6\">Leider ist der Bestand von <em>Caecilian Thompsoni<\/em> wegen der Abholzung in Gefahr.<\/span><\/p>\n","protected":false},"excerpt":{"rendered":"<p>Caecilian Thompsoni, auch Thompsons Schleichenlurch genannt, ist eine Amphibie. Es ist der Gr\u00f6\u00dfte der wurm\u00e4hnlichen Caecilian. \u00a0Es kann bis zu 1,5 m lang wachsen und bis zu \u00fcber 1 kg wiegen. Es ist in Kolumbien geb\u00fcrtig. Es lebt in den subtropischen oder tropischen feuchten Tieflandw\u00e4ldern, subtropischen oder tropischen feuchten Gebirgen, in Plantagen und sogar G\u00e4rten. &hellip; <a href=\"https:\/\/www.big-animals.com\/de\/caecilian-thompsoni\/\" class=\"more-link\">Continue reading <span class=\"screen-reader-text\">Caecilian Thompsoni<\/span><\/a><\/p>\n","protected":false},"author":1,"featured_media":0,"parent":0,"menu_order":0,"comment_status":"closed","ping_status":"open","template":"","meta":{"_acf_changed":false,"footnotes":""},"acf":[],"_links":{"self":[{"href":"https:\/\/www.big-animals.com\/de\/wp-json\/wp\/v2\/pages\/30"}],"collection":[{"href":"https:\/\/www.big-animals.com\/de\/wp-json\/wp\/v2\/pages"}],"about":[{"href":"https:\/\/www.big-animals.com\/de\/wp-json\/wp\/v2\/types\/page"}],"author":[{"embeddable":true,"href":"https:\/\/www.big-animals.com\/de\/wp-json\/wp\/v2\/users\/1"}],"replies":[{"embeddable":true,"href":"https:\/\/www.big-animals.com\/de\/wp-json\/wp\/v2\/comments?post=30"}],"version-history":[{"count":4,"href":"https:\/\/www.big-animals.com\/de\/wp-json\/wp\/v2\/pages\/30\/revisions"}],"predecessor-version":[{"id":516,"href":"https:\/\/www.big-animals.com\/de\/wp-json\/wp\/v2\/pages\/30\/revisions\/516"}],"wp:attachment":[{"href":"https:\/\/www.big-animals.com\/de\/wp-json\/wp\/v2\/media?parent=30"}],"curies":[{"name":"wp","href":"https:\/\/api.w.org\/{rel}","templated":true}]}}