{"id":31,"date":"2011-05-09T09:21:27","date_gmt":"2011-05-09T09:21:27","guid":{"rendered":""},"modified":"2014-02-19T14:26:57","modified_gmt":"2014-02-19T14:26:57","slug":"schleichenlurchen","status":"publish","type":"page","link":"https:\/\/www.big-animals.com\/de\/schleichenlurchen\/","title":{"rendered":"Schleichenlurchen"},"content":{"rendered":"<p><span class=\"gts_text\" id=\"gts_text_1\">Schleichenlurchen sind <a title=\"Amphibie\" href=\"http:\/\/www.big-animals.com\/amphibian\/\">Amphibien,<\/a> die wie ein Regenwurm oder eine Schlange aussehen.<\/span> <span class=\"gts_text\" id=\"gts_text_2\">Sie verstecken sich\u00a0haupts\u00e4chlich im Boden, was der Grund daf\u00fcr ist, dass sie die am wenigsten bekannten Amphibien sind.<\/span> <span class=\"gts_text\" id=\"gts_text_3\">Sie leben in den Tropen von S\u00fcdamerika, Afrika und S\u00fcdasien.<\/span> <span class=\"gts_text\" id=\"gts_text_4\">Wir wissen nicht wirklich was sie essen, aber die erwachsene, fleischfressende Schleichenlurche scheint Insektenlarven, Termiten und Regenw\u00fcrmer zu essen. Schleichenlurchen in Gefangenschaft werden mit Regenw\u00fcrmern gef\u00fcttert und diese W\u00fcrmer lassen sich leicht im Lebensraum der Schleichenlurche finden.<\/span><\/p>\n<figure id=\"attachment_984\" aria-describedby=\"caption-attachment-984\" style=\"width: 300px\" class=\"wp-caption alignright\"><a href=\"http:\/\/www.big-animals.com\/wp-content\/uploads\/2011\/05\/Caecilian.jpg\"><img loading=\"lazy\" decoding=\"async\" class=\"size-medium wp-image-984\" title=\"Ein typisches Caecilian - Fotografie durch Shyamal\" alt=\"Ein typisches Caecilian - Fotografie durch Shyamal\" src=\"http:\/\/www.big-animals.com\/wp-content\/uploads\/2011\/05\/Caecilian-300x153.jpg\" width=\"300\" height=\"153\" \/><\/a><figcaption id=\"caption-attachment-984\" class=\"wp-caption-text\">Eine typische Schleichenlurche &#8211; Fotografie von Shyamal<\/figcaption><\/figure>\n<p><span class=\"gts_text\" id=\"gts_text_5\">Sie haben keine Beine.<\/span> <span class=\"gts_text\" id=\"gts_text_6\">Die meisten von ihnen sind zwischen 13 bis 36 cm lang und 0,6 bis 2,5 cm im Durchmesser.<\/span> <span class=\"gts_text\" id=\"gts_text_7\">Die gr\u00f6\u00dfte Spezies, <a title=\"Caecilian Thompsoni\" href=\"http:\/\/www.big-animals.com\/caecilian-thompsoni\/\"><em>Caecilian Thompsoni<\/em><\/a> w\u00e4chst bis zu 1,5 Meter lang.<\/span> <span class=\"gts_text\" id=\"gts_text_8\">Sie haben keinen Schwanz oder sonstige Sterze.<\/span> <span class=\"gts_text\" id=\"gts_text_9\">Sie haben glatte Haut, die normalerweise eine schwarze Farbe hat.<\/span> <span class=\"gts_text\" id=\"gts_text_10\">Aber einige Spezies besitzen eine farbenfrohe Haut &#8211; orange und grau mit gelben Streifen oder andere Farben.<\/span> <span class=\"gts_text\" id=\"gts_text_11\">Die Haut hat viele ringf\u00f6rmige Falten, wodurch sie in Segmente eingeteilt aussieht, wie bei einem Erdwurm.<\/span> <span class=\"gts_text\" id=\"gts_text_12\">Die Haut enth\u00e4lt giftige Dr\u00fcsen, um sich von den Feinden zu verteidigen.<\/span> Innerhalb ihrer Haut befinden sich <span class=\"gts_text\" id=\"gts_text_13\">Schuppen.<\/span><\/p>\n<p><span class=\"gts_text\" id=\"gts_text_14\">Ihre K\u00f6rper wurden dazu gemacht, um gut in den Boden zu graben.<\/span> <span class=\"gts_text\" id=\"gts_text_15\">Sie haben einen starken Sch\u00e4del mit einer spitzen Schnauze, welche sie dazu benutzen, sich ihren Weg durch die Erde oder den Schlamm zu erzwingen.<\/span> <span class=\"gts_text\" id=\"gts_text_16\">Ihre Muskeln sind daran angepasst, sich ihren Weg durch den Boden zu bahnen.<\/span> <span class=\"gts_text\" id=\"gts_text_17\">Im Wasser oder in sehr losem Schlamm schwimmen sie wie ein Aal.<\/span> <span class=\"gts_text\" id=\"gts_text_18\">Sie haben eine fleischartige Flosse entlang dem hinteren Abschnitt ihres K\u00f6rpers, der ihnen dabei hilft zu schwimmen, wenn es n\u00f6tig ist.<\/span><\/p>\n<p><span class=\"gts_text\" id=\"gts_text_19\">Da sie unterirdisch leben, sind ihre Augen klein und f\u00fcr den Schutz mit Haut bedeckt.<\/span> <span class=\"gts_text\" id=\"gts_text_20\">Deshalb hat man sie f\u00fcr blind gehalten.<\/span> <span class=\"gts_text\" id=\"gts_text_21\">Sie sind nicht blind, ihre Sicht ist jedoch begrenzt.<\/span> <span class=\"gts_text\" id=\"gts_text_22\">Sie k\u00f6nnen Formen nicht sehen.<\/span> <span class=\"gts_text\" id=\"gts_text_23\">Alle Schleichenlurchen haben ein Paar Tentakeln, das sich zwischen ihren Augen und Nasenl\u00f6chern befindet.<\/span> <span class=\"gts_text\" id=\"gts_text_24\">Die Schleichenlurchen verwenden diese Tentakeln um zu riechen.<\/span> <span class=\"gts_text\" id=\"gts_text_25\">Die meisten Schleichenlurchen haben Lungen, aber sie benutzen auch ihre Haut oder Mund, um zu atmen.<\/span> <span class=\"gts_text\" id=\"gts_text_26\">Es gibt zwei Spezies, die keine Lungen haben.<\/span> Und zwar<span class=\"gts_text\" id=\"gts_text_27\"> <em>Atretochoana Eiselti<\/em> und <em>Caecilita Iwokramae<\/em>.<\/span><\/p>\n<p><span class=\"gts_text\" id=\"gts_text_28\">Ungef\u00e4hr 25% der Caecilian Spezies legen Eier, die von den Weibchen gesch\u00fctzt werden.<\/span> <span class=\"gts_text\" id=\"gts_text_29\">Bei einigen Spezies haben die jungen Schleichenlurchen bereits einen erwachsenf\u00f6rmigen K\u00f6rper wenn sie auschl\u00fcpfen, andere schl\u00fcpfen als Larven.<\/span> <span class=\"gts_text\" id=\"gts_text_30\">Die Larven sind nicht wasserlebend.<\/span> <span class=\"gts_text\" id=\"gts_text_31\">Sie verbringen die Tageszeit am Boden nahe dem Wasser.<\/span><\/p>\n<p><span class=\"gts_text\" id=\"gts_text_32\">Die anderen 75% der Spezies geb\u00e4ren bereits ausgewachsene Babys.<\/span> <span class=\"gts_text\" id=\"gts_text_33\">Der F\u00f6tus wird innerhalb des Weibchens ern\u00e4hrt.<\/span> <span class=\"gts_text\" id=\"gts_text_34\">Schleichenlurchen k\u00f6nnen 5 bis 20 Jahre leben.<\/span><\/p>\n","protected":false},"excerpt":{"rendered":"<p>Schleichenlurchen sind Amphibien, die wie ein Regenwurm oder eine Schlange aussehen. Sie verstecken sich\u00a0haupts\u00e4chlich im Boden, was der Grund daf\u00fcr ist, dass sie die am wenigsten bekannten Amphibien sind. Sie leben in den Tropen von S\u00fcdamerika, Afrika und S\u00fcdasien. Wir wissen nicht wirklich was sie essen, aber die erwachsene, fleischfressende Schleichenlurche scheint Insektenlarven, Termiten und &hellip; <a href=\"https:\/\/www.big-animals.com\/de\/schleichenlurchen\/\" class=\"more-link\">Continue reading <span class=\"screen-reader-text\">Schleichenlurchen<\/span><\/a><\/p>\n","protected":false},"author":1,"featured_media":0,"parent":0,"menu_order":0,"comment_status":"closed","ping_status":"open","template":"","meta":{"_acf_changed":false,"footnotes":""},"acf":[],"_links":{"self":[{"href":"https:\/\/www.big-animals.com\/de\/wp-json\/wp\/v2\/pages\/31"}],"collection":[{"href":"https:\/\/www.big-animals.com\/de\/wp-json\/wp\/v2\/pages"}],"about":[{"href":"https:\/\/www.big-animals.com\/de\/wp-json\/wp\/v2\/types\/page"}],"author":[{"embeddable":true,"href":"https:\/\/www.big-animals.com\/de\/wp-json\/wp\/v2\/users\/1"}],"replies":[{"embeddable":true,"href":"https:\/\/www.big-animals.com\/de\/wp-json\/wp\/v2\/comments?post=31"}],"version-history":[{"count":2,"href":"https:\/\/www.big-animals.com\/de\/wp-json\/wp\/v2\/pages\/31\/revisions"}],"predecessor-version":[{"id":368,"href":"https:\/\/www.big-animals.com\/de\/wp-json\/wp\/v2\/pages\/31\/revisions\/368"}],"wp:attachment":[{"href":"https:\/\/www.big-animals.com\/de\/wp-json\/wp\/v2\/media?parent=31"}],"curies":[{"name":"wp","href":"https:\/\/api.w.org\/{rel}","templated":true}]}}