{"id":32,"date":"2011-05-09T09:21:39","date_gmt":"2011-05-09T09:21:39","guid":{"rendered":""},"modified":"2014-04-25T12:35:21","modified_gmt":"2014-04-25T12:35:21","slug":"capybara","status":"publish","type":"page","link":"https:\/\/www.big-animals.com\/de\/capybara\/","title":{"rendered":"Capybara"},"content":{"rendered":"<p><span class=\"gts_text\" id=\"gts_text_1\">Der Capybara ist das gr\u00f6\u00dfte lebende <a title=\"Nagetiere\" href=\"http:\/\/www.big-animals.com\/de\/nagetiere\/\">Nagetier<\/a> in der Welt.<\/span> <span class=\"gts_text\" id=\"gts_text_2\">Er ist Meerschweinchen, Agutis, Chinchillas und Coyphillas am \u00e4hnlichsten.<\/span> <span class=\"gts_text\" id=\"gts_text_3\">Er sieht wie ein riesiges Meerschweinchen mit l\u00e4ngeren Beinen aus.<\/span> <span class=\"gts_text\" id=\"gts_text_4\">Er hat einen schweren, zylinderf\u00f6rmigen K\u00f6rper und einen kurzen Kopf.<\/span> <span class=\"gts_text\" id=\"gts_text_5\">Sein Pelz ist auf dem oberen Teil ihres K\u00f6rpers r\u00f6tlich-braun und unterhalb des K\u00f6rpers gelblich-braun.<\/span> <span class=\"gts_text\" id=\"gts_text_6\">Er hat z\u00e4he Haut, die manchmal dazu benutzt wird, um Lederwaren von guter Qualit\u00e4t herzustellen.<\/span><\/p>\n<figure id=\"attachment_715\" aria-describedby=\"caption-attachment-715\" style=\"width: 300px\" class=\"wp-caption alignleft\"><a href=\"http:\/\/www.big-animals.com\/wp-content\/uploads\/2011\/03\/Capybara.jpg\"><img loading=\"lazy\" decoding=\"async\" class=\"size-medium wp-image-715\" title=\"Der Capybara ist das gr\u00f6\u00dfte Nagetier der Welt - fotografieren Sie durch Vojt?ch H\u00e1la\" alt=\"Der Capybara ist das gr\u00f6\u00dfte Nagetier der Welt - fotografieren Sie durch Vojt?ch H\u00e1la\" src=\"http:\/\/www.big-animals.com\/wp-content\/uploads\/2011\/03\/Capybara-300x223.jpg\" width=\"300\" height=\"223\" \/><\/a><figcaption id=\"caption-attachment-715\" class=\"wp-caption-text\">Das Capybara ist das gr\u00f6\u00dfte Nagetier der Welt &#8211; Fotografie von Vojt\u011bch H\u00e1la<\/figcaption><\/figure>\n<p><span class=\"gts_text\" id=\"gts_text_7\">Erwachsene Capybaras wachsen m\u00f6glicherweise bis zu 130 Zentimeter in der L\u00e4nge und wiegen bis zu 65 Kilogramm, es ist\u00a0an der Schulter ungef\u00e4hr 50 Zentimeter hoch.<\/span> <span class=\"gts_text\" id=\"gts_text_8\">Der schwerste Capybara wog 105,4 Kilogramm.<\/span> <span class=\"gts_text\" id=\"gts_text_9\">Sie haben etwas schwimmh\u00e4utige F\u00fc\u00dfe und keinen Schwanz.<\/span> <span class=\"gts_text\" id=\"gts_text_10\">Ihre schwimmh\u00e4utigen F\u00fc\u00dfe helfen ihnen sehr dabei, gro\u00dfe Schwimmer zu sein.<\/span> <span class=\"gts_text\" id=\"gts_text_11\">Sie f\u00fchren die meisten ihrer T\u00e4tigkeiten auf dem Land durch.<\/span> <span class=\"gts_text\" id=\"gts_text_12\">Sie k\u00f6nnen ihren Atem\u00a0f\u00fcr bis zu 5 Minuten Unterwasser halten .<\/span> <span class=\"gts_text\" id=\"gts_text_13\">Deshalb k\u00f6nnen sich sie vor ihren Feinden verstecken, indem sie sich in einen Pool ducken.<\/span> <span class=\"gts_text\" id=\"gts_text_14\">W\u00e4hrend hei\u00dfen Tagen verbringen sie die Zeit damit, im Wasser zu spielen.<\/span> <span class=\"gts_text\" id=\"gts_text_15\">Sie essen Ende am sp\u00e4ten Nachmittag, am fr\u00fchen Abend und nachts.<\/span> <span class=\"gts_text\" id=\"gts_text_16\">Sie schlafen nicht viel.<\/span><\/p>\n<p><span class=\"gts_text\" id=\"gts_text_17\">Ihre hinteren Beine sind etwas l\u00e4nger als ihre Vorderbeine.<\/span> <span class=\"gts_text\" id=\"gts_text_18\">Ihre M\u00e4uler sind flach.<\/span> <span class=\"gts_text\" id=\"gts_text_19\">Die Augen, Nasenl\u00f6cher und die Ohren sind auf ihren Kopf, sodass sie leicht \u00fcber dem Wasser gehalten werden k\u00f6nnen.<\/span><\/p>\n<figure id=\"attachment_716\" aria-describedby=\"caption-attachment-716\" style=\"width: 274px\" class=\"wp-caption aligncenter\"><a href=\"http:\/\/www.big-animals.com\/wp-content\/uploads\/2011\/03\/Capibara_and_Human.png\"><img loading=\"lazy\" decoding=\"async\" class=\"size-medium wp-image-716\" title=\"Capibaras sind freundliche Tiere\" alt=\"Capibaras sind freundliche Tiere\" src=\"http:\/\/www.big-animals.com\/wp-content\/uploads\/2011\/03\/Capibara_and_Human-274x300.png\" width=\"274\" height=\"300\" \/><\/a><figcaption id=\"caption-attachment-716\" class=\"wp-caption-text\">Capybaras sind freundliche Tiere<\/figcaption><\/figure>\n<p><span class=\"gts_text\" id=\"gts_text_20\">Weibliche Capybaras sind etwas schwerer als die M\u00e4nner.<\/span> <span class=\"gts_text\" id=\"gts_text_21\">Die Weibchen sind zwischen 36 bis 66 Kilogramm und die M\u00e4nnchen wiegen ungef\u00e4hr 34 bis 61 Kilogramm.<\/span> <span class=\"gts_text\" id=\"gts_text_22\">Es gibt ausgestorbene Capybaras, die 40% gr\u00f6\u00dfer waren als diejenigen, die heute am Leben sind.<\/span> <span class=\"gts_text\" id=\"gts_text_23\">Es wurde in Nordamerika gefunden und wog 90 bis 110 Kilogramm.<\/span><\/p>\n<p><span class=\"gts_text\" id=\"gts_text_24\">Capybaras sind halb-aquatile S\u00e4ugetiere.<\/span> <span class=\"gts_text\" id=\"gts_text_25\">Sie werden in der Wildnis von Kolumbien, Ecuador, Bolivien, Venezuela, Franz\u00f6sisch-Guyana, Uruguay, Peru und Paraguay gefunden.<\/span> <span class=\"gts_text\" id=\"gts_text_26\">Sie leben im dichten Wald nahe von Seen, Fl\u00fcssen, S\u00fcmpfen, Teiche, Moore, in \u00fcberschwemmten Savannen und entlang Fl\u00fcssen in den tropischen W\u00e4ldern.<\/span><\/p>\n<p><span class=\"gts_text\" id=\"gts_text_27\">Capybaras sind Pflanzenfresser.<\/span> <span class=\"gts_text\" id=\"gts_text_28\">Sie essen haupts\u00e4chlich Gr\u00e4ser, Wasserpflanzen, Frucht und Baumrinde.<\/span> <span class=\"gts_text\" id=\"gts_text_29\">Ein erwachsener Capybara isst 2,7 bis 3,6 Kilogramm Gras pro Tag.<\/span> <span class=\"gts_text\" id=\"gts_text_30\">Capybaras sind sehr w\u00e4hlerische Esser.<\/span> Sie essen nur 4 bis 6 verschiedene Arten von Pflanzen<span class=\"gts_text\" id=\"gts_text_31\"> &#8211; und dies sind drei Viertel seiner Di\u00e4t.<\/span> <span class=\"gts_text\" id=\"gts_text_32\">Sie w\u00e4hlen bestimmte Bl\u00e4tter aus und ignorieren Bl\u00e4tter anderer Baumarten um sie herum.<\/span> <span class=\"gts_text\" id=\"gts_text_33\">Jedoch essen Capybaras essen eine gr\u00f6\u00dfere Anzahl von Pflanzen w\u00e4hrend der Trockenzeit, weil weniger Pflanzenarten in dieser Zeit verf\u00fcgbar sind und sie sich nicht leisten k\u00f6nnen, w\u00e4hlerisch zu sein.<\/span> <span class=\"gts_text\" id=\"gts_text_34\">Sie essen\u00a0w\u00e4hrend der Trockenzeit Schilf anstelle des Grases.<\/span> <span class=\"gts_text\" id=\"gts_text_35\">Weil Gras schwer zu verdauen ist, fressen sie ihren eigenen Kot, damit sie das Gras zweimal verdauen k\u00f6nnen.<\/span> <span class=\"gts_text\" id=\"gts_text_36\">Sie besitzen auch spezielle Bakterien, die ihnen helfen, das Gras zu verdauen, welches sie essen.<\/span> Zudem erbrechen sie ihr Futter, um es wie eine Kuh zu wiederkauen<span class=\"gts_text\" id=\"gts_text_37\">.<\/span><\/p>\n<p><span class=\"gts_text\" id=\"gts_text_38\">Wenn sie Gl\u00fcck haben, k\u00f6nnen sie zwischen 8 bis 10 Jahre in der Wildnis leben.<\/span> <span class=\"gts_text\" id=\"gts_text_39\">Im Durchschnitt jedoch leben sie nur weniger als 4 Jahre, weil sie die Lieblingsnahrung f\u00fcr viele Dschungeltiere, einschlie\u00dflich Jaguare, <a title=\"Gr\u00fcne Anakonda\" href=\"http:\/\/www.big-animals.com\/de\/grunanakonda\/\">Anakondas<\/a>, Pumas, Adler, Pardelkatzen und Kaimane sind.<\/span><\/p>\n<figure id=\"attachment_717\" aria-describedby=\"caption-attachment-717\" style=\"width: 300px\" class=\"wp-caption alignright\"><a href=\"http:\/\/www.big-animals.com\/wp-content\/uploads\/2011\/03\/Capybara_Mother_And_Babies.jpg\"><img loading=\"lazy\" decoding=\"async\" class=\"size-medium wp-image-717\" title=\"Alle M\u00fctter in der Gruppe helfen Sorgfalt f\u00fcr Capybarababys - Bild durch \u201eBradypus\u201c\" alt=\"Alle M\u00fctter in der Gruppe helfen Sorgfalt f\u00fcr Capybarababys - Bild durch \u201eBradypus\u201c\" src=\"http:\/\/www.big-animals.com\/wp-content\/uploads\/2011\/03\/Capybara_Mother_And_Babies-300x145.jpg\" width=\"300\" height=\"145\" \/><\/a><figcaption id=\"caption-attachment-717\" class=\"wp-caption-text\">Alle M\u00fctter der Gruppe helfen bei der Aufsicht der Capybara Babies mit &#8211; Bild von Bradypus<\/figcaption><\/figure>\n<p><span class=\"gts_text\" id=\"gts_text_40\">Capybaras m\u00f6gen es in Gruppen von 10 bis 20 Einzelnen mit 2 bis 4 erwachsenen M\u00e4nnchen, 4 bis 7 erwachsenen Weibchen und eine gro\u00dfe Gruppe von Jungtieren.<\/span> <span class=\"gts_text\" id=\"gts_text_41\">Gruppengr\u00f6\u00dfen \u00e4ndern sich entsprechend der Jahreszeit.<\/span> <span class=\"gts_text\" id=\"gts_text_42\">W\u00e4hrend der Trockenzeit, wenn es weniger Wasser gibt, bilden sich gr\u00f6\u00dfere Gruppen nahe des Wassers.<\/span> Die <span class=\"gts_text\" id=\"gts_text_43\">Gruppe kann 50 bis 100 einzelne Capybaras gro\u00df sein.<\/span> <span class=\"gts_text\" id=\"gts_text_44\">Die Gruppe wird von einem dominierendem M\u00e4nnchen gef\u00fchrt.\u00a0Capybaras sind sehr lautstark.<\/span> <span class=\"gts_text\" id=\"gts_text_45\">Sie machen Ger\u00e4usche wie ein bellender Hund, wenn sie sich bedroht f\u00fchlen.<\/span><\/p>\n<p><span class=\"gts_text\" id=\"gts_text_46\">Cabybaras wachsen innerhalb 22 Monate auf.<\/span> <span class=\"gts_text\" id=\"gts_text_47\">Capybaram\u00fctter geb\u00e4ren 2 bis 8 Babys bei einer Geburt.<\/span> <span class=\"gts_text\" id=\"gts_text_48\">Sie geb\u00e4ren auf dem Land.<\/span> Innerhalb einer Woche nachdem sie geboren sind, sind die Babies in der Lage Gras zu essen, jedoch trinken sie weiterhin Milch von ihren M\u00fcttern oder anderen Weibchen der Gruppe f\u00fcr ungef\u00e4hr 16 Wochen<span class=\"gts_text\" id=\"gts_text_49\">.<\/span> Alle Weibchen in der Gruppe helfen bei der Aufsicht der Babies<span class=\"gts_text\" id=\"gts_text_50\">.<\/span><\/p>\n<p><span class=\"gts_text\" id=\"gts_text_51\">Capybaras haben 20 Z\u00e4hne.<\/span> <span class=\"gts_text\" id=\"gts_text_52\">Ihre Vorderz\u00e4hne und Backenz\u00e4hne wachsen kontinuierlich.<\/span> <span class=\"gts_text\" id=\"gts_text_53\">Wenn sie ausgewachsen sind, leidet ein Capybara manchmal unter Sonnenbrand, weil ihr Haar sehr rauh und sehr sp\u00e4rlich verteilt ist.<\/span> Um einen Sonnenbrand zu verhindern, m\u00fcssen Capybaras sich im Schlamm w\u00e4lzen, bis ihre Haut komplett bedeckt ist<span class=\"gts_text\" id=\"gts_text_54\">.<\/span> <span class=\"gts_text\" id=\"gts_text_55\">Sie m\u00f6gen die Sonne nicht.<\/span><\/p>\n<p><span class=\"gts_text\" id=\"gts_text_56\">Sie werden nicht als bedrohte Art betrachtet.<\/span> <span class=\"gts_text\" id=\"gts_text_57\">Sie werden\u00a0in einigen Orten f\u00fcr ihr Fleisch und Fell gejagt und von Menschen get\u00f6tet, wenn sie anfangen das Gras zu fressen, dass Menschen f\u00fcr ihre Nutztiere vorhergesehen haben . In einigen Orten werden sie als Nutztiere gehalten, was sicherstellt, dass der Feuchtgebietslebensraum, in dem sie leben gesch\u00fctzt ist. Im Allgemeinen macht es der Fakt, dass sich Capybaras schnell vermehren ihnen viel einfacher in der Wildnis zu \u00fcberleben.<\/span><span class=\"gts_text\" id=\"gts_text_59\"><\/span><\/p>\n<p><span class=\"gts_text\" id=\"gts_text_63\">\u00a0Sie werden in Zoos und Parks gefunden. In Gefangenschaft sind sie dazu f\u00e4hig, 12 Jahre lang zu leben. Sie sind vors\u00e4tzliche Lebewesen und erlauben Menschen normalerweise sie zu streicheln und mit der Hand zu f\u00fcttern.<br \/>\n<\/span><\/p>\n","protected":false},"excerpt":{"rendered":"<p>Der Capybara ist das gr\u00f6\u00dfte lebende Nagetier in der Welt. Er ist Meerschweinchen, Agutis, Chinchillas und Coyphillas am \u00e4hnlichsten. Er sieht wie ein riesiges Meerschweinchen mit l\u00e4ngeren Beinen aus. Er hat einen schweren, zylinderf\u00f6rmigen K\u00f6rper und einen kurzen Kopf. Sein Pelz ist auf dem oberen Teil ihres K\u00f6rpers r\u00f6tlich-braun und unterhalb des K\u00f6rpers gelblich-braun. Er &hellip; <a href=\"https:\/\/www.big-animals.com\/de\/capybara\/\" class=\"more-link\">Continue reading <span class=\"screen-reader-text\">Capybara<\/span><\/a><\/p>\n","protected":false},"author":1,"featured_media":0,"parent":0,"menu_order":0,"comment_status":"closed","ping_status":"open","template":"","meta":{"_acf_changed":false,"footnotes":""},"acf":[],"_links":{"self":[{"href":"https:\/\/www.big-animals.com\/de\/wp-json\/wp\/v2\/pages\/32"}],"collection":[{"href":"https:\/\/www.big-animals.com\/de\/wp-json\/wp\/v2\/pages"}],"about":[{"href":"https:\/\/www.big-animals.com\/de\/wp-json\/wp\/v2\/types\/page"}],"author":[{"embeddable":true,"href":"https:\/\/www.big-animals.com\/de\/wp-json\/wp\/v2\/users\/1"}],"replies":[{"embeddable":true,"href":"https:\/\/www.big-animals.com\/de\/wp-json\/wp\/v2\/comments?post=32"}],"version-history":[{"count":4,"href":"https:\/\/www.big-animals.com\/de\/wp-json\/wp\/v2\/pages\/32\/revisions"}],"predecessor-version":[{"id":517,"href":"https:\/\/www.big-animals.com\/de\/wp-json\/wp\/v2\/pages\/32\/revisions\/517"}],"wp:attachment":[{"href":"https:\/\/www.big-animals.com\/de\/wp-json\/wp\/v2\/media?parent=32"}],"curies":[{"name":"wp","href":"https:\/\/api.w.org\/{rel}","templated":true}]}}