{"id":33,"date":"2011-05-09T09:21:48","date_gmt":"2011-05-09T09:21:48","guid":{"rendered":""},"modified":"2014-04-15T12:06:21","modified_gmt":"2014-04-15T12:06:21","slug":"raubtiere","status":"publish","type":"page","link":"https:\/\/www.big-animals.com\/de\/raubtiere\/","title":{"rendered":"Raubtiere"},"content":{"rendered":"<p><span class=\"gts_text\" id=\"gts_text_1\">Es gibt 260 Arten von <a title=\"Die gr\u00f6\u00dften S\u00e4ugetiere der Welt!\" href=\"http:\/\/www.big-animals.com\/the-worlds-biggest-mammals\/\">S\u00e4ugetiere<\/a> in der Gruppe namens <em>Carnivora<\/em>. Tiere aus der Ordnung Carnivora werden Raubtiere genannt. Carnivore bedeutet <em>fleischfressend.<\/em> Die Raubtiere k\u00f6nnen so klein sein wie ein Wiesel, welches nur 25 Gramm wiegt und 11 Zentimeter lang ist. Das gr\u00f6\u00dfte Raubtier ist der\u00a0<\/span><span class=\"gts_text\" id=\"gts_text_5\"><a title=\"See-Elefant\" href=\"http:\/\/www.big-animals.com\/southern-elephant-seal\/\">s\u00fcdliche See-Elefant,<\/a> der so viel wie 5000 Kilogramm wiegt und bis zu 6,85 Meter in der L\u00e4nge misst. Das gr\u00f6\u00dfte Landraubtier ist der<\/span><span class=\"gts_text\" id=\"gts_text_6\"> <a title=\"Eisb\u00e4r\" href=\"http:\/\/www.big-animals.com\/polar-bear\/\">Eisb\u00e4r<\/a>.<\/span><\/p>\n<p>Die meisten Raubtiere der heutigen Zeit fressen haupts\u00e4chlich Fleisch. Manche k\u00f6nnen nur Fleisch fressen, weil sie nicht in der Lage sind, Pflanzen zu verdauen. Dazu geh\u00f6ren Katzen, Seel\u00f6wen und Wiesel. Andere, abh\u00e4ngig davon wo sie leben, sind dazu f\u00e4hig Pflanzen und Fleisch zu fressen. Zum Beispiel Waschb\u00e4ren und B\u00e4ren. Der gro\u00dfe Panda ist haupts\u00e4chlich ein Pflanzenfresser, kann aber ebenfalls Fisch, Eier und Insekten fressen. Der Eisb\u00e4r, welcher in der Arktis lebt, frisst nur Fleisch.<\/p>\n<figure id=\"attachment_740\" aria-describedby=\"caption-attachment-740\" style=\"width: 300px\" class=\"wp-caption alignleft\"><a href=\"http:\/\/www.big-animals.com\/wp-content\/uploads\/2011\/03\/Cat_Face.jpg\"><img loading=\"lazy\" decoding=\"async\" class=\"size-medium wp-image-740\" title=\"Carnivorans haben Augen, vorw\u00e4rts gegen\u00fcberzustellen, um ihnen zu helfen zu jagen\" alt=\"Carnivorans haben Augen, vorw\u00e4rts gegen\u00fcberzustellen, um ihnen zu helfen zu jagen\" src=\"http:\/\/www.big-animals.com\/wp-content\/uploads\/2011\/03\/Cat_Face-300x266.jpg\" width=\"300\" height=\"266\" \/><\/a><figcaption id=\"caption-attachment-740\" class=\"wp-caption-text\">Raubtiere haben nach vorn gerichtete Augen, die ihnen bei der Jagd helfen<\/figcaption><\/figure>\n<p>Fleischfresser haben scharfe Z\u00e4hne. Sie benutzen beide Augen, um Distanzen einzusch\u00e4tzen, so dass sie in der Lage sind sehr gut zu jagen. Die meisten von ihnen jagen in Rudeln und sind soziale Tiere. Diese Gewohnheiten helfen ihnen dabei, Beute anzugreifen, die gr\u00f6\u00dfer ist als sie selbst. Raubtiere sind meistens Landtiere, jedoch gibt es einige Spezies (z.B. Waschb\u00e4ren), die auf B\u00e4umen leben. Sie haben superstarke, scharfe Krallen. Sie haben mindestens 4 Zehen an jedem Fu\u00df. Sie haben sehr gut entwickelte \u201eEck\u201cz\u00e4hne, scharfe und spitze Z\u00e4hne mit schneidenden R\u00e4ndern. Die letzten hinteren Backenz\u00e4hne des Unterkiefers werden dazu verwendet, Fleisch zu zerteilen und Knochen zu zermalmen so wie eine Schere. Diese Z\u00e4hne sind in der Familie der Katzen sehr ausgepr\u00e4gt, fehlen bei B\u00e4ren allerdings fast komplett.<\/p>\n<p><span class=\"gts_text\" id=\"gts_text_27\">Die meisten Raubtiere haben 6 Schneidez\u00e4hne und 2 konisch geformte Eckz\u00e4hne im Oberkiefer und Unterkiefer. Der Seeotter allerdings hat nur 4 Schneidez\u00e4hne im Unterkiefer und der Lippenb\u00e4r hat 4 Schneidez\u00e4hne im Oberkiefer. Die Anzahl der Backenz\u00e4hne und hinteren Backenz\u00e4hne sind bei den Raubtierspezies unterschiedlich. All ihre Z\u00e4hne sind tief verwurzelt sie erhalten nur zwei Paar Z\u00e4hne in ihrem Leben &#8211; so wie Menschen. Ihre Z\u00e4hne werden nicht fortlaufend ersetzt, so wie die Z\u00e4hne eines <a title=\"Crocodilians\" href=\"http:\/\/www.big-animals.com\/crocodilians\/\">Krokodils.<\/a> Genauso wenig wachsen sie st\u00e4ndig wie die Vorderz\u00e4hne eines <a title=\"Nagetiere\" href=\"http:\/\/www.big-animals.com\/rodents\/\">Nagetiers<\/a>. Raubtiere haben entweder 4 oder 5 Finger an jedem Fu\u00df. Ihr erster Finger an den Vordertatzen ist auch bekannt als Wolfsklaue &#8211; bei den meisten Raubtieren ist sie sehr winzig und bei einigen Raubtieren fehlt sie vollst\u00e4ndig. <\/span><span class=\"gts_text\" id=\"gts_text_29\"><\/span><\/p>\n<p>Raubtiere wie Hunde, F\u00fcchse, Stinktiere, Wiesel, Waschb\u00e4ren, B\u00e4ren und Walrosse haben Krallen, die sie nicht einziehen k\u00f6nnen. Die meisten Raubtiere sind haben eine schlichte Farbe. Sie haben kein gl\u00e4nzendes, gepunktetes Fell wie Katzen. Katzen, Hy\u00e4nen und Zibetkatzen haben gepunktetes oder gestreiftes Fell und sind hellfarben im Vergleich zu Hunden und F\u00fcchsen. Ausserdem k\u00f6nnen sie ihre Krallen einziehen, wenn sie diese nicht benutzen.<\/p>\n<figure id=\"attachment_742\" aria-describedby=\"caption-attachment-742\" style=\"width: 300px\" class=\"wp-caption alignright\"><a href=\"http:\/\/www.big-animals.com\/wp-content\/uploads\/2011\/03\/A_Bear_Cub1.jpg\"><img loading=\"lazy\" decoding=\"async\" class=\"size-medium wp-image-742\" title=\"Die meisten B\u00e4ren essen Fleisch und Anlagen\" alt=\"Die meisten B\u00e4ren essen Fleisch und Anlagen\" src=\"http:\/\/www.big-animals.com\/wp-content\/uploads\/2011\/03\/A_Bear_Cub1-300x240.jpg\" width=\"300\" height=\"240\" \/><\/a><figcaption id=\"caption-attachment-742\" class=\"wp-caption-text\">Die meisten B\u00e4ren fressen sowohl Fleisch als auch Pflanzen<\/figcaption><\/figure>\n<p><span class=\"gts_text\" id=\"gts_text_35\">Walrosse, Robben und Seel\u00f6wen sind warmbl\u00fctige Raubtiere. Ihre K\u00f6rper sind gut durch eine dicke Fettschicht gut\u00a0 ged\u00e4mmt und mit Haaren bedeckt, die ihre K\u00f6rper warm halten. Ihre Zehen sind nicht getrennt voneinander, sondern durch dichte Haut verbunden. Dies formt Flossen, die ihnen dabei helfen gut zu schwimmen. Ihre vorderen Gliedma\u00dfen und hinteren Gliedma\u00dfen dienen als Paddel. Mit Hilfe dieser Paddel, k\u00f6nnen sie in extreme Tiefen tauchen. Weddellrobben zum Beispiel, k\u00f6nnen bis 600 Meter tief tauchen und \u00fcber 1 Stunde unter Wasser bleiben. Der \u00e4u\u00dfere Teil ihrer Ohren ist sehr klein oder fehlt bei manchen Spezies, jedoch haben sie gut entwickelte Schnurhaare, die um die Nasenl\u00f6cher herum wachsen, \u00fcber den Lippen und auf anderen Teilen des Gesichts bei den meisten Raubtieren. Sie haben entweder einen sehr kurzen Schwanz oder gar keinen Schwanz.<\/span><span class=\"gts_text\" id=\"gts_text_43\"><br \/>\n<\/span><\/p>\n<p>Raubtiere haben ziemlich gro\u00dfe Gehirne, die von ihren gro\u00dfen Sch\u00e4deln umh\u00fcllt sind. Da sie haupts\u00e4chlich Fleisch fressen, haben sie ein einfaches Verdauungssystem, welches dazu da ist Fleisch zu verdauen. Anders als bei Pflanzenfressern, die ein komplexeres Verdauungssystem ben\u00f6tigen, da sie harte Pflanzenfasern verdauen m\u00fcssen. Die meisten Raubtiere haben hochentwickelte Sinne. Sie haben ein gutes Sehverm\u00f6gen und einen guten Geh\u00f6rsinn. Eine gro\u00dfe Zahl von ihnen hat einen sehr guten Geruchssinn, sowie Hunde und F\u00fcchse. Sie sind sehr gute L\u00e4ufer. Manche sind gute Langstreckenl\u00e4ufer, die meisten jedoch sind eher Sprinter. B\u00e4ren und Waschb\u00e4ren m\u00f6gen langsam und klobig erscheinen, sie sind aber durchaus in der Lage, kurze Distanzen mit hoher Geschwindigkeit zur\u00fcckzulegen.<\/p>\n","protected":false},"excerpt":{"rendered":"<p>Es gibt 260 Arten von S\u00e4ugetiere in der Gruppe namens Carnivora. Tiere aus der Ordnung Carnivora werden Raubtiere genannt. Carnivore bedeutet fleischfressend. Die Raubtiere k\u00f6nnen so klein sein wie ein Wiesel, welches nur 25 Gramm wiegt und 11 Zentimeter lang ist. Das gr\u00f6\u00dfte Raubtier ist der\u00a0s\u00fcdliche See-Elefant, der so viel wie 5000 Kilogramm wiegt und &hellip; <a href=\"https:\/\/www.big-animals.com\/de\/raubtiere\/\" class=\"more-link\">Continue reading <span class=\"screen-reader-text\">Raubtiere<\/span><\/a><\/p>\n","protected":false},"author":1,"featured_media":0,"parent":0,"menu_order":0,"comment_status":"closed","ping_status":"open","template":"","meta":{"_acf_changed":false,"footnotes":""},"acf":[],"_links":{"self":[{"href":"https:\/\/www.big-animals.com\/de\/wp-json\/wp\/v2\/pages\/33"}],"collection":[{"href":"https:\/\/www.big-animals.com\/de\/wp-json\/wp\/v2\/pages"}],"about":[{"href":"https:\/\/www.big-animals.com\/de\/wp-json\/wp\/v2\/types\/page"}],"author":[{"embeddable":true,"href":"https:\/\/www.big-animals.com\/de\/wp-json\/wp\/v2\/users\/1"}],"replies":[{"embeddable":true,"href":"https:\/\/www.big-animals.com\/de\/wp-json\/wp\/v2\/comments?post=33"}],"version-history":[{"count":2,"href":"https:\/\/www.big-animals.com\/de\/wp-json\/wp\/v2\/pages\/33\/revisions"}],"predecessor-version":[{"id":492,"href":"https:\/\/www.big-animals.com\/de\/wp-json\/wp\/v2\/pages\/33\/revisions\/492"}],"wp:attachment":[{"href":"https:\/\/www.big-animals.com\/de\/wp-json\/wp\/v2\/media?parent=33"}],"curies":[{"name":"wp","href":"https:\/\/api.w.org\/{rel}","templated":true}]}}