{"id":34,"date":"2011-05-09T09:22:03","date_gmt":"2011-05-09T09:22:03","guid":{"rendered":""},"modified":"2014-04-25T12:37:05","modified_gmt":"2014-04-25T12:37:05","slug":"chinesischer-riesensalamander","status":"publish","type":"page","link":"https:\/\/www.big-animals.com\/de\/chinesischer-riesensalamander\/","title":{"rendered":"Chinesischer Riesensalamander"},"content":{"rendered":"<figure id=\"attachment_907\" aria-describedby=\"caption-attachment-907\" style=\"width: 300px\" class=\"wp-caption alignright\"><a href=\"http:\/\/www.big-animals.com\/wp-content\/uploads\/2011\/04\/Chinese_Giant_Salamander.jpeg\"><img loading=\"lazy\" decoding=\"async\" class=\"size-medium wp-image-907\" title=\"Der chinesische Riesensalamander - Fotografie durch H. Zell\" alt=\"Der chinesische Riesensalamander - Fotografie durch H. Zell\" src=\"http:\/\/www.big-animals.com\/wp-content\/uploads\/2011\/04\/Chinese_Giant_Salamander-300x225.jpg\" width=\"300\" height=\"225\" \/><\/a><figcaption id=\"caption-attachment-907\" class=\"wp-caption-text\">Der chinesische Riesensalamander &#8211; Fotografie von H. Zell<\/figcaption><\/figure>\n<p><span class=\"gts_text\" id=\"gts_text_1\">Der chinesische Riesensalamander ist die gr\u00f6\u00dfte <a title=\"Amphibien\" href=\"http:\/\/www.big-animals.com\/de\/amphibien\/\">Amphibie<\/a> und der gr\u00f6\u00dfte <a title=\"Salamander\" href=\"http:\/\/www.big-animals.com\/de\/salamander\/\">Salamander<\/a> der Welt!<\/span> <span class=\"gts_text\" id=\"gts_text_2\">Der durchschnittliche erwachsene chinesische Riesensalamander ist ungef\u00e4hr 25 bis 30 Kilogramm schwer und 1,15 Meter gro\u00df, aber er kann eine L\u00e4nge von 180cm erreichen und bis zu 65 Kilogramm wiegen.<\/span> <span class=\"gts_text\" id=\"gts_text_3\">Er lebt in den felsigen Gebirgsstr\u00f6men und -seen Chinas.<\/span> <span class=\"gts_text\" id=\"gts_text_4\">Seine Population ist kritisch bedroht und wurde als bedroht klassifiziert aufgrund von Habitatsverlust, Verschmutzung und \u00dcberernte.<\/span> <span class=\"gts_text\" id=\"gts_text_5\">Es gilt als Delikatesse und wird in der traditionellen chinesischen Medizin verwendet.<\/span><\/p>\n<p><span class=\"gts_text\" id=\"gts_text_6\">Es ist sehr stark gebaut.<\/span> <span class=\"gts_text\" id=\"gts_text_7\">Es hat einen gro\u00dfen, zusammengepressten Kopf, kleine Augen und eine runzlige , raue, por\u00f6se, dunkle Haut.<\/span> <span class=\"gts_text\" id=\"gts_text_8\">Es hat kleine Nasenl\u00f6cher.<\/span> <span class=\"gts_text\" id=\"gts_text_9\">Es hat Z\u00e4hne.<\/span> <span class=\"gts_text\" id=\"gts_text_10\">Seine Beine sind kurz und flach.<\/span> Es hat 4 Zehen an den Vordergliedma\u00dfen und 5 Zehen an den Hintergliedma\u00dfen<span class=\"gts_text\" id=\"gts_text_11\">.<\/span> <span class=\"gts_text\" id=\"gts_text_12\">Es ern\u00e4hrt sich von Insekten, Fr\u00f6schen und Fischen.<\/span> <span class=\"gts_text\" id=\"gts_text_13\">Es jagt haupts\u00e4chlich nachts.<\/span> <span class=\"gts_text\" id=\"gts_text_14\">Es hat ein sehr schlechtes Sehverm\u00f6gen und keine Augenlider.<\/span> <span class=\"gts_text\" id=\"gts_text_15\">Deshalb h\u00e4ngt es stark von seinen speziellen Sensoren ab, die sich an seinen Seiten vom Kopf zum Endst\u00fcck befinden.<\/span> <span class=\"gts_text\" id=\"gts_text_16\">Es ist in der Lage, die geringf\u00fcgigsten Ersch\u00fctterungen mithilfe dieser Sensoren zu erkennen.<\/span> <span class=\"gts_text\" id=\"gts_text_17\">Deshalb sind sie in der Lage, ihre Beute zu entdecken und schnell vor ihren Feinden zu fliehen.<\/span><\/p>\n<p><span class=\"gts_text\" id=\"gts_text_18\">Das Weibchen legt ungef\u00e4hr 500 Eier an einer Schnur in einer Unterwasserh\u00f6hle.<\/span> <span class=\"gts_text\" id=\"gts_text_19\">Das M\u00e4nnchen sch\u00fctzt diese kostbaren Eier, bis sie ausgebr\u00fctet sind.<\/span> Es dauert zwischen 50 bis 60 Tage, bis die Eier schl\u00fcpfen<span class=\"gts_text\" id=\"gts_text_20\">.<\/span> <span class=\"gts_text\" id=\"gts_text_21\">Die Larven beginnen nach 30 Tagen zu fressen.<\/span> <span class=\"gts_text\" id=\"gts_text_22\">Die Kiemen der Larven werden kleiner, wenn sie ungef\u00e4hr 20-25cm lang sind.<\/span> <span class=\"gts_text\" id=\"gts_text_23\">Die Larven haben eine Form, die den erwachsenen Salamandern \u00e4hnelt.<\/span> <span class=\"gts_text\" id=\"gts_text_24\">Das Erwachsene hat Kiemenschlitze und Lungen zum Atmen.<\/span> <span class=\"gts_text\" id=\"gts_text_25\">Chinesische Riesensalamander in Gefangenschaft haben bis zu 75 Jahre gelebt.<\/span><\/p>\n<figure id=\"attachment_908\" aria-describedby=\"caption-attachment-908\" style=\"width: 300px\" class=\"wp-caption aligncenter\"><a href=\"http:\/\/www.big-animals.com\/wp-content\/uploads\/2011\/04\/Chinese_Giant_Salamander_And_Human.png\"><img loading=\"lazy\" decoding=\"async\" class=\"size-medium wp-image-908\" title=\"Chinesischer Riesensalamander und Mensch\" alt=\"Chinesischer Riesensalamander und Mensch\" src=\"http:\/\/www.big-animals.com\/wp-content\/uploads\/2011\/04\/Chinese_Giant_Salamander_And_Human-300x176.png\" width=\"300\" height=\"176\" \/><\/a><figcaption id=\"caption-attachment-908\" class=\"wp-caption-text\">Chinesischer Riesensalamander und Mensch<\/figcaption><\/figure>\n","protected":false},"excerpt":{"rendered":"<p>Der chinesische Riesensalamander ist die gr\u00f6\u00dfte Amphibie und der gr\u00f6\u00dfte Salamander der Welt! Der durchschnittliche erwachsene chinesische Riesensalamander ist ungef\u00e4hr 25 bis 30 Kilogramm schwer und 1,15 Meter gro\u00df, aber er kann eine L\u00e4nge von 180cm erreichen und bis zu 65 Kilogramm wiegen. Er lebt in den felsigen Gebirgsstr\u00f6men und -seen Chinas. Seine Population ist &hellip; <a href=\"https:\/\/www.big-animals.com\/de\/chinesischer-riesensalamander\/\" class=\"more-link\">Continue reading <span class=\"screen-reader-text\">Chinesischer Riesensalamander<\/span><\/a><\/p>\n","protected":false},"author":1,"featured_media":0,"parent":0,"menu_order":0,"comment_status":"closed","ping_status":"open","template":"","meta":{"_acf_changed":false,"footnotes":""},"acf":[],"_links":{"self":[{"href":"https:\/\/www.big-animals.com\/de\/wp-json\/wp\/v2\/pages\/34"}],"collection":[{"href":"https:\/\/www.big-animals.com\/de\/wp-json\/wp\/v2\/pages"}],"about":[{"href":"https:\/\/www.big-animals.com\/de\/wp-json\/wp\/v2\/types\/page"}],"author":[{"embeddable":true,"href":"https:\/\/www.big-animals.com\/de\/wp-json\/wp\/v2\/users\/1"}],"replies":[{"embeddable":true,"href":"https:\/\/www.big-animals.com\/de\/wp-json\/wp\/v2\/comments?post=34"}],"version-history":[{"count":3,"href":"https:\/\/www.big-animals.com\/de\/wp-json\/wp\/v2\/pages\/34\/revisions"}],"predecessor-version":[{"id":518,"href":"https:\/\/www.big-animals.com\/de\/wp-json\/wp\/v2\/pages\/34\/revisions\/518"}],"wp:attachment":[{"href":"https:\/\/www.big-animals.com\/de\/wp-json\/wp\/v2\/media?parent=34"}],"curies":[{"name":"wp","href":"https:\/\/api.w.org\/{rel}","templated":true}]}}