{"id":35,"date":"2011-05-09T09:22:53","date_gmt":"2011-05-09T09:22:53","guid":{"rendered":""},"modified":"2014-03-28T12:57:51","modified_gmt":"2014-03-28T12:57:51","slug":"gigantopithecus","status":"publish","type":"page","link":"https:\/\/www.big-animals.com\/de\/gigantopithecus\/","title":{"rendered":"Gigantopithecus"},"content":{"rendered":"<p><span class=\"gts_text\" id=\"gts_text_1\">Der Gigantopithecus ist der gr\u00f6\u00dfte <a title=\"Primas\" href=\"http:\/\/www.big-animals.com\/primates\/\">Primat<\/a>, der je gelebt hat. Er existierte vor 300000 Jahren. Seine Fossilien wurden in China, Indien und Vietnam gefunden. Er ist nah mit den Affen verwandt. Der m\u00e4nnlich Gigantopithecus war um die 3 Meter hoch und wog um die 540kg.<\/span><span class=\"gts_text\" id=\"gts_text_5\"><\/span><\/p>\n<figure id=\"attachment_706\" aria-describedby=\"caption-attachment-706\" style=\"width: 216px\" class=\"wp-caption alignright\"><a href=\"http:\/\/www.big-animals.com\/wp-content\/uploads\/2011\/03\/Gigantopithecus_and_human.png\"><img loading=\"lazy\" decoding=\"async\" class=\"size-medium wp-image-706\" title=\"Das Gigantopithecus ist der gr\u00f6\u00dfte \u00fcberhaupt Primas\" alt=\"Das Gigantopithecus ist der gr\u00f6\u00dfte \u00fcberhaupt Primas\" src=\"http:\/\/www.big-animals.com\/wp-content\/uploads\/2011\/03\/Gigantopithecus_and_human-216x300.png\" width=\"216\" height=\"300\" \/><\/a><figcaption id=\"caption-attachment-706\" class=\"wp-caption-text\">Der Gigantopithecus ist der gr\u00f6\u00dfte Primat \u00fcberhaupt<\/figcaption><\/figure>\n<p><span class=\"gts_text\" id=\"gts_text_6\">Einige Leute glauben immer\u00a0 noch, dass er in abgelegenen Teilen Asiens bis heute \u00fcberlebte. Diese Leute nennen ihn den Yeti, den Yeren oder den Mande Barung. Jedoch sind sich die meisten Wissenschaftler sicher, dass der Gigantopithecus lange ausgestorben ist. Die einzigen Dinge, die vom Gigantopithecus gefunden wurden sind versteinerte Z\u00e4hne und Kieferknochen. Seine versteinerten Z\u00e4hne und Knochen werden h\u00e4ufig zu Pulver gemahlen und in der traditionellen chinesischen Medizin verwendet.<\/span><span class=\"gts_text\" id=\"gts_text_10\"><\/span><\/p>\n<p>Ungl\u00fccklicherweise k\u00f6nnen wir uns nicht sicher sein, wie der Gigantopithecus sich fortbewegte, da keine H\u00fcften- oder Beinknochen gefunden wurden. Wissenschaflter sch\u00e4tzen, dass er eigentlich 2 bis 3 Mal schwerer ist als heutige Gorillas und fast 5 Mal schwerer als der Orang-Utan, welcher der ihm \u00e4hnlichste lebende Primat ist. Das erwachsene weibliche Gigantopithecus wog die H\u00e4lfte des Gewichts der M\u00e4nnchen.<\/p>\n<p>Sie lebten in einem Bambuswald. Seine Fossilien wurden zusammen mit ausgestorbenen Arten des Pandas gefunden. Deswegen wurde ausgeschlossen, das diese riesigen Gigantopithecus Pflanzenfresser waren. Ihre Kiefer sind tief und sehr dick. Seine Z\u00e4hne und Kiefer sind dazu geeignet faserige Nahrung wie Bambus grob zu zermahlen und zu kauen. Die L\u00f6cher in seinen Z\u00e4hnen sind denen eines gro\u00dfen Pandas \u00e4hnlich. Neben Bambus, a\u00df er wahrscheinlich auch Samen und Fr\u00fcchte.<\/p>\n<p><span class=\"gts_text\" id=\"gts_text_21\">\u00a0<\/span><\/p>\n","protected":false},"excerpt":{"rendered":"<p>Der Gigantopithecus ist der gr\u00f6\u00dfte Primat, der je gelebt hat. Er existierte vor 300000 Jahren. Seine Fossilien wurden in China, Indien und Vietnam gefunden. Er ist nah mit den Affen verwandt. Der m\u00e4nnlich Gigantopithecus war um die 3 Meter hoch und wog um die 540kg. Einige Leute glauben immer\u00a0 noch, dass er in abgelegenen Teilen &hellip; <a href=\"https:\/\/www.big-animals.com\/de\/gigantopithecus\/\" class=\"more-link\">Continue reading <span class=\"screen-reader-text\">Gigantopithecus<\/span><\/a><\/p>\n","protected":false},"author":1,"featured_media":0,"parent":0,"menu_order":0,"comment_status":"closed","ping_status":"open","template":"","meta":{"_acf_changed":false,"footnotes":""},"acf":[],"_links":{"self":[{"href":"https:\/\/www.big-animals.com\/de\/wp-json\/wp\/v2\/pages\/35"}],"collection":[{"href":"https:\/\/www.big-animals.com\/de\/wp-json\/wp\/v2\/pages"}],"about":[{"href":"https:\/\/www.big-animals.com\/de\/wp-json\/wp\/v2\/types\/page"}],"author":[{"embeddable":true,"href":"https:\/\/www.big-animals.com\/de\/wp-json\/wp\/v2\/users\/1"}],"replies":[{"embeddable":true,"href":"https:\/\/www.big-animals.com\/de\/wp-json\/wp\/v2\/comments?post=35"}],"version-history":[{"count":2,"href":"https:\/\/www.big-animals.com\/de\/wp-json\/wp\/v2\/pages\/35\/revisions"}],"predecessor-version":[{"id":464,"href":"https:\/\/www.big-animals.com\/de\/wp-json\/wp\/v2\/pages\/35\/revisions\/464"}],"wp:attachment":[{"href":"https:\/\/www.big-animals.com\/de\/wp-json\/wp\/v2\/media?parent=35"}],"curies":[{"name":"wp","href":"https:\/\/api.w.org\/{rel}","templated":true}]}}