{"id":38,"date":"2011-05-09T09:23:30","date_gmt":"2011-05-09T09:23:30","guid":{"rendered":""},"modified":"2014-04-01T11:46:51","modified_gmt":"2014-04-01T11:46:51","slug":"goliathfrosch","status":"publish","type":"page","link":"https:\/\/www.big-animals.com\/de\/goliathfrosch\/","title":{"rendered":"Goliathfrosch"},"content":{"rendered":"<p><span class=\"gts_text\" id=\"gts_text_1\">Die Goliathfr\u00f6sche sind die gr\u00f6\u00dften <a title=\"Frosch\" href=\"http:\/\/www.big-animals.com\/frog\/\">Fr\u00f6sche<\/a> der Welt. Sie sind so gro\u00df wie eine Hauskatze! Kinder aus einigen afrikanischen L\u00e4ndern behandeln diesen Frosch wie einen Haushund oder eine Hauskatze. Sie k\u00f6nnen bis zu 33 cm wachsen. Wenn ihre Beine voll ausgestreckt sind, sind sie 90 cm gro\u00df und k\u00f6nnen so viel wie ein neugeborenes Baby wiegen. Sie wiegen um die 3kg.<\/span><span class=\"gts_text\" id=\"gts_text_6\"><\/span><\/p>\n<figure id=\"attachment_973\" aria-describedby=\"caption-attachment-973\" style=\"width: 204px\" class=\"wp-caption alignright\"><a href=\"http:\/\/www.big-animals.com\/wp-content\/uploads\/2011\/05\/goliath-frog-and-human.png\"><img loading=\"lazy\" decoding=\"async\" class=\"size-medium wp-image-973\" title=\"Goliath-Frosch und -mensch\" alt=\"Goliath-Frosch und -mensch\" src=\"http:\/\/www.big-animals.com\/wp-content\/uploads\/2011\/05\/goliath-frog-and-human-204x300.png\" width=\"204\" height=\"300\" \/><\/a><figcaption id=\"caption-attachment-973\" class=\"wp-caption-text\">Goliathfrosch und Mensch<\/figcaption><\/figure>\n<p>Ungl\u00fccklicherweise sinkt die Population dieser Fr\u00f6sche, weil sie f\u00fcr Nahrung und zum Verkauf als Haustier gejagt werden. Zudem wird ihr Lebensraum zerst\u00f6rt. Naturschutzma\u00dfnahmen zum Schutz der Fr\u00f6sche wurden ausgef\u00fchrt, indem man sie in Zoos verlegt hat. Sie br\u00fcten und \u00fcberleben jedoch nicht sehr gut in Gefangenschaft. Die einzige, wirkliche Hoffnung f\u00fcr das \u00dcberleben dieser Fr\u00f6sche ist, dass Menschen sie in der Wildnis besch\u00fctzen und nicht ausbeuten. Da sie als gef\u00e4hrdet eingestuft sind, hat die Regierung \u00c4quatorialguineas festgelegt, dass nicht mehr als 300 Goliathfr\u00f6sche jedes Jahr aus dem Land entnommen werden d\u00fcrfen.<\/p>\n<p>Goliathfr\u00f6sche k\u00f6nnen in schnellflie\u00dfenden Fl\u00fc\u00dfen mit sandigem Untergrund in den westafrikanischen L\u00e4ndern von Kamerun und \u00c4quatorialguinea gefunden werden. Fl\u00fcsse wie diese k\u00f6nnen in dichten Regenw\u00e4ldern gefunden werden und sind normalerweise klar. Das Wasser enth\u00e4lt sehr viel Sauerstoff. Die Gebiete um diese Fl\u00fcsse herum sind meistens sehr feucht und heiss.<\/p>\n<p>Die Oberseite des Frosches ist gr\u00fcnlich-braun und seine Unterseite ist gelblich-orange. Er hat raue Haut. Aufgrund siner enormen Gr\u00f6\u00dfe muss er eine Menge fressen. Er ist ein Fleischfresser und frisst haupts\u00e4chlich Insekten, Krabben, Fische und kleinere Fr\u00f6sche. Andererseits fressen Kaulquappen nur Pflanzen. Er kann bis zu 15 Jahre leben. Er ist ein guter Springer. Er kann bis zu 3 Meter mit nur einem Schwung springen. Deswegen ist er nicht leicht zu fangen! Er hat vollst\u00e4ndig schwimmh\u00e4utige Zehen, die ihn zu einem exzellenten Schwimmer in rauschenden Fl\u00fcssen machen.<\/p>\n<p>Goliathfr\u00f6sche sind stumm. Sie machen keine Ger\u00e4usche, sind aber gute Zuh\u00f6rer. Weibliche Goliathfr\u00f6sche legen mehrere hundert Eier, die an den Pflanzen haften, welche aus den Fl\u00fcssen wachsen an denen diese Fr\u00f6sche leben. Sobald die Eier geschl\u00fcpft sind, dauert es um die 85 bis 95 Tage, bis sich die Kaulquappen entwickeln. Obwohl sie so gro\u00df sind wie ein Erwachsener, sind ihre Eier und Kaulquappen etwa genauso gro\u00df wie die von anderen Fr\u00f6schen.<\/p>\n","protected":false},"excerpt":{"rendered":"<p>Die Goliathfr\u00f6sche sind die gr\u00f6\u00dften Fr\u00f6sche der Welt. Sie sind so gro\u00df wie eine Hauskatze! Kinder aus einigen afrikanischen L\u00e4ndern behandeln diesen Frosch wie einen Haushund oder eine Hauskatze. Sie k\u00f6nnen bis zu 33 cm wachsen. Wenn ihre Beine voll ausgestreckt sind, sind sie 90 cm gro\u00df und k\u00f6nnen so viel wie ein neugeborenes Baby &hellip; <a href=\"https:\/\/www.big-animals.com\/de\/goliathfrosch\/\" class=\"more-link\">Continue reading <span class=\"screen-reader-text\">Goliathfrosch<\/span><\/a><\/p>\n","protected":false},"author":1,"featured_media":0,"parent":0,"menu_order":0,"comment_status":"closed","ping_status":"open","template":"","meta":{"_acf_changed":false,"footnotes":""},"acf":[],"_links":{"self":[{"href":"https:\/\/www.big-animals.com\/de\/wp-json\/wp\/v2\/pages\/38"}],"collection":[{"href":"https:\/\/www.big-animals.com\/de\/wp-json\/wp\/v2\/pages"}],"about":[{"href":"https:\/\/www.big-animals.com\/de\/wp-json\/wp\/v2\/types\/page"}],"author":[{"embeddable":true,"href":"https:\/\/www.big-animals.com\/de\/wp-json\/wp\/v2\/users\/1"}],"replies":[{"embeddable":true,"href":"https:\/\/www.big-animals.com\/de\/wp-json\/wp\/v2\/comments?post=38"}],"version-history":[{"count":2,"href":"https:\/\/www.big-animals.com\/de\/wp-json\/wp\/v2\/pages\/38\/revisions"}],"predecessor-version":[{"id":470,"href":"https:\/\/www.big-animals.com\/de\/wp-json\/wp\/v2\/pages\/38\/revisions\/470"}],"wp:attachment":[{"href":"https:\/\/www.big-animals.com\/de\/wp-json\/wp\/v2\/media?parent=38"}],"curies":[{"name":"wp","href":"https:\/\/api.w.org\/{rel}","templated":true}]}}