{"id":39,"date":"2011-05-09T09:23:48","date_gmt":"2011-05-09T09:23:48","guid":{"rendered":""},"modified":"2014-04-29T11:25:41","modified_gmt":"2014-04-29T11:25:41","slug":"goldkronen-flughund","status":"publish","type":"page","link":"https:\/\/www.big-animals.com\/de\/goldkronen-flughund\/","title":{"rendered":"Goldkronen-Flughund"},"content":{"rendered":"<figure id=\"attachment_787\" aria-describedby=\"caption-attachment-787\" style=\"width: 200px\" class=\"wp-caption alignleft\"><a href=\"http:\/\/www.big-animals.com\/wp-content\/uploads\/2011\/03\/Golden_Crowned_Fruit_Bat.jpg\"><img loading=\"lazy\" decoding=\"async\" class=\"size-full wp-image-787\" title=\"Der Riese Golden-Gekr\u00f6nte Flughund - Bild durch Elpidio Latorilla\" alt=\"Der Riese Golden-Gekr\u00f6nte Flughund - Bild durch Elpidio Latorilla\" src=\"http:\/\/www.big-animals.com\/wp-content\/uploads\/2011\/03\/Golden_Crowned_Fruit_Bat.jpg\" width=\"200\" height=\"319\" \/><\/a><figcaption id=\"caption-attachment-787\" class=\"wp-caption-text\">Der Goldkronen-Flughund &#8211; Bild von Elpidio Latorilla<\/figcaption><\/figure>\n<p><span class=\"gts_text\" id=\"gts_text_2\">Der Goldkronen-Flughund ist auch bekannt als Luzon-Flughund. Er ist ein seltener Flughund und auch die gr\u00f6\u00dfte <a title=\"Flederm\u00e4use\" href=\"http:\/\/www.big-animals.com\/de\/schlager\/\">Fledermaus<\/a> der Welt. Er hat eine Fl\u00fcgelspannweite von ungef\u00e4hr 1,5 Meter und wiegt bis zu 1,2 Kilogramm. Oft wird beobachtet, dass er sich mit seinen gro\u00dfen, schwarzen Fl\u00fcgeln umh\u00fcllt und somit sieht es aus als tr\u00fcge er einen schwarzen Mantel. Ungl\u00fccklicherweise ist diese Fledermaus aufgrund von illegaler Jagd und Waldzerst\u00f6rung gef\u00e4hrdet. <\/span><span class=\"gts_text\" id=\"gts_text_5\"><\/span><\/p>\n<p>Er ist in den Regenw\u00e4ldern der Phillipinen einheimisch. Er hat seinen Namen von dem gelben Fell, welches seinen Kopf umgibt. Er ist nicht mit dem Fuchs verwandt, obwohl das Gesicht ein bisschen wie das von einem Fuchs aussieht. Er geh\u00f6rt zur Familie der Flughunde. Er hat einen schwarzen K\u00f6rper und keinen Schwanz sowie jede andere fruchtfressen Fledermaus. Er ist nachtaktiv und kann auf der Suche nach Nahrung mindestens 40 Kilometer in einer Nacht fliegen. Er liebt es Feigen zu fressen. Kann er jedoch keine Feigen finden, sucht er nach anderen Fr\u00fcchten zu fressen wie z.B. Puhutan, Lamino und Bankal.<\/p>\n<p>Der Goldkronen-Flughund ist auch bekannt daf\u00fcr, ein stiller Pflanzer zu sein, da die Samen in seinem Kot und die Samen, welche sie w\u00e4hrend der Fressenszeit auf den Boden gespuckt haben Wurzeln schlagen und somit zu neuen Fruchtb\u00e4umen heranwachsen. Dies hilft bei der Erhaltung des Regenwaldes in den Philippinen. Der Goldkronen-Flughund hilft ebenfalls bei der Best\u00e4ubung von Fruchtb\u00e4umen. Es gibt viele Fruchtb\u00e4ume die abh\u00e4ngig von der Best\u00e4ubung und Verteilung der Samen durch den Goldkronen-Flughund sind. Sogar sein Mist ist ein guter D\u00fcnger f\u00fcr die Pflanzen.<\/p>\n<figure id=\"attachment_789\" aria-describedby=\"caption-attachment-789\" style=\"width: 176px\" class=\"wp-caption alignright\"><a href=\"http:\/\/www.big-animals.com\/wp-content\/uploads\/2011\/03\/Giant_Golden_Crowned_Flying_Fox_And_Human1.png\"><img loading=\"lazy\" decoding=\"async\" class=\"size-medium wp-image-789\" title=\"Der riesige goldene gekr\u00f6nte Flughund ist der gr\u00f6\u00dfte Schl\u00e4ger der Welt\" alt=\"Der riesige goldene gekr\u00f6nte Flughund ist der gr\u00f6\u00dfte Schl\u00e4ger der Welt\" src=\"http:\/\/www.big-animals.com\/wp-content\/uploads\/2011\/03\/Giant_Golden_Crowned_Flying_Fox_And_Human1-176x300.png\" width=\"176\" height=\"300\" \/><\/a><figcaption id=\"caption-attachment-789\" class=\"wp-caption-text\">Der Goldkronen-Flughund ist die weltgr\u00f6\u00dfte Fledermaus<\/figcaption><\/figure>\n<p>Der Goldkronen-Flughund hat zwei Brutzeiten. Das Weibchen wird nur w\u00e4hrend einer dieser Brutzeiten schwanger. Die Mutter geb\u00e4rt jeweils nur ein Jungtier.<\/p>\n<p>Diese Fledermaus mag es sich oft zu waschen. Er benutzt seine schwarzen Fl\u00fcgel, um Wasser hinaufzubef\u00f6rdern und es \u00fcber seinen ganzen K\u00f6rper zu sch\u00fctten. Sie neigen dazu sich in sehr gro\u00dfen Schw\u00e4rmen auszuruhen, sodass sie sich gegenseitig warmhalten und vor Feinden sch\u00fctzen k\u00f6nnen. Das Problem mit diesen gro\u00dfen Schw\u00e4rmen ist, dass so den Leuten das Jagen einfacher gemacht wird. J\u00e4ger jagen normalerweise tags\u00fcber, w\u00e4hrend die Flederm\u00e4use schlafen.<\/p>\n<p>Zum jetzigen Zeitpunkt ist diese Fledermaus gef\u00e4hrdet und fast ausgestorben. Sie ist von vielen kleineren Inseln und einigen gr\u00f6\u00dferen Inseln der Phillipinen verschwunden, wie Panay und Cebu. Sie wird in einigen Gebieten auch f\u00fcr ihr Fleisch gejagt. Wenn die Fr\u00fcchte von Menschen weggenommen werden, haben diese Flederm\u00e4use keine Nahrung zum Fressen und sie k\u00f6nnen sogar vor Hunger sterben.<\/p>\n<p>Es gibt Leute, die hart daf\u00fcr arbeiten den Goldkronen-Flughund vorm Aussterben zu sch\u00fctzen. Die Subic-Bucht Region der Phillipinen wurde als ein Forschungsgebiet eingerichtet, um diese Flederm\u00e4use zu untersuchen und zu besch\u00fctzen.<\/p>\n","protected":false},"excerpt":{"rendered":"<p>Der Goldkronen-Flughund ist auch bekannt als Luzon-Flughund. Er ist ein seltener Flughund und auch die gr\u00f6\u00dfte Fledermaus der Welt. Er hat eine Fl\u00fcgelspannweite von ungef\u00e4hr 1,5 Meter und wiegt bis zu 1,2 Kilogramm. Oft wird beobachtet, dass er sich mit seinen gro\u00dfen, schwarzen Fl\u00fcgeln umh\u00fcllt und somit sieht es aus als tr\u00fcge er einen schwarzen &hellip; <a href=\"https:\/\/www.big-animals.com\/de\/goldkronen-flughund\/\" class=\"more-link\">Continue reading <span class=\"screen-reader-text\">Goldkronen-Flughund<\/span><\/a><\/p>\n","protected":false},"author":1,"featured_media":0,"parent":0,"menu_order":0,"comment_status":"closed","ping_status":"open","template":"","meta":{"_acf_changed":false,"footnotes":""},"acf":[],"_links":{"self":[{"href":"https:\/\/www.big-animals.com\/de\/wp-json\/wp\/v2\/pages\/39"}],"collection":[{"href":"https:\/\/www.big-animals.com\/de\/wp-json\/wp\/v2\/pages"}],"about":[{"href":"https:\/\/www.big-animals.com\/de\/wp-json\/wp\/v2\/types\/page"}],"author":[{"embeddable":true,"href":"https:\/\/www.big-animals.com\/de\/wp-json\/wp\/v2\/users\/1"}],"replies":[{"embeddable":true,"href":"https:\/\/www.big-animals.com\/de\/wp-json\/wp\/v2\/comments?post=39"}],"version-history":[{"count":2,"href":"https:\/\/www.big-animals.com\/de\/wp-json\/wp\/v2\/pages\/39\/revisions"}],"predecessor-version":[{"id":557,"href":"https:\/\/www.big-animals.com\/de\/wp-json\/wp\/v2\/pages\/39\/revisions\/557"}],"wp:attachment":[{"href":"https:\/\/www.big-animals.com\/de\/wp-json\/wp\/v2\/media?parent=39"}],"curies":[{"name":"wp","href":"https:\/\/api.w.org\/{rel}","templated":true}]}}