{"id":40,"date":"2011-05-09T09:23:58","date_gmt":"2011-05-09T09:23:58","guid":{"rendered":""},"modified":"2011-05-09T09:23:58","modified_gmt":"2011-05-09T09:23:58","slug":"grunanakonda","status":"publish","type":"page","link":"https:\/\/www.big-animals.com\/de\/grunanakonda\/","title":{"rendered":"Gr\u00fcne Anakonda"},"content":{"rendered":"<p><span id=\"gts_text_1\" class=\"gts_text\">Die gr\u00fcne Anakonda ist eine nicht giftige Schlange und die <a href=\"http:\/\/www.big-animals.com\/snakes\/\">schwerste Schlange in der<\/a> Welt.<\/span> <span id=\"gts_text_2\" class=\"gts_text\">Sie werden in S\u00fcdamerika gefunden.<\/span> <span id=\"gts_text_3\" class=\"gts_text\">Sie sind auch unter den gr\u00f6\u00dften Schlangen in der Welt.<\/span> <span id=\"gts_text_4\" class=\"gts_text\">Obgleich die <a href=\"http:\/\/www.big-animals.com\/the-reticulated-python\/\">retikulierte Pythonschlange die<\/a> l\u00e4ngste Schlange in der Welt ist, mehr als 8,7 Meter (29 Fu\u00df) in der L\u00e4nge erreichend, ist sie nirgendwo nahe so schwer wie die gr\u00fcne Anakonda.<\/span> <span id=\"gts_text_5\" class=\"gts_text\">Die gr\u00fcne Anakonda kann mehr, als sein 5 Meter lang (16 Fu\u00df) und es mehr als 227 Kilogramm (500 lbs) wiegen und mehr als 30 Zentimeter (1 Fu\u00df) im Durchmesser messen k\u00f6nnen.<\/span> <span id=\"gts_text_6\" class=\"gts_text\">Die l\u00e4ngste und schwerste wissenschaftlich notierte gr\u00fcne Anakonda war eine weibliche gr\u00fcne Anakonda war 5,21 Meter lang (17 Fu\u00df) aber nur 97,5 Kilogramm (215 lbs) wiegend.<\/span><\/p>\n<p><span id=\"gts_text_7\" class=\"gts_text\">Sie haben Olivgr\u00fcnhaut mit einem Muster von schwarzen Flecken \u00fcber ihren gesamten K\u00f6rpern.<\/span> <span id=\"gts_text_8\" class=\"gts_text\">Diese schwarzen Flecke helfen ihnen, in die dichten W\u00e4lder sehr gut zu tarnen.<\/span> <span id=\"gts_text_9\" class=\"gts_text\">Sie haben durchaus einen kleinen Kopf, der mit der Gr\u00f6\u00dfe ihres K\u00f6rpers verglichen wird.<\/span> <span id=\"gts_text_10\" class=\"gts_text\">Ihre Augen und Nasenl\u00f6cher sind auf den Kopf hoch.<\/span> <span id=\"gts_text_11\" class=\"gts_text\">Dieses l\u00e4sst die Schlange aus dem Wasser heraus beim unter dem Wasser vollst\u00e4ndig bleiben sehen, um ihr Opfer in Angriff zu nehmen.<\/span><\/p>\n<figure id=\"attachment_480\" aria-describedby=\"caption-attachment-480\" style=\"width: 300px\" class=\"wp-caption alignleft\"><a href=\"http:\/\/www.big-animals.com\/wp-content\/uploads\/2011\/02\/Green_Anaconda.png\"><img loading=\"lazy\" decoding=\"async\" class=\"size-medium wp-image-480\" title=\"Brasilianische Soldaten, die eine gr\u00fcne Anakonda anheften\" src=\"http:\/\/www.big-animals.com\/wp-content\/uploads\/2011\/02\/Green_Anaconda-300x225.png\" alt=\"Brasilianische Soldaten, die eine gr\u00fcne Anakonda anheften\" width=\"300\" height=\"225\" \/><\/a><figcaption id=\"caption-attachment-480\" class=\"wp-caption-text\">Brazilian Soldiers Tackling A Green Anaconda<\/figcaption><\/figure>\n<p><span id=\"gts_text_12\" class=\"gts_text\">Gr\u00fcne Anakondas werden in S\u00fcdamerika in den L\u00e4ndern \u00f6stlich der Anden, einschlie\u00dflich Pl\u00e4tze wie Kolumbien, Venezuela, Ecuador, Peru, Bolivien, Brasilien, die Insel von Trinidad und als weiter im S\u00fcden als Nordparaguay gefunden.<\/span> <span id=\"gts_text_13\" class=\"gts_text\">Sie leben in den S\u00fcmpfen, niedriges Land, das \u00fcberschwemmt erh\u00e4lt, wenn es und langsame Str\u00f6me regnet.<\/span> <span id=\"gts_text_14\" class=\"gts_text\">Sie genie\u00dfen meiste die tropischen Regenw\u00e4lder des Amazonas.<\/span> <span id=\"gts_text_15\" class=\"gts_text\">Sie sind auf Land aber, wenn sie im Wasser sind, sie sind extrem schnell ziemlich langsam und unbeholfen.<\/span> <span id=\"gts_text_16\" class=\"gts_text\">Deshalb ziehen gr\u00fcne Anakondas (die nachts aktiv sind) es vor, in oder nahe des Wassers zu leben.<\/span> <span id=\"gts_text_17\" class=\"gts_text\">Es ist auch, warum Gr\u00fcnanakonda manchmal <em>Water Boas<\/em> genannt werden.<\/span> <span id=\"gts_text_18\" class=\"gts_text\">Sie verbringen mehr ihrer Zeit im Wasser als jede m\u00f6gliche andere Boa.<\/span><\/p>\n<p><span id=\"gts_text_19\" class=\"gts_text\">Gr\u00fcne Anakondas neigen, an der Oberfl\u00e4che des Wassers mit der Schnauze zu schwimmen, die kaum heraus st\u00f6\u00dft.<\/span> <span id=\"gts_text_20\" class=\"gts_text\">Sie w\u00fcnschen ihr Abendessen sie nicht sehen!<\/span> <span id=\"gts_text_21\" class=\"gts_text\">Wenn ihre Mahlzeit nahe kommt, etwas Wasser durch den Strom zu trinken, schnappt die hungrige gr\u00fcne Anakonda das Tier mit seinen Kiefern.<\/span> <span id=\"gts_text_22\" class=\"gts_text\">Dann umwickelt sie um ihr Opfer fest mit seinem enormen K\u00f6rper.<\/span> <span id=\"gts_text_23\" class=\"gts_text\">Schlie\u00dflich stoppt das Gesch\u00f6pf zu atmen und die gr\u00fcne Anakonda schluckt sein ganzes Abendessen.<\/span><\/p>\n<p><span id=\"gts_text_24\" class=\"gts_text\">Ihre Kiefer werden durch elastische Ligamente, die erlauben, dass sein Mund viel weit ge\u00f6ffnet ist, als die Gr\u00f6\u00dfe seines Kopfes zusammengehalten.<\/span> <span id=\"gts_text_25\" class=\"gts_text\">Er hat ein sehr langsames Verdauungssystem.<\/span> <span id=\"gts_text_26\" class=\"gts_text\">Nachdem es ein Tier geschluckt hat, nimmt er m\u00f6glicherweise einige Wochen, damit er vollst\u00e4ndig seine Mahlzeit verdaut.<\/span> <span id=\"gts_text_27\" class=\"gts_text\">Normalerweise nach einer gro\u00dfen Mahlzeit.<\/span> <span id=\"gts_text_28\" class=\"gts_text\">sie geht einige Wochen &#8211; manchmal f\u00fcr einige Monate &#8211; ohne Nahrung.<\/span><\/p>\n<p><span id=\"gts_text_29\" class=\"gts_text\">Gr\u00fcne Anakondas essen alle Arten Tiere wie Fische, Ratten, Schildkr\u00f6ten und andere kaltbl\u00fctige Tiere.<\/span> <span id=\"gts_text_30\" class=\"gts_text\">Eine gro\u00dfe gr\u00fcne Anakonda zieht auf gr\u00f6\u00dferes Opfer wie Tapir, Rotwild, Capybaras und Caimans ein.<\/span> <span id=\"gts_text_31\" class=\"gts_text\">Es gibt auch F\u00e4lle, in denen je gr\u00f6\u00dfere weibliche gr\u00fcne Anakondas herauf desto kleinere m\u00e4nnliche gr\u00fcne Anakondas essen.<\/span> <span id=\"gts_text_32\" class=\"gts_text\">Jedoch gibt es keinen Beweis, dem gr\u00fcne Anakondas Leute angreifen und essen.<\/span><\/p>\n<figure id=\"attachment_479\" aria-describedby=\"caption-attachment-479\" style=\"width: 300px\" class=\"wp-caption alignright\"><a href=\"http:\/\/www.big-animals.com\/wp-content\/uploads\/2011\/02\/Green_Anaconda_And_Human.png\"><img loading=\"lazy\" decoding=\"async\" class=\"size-medium wp-image-479\" title=\"Gr\u00fcne Anakonda und Mensch\" src=\"http:\/\/www.big-animals.com\/wp-content\/uploads\/2011\/02\/Green_Anaconda_And_Human-300x282.png\" alt=\"Gr\u00fcne Anakonda und Mensch\" width=\"300\" height=\"282\" \/><\/a><figcaption id=\"caption-attachment-479\" class=\"wp-caption-text\">Green Anaconda And Human<\/figcaption><\/figure>\n<p><span id=\"gts_text_33\" class=\"gts_text\">Die gr\u00fcne Anakondamutter h\u00e4lt ihre Eier innerhalb sie, bis sie Luke innerhalb der Mutter sind.<\/span> <span id=\"gts_text_34\" class=\"gts_text\">Die Mutter entbindet ihren Babyschlangen dann.<\/span> <span id=\"gts_text_35\" class=\"gts_text\">Sie kann auf einmal entbinden zwischen 20-40 Jungeschlangen.<\/span> <span id=\"gts_text_36\" class=\"gts_text\">Manchmal kann sie so vieles wie 100 sogar produzieren!<\/span> <span id=\"gts_text_37\" class=\"gts_text\">K\u00f6nnen dich Sie 100 kleine gr\u00fcne Anakondas vorstellen, herum dich zu schl\u00e4ngeln!?<\/span> <span id=\"gts_text_38\" class=\"gts_text\">Diese Babys sind ungef\u00e4hr 70-80 Zentimeter lang (27-30 Zoll) wenn sie geboren sind.<\/span> <span id=\"gts_text_39\" class=\"gts_text\">Sobald sie geboren sind, sind sie bereit zu jagen und zu schwimmen.<\/span> <span id=\"gts_text_40\" class=\"gts_text\">Da sie geborener Unabh\u00e4ngiger sind, empfangen sie keine elterliche Sorgfalt.<\/span> <span id=\"gts_text_41\" class=\"gts_text\">Nachdem sie entbunden hat, verliert die Mutter m\u00f6glicherweise H\u00e4lfte ihres Gewichts.<\/span><\/p>\n<p><span id=\"gts_text_42\" class=\"gts_text\">Wenn sie Babys sind, werden sie h\u00e4ufig oben durch andere Tiere gegessen.<\/span> <span id=\"gts_text_43\" class=\"gts_text\">Wenn sie \u00fcberleben, ist ihre Lebensdauer ungef\u00e4hr 10 Jahre im wilden.<\/span> <span id=\"gts_text_44\" class=\"gts_text\">Da sie kaltbl\u00fctig sind, \u00c4nderungen im kalten Effekt der umgebenden Temperatur die gr\u00fcnen Anakondas drastisch.<\/span> <span id=\"gts_text_45\" class=\"gts_text\">Wenn die Temperatur der Umgebungen steigt, tun die gr\u00fcnen Anakondas alles, das sie ihre K\u00f6rper an der \u00dcberheizung verhindern kann.<\/span> <span id=\"gts_text_46\" class=\"gts_text\">Wenn die umgebende Temperatur f\u00e4llt, ist sie L\u00fcge in erhitzten Bereichen gewillt, um zu helfen, ihre ideale Temperatur beizubehalten.<\/span><\/p>\n<p><span id=\"gts_text_47\" class=\"gts_text\">Abgesehen von dem regulieren gr\u00fcne Anakondas die ihre Temperaturen des K\u00f6rpers, indem sie die Menge ihrer Haut \u00e4ndern, die der Sonne ausgesetzt wird.<\/span> <span id=\"gts_text_48\" class=\"gts_text\">Wenn die gr\u00fcne Anakonda im Beh\u00e4lter, der gleichm\u00e4\u00dfig erhitzt ist und die Schlange findet seine Temperatur zu steigen gehalten wird, k\u00f6nnte sie an der \u00dcberheizung vielleicht sterben.<\/span> <span id=\"gts_text_49\" class=\"gts_text\">Selbst wenn nicht, \u00e4ndert \u00dcberheizung die gr\u00fcnen versch\u00fcttenden Zyklen der Anakondas und verursacht eine Krankheit, die <em>Zur\u00fcckhalten von Augenkappen<\/em> genannt wird.<\/span> <span id=\"gts_text_50\" class=\"gts_text\">Dieses kann die gr\u00fcne Anakonda veranlassen, zu gehen Vorh\u00e4nge.<\/span> <span id=\"gts_text_51\" class=\"gts_text\">Ge\u00fcberhitzte Bedingung dreht auch die gr\u00fcnen Anakondas zu einem aggressiven Tier.<\/span><\/p>\n<p><span id=\"gts_text_52\" class=\"gts_text\">Der W\u00e4chter einer sichernden gr\u00fcnen Anakonda sollte eine einfache Heizung und Infrarotgl\u00fchlampen benutzen, um eine optimale Temperatur in einem Mann beizubehalten, der Beh\u00e4lter gemacht wird.<\/span> <span id=\"gts_text_53\" class=\"gts_text\">Die gr\u00fcne Anakonda muss auch ultravioletter Strahlung ausgesetzt werden, weil dieses der Schlange hilft, Vitamin D zu produzieren, das es f\u00fcr seine Knochen ben\u00f6tigt.<\/span><\/p>\n","protected":false},"excerpt":{"rendered":"<p>Die gr\u00fcne Anakonda ist eine nicht giftige Schlange und die schwerste Schlange in der Welt. Sie werden in S\u00fcdamerika gefunden. Sie sind auch unter den gr\u00f6\u00dften Schlangen in der Welt. Obgleich die retikulierte Pythonschlange die l\u00e4ngste Schlange in der Welt ist, mehr als 8,7 Meter (29 Fu\u00df) in der L\u00e4nge erreichend, ist sie nirgendwo nahe &hellip; <a href=\"https:\/\/www.big-animals.com\/de\/grunanakonda\/\" class=\"more-link\">Continue reading <span class=\"screen-reader-text\">Gr\u00fcne Anakonda<\/span><\/a><\/p>\n","protected":false},"author":1,"featured_media":0,"parent":0,"menu_order":0,"comment_status":"closed","ping_status":"open","template":"","meta":{"_acf_changed":false,"footnotes":""},"acf":[],"_links":{"self":[{"href":"https:\/\/www.big-animals.com\/de\/wp-json\/wp\/v2\/pages\/40"}],"collection":[{"href":"https:\/\/www.big-animals.com\/de\/wp-json\/wp\/v2\/pages"}],"about":[{"href":"https:\/\/www.big-animals.com\/de\/wp-json\/wp\/v2\/types\/page"}],"author":[{"embeddable":true,"href":"https:\/\/www.big-animals.com\/de\/wp-json\/wp\/v2\/users\/1"}],"replies":[{"embeddable":true,"href":"https:\/\/www.big-animals.com\/de\/wp-json\/wp\/v2\/comments?post=40"}],"version-history":[{"count":0,"href":"https:\/\/www.big-animals.com\/de\/wp-json\/wp\/v2\/pages\/40\/revisions"}],"wp:attachment":[{"href":"https:\/\/www.big-animals.com\/de\/wp-json\/wp\/v2\/media?parent=40"}],"curies":[{"name":"wp","href":"https:\/\/api.w.org\/{rel}","templated":true}]}}