{"id":42,"date":"2011-05-09T09:24:38","date_gmt":"2011-05-09T09:24:38","guid":{"rendered":""},"modified":"2014-05-15T12:23:42","modified_gmt":"2014-05-15T12:23:42","slug":"megalania","status":"publish","type":"page","link":"https:\/\/www.big-animals.com\/de\/megalania\/","title":{"rendered":"Megalania"},"content":{"rendered":"<p><span class=\"gts_text\" id=\"gts_text_1\">Megalania ist die gr\u00f6\u00dfte <a title=\"Echsen\" href=\"http:\/\/www.big-animals.com\/de\/echsen\/\">Echse<\/a> zu Land \u00fcberhaupt. Er war eigentlich eine Art von Komodowaran. Er wurde im s\u00fcdlichen Australien gefunden. Er verschwand ungef\u00e4hr 40000 Jahre zuvor. Die ersten australischen Ureinwohner k\u00f6nnten lebendige Megalania gesehen haben.<\/span><span class=\"gts_text\" id=\"gts_text_5\"><\/span><\/p>\n<p>Es gibt keine vollst\u00e4ndigen Fossilien des Megalania. Deswegen ist es schwer zu sagen, wie gro\u00df sie waren. Es wird gesch\u00e4tzt, das der Megalania um die 7 Meter lang war und ungef\u00e4hr 600 &#8211; 620 Kilogramm wog. Du kannst ungef\u00e4hr 74 Zentimer langen Megalaniasch\u00e4del im Museum of Science in Boston sehen.<\/p>\n<figure id=\"attachment_575\" aria-describedby=\"caption-attachment-575\" style=\"width: 300px\" class=\"wp-caption aligncenter\"><a href=\"http:\/\/www.big-animals.com\/wp-content\/uploads\/2011\/02\/Megalania_And_Human.png\"><img loading=\"lazy\" decoding=\"async\" class=\"size-medium wp-image-575\" title=\"F\u00fcr Megalania w\u00fcrde ein Mensch nicht mehr als ein Imbiss sein!\" alt=\"F\u00fcr Megalania w\u00fcrde ein Mensch nicht mehr als ein Imbiss sein!\" src=\"http:\/\/www.big-animals.com\/wp-content\/uploads\/2011\/02\/Megalania_And_Human-300x71.png\" width=\"300\" height=\"71\" \/><\/a><figcaption id=\"caption-attachment-575\" class=\"wp-caption-text\">F\u00fcr den Megalania w\u00e4re ein Mensch nichts weiter als ein Snack!<\/figcaption><\/figure>\n<p><span class=\"gts_text\" id=\"gts_text_10\">Megalania ern\u00e4hren sich von mittelgro\u00dfen bis riesigen Tiere wie den gro\u00dfen <a title=\"Die gr\u00f6\u00dften Beuteltiere der Welt!\" href=\"http:\/\/www.big-animals.com\/de\/die-groessten-beuteltiere-der-welt\/\">Beuteltieren<\/a>, darunter das <em><\/em><a title=\"Das Diprotodon \u2013 das gr\u00f6\u00dfte Beuteltier \u00fcberhaupt!\" href=\"http:\/\/www.big-animals.com\/de\/das-diprotodon-das-groesste-beuteltier-ueberhaupt\/\"><em>Diprotodon<\/em><\/a>. Er jagte auch Reptilien, kleine S\u00e4ugetiere, V\u00f6gel, Vogeleier und K\u00fcken. Er hatte gro\u00dfe, riesige Gliedma\u00dfen und einen ebensogro\u00dfen K\u00f6rper. Auf seinem riesigen Sch\u00e4del kannst du eine winzige M\u00e4hne zwischen den Augen und einen Kiefer voller s\u00e4geartiger Z\u00e4hne sehen. <\/span><span class=\"gts_text\" id=\"gts_text_13\"><\/span><\/p>\n<p><span class=\"gts_text\" id=\"gts_text_14\">Megalania hatte sehr wahrscheinlich Giftdr\u00fcsen entlang seines Kiefers. Also wenn ein Megalania angriff, w\u00fcrde das Gift das Opfer get\u00f6tet haben. Obwohl Megalania riesig ist, fra\u00df er weniger Nahrung als ein S\u00e4ugetier seiner Gr\u00f6\u00dfe. Falls Megalania wirklich Gift besa\u00df, w\u00fcrde dies Megalania zum gr\u00f6\u00dften, giftigen Wirbeltier \u00fcberhaupt machen.<\/span><span class=\"gts_text\" id=\"gts_text_17\"><\/span><\/p>\n","protected":false},"excerpt":{"rendered":"<p>Megalania ist die gr\u00f6\u00dfte Echse zu Land \u00fcberhaupt. Er war eigentlich eine Art von Komodowaran. Er wurde im s\u00fcdlichen Australien gefunden. Er verschwand ungef\u00e4hr 40000 Jahre zuvor. Die ersten australischen Ureinwohner k\u00f6nnten lebendige Megalania gesehen haben. Es gibt keine vollst\u00e4ndigen Fossilien des Megalania. Deswegen ist es schwer zu sagen, wie gro\u00df sie waren. Es wird &hellip; <a href=\"https:\/\/www.big-animals.com\/de\/megalania\/\" class=\"more-link\">Continue reading <span class=\"screen-reader-text\">Megalania<\/span><\/a><\/p>\n","protected":false},"author":1,"featured_media":0,"parent":0,"menu_order":0,"comment_status":"closed","ping_status":"open","template":"","meta":{"_acf_changed":false,"footnotes":""},"acf":[],"_links":{"self":[{"href":"https:\/\/www.big-animals.com\/de\/wp-json\/wp\/v2\/pages\/42"}],"collection":[{"href":"https:\/\/www.big-animals.com\/de\/wp-json\/wp\/v2\/pages"}],"about":[{"href":"https:\/\/www.big-animals.com\/de\/wp-json\/wp\/v2\/types\/page"}],"author":[{"embeddable":true,"href":"https:\/\/www.big-animals.com\/de\/wp-json\/wp\/v2\/users\/1"}],"replies":[{"embeddable":true,"href":"https:\/\/www.big-animals.com\/de\/wp-json\/wp\/v2\/comments?post=42"}],"version-history":[{"count":2,"href":"https:\/\/www.big-animals.com\/de\/wp-json\/wp\/v2\/pages\/42\/revisions"}],"predecessor-version":[{"id":541,"href":"https:\/\/www.big-animals.com\/de\/wp-json\/wp\/v2\/pages\/42\/revisions\/541"}],"wp:attachment":[{"href":"https:\/\/www.big-animals.com\/de\/wp-json\/wp\/v2\/media?parent=42"}],"curies":[{"name":"wp","href":"https:\/\/api.w.org\/{rel}","templated":true}]}}