{"id":43,"date":"2011-05-09T09:25:29","date_gmt":"2011-05-09T09:25:29","guid":{"rendered":""},"modified":"2014-02-20T11:05:36","modified_gmt":"2014-02-20T11:05:36","slug":"berggorilla","status":"publish","type":"page","link":"https:\/\/www.big-animals.com\/de\/berggorilla\/","title":{"rendered":"Berggorilla"},"content":{"rendered":"<p><span class=\"gts_text\" id=\"gts_text_1\">Der Berggorilla ist der gr\u00f6\u00dfte <a title=\"Primas\" href=\"http:\/\/www.big-animals.com\/primates\/\">Primat der<\/a> Welt.<\/span> <span class=\"gts_text\" id=\"gts_text_2\">Ein m\u00e4nnlicher Berggorilla kann bis zu 1,9 Meter in der H\u00f6he erreichen.<\/span> <span class=\"gts_text\" id=\"gts_text_3\">Seine Armspanne ist ungef\u00e4hr 2,3 Meter und sie wiegt ungef\u00e4hr 220 Kilogramm.<\/span> <span class=\"gts_text\" id=\"gts_text_4\">Ein erwachsenes Berggorillam\u00e4nnchen ist zweimal so gro\u00df wie der weibliche Berggorilla.<\/span> <span class=\"gts_text\" id=\"gts_text_5\">Ein weiblicher Berggorilla wiegt ungef\u00e4hr 98 Kilogramm und ist 1,5 Meter hoch.<\/span> <span class=\"gts_text\" id=\"gts_text_6\">Ihre Arme sind l\u00e4nger als ihre Beine.<\/span><\/p>\n<figure id=\"attachment_677\" aria-describedby=\"caption-attachment-677\" style=\"width: 300px\" class=\"wp-caption alignright\"><a href=\"http:\/\/www.big-animals.com\/wp-content\/uploads\/2011\/03\/Mountain_Gorilla.jpg\"><img loading=\"lazy\" decoding=\"async\" class=\"size-medium wp-image-677\" title=\"Ein weiblicher Berggorilla\" alt=\"Ein weiblicher Berggorilla\" src=\"http:\/\/www.big-animals.com\/wp-content\/uploads\/2011\/03\/Mountain_Gorilla-300x297.jpg\" width=\"300\" height=\"297\" \/><\/a><figcaption id=\"caption-attachment-677\" class=\"wp-caption-text\">Ein Bild eines weiblichen Berggorillas<\/figcaption><\/figure>\n<h3><span class=\"gts_text\" id=\"gts_text_7\">Berggorillapopulation<\/span><\/h3>\n<p><span class=\"gts_text\" id=\"gts_text_8\">Der Berggorilla ist eine der 2 Unterarten des \u00f6stlichen Gorillas.<\/span> <span class=\"gts_text\" id=\"gts_text_9\">Es gibt 2 Best\u00e4nde.<\/span> <span class=\"gts_text\" id=\"gts_text_10\">Einer befindet sich in den vulkanischen Bergen Virungas von Zentralafrika.<\/span> Der andere Bestand befindet sich<span class=\"gts_text\" id=\"gts_text_11\"> in Ugandas Bwindi Impenetrable National Park.<\/span> <span class=\"gts_text\" id=\"gts_text_12\">Im Jahre 2010 gibt es ungef\u00e4hr 790 Berggorillas auf der Welt.<\/span> <span class=\"gts_text\" id=\"gts_text_13\">Sie sind kritisch gef\u00e4hrdet.<\/span><\/p>\n<h3><span class=\"gts_text\" id=\"gts_text_14\">Berggorilla &#8211; Lebensraum<\/span><\/h3>\n<p><span class=\"gts_text\" id=\"gts_text_15\">Berggorillas haben einen l\u00e4ngeren und dichteren Pelz als andere Gorillas, weil sie auf gro\u00dfen H\u00f6hen 2500-4000m in den Wolken- und Bambusw\u00e4ldern leben, in denen die durchschnittliche Temperatur zwischen 8C\u00b0 zu 20C\u00b0 betr\u00e4gt.<\/span><\/p>\n<h3><span class=\"gts_text\" id=\"gts_text_16\">Berggorilla &#8211; interessante Tatsachen<\/span><\/h3>\n<p><span class=\"gts_text\" id=\"gts_text_17\">Nasenabdr\u00fccke eines jeden Berggorillas sind einzigartig.<\/span> <span class=\"gts_text\" id=\"gts_text_18\">Erwachsene M\u00e4nnchen haben Knochenleisten auf ihren Sch\u00e4deln und der R\u00fcckseite ihrer Sch\u00e4del.<\/span> <span class=\"gts_text\" id=\"gts_text_19\">Dies verleiht ihren K\u00f6pfen eine konische Form.<\/span> <span class=\"gts_text\" id=\"gts_text_20\">Erwachsene Weibchen besitzen diese Knochenleisten ebenfalls, diese sind jedoch kaum zu bemerken.<\/span> <span class=\"gts_text\" id=\"gts_text_21\">Sie haben l\u00e4ngere Kiefer und Z\u00e4hne.<\/span> <span class=\"gts_text\" id=\"gts_text_22\">Den erwachsenen M\u00e4nnchen w\u00e4chst eine Stelle mit silbernen Haaren auf ihren R\u00fccken und H\u00fcften.<\/span> <span class=\"gts_text\" id=\"gts_text_23\">Deshalb werden die erwachsenen M\u00e4nnchen auch <em>Silberr\u00fccken <\/em>genannt.<\/span> <span class=\"gts_text\" id=\"gts_text_24\">Ihre Augen und Ohren schauen klein aus verglichen mit ihrem gro\u00dfen Kopf und ihrer unbehaarten, gl\u00e4nzenden schwarzen Nase.<\/span><\/p>\n<p><span class=\"gts_text\" id=\"gts_text_25\">Der Berggorilla lebt haupts\u00e4chlich auf dem Land.<\/span> <span class=\"gts_text\" id=\"gts_text_26\">Er neigt dazu zu manchen Zeiten auf allen Vieren zu gehen.<\/span> <span class=\"gts_text\" id=\"gts_text_27\">Sie klettern nur auf Obstb\u00e4ume, die ihr enormes Gewicht halten k\u00f6nnen.<\/span> <span class=\"gts_text\" id=\"gts_text_28\">Es ist in der Lage, kurze Distanzen auf seinen 2 hinteren Gliedma\u00dfen zur\u00fcckzulegen.<\/span><\/p>\n<p><span class=\"gts_text\" id=\"gts_text_29\">Sie sind tags\u00fcber aktiv.<\/span> <span class=\"gts_text\" id=\"gts_text_30\">Sie verbringen die meiste Zeit mit Essen.<\/span> <span class=\"gts_text\" id=\"gts_text_31\">Sie ben\u00f6tigen viel Nahrung, um ihren K\u00f6rper stets mit Energie zu versorgen.<\/span> <span class=\"gts_text\" id=\"gts_text_32\">Sie suchen fr\u00fch morgens\u00a0nach Nahrung und ruhen sich w\u00e4hrend des sp\u00e4ten Morgens und um Mittag aus.<\/span> <span class=\"gts_text\" id=\"gts_text_33\">Am Nachmittag suchen sie\u00a0wieder nach Nahrung, bevor sie sich nachts zur Ruhe setzen.<\/span><\/p>\n<p><span class=\"gts_text\" id=\"gts_text_34\">Jeder Berggorilla baut ein Nest aus Bl\u00e4ttern und Pflanzen, die sich in ihrer Umgebung befinden.<\/span> <span class=\"gts_text\" id=\"gts_text_35\">Sie schlafen in ihrem Nest.<\/span> <span class=\"gts_text\" id=\"gts_text_36\">M\u00fctter teilen ihre Nester\u00a0normalerweise mit S\u00e4uglingen.<\/span> <span class=\"gts_text\" id=\"gts_text_37\">Sie verlassen ihr Nest, wenn die Sonne ungef\u00e4hr um 6:00 Uhr morgens aufsteigt, wenn das Wetter d\u00fcster und kalt ist.<\/span><\/p>\n<h3><span class=\"gts_text\" id=\"gts_text_38\">Berggorilla &#8211; Nahrung und Di\u00e4t<\/span><\/h3>\n<p><span class=\"gts_text\" id=\"gts_text_39\">Der Berggorilla ist haupts\u00e4chlich ein Pflanzenfresser.<\/span> <span class=\"gts_text\" id=\"gts_text_40\">Ihre Hauptdi\u00e4t sind Bl\u00e4tter, Triebe und Stiele.<\/span> <span class=\"gts_text\" id=\"gts_text_41\">Abgesehen davon isst es auch Baumrinde, Wurzeln, Blumen, Fr\u00fcchte und kleine wirbellose Tiere.<\/span> <span class=\"gts_text\" id=\"gts_text_42\">Erwachsene M\u00e4nnchen k\u00f6nnen bis zu 35 Kilogramm Pflanzen an einem Tag essen.<\/span> <span class=\"gts_text\" id=\"gts_text_43\">Jedoch isst ein Weibchen nur ungef\u00e4hr 18 Kilogramm pro Tag.<\/span><\/p>\n<h3><span class=\"gts_text\" id=\"gts_text_44\">Berggorillababies<\/span><\/h3>\n<p><span class=\"gts_text\" id=\"gts_text_45\">Ein neugeborener Berggorilla wiegt ungef\u00e4hr 1,8 Kilogramm und verbringt seine ersten Monate des Lebens unter der Aufsicht seiner Mutter.<\/span> <span class=\"gts_text\" id=\"gts_text_46\">Die Mutter tr\u00e4gt das Neugeborene auf ihrem R\u00fccken.<\/span> <span class=\"gts_text\" id=\"gts_text_47\">Zuerst h\u00e4lt die Mutter den S\u00e4ugling st\u00e4ndig im Arm.<\/span> <span class=\"gts_text\" id=\"gts_text_48\">Er f\u00e4ngt an, um ungef\u00e4hr vier oder f\u00fcnf Monate zu gehen.<\/span> Im Alter von 4 bis 6 Monaten, <span class=\"gts_text\" id=\"gts_text_49\">beginnt es Pflanzenteile zu essen.<\/span> <span class=\"gts_text\" id=\"gts_text_50\">Mit 8 Monaten isst es regelm\u00e4\u00dfig feste Nahrung.<\/span> <span class=\"gts_text\" id=\"gts_text_51\">Die Mutter h\u00f6rt auf, ihre Babymilch herzugeben, wenn der S\u00e4ugling um die 3 Jahre alt ist. Der junge Berggorilla wird jedoch in der N\u00e4he der Mutter bleiben.<\/span> <span class=\"gts_text\" id=\"gts_text_52\">Mutter-Berggorillas geb\u00e4ren nur alle 6 bis 8 Jahre ein Baby.<\/span><\/p>\n<p><span class=\"gts_text\" id=\"gts_text_53\">Die meisten m\u00e4nnlichen Berggorillas und ungef\u00e4hr 3 von 5 Weibchen verlassen die Gruppe ihrer Eltern.<\/span> <span class=\"gts_text\" id=\"gts_text_54\">M\u00e4nnchen gehen fort, wenn sie ungef\u00e4hr 11 Jahre alt sind.<\/span> <span class=\"gts_text\" id=\"gts_text_55\">Der Prozess der Trennung ist langsam.<\/span> <span class=\"gts_text\" id=\"gts_text_56\">Sie verbringen mehr und mehr Zeit am Rande der Gruppe und schlie\u00dflich verlassen sie die Gruppe endg\u00fcltig.<\/span><\/p>\n<figure id=\"attachment_678\" aria-describedby=\"caption-attachment-678\" style=\"width: 300px\" class=\"wp-caption alignleft\"><a href=\"http:\/\/www.big-animals.com\/wp-content\/uploads\/2011\/03\/Gorilla_and_human.png\"><img loading=\"lazy\" decoding=\"async\" class=\"size-medium wp-image-678\" title=\"Menschen w\u00e4ren gro\u00df, aber der Berggorilla ist der gr\u00f6\u00dfte Primas der Welt\" alt=\"Menschen w\u00e4ren gro\u00df, aber der Berggorilla ist der gr\u00f6\u00dfte Primas der Welt\" src=\"http:\/\/www.big-animals.com\/wp-content\/uploads\/2011\/03\/Gorilla_and_human-300x243.png\" width=\"300\" height=\"243\" \/><\/a><figcaption id=\"caption-attachment-678\" class=\"wp-caption-text\">Menschen m\u00f6gen zwar gro\u00df sein, der Berggorilla ist jedoch der gr\u00f6\u00dfte Primat der Welt<\/figcaption><\/figure>\n<p><span class=\"gts_text\" id=\"gts_text_57\">Der Berggorilla lebt in Gruppen von ungef\u00e4hr 6 bis 12.<\/span> Normalerweise werden sie von dem gr\u00f6\u00dften m\u00e4nnlichen Silberr\u00fccken gef\u00fchrt,<span class=\"gts_text\" id=\"gts_text_58\"> der eine Familie von 3 Weibchen und eine Nachkommenschaft von 4 oder 5 f\u00fchrt.<\/span> <span class=\"gts_text\" id=\"gts_text_59\">Der Silberr\u00fccken f\u00fchrt die Gruppe\u00a0w\u00e4hrend des ganzen Jahres zu guten Futterstellen.<\/span> <span class=\"gts_text\" id=\"gts_text_60\">Er wird auch versuchen, Konflikte innerhalb der Gruppe zu l\u00f6sen und sch\u00fctzt sie vor Feinden.<\/span> <span class=\"gts_text\" id=\"gts_text_61\">Der Gruppenf\u00fchrer befindet sich im Zentrum\u00a0 der Aufmerksamkeit w\u00e4hrend der Entspannungszeit und junge Berggorillas bleiben h\u00e4ufig in seiner N\u00e4he und laden ihn ein, mit ihnen zu spielen.<\/span> <span class=\"gts_text\" id=\"gts_text_62\">Wenn ein Mutter Berggorilla der Gruppe stirbt oder diese verl\u00e4sst, k\u00fcmmert sich der Silberr\u00fccken normalerweise um die verlassene Nachkommenschaft. Es legt sie sogar in sein Nest.<\/span> <span class=\"gts_text\" id=\"gts_text_63\">Ein erfahrener Silberr\u00fccken ist dazu f\u00e4hig, Seile und Schn\u00fcre der Wilderer von den H\u00e4nden oder F\u00fc\u00dfen seiner Familienmitglieder zu entfernen.<\/span> <span class=\"gts_text\" id=\"gts_text_64\">Wenn der Silberr\u00fccken stirbt oder wegen einer Krankheit, bei einem Unfall oder von den Wilderern get\u00f6tet wird, k\u00f6nnte die Familiengruppe ernsthaft gespalten sein, wenn er keinen Nachkommen hinterlassen hat, welcher in der Lage ist, seine Rolle zu \u00fcbernehmen.<\/span><\/p>\n<p><span class=\"gts_text\" id=\"gts_text_65\">Der Berggorilla baut Beziehungen auf und st\u00e4rkt diese innerhalb der Gruppe w\u00e4hrend seiner Ruhezeit am Mittag.<\/span> <span class=\"gts_text\" id=\"gts_text_66\">Die Weibchen pflegen ihre Nachkommenschaft regelm\u00e4\u00dfig, um sich zu vergewissern, dass ihre Haare keinen Schmutz oder Fl\u00f6he enthalten.<\/span> Durch Spiele innerhalb der Gruppe lernen sie, wie man kommuniziert und sich benimmt<span class=\"gts_text\" id=\"gts_text_67\">.<\/span> <span class=\"gts_text\" id=\"gts_text_68\">Der Silberr\u00fccken und die erwachsenen Weibchen nehmen m\u00f6glicherweise sogar teil.<\/span><\/p>\n<h3><span class=\"gts_text\" id=\"gts_text_69\">Mehr Berggorillafakten<\/span><\/h3>\n<p><span class=\"gts_text\" id=\"gts_text_70\">Es gibt mindestens 25 einzigartige Arten von T\u00f6nen, die Berggorillas machen.<\/span> Sie werden w\u00e4hrend der Kommunikation im dichten Wald benutzt<span class=\"gts_text\" id=\"gts_text_71\">.<\/span> Laute, die als Grunzen und Bellen eingestuft werden, sind am meisten w\u00e4hrend der Reise h\u00f6rbar<span class=\"gts_text\" id=\"gts_text_72\">.<\/span> <span class=\"gts_text\" id=\"gts_text_73\">Diese T\u00f6ne weisen auf den Aufenthaltsort von einzelnen Gruppenmitgliedern hin.<\/span> <span class=\"gts_text\" id=\"gts_text_74\">Schreie und alarmierende Br\u00fcllsignale oder Warnrufe werden normalerweise von den Silberr\u00fccken produziert.<\/span> Tiefe, gr\u00f6hlende R\u00fclpsger\u00e4usche weisen darauf hin, dass die Gorillas aufgeregt sind und man kann dies regelm\u00e4\u00dfig w\u00e4hrend der Futter- und Ruhezeit h\u00f6ren.<\/p>\n<p><span class=\"gts_text\" id=\"gts_text_76\">Aus einem unbekannten Grund haben Berggorillas vor bestimmten kaltbl\u00fctigen Tieren Angst.<\/span> <span class=\"gts_text\" id=\"gts_text_77\">Zum Beispiel haben Baby-Berggorillas vor Cham\u00e4leonen und Raupen Angst.<\/span> <span class=\"gts_text\" id=\"gts_text_78\">Sie haben auch vor Wasser Angst.<\/span> <span class=\"gts_text\" id=\"gts_text_79\">Sie \u00fcberqueren einen Strom nur wenn sie einen Stamm zum Auftreten haben, so dass sie nicht nass werden.<br \/>\n<\/span><\/p>\n<h3><span class=\"gts_text\" id=\"gts_text_80\">Der kritisch gef\u00e4hrdete Berggorilla<\/span><\/h3>\n<p>Berggorillas sind bedroht durch illegale Jagd, Krieg, Krankheit, Waldrodung und illegalem Tierhandel. Sie werden regelm\u00e4\u00dfig durch Fallen, welche f\u00fcr andere Tiere vorhergesehen sind, get\u00f6tet. Sie werden wegen ihrer K\u00f6pfe, H\u00e4nde und F\u00fc\u00dfe gejagt. Die K\u00f6rperteile werden an Sammler verkauft. Baby-Berggorillas werden an Zoos, Forscher und Tierhandlungen verkauft. Wenn ein Baby-Berggorilla weggenommen wird, stirbt mindestens ein Erwachsenes der Gruppe, weil es bis zum Tode k\u00e4mpfen wird, um die Wegnahme der Babies zu verhindern. All diese Aktivit\u00e4ten haben einen Einsturz in der Populationsanzahl der Berggorillas verursacht. Erhaltungsma\u00dfnahmen haben damit begonnen, dieses ernsthaft bedrohte Lebewesen zu sch\u00fctzen.<\/p>\n","protected":false},"excerpt":{"rendered":"<p>Der Berggorilla ist der gr\u00f6\u00dfte Primat der Welt. Ein m\u00e4nnlicher Berggorilla kann bis zu 1,9 Meter in der H\u00f6he erreichen. Seine Armspanne ist ungef\u00e4hr 2,3 Meter und sie wiegt ungef\u00e4hr 220 Kilogramm. Ein erwachsenes Berggorillam\u00e4nnchen ist zweimal so gro\u00df wie der weibliche Berggorilla. Ein weiblicher Berggorilla wiegt ungef\u00e4hr 98 Kilogramm und ist 1,5 Meter hoch. &hellip; <a href=\"https:\/\/www.big-animals.com\/de\/berggorilla\/\" class=\"more-link\">Continue reading <span class=\"screen-reader-text\">Berggorilla<\/span><\/a><\/p>\n","protected":false},"author":1,"featured_media":0,"parent":0,"menu_order":0,"comment_status":"closed","ping_status":"closed","template":"","meta":{"_acf_changed":false,"footnotes":""},"acf":[],"_links":{"self":[{"href":"https:\/\/www.big-animals.com\/de\/wp-json\/wp\/v2\/pages\/43"}],"collection":[{"href":"https:\/\/www.big-animals.com\/de\/wp-json\/wp\/v2\/pages"}],"about":[{"href":"https:\/\/www.big-animals.com\/de\/wp-json\/wp\/v2\/types\/page"}],"author":[{"embeddable":true,"href":"https:\/\/www.big-animals.com\/de\/wp-json\/wp\/v2\/users\/1"}],"replies":[{"embeddable":true,"href":"https:\/\/www.big-animals.com\/de\/wp-json\/wp\/v2\/comments?post=43"}],"version-history":[{"count":5,"href":"https:\/\/www.big-animals.com\/de\/wp-json\/wp\/v2\/pages\/43\/revisions"}],"predecessor-version":[{"id":375,"href":"https:\/\/www.big-animals.com\/de\/wp-json\/wp\/v2\/pages\/43\/revisions\/375"}],"wp:attachment":[{"href":"https:\/\/www.big-animals.com\/de\/wp-json\/wp\/v2\/media?parent=43"}],"curies":[{"name":"wp","href":"https:\/\/api.w.org\/{rel}","templated":true}]}}