{"id":44,"date":"2011-05-09T09:25:52","date_gmt":"2011-05-09T09:25:52","guid":{"rendered":""},"modified":"2014-05-14T07:03:41","modified_gmt":"2014-05-14T07:03:41","slug":"primaten","status":"publish","type":"page","link":"https:\/\/www.big-animals.com\/de\/primaten\/","title":{"rendered":"Primaten"},"content":{"rendered":"<p><span class=\"gts_text\" id=\"gts_text_1\">Die Primaten sind eine Gruppe von <a title=\"Die gr\u00f6\u00dften S\u00e4ugetiere der Welt!\" href=\"http:\/\/www.big-animals.com\/the-worlds-biggest-mammals\/\">S\u00e4ugetieren<\/a>, dazu geh\u00f6ren Lemuren, Loris, Galagos, Koboldmakis, Affen und Menschenartige. Wir als Menschen geh\u00f6ren zu dieser Gruppe. Die meisten Primate k\u00f6nnen in tropischen oder subtropischen W\u00e4ldern von Amerika, Afrika und Asien gefunden werden. Es gibt einige Beispiele von Primate (ausser Menschen), die ausserhalb der tropischen W\u00e4lder leben. Der bergbewohnende Japanmakake zum Beispiel lebt im Norden von Honsh\u016b, das 8 Monate im Jahr mit Schnee bedeckt ist! Der Berberaffe lebt in den Atlasgebirgen von Algerien und Marokko. Einige Primaten leben auf hochgelegenen Bergen. Die schwarze Stumpfnase zum Beispiel, lebt im Hengduan-Gebirge bei H\u00f6hen von 4700 Meter. Der weltgr\u00f6\u00dfte Primat, der<\/span><span class=\"gts_text\" id=\"gts_text_9\"> <a title=\"Berggorilla\" href=\"http:\/\/www.big-animals.com\/de\/berggorilla\/\">Berggorilla<\/a>, kann bei 4200 Meter im Virunga-Gebirge gefunden werden. Die meisten Primaten m\u00f6gen es nicht zu schwimmen, ein paar von ihnen sind jedoch gute Schwimmer und f\u00fchlen sich in S\u00fcmpfen und w\u00e4ssrigen Gebieten wohl. Die Sumpfmeerkatze zum Beispiel, hat leicht verwebte Finger, welche beim Schwimmen helfen. Zu guter Letzt gibt es noch einige Affen, die in unserer N\u00e4he leben. Zum Beispiel der Rhesusaffe, welcher nah an von Menschen besiedelten Gebieten lebt.<\/span><span class=\"gts_text\" id=\"gts_text_13\"><\/span><\/p>\n<p><span class=\"gts_text\" id=\"gts_text_14\">Der kleinste lebende Primat ist Madame Berthes Mausmaki, der nur 30 Gram wiegt und der gr\u00f6\u00dfte lebende Primat ist der riesige <a title=\"Berggorilla\" href=\"http:\/\/www.big-animals.com\/de\/berggorilla\/\">Berggorilla,<\/a> der ungef\u00e4hr 200 Kilogramm wiegt.<\/span> <span class=\"gts_text\" id=\"gts_text_15\">Der gr\u00f6\u00dfte \u00fcberhaupt Primat ist der 3 Meter\u00a0 hohe <a title=\"Gigantopithecus\" href=\"http:\/\/www.big-animals.com\/de\/gigantopithecus\/\"><em>Gigantopithecus<\/em><\/a>.<\/span><\/p>\n<figure id=\"attachment_666\" aria-describedby=\"caption-attachment-666\" style=\"width: 204px\" class=\"wp-caption alignright\"><a href=\"http:\/\/www.big-animals.com\/wp-content\/uploads\/2011\/03\/Lemur_Catta.jpeg\"><img loading=\"lazy\" decoding=\"async\" class=\"size-full wp-image-666\" title=\"Der Ring-Angebundene Maki ist einer der lautesten Primas\" alt=\"Der Ring-Angebundene Maki ist einer der lautesten Primas\" src=\"http:\/\/www.big-animals.com\/wp-content\/uploads\/2011\/03\/Lemur_Catta.jpeg\" width=\"204\" height=\"363\" \/><\/a><figcaption id=\"caption-attachment-666\" class=\"wp-caption-text\">Der Katta ist einer der lautesten Primaten<\/figcaption><\/figure>\n<p>Einige Primate leben nicht haupts\u00e4chlich auf B\u00e4umen, sondern auch auf dem Land. Zum Beispiel Menschenaffen und Paviane. Die meisten Primaten sind dazu f\u00e4hig, auf B\u00e4umen zu klettern. Sie k\u00f6nnen von Baum zu Baum h\u00fcpfen, auf 2 bis 4 Gliedma\u00dfen und Fingerkn\u00f6chel gehend und zwischen Baum\u00e4sten springend. Bushbabys klettern auf vertikale Baumspitzen und springen dann! Klammeraffen bewegen sich, indem sie von einem Baum zum n\u00e4chsten schwingen. Orang-Utans bewegen sich durch die Verwendung ihrer Arme und Beine fort, um ihre schweren K\u00f6rper durch die B\u00e4ume zu tragen. Schimpansen und Gorillas gehen auf den Fingerkn\u00f6cheln und sind in der Lage sich auf zwei Gliedma\u00dfen f\u00fcr kurze Distanzen fortzubewegen.<\/p>\n<p>Primaten haben gro\u00dfe Gehirne im Vergleich mit anderen S\u00e4ugetieren. Sie haben zwei Augen Seite an Seite auf der Vorderseite ihrer K\u00f6pfe. Diese arbeiten zusammen, um ihnen dabei zu helfen, Objekte genaustens zu lokalisieren. Tiere wie Fische und Pferde besitzen nicht solche Augen wie Primaten. Die meisten Primaten besitzen opponierbare Daumen, welche ihnen beim Greifen von Dingen helfen. Manche haben Schw\u00e4nze, die ihnen beim Graben oder beim Schutz vor Feinden helfen. Einige Primaten bevorzugen es allein zu leben, andere leben in Paaren und der Rest lebt in grossen Gruppen.<\/p>\n<p>Die Augen von Primaten zeigen nach vorne. Sie haben 5 Finger bzw. Zehen an jedem Gliedma\u00df mit N\u00e4geln am Ende jedes Fingers bzw. Zehs. Die Unterseiten der H\u00e4nde und F\u00fc\u00dfe haben sensible Ballen an den Fingerspitzen. Das bedeutet, dass ihre Fingerspitzen sensibel auf Druck, Temperatur und Schmerz reagieren. Das Schl\u00fcsselbein der Primaten ist auf eine Weise gebaut, die es ihnen erlaubt sich sehr gut fortzubewegen.<\/p>\n<p>Primaten werden langsamer erwachsen als andere S\u00e4ugetiere der selben Gr\u00f6\u00dfe. Sie leben l\u00e4nger &#8211; vor allen Dingen die Weibchen. Alle nichtmenschlichen Primatens\u00e4uglinge werden von ihren M\u00fcttern gestillt und die Babys verlassen sich auf ihre M\u00fctter im Bezug auf Fellpflege und Transportation. Bei einigen Spezies werden S\u00e4uglinge von den M\u00e4nnchen einer Gruppep besch\u00fctzt und fortgetragen, besonders wenn es sich bei den M\u00e4nnchen um ihre V\u00e4ter handelt. Die Neffen und Tanten k\u00f6nnen ebenfalls beim Aufpassen auf die Babys helfen. Die Primate ergattern ihre sozialen und k\u00e4mpferischen F\u00e4higkeiten durch das Spielen miteinander.<\/p>\n<figure id=\"attachment_667\" aria-describedby=\"caption-attachment-667\" style=\"width: 227px\" class=\"wp-caption alignleft\"><a href=\"http:\/\/www.big-animals.com\/wp-content\/uploads\/2011\/03\/Bonobo.jpg\"><img loading=\"lazy\" decoding=\"async\" class=\"size-full wp-image-667\" title=\"Der Bonobo oder Zwerg-Schimpanse\" alt=\"Der Bonobo oder Zwerg-Schimpanse\" src=\"http:\/\/www.big-animals.com\/wp-content\/uploads\/2011\/03\/Bonobo.jpg\" width=\"227\" height=\"239\" \/><\/a><figcaption id=\"caption-attachment-667\" class=\"wp-caption-text\">Der Bonobo, oder auch Zwergschimpanse<\/figcaption><\/figure>\n<p>Die meisten Primaten fressen Fr\u00fcchte, Bl\u00e4tter, Harz und Insekten. Die Br\u00fcllaffen zum Beispiel, fressen Bl\u00e4tter. Seidenaffen fressen Harz &#8211; sie besitzen starke Schneidez\u00e4hne, die es ihnen erm\u00f6glichen, Baumrinden zu \u00f6ffnen um so an das Harz zu gelangen. Primaten haben Klauen, um auf B\u00e4umen zu klettern w\u00e4hrend sie fressen. Der Aye-Aye hat nagetier\u00e4hnliche Z\u00e4hne und einen langen, d\u00fcnnen Mittelfinger. Er tastet B\u00e4ume wie ein Specht ab, um Insektenlarven zu finden. Dann zerkaut er die L\u00f6cher im Holz und tut seinen langen und d\u00fcnnen Mittelfinger hinein, um die Larven aus dem Baum zu ziehen. Manche Primate, sowie die Mangaben haben dicken Zahnschmelz auf ihren Z\u00e4hnen, der ihnen dabei hilft robuste Fr\u00fcchte und Samen zu knacken, die andere Affen nicht \u00f6ffnen k\u00f6nnen.<\/p>\n<p>Der Dschelada ist der einzig bekannte Primat, der sich nur von Gras ern\u00e4hrt. Koboldmakis fressen Insekten, Krebstiere, kleine Wirbeltiere und Schlangen &#8211; inklusive giftigen Schlangen! Kapuzineraffen fressen alle Arten von Nahrung wie Fr\u00fcchte, Bl\u00e4tter, Blumen, Bl\u00fcten, Nektar, Samen, Insekten und andere wirbellose Tiere, Vogeleier und kleine Wirbeltiere wie V\u00f6gel, Echsen, Eichh\u00f6rnchen und Flederm\u00e4use. Der gew\u00f6hnliche Schimpanse hat eine gro\u00dfe Auswahl in seinem Ern\u00e4hrungsplan, dazu geh\u00f6ren andere Affen, zum Beispiel der westafrikanische Stummelaffe.<\/p>\n<p>Die International Union for Convervation of Nature (IUCN) hat mehr als ein Drittel der Primaten als ernsthaft gef\u00e4hrdet eingestuft. Die meisten von ihnen sind gef\u00e4hrdet aufgrund der Waldzerst\u00f6rung, der T\u00f6tung von einer gro\u00dfen Anzahl an wilden Affen um die Landwirtschaft zu sch\u00fctzen, illegale Jagd f\u00fcr die Verwendung in der Medizin, als Haustiere und auch als Nahrung.<\/p>\n","protected":false},"excerpt":{"rendered":"<p>Die Primaten sind eine Gruppe von S\u00e4ugetieren, dazu geh\u00f6ren Lemuren, Loris, Galagos, Koboldmakis, Affen und Menschenartige. Wir als Menschen geh\u00f6ren zu dieser Gruppe. Die meisten Primate k\u00f6nnen in tropischen oder subtropischen W\u00e4ldern von Amerika, Afrika und Asien gefunden werden. Es gibt einige Beispiele von Primate (ausser Menschen), die ausserhalb der tropischen W\u00e4lder leben. Der bergbewohnende &hellip; <a href=\"https:\/\/www.big-animals.com\/de\/primaten\/\" class=\"more-link\">Continue reading <span class=\"screen-reader-text\">Primaten<\/span><\/a><\/p>\n","protected":false},"author":1,"featured_media":0,"parent":0,"menu_order":0,"comment_status":"closed","ping_status":"open","template":"","meta":{"_acf_changed":false,"footnotes":""},"acf":[],"_links":{"self":[{"href":"https:\/\/www.big-animals.com\/de\/wp-json\/wp\/v2\/pages\/44"}],"collection":[{"href":"https:\/\/www.big-animals.com\/de\/wp-json\/wp\/v2\/pages"}],"about":[{"href":"https:\/\/www.big-animals.com\/de\/wp-json\/wp\/v2\/types\/page"}],"author":[{"embeddable":true,"href":"https:\/\/www.big-animals.com\/de\/wp-json\/wp\/v2\/users\/1"}],"replies":[{"embeddable":true,"href":"https:\/\/www.big-animals.com\/de\/wp-json\/wp\/v2\/comments?post=44"}],"version-history":[{"count":2,"href":"https:\/\/www.big-animals.com\/de\/wp-json\/wp\/v2\/pages\/44\/revisions"}],"predecessor-version":[{"id":533,"href":"https:\/\/www.big-animals.com\/de\/wp-json\/wp\/v2\/pages\/44\/revisions\/533"}],"wp:attachment":[{"href":"https:\/\/www.big-animals.com\/de\/wp-json\/wp\/v2\/media?parent=44"}],"curies":[{"name":"wp","href":"https:\/\/api.w.org\/{rel}","templated":true}]}}