{"id":46,"date":"2011-05-09T09:26:07","date_gmt":"2011-05-09T09:26:07","guid":{"rendered":""},"modified":"2011-05-09T09:26:07","modified_gmt":"2011-05-09T09:26:07","slug":"kloakentiere","status":"publish","type":"page","link":"https:\/\/www.big-animals.com\/de\/kloakentiere\/","title":{"rendered":"Kloakentiere"},"content":{"rendered":"<figure id=\"attachment_995\" aria-describedby=\"caption-attachment-995\" style=\"width: 300px\" class=\"wp-caption alignright\"><a href=\"http:\/\/www.big-animals.com\/wp-content\/uploads\/2011\/05\/Platypus.jpeg\"><img loading=\"lazy\" decoding=\"async\" class=\"size-medium wp-image-995\" title=\"Das Schnabeltier - Foto durch \u201eRainbow606\u201c\" src=\"http:\/\/www.big-animals.com\/wp-content\/uploads\/2011\/05\/Platypus-300x290.jpg\" alt=\"Das Schnabeltier - Foto durch \u201eRainbow606\u201c\" width=\"300\" height=\"290\" \/><\/a><figcaption id=\"caption-attachment-995\" class=\"wp-caption-text\">The Platypus - photo by &#038;quot;Rainbow606&#038;quot;<\/figcaption><\/figure>\n<p><span id=\"gts_text_1\" class=\"gts_text\">Kloakentiere sind eine Art seltene <a title=\"Die gr\u00f6\u00dften S\u00e4ugetiere der Welt!\" href=\"http:\/\/www.big-animals.com\/the-worlds-biggest-mammals\/\">S\u00e4ugetiere,<\/a> die Eier legen.<\/span> <span id=\"gts_text_2\" class=\"gts_text\">Sie entbinden zu den Livejungen.<\/span> <span id=\"gts_text_3\" class=\"gts_text\">Sie k\u00f6nnen in Australien, in Tasmanien und in Neu-Guinea gefunden werden.<\/span> <span id=\"gts_text_4\" class=\"gts_text\">Diese Gruppe umfa\u00dft das Schnabeltier und die vier Arten von Echidna (stacheliger Ameisenb\u00e4r).<\/span><\/p>\n<p><span id=\"gts_text_5\" class=\"gts_text\">Wie andere S\u00e4ugetiere sind Kloakentiere mit einer hohen metabolischen Rate, aber nicht so hoch wie andere S\u00e4ugetiere warmbl\u00fctig.<\/span> <span id=\"gts_text_6\" class=\"gts_text\">Sie haben Haar auf ihren K\u00f6rpern.<\/span> <span id=\"gts_text_7\" class=\"gts_text\">Nachdem die Babys ausgebr\u00fctet sind, werden sie mit der Muttermilch eingezogen.<\/span> <span id=\"gts_text_8\" class=\"gts_text\">M\u00fctter haben keine Brustwarzen, also lecken die Babys gerade herauf Milch, die von der Haut ihrer Mutter durchsickert.<\/span><\/p>\n<p><span id=\"gts_text_9\" class=\"gts_text\">Erwachsene Kloakentiere haben keine Z\u00e4hne.<\/span> <span id=\"gts_text_10\" class=\"gts_text\">Sie haben ein Einzelzimmer in ihrem unteren Kiefer, in drei Mittelohrknochen und in den Schn\u00e4beln.<\/span> <span id=\"gts_text_11\" class=\"gts_text\">Sie haben Extraknochen im Schulterg\u00fcrtel.<\/span> <span id=\"gts_text_12\" class=\"gts_text\">Sie gehen wie Reptilien, mit den Beinen an den Seiten eher als unter ihre K\u00f6rper.<\/span> <span id=\"gts_text_13\" class=\"gts_text\">Sie legen kleine Eier.<\/span> <span id=\"gts_text_14\" class=\"gts_text\">Sie legen normalerweise 2 Eier auf einmal.<\/span> <span id=\"gts_text_15\" class=\"gts_text\">Die Eier werden mit lederartigen Oberteilen wie Reptileiern bedeckt.<\/span><\/p>\n<figure id=\"attachment_996\" aria-describedby=\"caption-attachment-996\" style=\"width: 300px\" class=\"wp-caption alignleft\"><a href=\"http:\/\/www.big-animals.com\/wp-content\/uploads\/2011\/05\/Echidna.jpg\"><img loading=\"lazy\" decoding=\"async\" class=\"size-medium wp-image-996\" title=\"Ein Echidna - Bild durch \u201eKeresH\u201c\" src=\"http:\/\/www.big-animals.com\/wp-content\/uploads\/2011\/05\/Echidna-300x196.jpg\" alt=\"Ein Echidna - Bild durch \u201eKeresH\u201c\" width=\"300\" height=\"196\" \/><\/a><figcaption id=\"caption-attachment-996\" class=\"wp-caption-text\">An Echidna - picture by &#038;quot;KeresH&#038;quot;<\/figcaption><\/figure>\n<p><span id=\"gts_text_16\" class=\"gts_text\">Das Schnabeltier verbringt viel seines Lebens im Wasser.<\/span> <span id=\"gts_text_17\" class=\"gts_text\">Seine vernetzten Zehen haben kein Haar, eine Rechnung des blauen Graus wie die Rechnung einer Ente, wasserdichten kurzen braunen Pelz und ein flaches Pelzendst\u00fcck wie das Endst\u00fcck eines Bibers.<\/span> <span id=\"gts_text_18\" class=\"gts_text\">Es hat kleine Ohrschlitze, kleine Augen, die es seine Nasenl\u00f6cher schlie\u00dfen kann, um das Wasser abzuhalten, wenn es schwimmt.<\/span> <span id=\"gts_text_19\" class=\"gts_text\">Es ist zwischen 1 bis 2 Fu\u00df lang (30-60 cm) und es wiegt zwischen 3 oder 4 Pfund (1,3 &#8211; 1.7kg).<\/span> <span id=\"gts_text_20\" class=\"gts_text\">Es isst Insektenlarven, Garnele, Fr\u00f6sche und Fischeier.<\/span><\/p>\n<p><span id=\"gts_text_21\" class=\"gts_text\">Echidnas haben schwarzes oder braunes Haar, hellfarbigere Dorne.<\/span> <span id=\"gts_text_22\" class=\"gts_text\">Es hat kleine Augen und einen kleinen Mund ohne Z\u00e4hne.<\/span> <span id=\"gts_text_23\" class=\"gts_text\">Es hat eine sehr lange klebrige Zunge, der es verwendet, um Termiten und Ameisen zu fangen.<\/span> <span id=\"gts_text_24\" class=\"gts_text\">Echidnas sind auch zwischen 1 bis 2 Fu\u00df lang (30-60 cm).<\/span> <span id=\"gts_text_25\" class=\"gts_text\">Es hat kurze Beine mit langen schweren Greifern auf F\u00fc\u00dfen und einer spitzen Schnauze.<\/span><\/p>\n<p><span id=\"gts_text_26\" class=\"gts_text\">Die gr\u00f6\u00dfte Art von Echidna und die gr\u00f6\u00dften Kloakentiere von allen, sind der <a title=\"Westlicher langschnabeliger Echidna\" href=\"http:\/\/www.big-animals.com\/western-long-beaked-echidna\/\">westliche langschnabelige Echidna<\/a>.<\/span><\/p>\n<p><span id=\"gts_text_27\" class=\"gts_text\">\u00a0<\/span><\/p>\n","protected":false},"excerpt":{"rendered":"<p>Kloakentiere sind eine Art seltene S\u00e4ugetiere, die Eier legen. Sie entbinden zu den Livejungen. Sie k\u00f6nnen in Australien, in Tasmanien und in Neu-Guinea gefunden werden. Diese Gruppe umfa\u00dft das Schnabeltier und die vier Arten von Echidna (stacheliger Ameisenb\u00e4r). Wie andere S\u00e4ugetiere sind Kloakentiere mit einer hohen metabolischen Rate, aber nicht so hoch wie andere S\u00e4ugetiere &hellip; <a href=\"https:\/\/www.big-animals.com\/de\/kloakentiere\/\" class=\"more-link\">Continue reading <span class=\"screen-reader-text\">Kloakentiere<\/span><\/a><\/p>\n","protected":false},"author":1,"featured_media":0,"parent":0,"menu_order":0,"comment_status":"closed","ping_status":"open","template":"","meta":{"_acf_changed":false,"footnotes":""},"acf":[],"_links":{"self":[{"href":"https:\/\/www.big-animals.com\/de\/wp-json\/wp\/v2\/pages\/46"}],"collection":[{"href":"https:\/\/www.big-animals.com\/de\/wp-json\/wp\/v2\/pages"}],"about":[{"href":"https:\/\/www.big-animals.com\/de\/wp-json\/wp\/v2\/types\/page"}],"author":[{"embeddable":true,"href":"https:\/\/www.big-animals.com\/de\/wp-json\/wp\/v2\/users\/1"}],"replies":[{"embeddable":true,"href":"https:\/\/www.big-animals.com\/de\/wp-json\/wp\/v2\/comments?post=46"}],"version-history":[{"count":0,"href":"https:\/\/www.big-animals.com\/de\/wp-json\/wp\/v2\/pages\/46\/revisions"}],"wp:attachment":[{"href":"https:\/\/www.big-animals.com\/de\/wp-json\/wp\/v2\/media?parent=46"}],"curies":[{"name":"wp","href":"https:\/\/api.w.org\/{rel}","templated":true}]}}