{"id":47,"date":"2011-05-09T09:26:15","date_gmt":"2011-05-09T09:26:15","guid":{"rendered":""},"modified":"2014-04-25T12:43:44","modified_gmt":"2014-04-25T12:43:44","slug":"eisbaer","status":"publish","type":"page","link":"https:\/\/www.big-animals.com\/de\/eisbaer\/","title":{"rendered":"Eisb\u00e4r"},"content":{"rendered":"<p><span class=\"gts_text\" id=\"gts_text_3\">Eisb\u00e4ren leben innerhalb des n\u00f6rdlichen Polarkreises. Sie k\u00f6nnen in Kanada, Alaska, Norwegen und Nordrussland gefunden werden. Sie sind die weltgr\u00f6\u00dften <a title=\"Raubtiere\" href=\"http:\/\/www.big-animals.com\/de\/raubtiere\/\">Landraubtiere<\/a>. <\/span><span class=\"gts_text\" id=\"gts_text_4\">(Das weltgr\u00f6\u00dfte Raubtier ist eine Art von Seehund, der\u00a0 <a title=\"See-Elefant\" href=\"http:\/\/www.big-animals.com\/de\/see-elefant\/\">s\u00fcdliche See-Elefant<\/a>, der sich im Meer viel wohler f\u00fchlt als auf Land). Sie sind ebenfalls die gr\u00f6\u00dften B\u00e4ren &#8211; etwas gr\u00f6\u00dfer als der Braunb\u00e4r. Ein erwachsener Eisb\u00e4r wiegt um die 350 &#8211; 680 kg und der erwachsene weibliche Eisb\u00e4r wiegt um die 150 &#8211; 250 Kilogramm. Wenn sie schwanger ist, wiegt sie ebenso viel wie 500 Kilogramm! Die Temperaturen in den Lebensr\u00e4umen der Eisb\u00e4ren reicht von durchschnittlichen -34\u00b0C im Winter bis 0\u00b0C im Sommer. Die Eisb\u00e4ren sind in der Lage, extremer K\u00e4lte zu widerstehen, da sie mit einer dichten, wei\u00dfen Fellschicht bedeckt sind. Die H\u00f6he eines durchschnittlichen m\u00e4nnlichen Eisb\u00e4rs betr\u00e4gt um die 2,4 &#8211; 3 Meter und der weibliche Eisb\u00e4r ist um die 1,8 &#8211; 2,4 Meter hoch.<\/span><span class=\"gts_text\" id=\"gts_text_9\"><\/span><\/p>\n<figure id=\"attachment_839\" aria-describedby=\"caption-attachment-839\" style=\"width: 300px\" class=\"wp-caption aligncenter\"><a href=\"http:\/\/www.big-animals.com\/wp-content\/uploads\/2011\/04\/Polar_Bear_And_Human-2.png\"><img loading=\"lazy\" decoding=\"async\" class=\"size-medium wp-image-839\" title=\"Der Eisb\u00e4r ist das gr\u00f6\u00dfte Land Carnivoran der Welt\" alt=\"Der Eisb\u00e4r ist das gr\u00f6\u00dfte Land Carnivoran der Welt\" src=\"http:\/\/www.big-animals.com\/wp-content\/uploads\/2011\/04\/Polar_Bear_And_Human-2-300x180.png\" width=\"300\" height=\"180\" \/><\/a><figcaption id=\"caption-attachment-839\" class=\"wp-caption-text\">Der Eisb\u00e4r ist der weltgr\u00f6\u00dfte Fleischfresser<\/figcaption><\/figure>\n<h3><span class=\"gts_text\" id=\"gts_text_10\">Eisb\u00e4r Lebensraum<\/span><\/h3>\n<p>Sie werden zu Land geboren, verbringen ihre meiste Zeit jedoch am Meer auf dem Meereis. Deswegen meinen manche Leute, dass der Eisb\u00e4r ein Meeress\u00e4ugetier ist. Sie k\u00f6nnen auf dem Meereis f\u00fcr Monate verweilen und jagen. Das Meereis ist wie ein flaches St\u00fcck Eis, dass im Meer treibt. Dieses Meereis bedeckt das Wasser im arktischen Ozean. Robben wandern ab, je nachdem wie sich das Meereis ver\u00e4ndert. Wenn Robben abziehen, gehen die Eisb\u00e4ren ebenfalls mit, da Robben die Lieblingsnahrung des Eisb\u00e4rs sind. In manchen Gebieten, wenn das Eis vollst\u00e4ndig im Sommer schmilzt, ziehen die Eisb\u00e4ren auf Land und warten Monate, bis sich das Meereis gebildet hat. Im Beaufortsee bewegen sich die Eisb\u00e4ren jeden Sommer weiter n\u00f6rdlich, wo das Eis das ganze Jahr \u00fcber gefroren bleibt.<\/p>\n<h3><span class=\"gts_text\" id=\"gts_text_20\">Anpassungen eines Eisb\u00e4ren<\/span><\/h3>\n<p>Die n\u00e4hesten B\u00e4renverwandten der Eisb\u00e4ren sind die Braunb\u00e4ren. Die Eisb\u00e4ren haben einen l\u00e4ngeren K\u00f6rperbau, einen l\u00e4ngeren Sch\u00e4del und eine l\u00e4ngere Nase. Sie haben kleine Ohren und einen kleinen Schwanz, besitzen jedoch riesige Pfoten. Ihre Pfoten sind viel gr\u00f6\u00dfer im Vergleich mit den Pfoten von anderen B\u00e4ren. Diese gro\u00dfen und gerundeten Pfoten erlauben den B\u00e4ren, ihr Gewicht zu verteilen, w\u00e4hrend sie sich auf Schnee und Meereis fortbewegen. Die Pfoten sind wie eingebaute Schneeschuhe f\u00fcr die Eisb\u00e4ren. Ihre Pfoten messen um die 30cm bei einem erwachsenen Eisb\u00e4r. Ausserdem sind die Ballen der Pfoten mit kleinen Abhebungen bedeckt, die einen guten Halt beim Gehen auf rutschigem Eis bieten. Die Krallen eines Eisb\u00e4ren sind kurz und robust gebaut im Vergleich zu denen eines Braunb\u00e4rs. Diese Art von Krallen hilft dem Eisb\u00e4r sich an schwere Beute oder Eis ohne Problem festzukrallen. Eisb\u00e4ren haben 42 Z\u00e4hne. Ihre Zahnl\u00f6cher sind kleiner und sch\u00e4rfer als die eines Braunb\u00e4rs. Da sie Fleischfresser sind, haben sie gro\u00dfe und scharfe Backenz\u00e4hne.<\/p>\n<h3><span class=\"gts_text\" id=\"gts_text_33\">Eisb\u00e4r &#8211; Informationen und Tatsachen<\/span><\/h3>\n<p>Eisb\u00e4ren werden nicht nur von ihrem Fell warmgehalten, sondern auch von einer Fettschicht, die bis zu 10cm dick ist. Ihre Haut und ihr Fell \u00fcberhitzen, wenn die Temperatur auf \u00fcber 10\u00b0C steigt. Ihr Fell besteht aus einer Schicht von dichtem, inneren Fell und einer \u00e4u\u00dferen Schicht von Haaren, die grauwei\u00dfs aussehen. Die \u00e4u\u00dfere Fellschicht ist um die 5 bis 15 cm dick und bedeckt fast den ganzen K\u00f6rper.<\/p>\n<p>Der grauwei\u00dfe Pelz wird mit steigendem Alter normalerweise gelb. Wenn sie sich an einem warmen und feuchten Ort befinden, kann sich ihr Fell in einen blassen Gr\u00fcnton verwandeln, da innerhalb des \u00e4u\u00dferen Fells Algen wachsen. M\u00e4nnchen haben an ihren Vorderbeinen, l\u00e4ngere Haare, die bis ins Alter von 14 Jahren in die L\u00e4nge wachsen.<\/p>\n<p>Der Eisb\u00e4r hat einen sehr guten Geruchssinn. Er ist dazu f\u00e4hig, eine Robbe zu entdecken, die sich fast 1,5km weit weg und einen Meter begraben unterm Schnee befindet. Ihr Geh\u00f6r ist so gut wie unseres und sie k\u00f6nnen ohne Probleme weit sehen.<\/p>\n<h3><span class=\"gts_text\" id=\"gts_text_44\">Der Eisb\u00e4r und das Schwimmen<br \/>\n<\/span><\/h3>\n<p><span class=\"gts_text\" id=\"gts_text_45\">Sie sind \u00fcberragende Schwimmer. Sie schwimmen von Meereis zu Meereis. Sie wurden dabei beobachtet, 320km vom n\u00e4hesten Land weg zu schwimmen. Ihr K\u00f6rperfett hilft ihnen beim Schwimmen. Sie hundepaddeln mit ihrem Kopf und dem Meisten ihres R\u00fcckens \u00fcber dem Wasser. Ihre gro\u00dfen Pfoten helfen ihnen dabei, sich schnell durch das Wasser fortzubewegen. Sie k\u00f6nnen ungef\u00e4hr 10 km\/h schwimmen. Sie neigen dazu langsam und unbeholfen zu gehen. Ihre Gehgeschwindigkeit betr\u00e4gt um die 5,5 km\/h. Wenn sie mit Spitzengeschwindigkeit laufen, k\u00f6nnen sie bis zu 40 km\/h erreichen.<\/span><span class=\"gts_text\" id=\"gts_text_54\"><br \/>\n<\/span><\/p>\n<h3><span class=\"gts_text\" id=\"gts_text_55\">Wie Eisb\u00e4ren jagen<\/span><\/h3>\n<p>Der Eisb\u00e4r ist der Raubtierartigste von allen B\u00e4ren. Sie ern\u00e4hren sich haupts\u00e4chlich von Robben. Die Arktis ist das Zuhause von Millionen Robben. Die Robben werden von den B\u00e4ren gejagt, wenn sie durch L\u00f6cher im Meereis Luft schnappen oder auf das Meereis klettern, um sich auszuruhen.<\/p>\n<p>Die meistverwendete Jagdmethode des Eisb\u00e4ren wird Pirschen genannt. Der B\u00e4r nutzt seinen exzellenten Geruchssinn, um ein Atmungsloch einer Robbe ausfindig zu machen und n\u00e4hert sich kriechend, leise und geduldig darauf wartend, dass eine Robbe erscheint. Wenn die Robbe aus dem Loch klettert, um zu atmen, riecht der Eisb\u00e4r seinen Atem, reicht nach dem Loch und zieht die arme Robbe mit seinen Pfoten aufs Land. Das lange Maul und der lange Hals des Eisb\u00e4ren erm\u00f6glichen ihm, in tiefen L\u00f6chern nach Robben zu suchen. Seine kraftvollen Hinterbeine, geben ihm die St\u00e4rke sogar gro\u00dfe Robben aufs Eis zu ziehen. Die Eisb\u00e4ren greifen ebenfalls Robben an, wenn sie sich auf dem Meereis ausruhen. Wenn zum Beispiel der Eisb\u00e4r eine Robbe entdeckt, n\u00e4hert er sich ihr in weniger als 100m und kriecht dann. Falls die Robbe nichts bemerkt, schleicht sich der B\u00e4r bis auf 10 bis 12 Meter an die Robbe heran, l\u00e4uft pl\u00f6tzlich auf die Robbe zu und greift an. Eine dritte Jagdmethode ist das Angreifen einer Geburtst\u00e4tte von weiblichen Robben.<\/p>\n<p>Erwachsene B\u00e4ren neigen dazu, nur sehr reiche Nahrung zu fressen &#8211; die Haut und die starke Fettschicht einer Robbe. Junge B\u00e4ren, die nicht mehr von ihrer Mutter abh\u00e4ngig sind, jedoch nicht genug Jagdf\u00e4higkeiten besitzen, m\u00fcssen nach toten Tieren suchen, welche von anderen B\u00e4ren dagelassen wurden. Die jungen B\u00e4ren k\u00f6nnen ebenfalls dazu gezwungen sein, ein halbaufgefressenes totes Tier zu fressen, falls sie eine Robbe t\u00f6ten. Das h\u00e4lt die gr\u00f6\u00dferen B\u00e4ren jedoch nicht davon ab, es zu stehlen. Armes Ding!<\/p>\n<p>Der Eisb\u00e4r ist ein riesiger, kraftvoller J\u00e4ger. Er kann ein erwachsenes Walross t\u00f6ten, sie versuchen es jedoch selten. Ein Walross kann das Doppelte des Gewichts eines B\u00e4res haben, hat aber lange Elfenbeinsto\u00dfz\u00e4hne, die um die 90cm lang sind. Das Walross benutzt diese Sto\u00dfz\u00e4hne als eine t\u00f6dliche Waffe, um sich selbst zu verteidigen.<\/p>\n<p>Eisb\u00e4ren jagen auch Wei\u00dfwale, indem sie sie aus ihren Ateml\u00f6chern im Meereis fangne. Die Wale haben die selbe Gr\u00f6\u00dfe wie das Walross und es ist in der Tat f\u00fcr den Eisb\u00e4ren sehr schwer sie zu t\u00f6ten. Eisb\u00e4ren attackieren sehr selten einen vollausgewachsenen Wal.<\/p>\n<p>Die meisten Landtiere in der Arktis k\u00f6nnen schneller als die Eisb\u00e4ren rennen, da Eisb\u00e4ren sehr schnell \u00fcberhitzen. Die meisten Meerestiere, auf die der B\u00e4r trifft, k\u00f6nnen ebenfalls schneller schwimmen als die Eisb\u00e4ren. Also siehst du, dass Eisb\u00e4ren nicht die schnellsten L\u00e4ufer und auch nicht die schnellsten Schwimmer sind. In manchen Orten, fressen die Eisb\u00e4ren junge Walrosse und die Leichen von erwachsenen Walrossen oder Walen.<\/p>\n<figure id=\"attachment_836\" aria-describedby=\"caption-attachment-836\" style=\"width: 300px\" class=\"wp-caption alignright\"><a href=\"http:\/\/www.big-animals.com\/wp-content\/uploads\/2011\/04\/Polar_Bear_And_Cubs.jpg\"><img loading=\"lazy\" decoding=\"async\" class=\"size-medium wp-image-836\" title=\"Eisb\u00e4r-Mutter und CUB\" alt=\"Eisb\u00e4r-Mutter und CUB\" src=\"http:\/\/www.big-animals.com\/wp-content\/uploads\/2011\/04\/Polar_Bear_And_Cubs-300x162.jpg\" width=\"300\" height=\"162\" \/><\/a><figcaption id=\"caption-attachment-836\" class=\"wp-caption-text\">Eisb\u00e4rmutter und Jungen<\/figcaption><\/figure>\n<h3><span class=\"gts_text\" id=\"gts_text_84\">Eisb\u00e4rbabys<\/span><\/h3>\n<p>Eisb\u00e4ren sind das ganze Jahr durch aktiv, ausser die weiblichen, schwangeren B\u00e4ren. Ein schwangerer, weiblicher Eisb\u00e4r ist zu schwer um aktiv zu sein. Sie nimmt mindestens 200kg Gewicht \u00fcber ihr Normalgewicht hinaus zu. Sie begibt sich in eine Eish\u00f6hle, um zu geb\u00e4ren. Die Jungen werden blind geboren, bedeckt mit leichtem, braunen Fell und wiegen weniger als einen Kilogramm (weniger als 2 Pfund). Sie sind total hilflos &#8211; ausserhalb der H\u00f6hle w\u00fcrden sie zu Tode frieren! Sie \u00f6ffnen ihre Augen erst nach ungef\u00e4hr 30 Tagen.<\/p>\n<p>Sie werden zwischen November und Februar geboren, wenn es dunkel und kalt in der Arktis ist. Die Mutter ern\u00e4hrt sich immer noch nicht, w\u00e4hrend sie die Jungen mit Milch f\u00fcttert. Die Mutter geb\u00e4rt jedes Mal normalerweise zwei Jungen. Sie verweilt mit ihren Jungen in der H\u00f6hle, bis die Jungen gross genug sind, um auf sich selbst aufzupassen. Wenn die Jungen bereit sind, bricht sie den Eingang der H\u00f6hle auf. Ihre Jungen haben zu dem Zeitpunkt ein Gewicht von etwa 10 bis 15kg. F\u00fcr ungef\u00e4hr 12 bis 15 Tage, verbringt die Familie Zeit ausserhalb der H\u00f6hle und sie bleibt ihren Jungen nahe. Die Jungen spielen miteinander. Schrittweise machen die Jungen lange Spazierg\u00e4nge von der H\u00f6hle zum Meereis. Die Jungen bleiben ungef\u00e4hr eineinhalb Jahre, w\u00e4hrend sie lernen wie man jagt. Alles in einem muss die Mutter f\u00fcr ungef\u00e4hr 8 Monate ohne Futter auskommen.<\/p>\n<p>Eisb\u00e4ren haben die F\u00e4higkeit, ihren Stoffwechsel zu verlangsamen, falls Nahrung schwer zu finden ist und beschleunigen ihren Stoffwechsel wieder, wenn es Nahrung im \u00dcberfluss gibt. Die Eisb\u00e4ren sind dazu in der Lage, ihre Herzschlagfrequenz von 46 auf 27 Schl\u00e4ge pro Minute zu verlangsamen. Sie sind f\u00e4hig, mehrere Monate zu fasten, wenn das Meereis schmilzt und sie keine Robben zum Jagen finden. Sie leben w\u00e4hrend dieser Zeit von ihren Fettreserven. Eisb\u00e4ren k\u00f6nnen auch Moschusochsen, Rehntiere, Vogeleier, Nagetiere, Schalentiere, Krabben und sogar andere Eisb\u00e4ren fressen. Sie fressen ebenfalls Pflanzen wie Beeren, Wurzeln und Seetag, jedoch nur sehr selten &#8211; sie brauchen eine fettige Di\u00e4t. Robben und Wale bieten ihnen hiermit die fettigste Nahrung, die sie kriegen k\u00f6nnen. Sie w\u00fcrden nicht genug Energie von ein paar Landtieren und Pflanzen beziehen k\u00f6nnen.<\/p>\n<h3><span class=\"gts_text\" id=\"gts_text_110\">Eisb\u00e4rangriffe<\/span><\/h3>\n<p><span class=\"gts_text\" id=\"gts_text_111\">Sie greifen selten Menschen an, ausser sie werden gest\u00f6rt. Aber ein hungriger Eisb\u00e4r kann einen Menschen t\u00f6ten und auffressen. Also st\u00f6re niemals einen hungrigen B\u00e4r! Sie sind raffinierte und wagemutige J\u00e4ger. Ihre Beute wird meistens nichtsahnend \u00fcberw\u00e4ltigt. Falls eine Person von einem Braunb\u00e4ren attackiert wird, werden sie ernshaft verletzt, der B\u00e4r l\u00e4sst das Opfer jedoch einfach allein. Wenn ein Eisb\u00e4r eine Person angreift, \u00fcberlebt die Person selten. Also falls du von einem Eisb\u00e4r angegriffen wirst, sprich deine letzten Gebete!<\/span><span class=\"gts_text\" id=\"gts_text_118\"><br \/>\n<\/span><\/p>\n<p>Erwachsene Eisb\u00e4ren leben normalerweise allein, wurden jedoch h\u00e4ufig dabei beobachtet, wie sie stundenlang miteinander spielen und sich sogar w\u00e4hrend des Schlafs umarmen. Die Jungtiere sind verspielt. Sie sind dazu f\u00e4hig zu br\u00fcllen, dr\u00f6hnen, gr\u00f6hlen, schnaufen und zu schnurren.<\/p>\n<p><span class=\"gts_text\" id=\"gts_text_122\">Sie sind weniger betroffen von Infektionskrankheiten und Parasiten als die meisten anderen Landtiere. Sie leben selten mehr als 25 Jahre. Der \u00e4lteste wilde Eisb\u00e4r, der aufgezeichnet wurde starb im Alter von 32 Jahren und der \u00e4lteste, in Gefangenschaft lebende, weibliche Eisb\u00e4r starb 1991 im Alter von 43 Jahren. Wenn wilde Eisb\u00e4ren alt werden, werden sie zu schwach, um sich auf der Jagd nach Nahrung zu bewegen. Sie sterben langsam vor Hunger. Abgesehen davon k\u00f6nnen wilde Eisb\u00e4ren, die bei K\u00e4mpfen oder Unf\u00e4llen schwer verletzt sind ebenfalls sterben, weil sie zur Jagd nicht mehr f\u00e4hig sind. Sie sterben ebenfalls von Hunger.<\/span><span class=\"gts_text\" id=\"gts_text_128\"><br \/>\n<\/span><\/p>\n<p>Die Eisb\u00e4ren sind J\u00e4ger erster Klasse. Sie haben selbst keine Feinde, obwohl ihre Jungen manchmal von hungrigen W\u00f6lfen oder Braunb\u00e4ren gefressen werden.<\/p>\n<p>Eisb\u00e4ren wurden lange wegen ihres Fells, ihrem Fleisch, ihrem Fett, ihrer Sehnen, ihrer Gallenblase und ihren Backenz\u00e4hnen gejagt. Sie werden von den Leuten gejagt, die in der Arktis heimisch sind. Traditionellerweise benutzten diese J\u00e4ger etwas um den B\u00e4r abzulenken und spie\u00dften den B\u00e4r dann auf oder beschossen ihn mit Pfeilen. Das Fell wurde dazu benutzt, Hosen und Schuhwerk zu n\u00e4hen. Das Fleisch ist essbar. Das Fett wurde in Nahrung verwendet und als Brennstoff, um ihre Behausungen zu beleuchten. Sehnen wurden als N\u00e4hgarn zum N\u00e4hen von Kleidung verwendet. Die Gallenblase und manchmal auch das Herz des B\u00e4ren wurden getrocknet und zerstossen, um Medizin herzustellen. Ihre gro\u00dfen Backenz\u00e4hne wurde dazu benutzt, Amulette herzustellen. Nicht viele Menschen lebten in der extremen K\u00e4lte der Arktis, also wurde die Population der Eisb\u00e4ren nicht von der Jagd beeinflusst.<\/p>\n<h3><span class=\"gts_text\" id=\"gts_text_141\">Der Eisb\u00e4r gef\u00e4hrdet durch die globale Erw\u00e4rmung<\/span><\/h3>\n<p>Am 15. Mai 2008 stufte die US-Regierung die Eisb\u00e4ren als gef\u00e4hrdete Spezies unter dem Endangered Species Act ein. Die Auswirkungen der globalen Erw\u00e4rmung haben beeinflussten die Lebensweise der Eisb\u00e4ren erheblich. Aufgrund von w\u00e4rmeren Temperaturen, schmilzt das Meereis jetzt viel fr\u00fcher als vor 30 Jahren. Das bedeutet, dass Eisb\u00e4ren eine k\u00fcrzere Ern\u00e4hrungssaison haben und m\u00f6glicherweise wegen Mangelern\u00e4hrung sterben. Abgesehen davon, gef\u00e4hrden Umweltverschmutzung und \u00d6lkatastrophen im arktischen Ozean das Leben der Eisb\u00e4ren. Die U.S. Geologcial Survey sagt vorraus, dass zwei Drittel der Eisb\u00e4ren, die auf der Welt vorhanden sind, bis zum Jahr 2050 aufgrund von globaler Erw\u00e4rmung von der Erdoberfl\u00e4che verschwunden sind. Die Menge an Meereis in der Arktis wird jedes Jahrzehnt kleiner und kleiner, so wie du auf der Karte unten sehen kannst. Wenn dieses Meereis verschwindet, hat der arme Eisb\u00e4r viel \u00c4rger und kann ganz und gar nicht \u00fcberleben, ausser in Zoos.<\/p>\n<figure id=\"attachment_842\" aria-describedby=\"caption-attachment-842\" style=\"width: 537px\" class=\"wp-caption aligncenter\"><a href=\"http:\/\/www.big-animals.com\/wp-content\/uploads\/2011\/04\/Arctic_Sea_Ice_Decline.jpg\"><img loading=\"lazy\" decoding=\"async\" class=\"size-full wp-image-842\" title=\"Der Lebensraum des Eisb\u00e4ren wird durch die globale Erw\u00e4rmung bedroht\" alt=\"Der Lebensraum des Eisb\u00e4ren wird durch die globale Erw\u00e4rmung bedroht\" src=\"http:\/\/www.big-animals.com\/wp-content\/uploads\/2011\/04\/Arctic_Sea_Ice_Decline.jpg\" width=\"537\" height=\"433\" \/><\/a><figcaption id=\"caption-attachment-842\" class=\"wp-caption-text\">Der Lebensraum des Eisb\u00e4rs ist von globaler Erw\u00e4rmung bedroht<\/figcaption><\/figure>\n","protected":false},"excerpt":{"rendered":"<p>Eisb\u00e4ren leben innerhalb des n\u00f6rdlichen Polarkreises. Sie k\u00f6nnen in Kanada, Alaska, Norwegen und Nordrussland gefunden werden. Sie sind die weltgr\u00f6\u00dften Landraubtiere. (Das weltgr\u00f6\u00dfte Raubtier ist eine Art von Seehund, der\u00a0 s\u00fcdliche See-Elefant, der sich im Meer viel wohler f\u00fchlt als auf Land). Sie sind ebenfalls die gr\u00f6\u00dften B\u00e4ren &#8211; etwas gr\u00f6\u00dfer als der Braunb\u00e4r. Ein &hellip; <a href=\"https:\/\/www.big-animals.com\/de\/eisbaer\/\" class=\"more-link\">Continue reading <span class=\"screen-reader-text\">Eisb\u00e4r<\/span><\/a><\/p>\n","protected":false},"author":1,"featured_media":0,"parent":0,"menu_order":0,"comment_status":"closed","ping_status":"open","template":"","meta":{"_acf_changed":false,"footnotes":""},"acf":[],"_links":{"self":[{"href":"https:\/\/www.big-animals.com\/de\/wp-json\/wp\/v2\/pages\/47"}],"collection":[{"href":"https:\/\/www.big-animals.com\/de\/wp-json\/wp\/v2\/pages"}],"about":[{"href":"https:\/\/www.big-animals.com\/de\/wp-json\/wp\/v2\/types\/page"}],"author":[{"embeddable":true,"href":"https:\/\/www.big-animals.com\/de\/wp-json\/wp\/v2\/users\/1"}],"replies":[{"embeddable":true,"href":"https:\/\/www.big-animals.com\/de\/wp-json\/wp\/v2\/comments?post=47"}],"version-history":[{"count":4,"href":"https:\/\/www.big-animals.com\/de\/wp-json\/wp\/v2\/pages\/47\/revisions"}],"predecessor-version":[{"id":520,"href":"https:\/\/www.big-animals.com\/de\/wp-json\/wp\/v2\/pages\/47\/revisions\/520"}],"wp:attachment":[{"href":"https:\/\/www.big-animals.com\/de\/wp-json\/wp\/v2\/media?parent=47"}],"curies":[{"name":"wp","href":"https:\/\/api.w.org\/{rel}","templated":true}]}}