{"id":48,"date":"2011-05-09T09:26:24","date_gmt":"2011-05-09T09:26:24","guid":{"rendered":""},"modified":"2011-05-09T09:26:24","modified_gmt":"2011-05-09T09:26:24","slug":"salamander","status":"publish","type":"page","link":"https:\/\/www.big-animals.com\/de\/salamander\/","title":{"rendered":"Salamander"},"content":{"rendered":"<p><span id=\"gts_text_1\" class=\"gts_text\">Es gibt ungef\u00e4hr 500 Spezies von den <a title=\"Amphibie\" href=\"http:\/\/www.big-animals.com\/amphibian\/\">Amphibien, die<\/a> Salamanders genannt werden.<\/span> <span id=\"gts_text_2\" class=\"gts_text\">Sie haben d\u00fcnne K\u00f6rper, kurze Nasen und lange Schw\u00e4nze.<\/span> <span id=\"gts_text_3\" class=\"gts_text\">Wie alle Amphibien sind sie Wirbeltiere und sind kaltbl\u00fctig.<\/span> <span id=\"gts_text_4\" class=\"gts_text\">Die meisten Salamander haben 4 Zehen auf ihren Eisbeinen und 5 Zehen auf ihren hinteren Beingliedern.<\/span> <span id=\"gts_text_5\" class=\"gts_text\">Sie haben 4 Beine wie eine Eidechse.<\/span> <span id=\"gts_text_6\" class=\"gts_text\">Sie haben nicht Greifer.<\/span> <span id=\"gts_text_7\" class=\"gts_text\">Sie k\u00f6nnen B\u00e4ume mit ihren F\u00fc\u00dfen greifen.<\/span><\/p>\n<figure id=\"attachment_888\" aria-describedby=\"caption-attachment-888\" style=\"width: 251px\" class=\"wp-caption alignleft\"><a href=\"http:\/\/www.big-animals.com\/wp-content\/uploads\/2011\/04\/Axolotl1.jpg\"><img loading=\"lazy\" decoding=\"async\" class=\"size-full wp-image-888\" title=\"Einige Salamander leben im Wasser, einige auf Land\" src=\"http:\/\/www.big-animals.com\/wp-content\/uploads\/2011\/04\/Axolotl1.jpg\" alt=\"Einige Salamander leben im Wasser, einige auf Land\" width=\"251\" height=\"202\" \/><\/a><figcaption id=\"caption-attachment-888\" class=\"wp-caption-text\">Some salamanders live in water, some on land<\/figcaption><\/figure>\n<h3><span id=\"gts_text_8\" class=\"gts_text\">Salamander-Lebensr\u00e4ume<\/span><\/h3>\n<p><span id=\"gts_text_9\" class=\"gts_text\">Sie haben feuchte Haut, weil sie nahe oder im Wasser leben.<\/span> <span id=\"gts_text_10\" class=\"gts_text\">Die meisten Arten Salamander leben in den Sumpfgebieten wie kleine Str\u00f6me oder Teiche.<\/span> <span id=\"gts_text_11\" class=\"gts_text\">\u00a0Sie werden in den meisten Teilen der Welt au\u00dfer W\u00fcsten gefunden und den Nord und S\u00fcd-Pfosten n\u00e4hern.<\/span> <span id=\"gts_text_12\" class=\"gts_text\">Sie werden nicht in Australien, in der Antarktis noch in die meisten von Afrika gefunden.<\/span> <span id=\"gts_text_13\" class=\"gts_text\">Drittel der bekannten Salamanderspezies wird in Nordamerika gefunden.<\/span> <span id=\"gts_text_14\" class=\"gts_text\">Einige Salamander verbringen ihre ganzen Leben im Wasser, verbringen einige Zeit im Wasser gelegentlich und einige verbringen ihr gesamtes erwachsenes Leben auf Land.<\/span><\/p>\n<p><span id=\"gts_text_15\" class=\"gts_text\">Salamander sind in der Lage, ihre Glieder zur\u00fcck zu wachsen sowie k\u00f6nnen andere K\u00f6rperteile, wenn sie gesch\u00e4digt werden, gerade wie einige Eidechsen ihre Endst\u00fccke Re-wachsen.<\/span> <span id=\"gts_text_16\" class=\"gts_text\">Jedoch sind sie zu den Fr\u00f6schen und zu den nicht Eidechsen eng verwandter, obwohl sie eher wie eine Eidechse als ein Frosch schauen.<\/span> <span id=\"gts_text_17\" class=\"gts_text\">Die meisten Spezies von Salamandern haben klein oder keine Glieder sie lassend, wie ein Aal auszusehen.<\/span> <span id=\"gts_text_18\" class=\"gts_text\">Sie werden h\u00e4ufig hell gef\u00e4rbt.<\/span> <span id=\"gts_text_19\" class=\"gts_text\">Salamander, die Untertage bleiben, sind h\u00e4ufig wei\u00df oder rosa.<\/span><\/p>\n<p><span id=\"gts_text_20\" class=\"gts_text\">Die meisten Salamander sind ziemlich klein, aber es gibt einige wirklich enorme.<\/span> <span id=\"gts_text_21\" class=\"gts_text\">Sie reichen an Gr\u00f6\u00dfe von kleine Salamander mit einer Gesamtl\u00e4nge von 2.7cm (1 Zoll) einschlie\u00dflich das Endst\u00fcck, bis zu dem <a title=\"Chinesischer Riesensalamander\" href=\"http:\/\/www.big-animals.com\/chinese-giant-salamander\/\">chinesischen Riesensalamander<\/a>, die gr\u00f6\u00dfte Amphibie von allen, die bis 180cm (6 Fu\u00df) erreichen und bis zu 65kg (144 lbs) wiegen k\u00f6nnen.<\/span> <span id=\"gts_text_22\" class=\"gts_text\">Die meisten Salamander sind zwischen 10cm-20cm in der L\u00e4nge (4-8 Zoll).<\/span> <span id=\"gts_text_23\" class=\"gts_text\">Sie versch\u00fctten regelm\u00e4\u00dfig die \u00e4u\u00dfere Schicht ihrer Haut, w\u00e4hrend sie gr\u00f6\u00dfer wachsen &#8211; und dann essen sie diese tote Haut!<\/span><\/p>\n<figure id=\"attachment_889\" aria-describedby=\"caption-attachment-889\" style=\"width: 300px\" class=\"wp-caption aligncenter\"><a href=\"http:\/\/www.big-animals.com\/wp-content\/uploads\/2011\/04\/Cave_salamander.jpg\"><img loading=\"lazy\" decoding=\"async\" class=\"size-medium wp-image-889\" title=\"Sieht wie eine Eidechse aus, aber sie ist eher wie einen Frosch\" src=\"http:\/\/www.big-animals.com\/wp-content\/uploads\/2011\/04\/Cave_salamander-300x103.jpg\" alt=\"Sieht wie eine Eidechse aus, aber sie ist eher wie einen Frosch\" width=\"300\" height=\"103\" \/><\/a><figcaption id=\"caption-attachment-889\" class=\"wp-caption-text\">This spotted salamander looks like a lizard, but it&#038;#39;s more like a frog<\/figcaption><\/figure>\n<p><span id=\"gts_text_24\" class=\"gts_text\">Unterschiedliche Spezies von Salamandern haben verschiedene Methoden der Atmung.<\/span> <span id=\"gts_text_25\" class=\"gts_text\">Die, die nicht Lungen haben, atmen durch ihre Kiemen.<\/span> <span id=\"gts_text_26\" class=\"gts_text\">Die meisten dieser Kiemen sind au\u00dferhalb ihrer K\u00f6rper, auf beiden Seiten gelegen vom Kopf.<\/span> <span id=\"gts_text_27\" class=\"gts_text\">Einige Salamander leben auf Land und haben die Lungen, zum sie zu helfen zu atmen.<\/span> <span id=\"gts_text_28\" class=\"gts_text\">Ihre Lungen sind einfach.<\/span> <span id=\"gts_text_29\" class=\"gts_text\">\u00a0Die meisten Spezies wie das Olm haben Lungen und Kiemen wenn sie ein Erwachsener.\u00a0Einige<\/span> <span id=\"gts_text_30\" class=\"gts_text\">Salamander, die auf dem Land leben, haben nicht Lungen und Kiemen &#8211; sie atmen durch ihre Haut.<\/span> <span id=\"gts_text_31\" class=\"gts_text\">Einige Spezies mit den Lungen k\u00f6nnen durch ihre Haut auch atmen.<\/span><\/p>\n<p><span id=\"gts_text_32\" class=\"gts_text\">Die Haut der Salamander produziert Schleim, der hilft, sie, wenn sie auf trockenem Land sind, und ihnen, ihre auch hilft Salzbalance beizubehalten w\u00e4hrend im Wasser feucht zu halten.<\/span> <span id=\"gts_text_33\" class=\"gts_text\">Der Schleim liefert irgendeine Art Schmiermittel beim auch schwimmen, um ihnen zu helfen, durch das Wasser leicht zu gleiten.<\/span> <span id=\"gts_text_34\" class=\"gts_text\">Mithilfe dieses Schmiermittels und ihrer vernetzten F\u00fc\u00dfe sind Salamander gro\u00dfe Schwimmer.<\/span> <span id=\"gts_text_35\" class=\"gts_text\">Passen Sie heraus auf!<\/span> <span id=\"gts_text_36\" class=\"gts_text\">Einige Salamander produzieren Gift aus Dr\u00fcsen in ihrer Haut, um sie vor Fleischfressern zu sch\u00fctzen.<\/span><\/p>\n<h3><span id=\"gts_text_37\" class=\"gts_text\">Was essen Salamander?<\/span><\/h3>\n<p><span id=\"gts_text_38\" class=\"gts_text\">Sie haben eine klebrige Zunge, die ihnen hilft, um ihr Opfer zu fangen.<\/span> <span id=\"gts_text_39\" class=\"gts_text\">Einige Salamander k\u00f6nnen ihre klebrige Zunge weit heraus schie\u00dfen, um ihr Opfer zu fangen.<\/span> <span id=\"gts_text_40\" class=\"gts_text\">Die meisten Spezies des Salamanders haben kleine Z\u00e4hne in den oberen und untereren Kiefern, anders als einen typischen Frosch, der nur Z\u00e4hne auf dem oberen Kiefer hat.<\/span> <span id=\"gts_text_41\" class=\"gts_text\">Sogar haben die Larven von Salamandern Z\u00e4hne!<\/span> <span id=\"gts_text_42\" class=\"gts_text\">Salamander m\u00f6gen Schnecken essen.<\/span><\/p>\n<figure id=\"attachment_890\" aria-describedby=\"caption-attachment-890\" style=\"width: 300px\" class=\"wp-caption aligncenter\"><a href=\"http:\/\/www.big-animals.com\/wp-content\/uploads\/2011\/04\/Colorful_Salamander.jpg\"><img loading=\"lazy\" decoding=\"async\" class=\"size-medium wp-image-890\" title=\"Salamander werden h\u00e4ufig hell gef\u00e4rbt\" src=\"http:\/\/www.big-animals.com\/wp-content\/uploads\/2011\/04\/Colorful_Salamander-300x104.jpg\" alt=\"Salamander werden h\u00e4ufig hell gef\u00e4rbt\" width=\"300\" height=\"104\" \/><\/a><figcaption id=\"caption-attachment-890\" class=\"wp-caption-text\">Salamanders are often brightly colored<\/figcaption><\/figure>\n<p><span id=\"gts_text_43\" class=\"gts_text\">Sie haben eine Vernunft des Geruchs, aber sie haben miese Anh\u00f6rung.<\/span> <span id=\"gts_text_44\" class=\"gts_text\">\u00a0Die meisten Salamander haben gutes Sehverm\u00f6gen, au\u00dfer dass die, die unterirdisch schlechtes Sehverm\u00f6gen haben &#8211; ihre Augen sogar werden durch eine Schicht Haut abgedeckt m\u00f6glicherweise.<\/span> <span id=\"gts_text_45\" class=\"gts_text\">Sie benutzen ihre Augen, um f\u00fcr Nahrung zu jagen.<\/span> <span id=\"gts_text_46\" class=\"gts_text\">Larven und erwachsene Salamander, die im Wasser leben, haben eine spezielle Abfragungslinie auf ihren Seiten (gerade wie Fische tun Sie), zum der Bewegung und der Ersch\u00fctterungen im Wasser zu ermitteln.<\/span> <span id=\"gts_text_47\" class=\"gts_text\">Dieses sensorische Organ sch\u00fctzt sie vor ihren Fleischfressern.<\/span> <span id=\"gts_text_48\" class=\"gts_text\">Sie haben nicht externes Ohr.<\/span> <span id=\"gts_text_49\" class=\"gts_text\">Sie benutzen ihr Endst\u00fcck, um schnell zu entgehen, wenn sie brauchen.<\/span> <span id=\"gts_text_50\" class=\"gts_text\">Wenn Raubangriffe ein Salamander, sein Endst\u00fcck weg fallen und sich herum f\u00fcr eine Weile schl\u00e4ngeln und dieser gibt dem Salamander eine M\u00f6glichkeit zu entgehen, w\u00e4hrend der Fleischfresser durch das Windenenendst\u00fcck abgelenkt wird.<\/span> <span id=\"gts_text_51\" class=\"gts_text\">Innerhalb nur einiger Wochen ist Salamander in der Lage, dass zur\u00fcck zu wachsen, fehlendes Endst\u00fcck oder irgendwelche anderen Glieder, die es m\u00f6glicherweise verloren.<\/span><\/p>\n<p><span id=\"gts_text_52\" class=\"gts_text\">Salamander legen ihre Eier im Wasser.<\/span> <span id=\"gts_text_53\" class=\"gts_text\">Sie verbringen das erste Teil ihres Lebens im Wasser.<\/span> <span id=\"gts_text_54\" class=\"gts_text\">Die Eier br\u00fcten in Larven aus.<\/span> <span id=\"gts_text_55\" class=\"gts_text\">Diese Larven haben die Kiemen, zu atmen.<\/span> <span id=\"gts_text_56\" class=\"gts_text\">Abh\u00e4ngig von den Spezies hat vielleicht das larvale Stadium Beine.<\/span> <span id=\"gts_text_57\" class=\"gts_text\">Das larvale Stadium dauert m\u00f6glicherweise von Tage zu Jahre, abh\u00e4ngig von den Spezies des Salamanders.<\/span> <span id=\"gts_text_58\" class=\"gts_text\">Einige Spezies wie Dunns Salamander haben kein larvales Stadium.<\/span> <span id=\"gts_text_59\" class=\"gts_text\">Die Babys sehen wie ihr Vati und ihre Mama aus.<\/span><\/p>\n<p><span id=\"gts_text_60\" class=\"gts_text\">Die Anzahl von Salamandern in der Welt geht wegen der zerst\u00f6renden W\u00e4lder und der Sumpfgebiete der Leute und wegen des Klimawandels hinunter.<\/span><\/p>\n","protected":false},"excerpt":{"rendered":"<p>Es gibt ungef\u00e4hr 500 Spezies von den Amphibien, die Salamanders genannt werden. Sie haben d\u00fcnne K\u00f6rper, kurze Nasen und lange Schw\u00e4nze. Wie alle Amphibien sind sie Wirbeltiere und sind kaltbl\u00fctig. Die meisten Salamander haben 4 Zehen auf ihren Eisbeinen und 5 Zehen auf ihren hinteren Beingliedern. Sie haben 4 Beine wie eine Eidechse. Sie haben &hellip; <a href=\"https:\/\/www.big-animals.com\/de\/salamander\/\" class=\"more-link\">Continue reading <span class=\"screen-reader-text\">Salamander<\/span><\/a><\/p>\n","protected":false},"author":1,"featured_media":0,"parent":0,"menu_order":0,"comment_status":"closed","ping_status":"open","template":"","meta":{"_acf_changed":false,"footnotes":""},"acf":[],"_links":{"self":[{"href":"https:\/\/www.big-animals.com\/de\/wp-json\/wp\/v2\/pages\/48"}],"collection":[{"href":"https:\/\/www.big-animals.com\/de\/wp-json\/wp\/v2\/pages"}],"about":[{"href":"https:\/\/www.big-animals.com\/de\/wp-json\/wp\/v2\/types\/page"}],"author":[{"embeddable":true,"href":"https:\/\/www.big-animals.com\/de\/wp-json\/wp\/v2\/users\/1"}],"replies":[{"embeddable":true,"href":"https:\/\/www.big-animals.com\/de\/wp-json\/wp\/v2\/comments?post=48"}],"version-history":[{"count":0,"href":"https:\/\/www.big-animals.com\/de\/wp-json\/wp\/v2\/pages\/48\/revisions"}],"wp:attachment":[{"href":"https:\/\/www.big-animals.com\/de\/wp-json\/wp\/v2\/media?parent=48"}],"curies":[{"name":"wp","href":"https:\/\/api.w.org\/{rel}","templated":true}]}}