{"id":49,"date":"2011-05-09T09:26:48","date_gmt":"2011-05-09T09:26:48","guid":{"rendered":""},"modified":"2014-02-28T14:01:55","modified_gmt":"2014-02-28T14:01:55","slug":"terrapene","status":"publish","type":"page","link":"https:\/\/www.big-animals.com\/de\/terrapene\/","title":{"rendered":"Terrapene"},"content":{"rendered":"<p><span class=\"gts_text\" id=\"gts_text_1\">Die Terrapene oder Diamantr\u00fccken Terrapene sind eine Art von Schildkr\u00f6te, die in den leicht salzigen K\u00fcstens\u00fcmpfen im Osten und S\u00fcden der vereinigten Staaten lebt. Sie haben den Namen Diamantr\u00fccken Terrapene aufgrund des Diamantmusters auf ihrer Oberschale. Die Spezies der Terrapene bestimmt das allgemeine Muster und die Farbe der Schale.<br \/>\n<\/span><\/p>\n<p>Seine Schale kann braun zu grau sein und der K\u00f6rper kann grau, braungelb oder sogar weiss sein.<br \/>\nAlle Terrapene haben schwammige schwarze Punkte auf ihrem K\u00f6rper und Kopf.<\/p>\n<p>Das weibliche Terrapin ist gr\u00f6\u00dfer als das m\u00e4nnliche Terrapin. Das m\u00e4nnlichen Terrapen kann bis zu durchschnittliche 13,5 Zentimeter wachsen und weibliche Terrapene k\u00f6nnen bis zu um die 19,5 Zentimeter wachsen. Wenn vern\u00fcnftig auf die Babyterrapene aufgepasst wir, k\u00f6nnen sie bis zu 18 Zentimeter als M\u00e4nnchen wachsen und 30 Zentimeter f\u00fcr ein Weibchen in der L\u00e4nge. Sie k\u00f6nnen viele Jahre leben. Terrapene aus w\u00e4rmeren Orten sind gr\u00f6\u00dfer als die von k\u00fchleren Orten.<\/p>\n<p>Sie wurden einst als besonderes und teures Besteck zum Essen angesehen. Also wurden sie in einer aggressiven Weise gejagt, fast bis zur Ausrottung. Deswegen sind sie nun als gef\u00e4hrdete Spezies klassifiziert.<\/p>\n<p>Weil die Diamantschildkr\u00f6te eine Art von Schildkr\u00f6te ist, ist seine Schale flache als die einer Landschildkr\u00f6te. Diese flache Schale hilft der Diamantschildkr\u00f6te dabei, ein guter Schwimmer zu sein. Die Schale besteht aus einer \u00e4u\u00dferen Schicht von Hornhaut und einer inneren Schicht von Knochen. Die \u00e4u\u00dfere Schicht agiert als ein Schild, um die Diamantschildkr\u00f6te zu sch\u00fctzen. Bitte lass niemals eine Diamantschildkr\u00f6te fallen und tritt auch nicht auf sie drauf, oder du k\u00f6nntest seine Schale kaputt machen und es t\u00f6ten! Es hat eine sensible Schale und Haut.<\/p>\n<p>Die Diamantschildkr\u00f6te hat keine Z\u00e4hne, aber sie haben starke Schn\u00e4bel mit einer scharfen Kante. Ihre Vorderz\u00e4hne sind mit Schuppen bedeckt, die sie sch\u00fctzen. Sie haben schwimmh\u00e4utige Hinterf\u00fc\u00dfe, welche ihnen dabei helfen, sich im Wasser fortzubewegen. Sie haben einen hohlen Schwanz.<\/p>\n<p>Diamantschildkr\u00f6ten haben ein ziemlich gutes Sehverm\u00f6gen, es wird jedoch schlechter, wenn sie alt werden. Es hat einen guten Geruchssinn, welcher f\u00fcr sie ein Werkzeug ist, um Futter auf Land oder im wasser zu jagen. Diamantschildkr\u00f6ten atmen Luft. Sie m\u00f6gen es, Freunde zu haben. Also, falls du jemals Diamantschildkr\u00f6ten als Haustiere h\u00e4lst, bitte halte ein Paar oder mehr. In der Wildnis leben sie in gro\u00dfer Anzahl.<\/p>\n<p>Eine Diamantenschildkr\u00f6te stirbt, wenn sie sich auf ihrem R\u00fccken liegen, da ihre Lungen gequetscht werden, wenn sie verkehrt herum daliegen.<\/p>\n<p>Diamantschildkr\u00f6ten fressen ihr Futter, wenn es im Wasser ist. Wenn sie ihr Lieblingsfutter auf dem Land finden, ziehen sie das Futter ins Wasser, um es zu fressen. Ich denke mal, dass sie pampiges Essen m\u00f6gen! Sie fressen kleine Tiere wie Fische, Kaulquappen, W\u00fcrmer und Insekten. Sie fressen nicht, wenn es kalt oder dunkel ist.<\/p>\n<p>&nbsp;<\/p>\n<p>&nbsp;<\/p>\n<p>&nbsp;<\/p>\n","protected":false},"excerpt":{"rendered":"<p>Die Terrapene oder Diamantr\u00fccken Terrapene sind eine Art von Schildkr\u00f6te, die in den leicht salzigen K\u00fcstens\u00fcmpfen im Osten und S\u00fcden der vereinigten Staaten lebt. Sie haben den Namen Diamantr\u00fccken Terrapene aufgrund des Diamantmusters auf ihrer Oberschale. Die Spezies der Terrapene bestimmt das allgemeine Muster und die Farbe der Schale. Seine Schale kann braun zu grau &hellip; <a href=\"https:\/\/www.big-animals.com\/de\/terrapene\/\" class=\"more-link\">Continue reading <span class=\"screen-reader-text\">Terrapene<\/span><\/a><\/p>\n","protected":false},"author":1,"featured_media":0,"parent":0,"menu_order":0,"comment_status":"closed","ping_status":"open","template":"","meta":{"_acf_changed":false,"footnotes":""},"acf":[],"_links":{"self":[{"href":"https:\/\/www.big-animals.com\/de\/wp-json\/wp\/v2\/pages\/49"}],"collection":[{"href":"https:\/\/www.big-animals.com\/de\/wp-json\/wp\/v2\/pages"}],"about":[{"href":"https:\/\/www.big-animals.com\/de\/wp-json\/wp\/v2\/types\/page"}],"author":[{"embeddable":true,"href":"https:\/\/www.big-animals.com\/de\/wp-json\/wp\/v2\/users\/1"}],"replies":[{"embeddable":true,"href":"https:\/\/www.big-animals.com\/de\/wp-json\/wp\/v2\/comments?post=49"}],"version-history":[{"count":2,"href":"https:\/\/www.big-animals.com\/de\/wp-json\/wp\/v2\/pages\/49\/revisions"}],"predecessor-version":[{"id":431,"href":"https:\/\/www.big-animals.com\/de\/wp-json\/wp\/v2\/pages\/49\/revisions\/431"}],"wp:attachment":[{"href":"https:\/\/www.big-animals.com\/de\/wp-json\/wp\/v2\/media?parent=49"}],"curies":[{"name":"wp","href":"https:\/\/api.w.org\/{rel}","templated":true}]}}