{"id":5,"date":"2011-05-09T08:54:11","date_gmt":"2011-05-09T08:54:11","guid":{"rendered":""},"modified":"2014-04-25T12:00:26","modified_gmt":"2014-04-25T12:00:26","slug":"eine-alphabetische-liste-der-groessten-tiere-der-welt","status":"publish","type":"page","link":"https:\/\/www.big-animals.com\/de\/eine-alphabetische-liste-der-groessten-tiere-der-welt\/","title":{"rendered":"Eine alphabetische Liste der gr\u00f6\u00dften Tiere der Welt"},"content":{"rendered":"<p><a name=\"top\"><\/a><\/p>\n<p><span class=\"gts_text\" id=\"gts_text_1\">Diese Seite enth\u00e4lt eine alphabetische Liste aller Tiere, die auf dieser Website vorhanden sind. Guck nach deinem Lieblingstier und erfahre, was es so besonders macht<\/span><span class=\"gts_text\" id=\"gts_text_2\">!<\/span><\/p>\n<p><span class=\"gts_text\" id=\"gts_text_3\"><a href=\"#a\">A<\/a> <a href=\"#b\">B<\/a> <a href=\"#c\">C<\/a> <a href=\"#d\">D<\/a> <a href=\"#f\">E<\/a> <a href=\"#f\">F<\/a> <a href=\"#g\">G<\/a> <a href=\"#h\">H<\/a> <a href=\"#i\">I<\/a> <a href=\"#j\">J<\/a> <a href=\"#k\">K<\/a> <a href=\"#l\">L<\/a> <a href=\"#m\">M<\/a> <a href=\"#n\">N<\/a> <a href=\"#o\">O<\/a> <a href=\"#p\">P<\/a> <a href=\"#q\">Q<\/a> <a href=\"#r\">R<\/a> <a href=\"#s\">S<\/a> <a href=\"#t\">T<\/a> <a href=\"#u\">U<\/a> <a href=\"#v\">V<\/a> <a href=\"#w\">W<\/a> <a href=\"#y\">X<\/a> <a href=\"#y\">Y<\/a> <a href=\"#z\">Z<\/a><\/span><\/p>\n<h3><span class=\"gts_text\" id=\"gts_text_4\"><a name=\"a\"><\/a>A<\/span><\/h3>\n<p><a title=\"\u00c4hrentr\u00e4gerpfau\" href=\"http:\/\/www.big-animals.com\/de\/aehrentraegerpfau\/\">\u00c4hrentr\u00e4gerpfau<\/a> &#8211; H\u00fchnervogel mit der gr\u00f6\u00dften Spannweite<br \/>\n<span class=\"gts_text\" id=\"gts_text_5\"><a title=\"Afrikanischer Elefant \u2013 das gr\u00f6\u00dfte Landtier der Welt!\" href=\"http:\/\/www.big-animals.com\/de\/afrikanischer-elefant\/\">Afrikanischer Elefant<\/a> &#8211; schwerstes Landtier<\/span><br \/>\n<span class=\"gts_text\" id=\"gts_text_6\"><a title=\"Der amerikanische Hummer \u2013 der schwerste Gliederf\u00fc\u00dfer der Welt\" href=\"http:\/\/www.big-animals.com\/de\/der-amerikanische-hummer-der-schwerste-gliederfuesser-der-welt\/\">Amerikanischer Hummer<\/a> &#8211; schwerster Gliederf\u00fc\u00dfer und schwerstes Krebstier<\/span><br \/>\n<span class=\"gts_text\" id=\"gts_text_7\">Anakonda &#8211; siehe <a title=\"Gr\u00fcne Anakonda\" href=\"http:\/\/www.big-animals.com\/de\/grunanakonda\/\">Gro\u00dfe Anakonda<\/a><\/span><br \/>\n<span class=\"gts_text\" id=\"gts_text_9\"> <a class=\" gts_attribute gts_attribute_1_title\" title=\"Anthropornis\" href=\"http:\/\/www.big-animals.com\/de\/anthropornis\/\"><em>Anthropornis<\/em><\/a> &#8211; gr\u00f6\u00dfter Pinguin \u00fcberhaupt<\/span><br \/>\n<span class=\"gts_text\" id=\"gts_text_10\">Asiatische Netzpython &#8211; siehe <a title=\"Der Netzpython\" href=\"http:\/\/www.big-animals.com\/de\/der-netzpython\/\">Netzpython<\/a><\/span><br \/>\n<span class=\"gts_text\" id=\"gts_text_11\"><a title=\"Der Atlasspinner \u2013 der gr\u00f6\u00dfte Schmetterling der Welt!\" href=\"http:\/\/www.big-animals.com\/de\/der-atlasspinner-der-groesste-schmetterling-der-welt\/\">Atlasspinner<\/a> &#8211; gr\u00f6\u00dfte Motte, Insekt mit den gr\u00f6\u00dften Fl\u00fcgeln<\/span><\/p>\n<p><span class=\"gts_text\" id=\"gts_text_12\">~~ <a href=\"#top\">Nach oben<\/a> ~~<\/span><\/p>\n<h3><span class=\"gts_text\" id=\"gts_text_13\"><a name=\"b\"><\/a>B<\/span><span class=\"gts_text\" id=\"gts_text_15\"><\/span><\/h3>\n<p><a title=\"Berggorilla\" href=\"http:\/\/www.big-animals.com\/de\/berggorilla\/\">Berggorilla<\/a> &#8211; gr\u00f6\u00dfter Primate<br \/>\n<span class=\"gts_text\" id=\"gts_text_16\"><a class=\" gts_attribute gts_attribute_3_title\" title=\"Der Blauwal \u2013 das gr\u00f6\u00dfte Tier \u00fcberhaupt!\" href=\"http:\/\/www.big-animals.com\/de\/der-blauwal-das-groesste-tier-ueberhaupt\/\">Blauwal<\/a> &#8211; gr\u00f6\u00dftes Tier<\/span><br \/>\nBreitmaulnashorn &#8211; siehe <a title=\"Wei\u00dfes Nashorn\" href=\"http:\/\/www.big-animals.com\/de\/weisnashorn\/\">wei\u00dfes Nashorn<\/a><\/p>\n<p><span class=\"gts_text\" id=\"gts_text_17\">~~ <a href=\"#top\">Nach oben<\/a> ~~<\/span><\/p>\n<h3><span class=\"gts_text\" id=\"gts_text_18\"><a name=\"c\"><\/a>C<\/span><\/h3>\n<p><span class=\"gts_text\" id=\"gts_text_19\"><a class=\" gts_attribute gts_attribute_4_title\" title=\"Caecilian Thompsoni\" href=\"http:\/\/www.big-animals.com\/de\/caecilian-thompsoni\/\"><em>Caecilian Thompsoni<\/em><\/a> &#8211; weltgr\u00f6\u00dfter Schleichenlurch<\/span><br \/>\n<span class=\"gts_text\" id=\"gts_text_20\"><a class=\" gts_attribute gts_attribute_5_title\" title=\"Capybara\" href=\"http:\/\/www.big-animals.com\/de\/capybara\/\">Capybara<\/a> &#8211; das weltgr\u00f6\u00dfte Nagetier<\/span><br \/>\n<span class=\"gts_text\" id=\"gts_text_21\">Catalas Seestern &#8211; schwerster Stachelh\u00e4uter und Seestern<\/span><br \/>\n<span class=\"gts_text\" id=\"gts_text_22\"><a class=\" gts_attribute gts_attribute_6_title\" title=\"Chinesischer Riesensalamander\" href=\"http:\/\/www.big-animals.com\/de\/chinesischer-riesensalamander\/\">Chinesischer Riesensalamander<\/a> &#8211; die weltgr\u00f6\u00dfte Amphibie<\/span><br \/>\n<span class=\"gts_text\" id=\"gts_text_26\"><a href=\"http:\/\/www.big-animals.com\/tuatara\/\">Cook Strait Br\u00fcckenechse<\/a> &#8211; gr\u00f6\u00dfte Br\u00fcckenechse<\/span><br \/>\n<span class=\"gts_text\" id=\"gts_text_28\"><\/span><\/p>\n<p><span class=\"gts_text\" id=\"gts_text_29\">~~ <a href=\"#top\">Nach oben<\/a> ~~<\/span><\/p>\n<h3><span class=\"gts_text\" id=\"gts_text_30\"><a name=\"d\"><\/a>D<\/span><\/h3>\n<p><span class=\"gts_text\" id=\"gts_text_31\"><a style=\"font-style: italic\" title=\"Das Diprotodon \u2013 das gr\u00f6\u00dfte Beuteltier \u00fcberhaupt!\" href=\"http:\/\/www.big-animals.com\/de\/das-diprotodon-das-groesste-beuteltier-ueberhaupt\/\">Diprotodon<\/a> &#8211; gr\u00f6\u00dftes beutelartige S\u00e4ugetier \u00fcberhaupt<\/span><br \/>\n<span class=\"gts_text\" id=\"gts_text_32\"><a class=\" gts_attribute gts_attribute_10_title\" title=\"Dodo\" href=\"http:\/\/www.big-animals.com\/de\/dodo\/\">Dodo<\/a> &#8211; gr\u00f6\u00dfte Taube \u00fcberhaupt<br \/>\n<\/span><\/p>\n<p><span class=\"gts_text\" id=\"gts_text_33\">~~ <a href=\"#top\">Nach oben<\/a> ~~<\/span><\/p>\n<h3><span class=\"gts_text\" id=\"gts_text_34\"><a name=\"e\"><\/a>E<\/span><\/h3>\n<p><a title=\"Eisb\u00e4r\" href=\"http:\/\/www.big-animals.com\/de\/eisbar\/\">Eisb\u00e4r<\/a> &#8211; gr\u00f6\u00dftes Landraubtier<br \/>\n<span class=\"gts_text\" id=\"gts_text_35\"><a class=\" gts_attribute gts_attribute_11_title\" title=\"Elefantenvogel\" href=\"http:\/\/www.big-animals.com\/de\/elefantenvogel\/\">Elefantenvogel<\/a> &#8211; schwerster\u00a0Vogel \u00fcberhaupt<\/span><br \/>\nEulenpapagei &#8211; siehe <a href=\"#k\">Kakapo<\/a><\/p>\n<p><span class=\"gts_text\" id=\"gts_text_38\">~~ <a href=\"#top\">Nach oben<\/a> ~~<\/span><\/p>\n<h3><span class=\"gts_text\" id=\"gts_text_39\"><a name=\"f\"><\/a>F<\/span><\/h3>\n<p><span class=\"gts_text\" id=\"gts_text_40\"><em>Keine Eintr\u00e4ge<\/em><br \/>\n<\/span><\/p>\n<p><span class=\"gts_text\" id=\"gts_text_41\">~~ <a href=\"#top\">Nach oben<\/a> ~~<\/span><\/p>\n<h3><span class=\"gts_text\" id=\"gts_text_42\"><a name=\"g\"><\/a>G<\/span><\/h3>\n<p><span class=\"gts_text\" id=\"gts_text_43\"><a title=\"Gal\u00e1pagos-Schildkr\u00f6te\" href=\"http:\/\/www.big-animals.com\/de\/galapagosschildkrote\/\">Gal\u00e1pagos-Schildkr\u00f6te<\/a> oder\u00a0Gal\u00e1pagos-Riesenschildkr\u00f6te &#8211; gr\u00f6\u00dfte Schildkr\u00f6te<\/span><span class=\"gts_text\" id=\"gts_text_44\"><\/span><span class=\"gts_text\" id=\"gts_text_45\"><\/span><br \/>\n<span class=\"gts_text\" id=\"gts_text_49\"><em><a class=\" gts_attribute gts_attribute_16_title\" title=\"Gigantopithecus\" href=\"http:\/\/www.big-animals.com\/de\/gigantopithecus\/\">Gigantopithecus<\/a><\/em> &#8211; gr\u00f6\u00dfter\u00a0Primate \u00fcberhaupt<\/span><br \/>\n<span class=\"gts_text\" id=\"gts_text_50\"><a title=\"Die Giraffe \u2013 das h\u00f6chste Tier der Welt!\" href=\"http:\/\/www.big-animals.com\/de\/die-giraffe-das-hoechste-tier-der-welt\/\">Giraffe<\/a> &#8211; h\u00f6chstes Landtier<\/span><br \/>\n<a title=\"Riese Golden-Gekr\u00f6nter Flughund\" href=\"http:\/\/www.big-animals.com\/de\/riesig-golden-kronen-fliegenfuchs\/\">Goldkronen-Flughund<\/a> &#8211; gr\u00f6\u00dfte Fledermaus<br \/>\n<a title=\"Goliathfrosch\" href=\"http:\/\/www.big-animals.com\/de\/goliathfrosch\/\">Goliathfrosch<\/a> &#8211; gr\u00f6\u00dfter Frosch<br \/>\n<span class=\"gts_text\" id=\"gts_text_52\"><a href=\"\/Goliath-Beetle.html\">Goliathk\u00e4fer<\/a> &#8211; schwerstes Insekt<\/span><br \/>\n<span class=\"gts_text\" id=\"gts_text_53\"><a title=\"Die Goliath-Vogelspinne\" href=\"http:\/\/www.big-animals.com\/de\/die-goliath-vogelspinne\/\">Goliath Vogelspinne<\/a> &#8211; gr\u00f6\u00dfte Spinne<\/span><br \/>\n<span class=\"gts_text\" id=\"gts_text_56\"><a title=\"Gr\u00fcne Anakonda\" href=\"http:\/\/www.big-animals.com\/de\/grunanakonda\/\">Gro\u00dfe Anakonda<\/a> &#8211; schwerste Schlange<\/span><br \/>\n<span class=\"gts_text\" id=\"gts_text_57\"><\/span><\/p>\n<p><span class=\"gts_text\" id=\"gts_text_58\">~~ <a href=\"#top\">Nach oben<\/a> ~~<\/span><\/p>\n<h3><span class=\"gts_text\" id=\"gts_text_59\"><a name=\"h\"><\/a>H<\/span><\/h3>\n<p><span class=\"gts_text\" id=\"gts_text_61\"><a class=\" gts_attribute gts_attribute_20_title\" title=\"Hyazinth-Ara\" href=\"http:\/\/www.big-animals.com\/de\/hyazinth-ara\/\">Hyazinth-Ara<\/a> &#8211; l\u00e4ngster Papagei, gr\u00f6\u00dfter fliegender Papagei<\/span><\/p>\n<p><span class=\"gts_text\" id=\"gts_text_62\">~~ <a href=\"#top\">Nach oben<\/a> ~~<\/span><\/p>\n<h3><span class=\"gts_text\" id=\"gts_text_63\"><a name=\"i\"><\/a>I<\/span><\/h3>\n<p><a title=\"Isabellbrachvogel\" href=\"http:\/\/www.big-animals.com\/de\/isabellbrachvogel\/\">Isabellbrachvogel<\/a> &#8211; gr\u00f6\u00dfter Stelzvogel (Watvogel)<\/p>\n<p><span class=\"gts_text\" id=\"gts_text_64\">~~ <a href=\"#top\">Nach oben<\/a> ~~<\/span><\/p>\n<h3><span class=\"gts_text\" id=\"gts_text_65\"><a name=\"j\"><\/a>J<\/span><\/h3>\n<p><span class=\"gts_text\" id=\"gts_text_66\"><a title=\"Die japanische Seespinne\" href=\"http:\/\/www.big-animals.com\/de\/die-japanische-seespinne\/\">Japanische Riesenkrabbe<\/a> &#8211; gr\u00f6\u00dfter Gliederf\u00fc\u00dfer und gr\u00f6\u00dftes Krebstier<\/span><br \/>\n<span class=\"gts_text\" id=\"gts_text_67\"><a class=\" gts_attribute gts_attribute_21_title\" title=\"Josephoartigasia Monesi\" href=\"http:\/\/www.big-animals.com\/de\/josephoartigasia-monesi\/\"><em>Josephoartigasia Monesi<\/em><\/a> &#8211; gr\u00f6\u00dftes\u00a0Nagetier \u00fcberhaupt<br \/>\n<\/span><\/p>\n<p><span class=\"gts_text\" id=\"gts_text_68\">~~ <a href=\"#top\">Nach oben<\/a> ~~<\/span><\/p>\n<h3><span class=\"gts_text\" id=\"gts_text_69\"><a name=\"k\"><\/a>K<\/span><\/h3>\n<p><a title=\"Kaiser-Pinguin\" href=\"http:\/\/www.big-animals.com\/de\/kaiserpinguin\/\">Kaiserpinguin<\/a> &#8211; gr\u00f6\u00dfter Pinguin<br \/>\n<span class=\"gts_text\" id=\"gts_text_70\"><a class=\" gts_attribute gts_attribute_22_title\" title=\"Kakapo\" href=\"http:\/\/www.big-animals.com\/kakapo\/\">Kakapo<\/a> &#8211; schwerster Papagei<\/span><br \/>\nKokoskrebs &#8211; gr\u00f6\u00dfter Landgliederf\u00fc\u00dfer und gr\u00f6\u00dftes Krebstier<br \/>\n<a title=\"Kolossaler Kalmar\" href=\"http:\/\/www.big-animals.com\/de\/kolossalkalmar\/\">Koloss-Kalmar<\/a> &#8211; gr\u00f6\u00dfter Molluske, gr\u00f6\u00dftes wirbelloses Tier<br \/>\n<a title=\"Komodowaran\" href=\"http:\/\/www.big-animals.com\/de\/komodowaran\/\">Komodowaran<\/a> &#8211; gr\u00f6\u00dfte Echse<br \/>\n<span class=\"gts_text\" id=\"gts_text_71\"><a class=\" gts_attribute gts_attribute_23_title\" title=\"Die K\u00f6nigskobra\" href=\"http:\/\/www.big-animals.com\/de\/die-koenigskobra\/\">K\u00f6nigskobra<\/a> &#8211; gr\u00f6\u00dfte giftige Schlange<\/span><br \/>\n<span class=\"gts_text\" id=\"gts_text_73\">Koritrappe &#8211; schwerster fliegender Vogel<\/span><br \/>\n<a title=\"Krontauben\" href=\"http:\/\/www.big-animals.com\/de\/krontauben\/\">Krontaube<\/a> &#8211; gr\u00f6\u00dfte baumbewohnende Taube<\/p>\n<p><span class=\"gts_text\" id=\"gts_text_74\">~~ <a href=\"#top\">Nach oben<\/a> ~~<\/span><\/p>\n<h3><span class=\"gts_text\" id=\"gts_text_75\"><a name=\"l\"><\/a>L<\/span><\/h3>\n<p><span class=\"gts_text\" id=\"gts_text_76\"><a title=\"Leatherback-Meeresschildkr\u00f6te\" href=\"http:\/\/www.big-animals.com\/de\/leatherback-meerschildkrote\/\">Lederschildkr\u00f6te<\/a> &#8211; gr\u00f6\u00dfte Schildkr\u00f6te<\/span><br \/>\n<span class=\"gts_text\" id=\"gts_text_77\"><a style=\"font-style: italic\" title=\"Leedsichthys Problematicus \u2013 der gr\u00f6\u00dfte Fisch dort war \u00fcberhaupt!\" href=\"http:\/\/www.big-animals.com\/de\/leedsichthys-problematicus-d-gros-fisch-dort-uberhaupt-war\/\">Leedsichthys<\/a> &#8211; gr\u00f6\u00dfter\u00a0Fisch \u00fcberhaupt<\/span><br \/>\n<span class=\"gts_text\" id=\"gts_text_78\"><a title=\"Die Little Barrier Island Riesenweta (Wetapunga)\" href=\"http:\/\/www.big-animals.com\/de\/die-little-barrier-island-riesenweta-wetapunga\/\">Little Barrier Island Riesen-Weta<\/a> &#8211; gr\u00f6\u00dftes erwachsenes Insekt<\/span><\/p>\n<p><span class=\"gts_text\" id=\"gts_text_79\">~~ <a href=\"#top\">Nach oben<\/a> ~~<\/span><\/p>\n<h3><span class=\"gts_text\" id=\"gts_text_80\"><a name=\"m\"><\/a>M<\/span><\/h3>\n<p><span class=\"gts_text\" id=\"gts_text_81\"><a title=\"Marquesas-Fruchttaube\" href=\"http:\/\/www.big-animals.com\/de\/marquesas-fruchttaube\/\">Marquesas-Fruchttaube<\/a> &#8211; gr\u00f6\u00dfte Taube<\/span><br \/>\n<span class=\"gts_text\" id=\"gts_text_82\"><a class=\" gts_attribute gts_attribute_26_title\" title=\"Megalania\" href=\"http:\/\/www.big-animals.com\/de\/megalania\/\">Megalania<\/a> &#8211; gr\u00f6\u00dfte Landechse \u00fcberhaupt<\/span><br \/>\n<a title=\"Megalodon \u2013 der gr\u00f6\u00dfte Haifisch \u00fcberhaupt!\" href=\"http:\/\/www.big-animals.com\/de\/megalodon-der-groesste-haifisch-ueberhaupt\/\"><em><span><span class=\"gts_text\" id=\"gts_text_83\">Megalodon<\/span><\/span><span class=\"gts_text\" id=\"gts_text_84\"><\/span><\/em> Hai<\/a> &#8211; gr\u00f6\u00dfter Haifisch \u00fcberhaupt<br \/>\n<span class=\"gts_text\" id=\"gts_text_85\"><a style=\"font-style: italic\" title=\"Midgardia Xandaros \u2013 der gr\u00f6\u00dfte Seestern der Welt\" href=\"http:\/\/www.big-animals.com\/de\/midgardia-xandaros-d-welt-grosseestern\/\">Midgardia xandaros<\/a> &#8211; gr\u00f6\u00dfter Seestern und Stachelh\u00e4uter (l\u00e4ngste Arme, nicht die schwersten)<\/span><br \/>\n<span class=\"gts_text\" id=\"gts_text_86\"><\/span><\/p>\n<p><span class=\"gts_text\" id=\"gts_text_87\">~~ <a href=\"#top\">Nach oben<\/a> ~~<\/span><\/p>\n<h3><span class=\"gts_text\" id=\"gts_text_88\"><a name=\"n\"><\/a>N<\/span><\/h3>\n<p><a title=\"Der Netzpython\" href=\"http:\/\/www.big-animals.com\/de\/der-netzpython\/\">Netzpython<\/a> &#8211; l\u00e4ngste Schlange<br \/>\n<a title=\"Nilpferd\" href=\"http:\/\/www.big-animals.com\/de\/nilpferd\/\">Nilpferd<\/a> &#8211; schwerstes paarzehiges Huftier<br \/>\n<span class=\"gts_text\" id=\"gts_text_89\"><a class=\" gts_attribute gts_attribute_28_title\" title=\"Das nordamerikanische Truthuhn\" href=\"http:\/\/www.big-animals.com\/de\/das-nordamerikanische-truthuhn\/\">Nordamerikanisches Wildtruthuhn<\/a> &#8211; gr\u00f6\u00dfter H\u00fchnervogel<br \/>\n<\/span><\/p>\n<p><span class=\"gts_text\" id=\"gts_text_90\">~~ <a href=\"#top\">Nach oben <\/a>~~<\/span><\/p>\n<h3><span class=\"gts_text\" id=\"gts_text_91\"><a name=\"o\"><\/a>O<\/span><\/h3>\n<p><a title=\"Ornimegalonyx\" href=\"http:\/\/www.big-animals.com\/de\/ornimegalonyx\/\">Ornimegalonyx<\/a> &#8211; gr\u00f6\u00dfte Eule \u00fcberhaupt<\/p>\n<p><span class=\"gts_text\" id=\"gts_text_94\">~~ <a href=\"#top\">Nach oben<\/a> ~~<\/span><\/p>\n<h3><span class=\"gts_text\" id=\"gts_text_95\"><a name=\"p\"><\/a>P<\/span><\/h3>\n<p><span class=\"gts_text\" id=\"gts_text_96\">Palmendieb &#8211; siehe <a href=\"#c\">Kokoskrebs<\/a><br \/>\n<\/span><\/p>\n<p><span class=\"gts_text\" id=\"gts_text_97\">~~ <a href=\"#top\">Nach oben<\/a> ~~<\/span><\/p>\n<h3><span class=\"gts_text\" id=\"gts_text_98\"><a name=\"q\"><\/a>Q<\/span><\/h3>\n<p><em>Keine Eintr\u00e4ge<\/em><\/p>\n<p><span class=\"gts_text\" id=\"gts_text_99\">~~ <a href=\"#top\">Nach oben<\/a> ~~<\/span><\/p>\n<h3><span class=\"gts_text\" id=\"gts_text_100\"><a name=\"r\"><\/a>R<\/span><\/h3>\n<p><a title=\"Der riesige Moa \u2013 der h\u00f6chste Vogel, den es je gab!\" href=\"http:\/\/www.big-animals.com\/de\/der-riesige-moa-der-hoechste-vogel-den-es-je-gab\/\">Riesiger Moa<\/a> &#8211; h\u00f6chster\u00a0Vogel \u00fcberhaupt<br \/>\nRiesiger Stummelf\u00fc\u00dfer &#8211; siehe <a title=\"Der namenlose riesige costa-ricanische Stummelf\u00fc\u00dfer\" href=\"http:\/\/www.big-animals.com\/de\/der-namenlose-riesige-costa-ricanische-stummelfuesser\/\">unbenannte Spezies des Stummelf\u00fc\u00dfers<\/a><br \/>\n<a title=\"Rifftriel\" href=\"http:\/\/www.big-animals.com\/de\/rifftriel\/\">Rifftriel<\/a> &#8211; schwerster Stelzvogel (Watvogel)<br \/>\n<a title=\"Rosaflamingo\" href=\"http:\/\/www.big-animals.com\/de\/rosaflamingo\/\">Rosaflamingo<\/a> &#8211; gr\u00f6\u00dfter Flamingo<br \/>\n<a title=\"Das rote Riesenk\u00e4nguru \u2013 das weltgr\u00f6\u00dfte Beuteltier\" href=\"http:\/\/www.big-animals.com\/de\/das-rote-riesenkaenguru-das-weltgroesste-beuteltier\/\">Rotes Riesenk\u00e4nguru<\/a> &#8211; gr\u00f6\u00dftes beutelartiges S\u00e4ugetier<\/p>\n<p><span class=\"gts_text\" id=\"gts_text_104\">~~ <a href=\"#top\">Nach oben<\/a> ~~<\/span><\/p>\n<h3><span class=\"gts_text\" id=\"gts_text_105\"><a name=\"s\"><\/a>S<\/span><\/h3>\n<p><span class=\"gts_text\" id=\"gts_text_106\"><a title=\"Das Salzwasserkrokodil \u2013 das gr\u00f6\u00dfte Reptil der Welt\" href=\"http:\/\/www.big-animals.com\/de\/das-salzwasserkrokodil-das-groesste-reptil-der-welt\/\">Salzwasserkrokodil<\/a> &#8211; gr\u00f6\u00dftes Reptil<\/span><br \/>\n<a title=\"Der Strau\u00df \u2013 der gr\u00f6\u00dfte Vogel der Welt!\" href=\"http:\/\/www.big-animals.com\/de\/der-strauss-der-groesste-vogel-der-welt\/\">Strau\u00df<\/a> &#8211; gr\u00f6\u00dfter Vogel<br \/>\n<span class=\"gts_text\" id=\"gts_text_107\"><a class=\" gts_attribute gts_attribute_30_title\" title=\"See-Elefant\" href=\"http:\/\/www.big-animals.com\/de\/see-elefant\/\">S\u00fcdlicher See-Elefant<\/a> &#8211; gr\u00f6\u00dftes Raubtier<\/span><\/p>\n<p><span class=\"gts_text\" id=\"gts_text_109\">~~ <a href=\"#top\">Nach oben<\/a> ~~<\/span><\/p>\n<h3><span class=\"gts_text\" id=\"gts_text_110\"><a name=\"t\"><\/a>T<\/span><\/h3>\n<p><span class=\"gts_text\" id=\"gts_text_111\">Thompsons Schleichenlurch &#8211; siehe <a title=\"Caecilian Thompsoni\" href=\"http:\/\/www.big-animals.com\/de\/caecilian-thompsoni\/\"><em>Caecilian Thompsoni<\/em><\/a><\/span><br \/>\n<span class=\"gts_text\" id=\"gts_text_112\"><a title=\"Titanoboa \u2013 die gr\u00f6\u00dfte Schlange \u00fcberhaupt\" href=\"http:\/\/www.big-animals.com\/de\/titanoboa-die-groesste-schlange-ueberhaupt\/\">Titanoboa<\/a> &#8211; gr\u00f6\u00dfte Schlange \u00fcberhaupt<\/span><br \/>\n<span class=\"gts_text\" id=\"gts_text_113\"><a style=\"font-style: italic\" title=\"Trichoplax Adhaerens \u2013 der Welt am gr\u00f6\u00dften \u2013 und nur \u2013 Placozoan\" href=\"http:\/\/www.big-animals.com\/de\/trichoplax-adhaerens-d-welt-gros-und-nur-placozoan\/\">Trichoplax Adhaerens<\/a> &#8211; gr\u00f6\u00dftes (und einziges) Plattentier<\/span><br \/>\n<span class=\"gts_text\" id=\"gts_text_114\"><a class=\" gts_attribute gts_attribute_31_title\" title=\"Trompeterschwan\" href=\"http:\/\/www.big-animals.com\/de\/trompeterschwan\/\">Trompeterschwan<\/a> &#8211; gr\u00f6\u00dftes Wassergefl\u00fcgel<\/span><br \/>\n<span class=\"gts_text\" id=\"gts_text_115\"><a class=\" gts_attribute gts_attribute_32_title\" title=\"Tylosaurus\" href=\"http:\/\/www.big-animals.com\/de\/tylosaurus\/\">Tylosaurus<\/a> &#8211; gr\u00f6\u00dfte Echse \u00fcberhaupt, gr\u00f6\u00dftes Meeresreptil \u00fcberhaupt<br \/>\n<\/span><\/p>\n<p><span class=\"gts_text\" id=\"gts_text_116\">~~ <a href=\"#top\">Nach oben<\/a> ~~<\/span><\/p>\n<h3><span class=\"gts_text\" id=\"gts_text_117\"><a name=\"u\"><\/a>U<\/span><\/h3>\n<p><a title=\"Der namenlose riesige costa-ricanische Stummelf\u00fc\u00dfer\" href=\"http:\/\/www.big-animals.com\/de\/der-namenlose-riesige-costa-ricanische-stummelfuesser\/\">Unbenannte Spezies des Stummelf\u00fc\u00dfers<\/a> &#8211; gr\u00f6\u00dfter Stummelf\u00fc\u00dfer<br \/>\n<a title=\"Uhu\" href=\"http:\/\/www.big-animals.com\/de\/uhu\/\">Uhu<\/a> &#8211; gr\u00f6\u00dfte Eule<span class=\"gts_text\" id=\"gts_text_118\"><br \/>\n<\/span><\/p>\n<p><span class=\"gts_text\" id=\"gts_text_119\">~~ <a href=\"#top\">Nach oben<\/a> ~~<\/span><\/p>\n<h3><span class=\"gts_text\" id=\"gts_text_120\"><a name=\"v\"><\/a>V<\/span><\/h3>\n<p><em>Keine Eintr\u00e4ge<\/em><\/p>\n<p><span class=\"gts_text\" id=\"gts_text_121\">~~ <a href=\"#top\">Nach oben <\/a>~~<\/span><\/p>\n<h3><span class=\"gts_text\" id=\"gts_text_122\"><a name=\"w\"><\/a>W<\/span><\/h3>\n<p><a title=\"Der Walhai\" href=\"http:\/\/www.big-animals.com\/de\/der-walhai\/\">Walhai<\/a> &#8211; gr\u00f6\u00dfter Fisch<br \/>\n<span class=\"gts_text\" id=\"gts_text_123\"><a title=\"Der Wanderalbatros \u2013 der Vogel mit den gr\u00f6\u00dften Fl\u00fcgeln!\" href=\"http:\/\/www.big-animals.com\/de\/der-wanderalbatros-der-vogel-mit-den-groessten-fluegeln\/\">Wanderalbatros<\/a> &#8211; gr\u00f6\u00dfter fliegender Vogel<\/span><br \/>\n<span class=\"gts_text\" id=\"gts_text_124\">Wasserboa &#8211; siehe <a title=\"Gr\u00fcne Anakonda\" href=\"http:\/\/www.big-animals.com\/de\/grunanakonda\/\">gro\u00dfe Anakonda<\/a><\/span><br \/>\n<a title=\"Wei\u00dfes Nashorn\" href=\"http:\/\/www.big-animals.com\/de\/weisnashorn\/\">Wei\u00dfes Nashorn<\/a> &#8211; gr\u00f6\u00dfter Unpaarhufer, viertgr\u00f6\u00dftes Landtier<br \/>\n<span class=\"gts_text\" id=\"gts_text_125\"><a class=\" gts_attribute gts_attribute_33_title\" title=\"Westlicher Langschnabeligel\" href=\"http:\/\/www.big-animals.com\/de\/westlicher-langschnabeligel\/\">Westlicher Langschnabeligel<\/a> &#8211; gr\u00f6\u00dftes Kloakentier<\/span><br \/>\n<span class=\"gts_text\" id=\"gts_text_126\">Wetapunga &#8211; siehe <a title=\"Die Little Barrier Island Riesenweta (Wetapunga)\" href=\"http:\/\/www.big-animals.com\/de\/die-little-barrier-island-riesenweta-wetapunga\/\">Little Barrier Island Riesen-Weta<\/a><\/span><span class=\"gts_text\" id=\"gts_text_128\"><br \/>\n<\/span><\/p>\n<p><span class=\"gts_text\" id=\"gts_text_129\">~~ <a href=\"#top\">Nach oben<\/a>~~<\/span><\/p>\n<h3><span class=\"gts_text\" id=\"gts_text_130\"><a name=\"x\"><\/a>X<\/span><\/h3>\n<p><em>Keine Eintr\u00e4ge<\/em><\/p>\n<p><span class=\"gts_text\" id=\"gts_text_131\">~~ <a href=\"#top\">Nach oben <\/a>~~<\/span><\/p>\n<h3><span class=\"gts_text\" id=\"gts_text_132\"><a name=\"y\"><\/a>Y<\/span><\/h3>\n<p><em>Keine Eintr\u00e4ge<\/em><\/p>\n<p><span class=\"gts_text\" id=\"gts_text_133\">~~ <a href=\"#top\">Nach oben <\/a>~~<\/span><\/p>\n<h3><span class=\"gts_text\" id=\"gts_text_134\"><a name=\"z\"><\/a>Z<\/span><\/h3>\n<p><em>Keine Eintr\u00e4ge<\/em><\/p>\n<p><span class=\"gts_text\" id=\"gts_text_135\">~~ <a href=\"#top\">Nach oben <\/a>~~<\/span><\/p>\n","protected":false},"excerpt":{"rendered":"<p>Diese Seite enth\u00e4lt eine alphabetische Liste aller Tiere, die auf dieser Website vorhanden sind. Guck nach deinem Lieblingstier und erfahre, was es so besonders macht! A B C D E F G H I J K L M N O P Q R S T U V W X Y Z A \u00c4hrentr\u00e4gerpfau &#8211; H\u00fchnervogel &hellip; <a href=\"https:\/\/www.big-animals.com\/de\/eine-alphabetische-liste-der-groessten-tiere-der-welt\/\" class=\"more-link\">Continue reading <span class=\"screen-reader-text\">Eine alphabetische Liste der gr\u00f6\u00dften Tiere der Welt<\/span><\/a><\/p>\n","protected":false},"author":1,"featured_media":0,"parent":0,"menu_order":0,"comment_status":"closed","ping_status":"open","template":"","meta":{"_acf_changed":false,"footnotes":""},"acf":[],"_links":{"self":[{"href":"https:\/\/www.big-animals.com\/de\/wp-json\/wp\/v2\/pages\/5"}],"collection":[{"href":"https:\/\/www.big-animals.com\/de\/wp-json\/wp\/v2\/pages"}],"about":[{"href":"https:\/\/www.big-animals.com\/de\/wp-json\/wp\/v2\/types\/page"}],"author":[{"embeddable":true,"href":"https:\/\/www.big-animals.com\/de\/wp-json\/wp\/v2\/users\/1"}],"replies":[{"embeddable":true,"href":"https:\/\/www.big-animals.com\/de\/wp-json\/wp\/v2\/comments?post=5"}],"version-history":[{"count":3,"href":"https:\/\/www.big-animals.com\/de\/wp-json\/wp\/v2\/pages\/5\/revisions"}],"predecessor-version":[{"id":504,"href":"https:\/\/www.big-animals.com\/de\/wp-json\/wp\/v2\/pages\/5\/revisions\/504"}],"wp:attachment":[{"href":"https:\/\/www.big-animals.com\/de\/wp-json\/wp\/v2\/media?parent=5"}],"curies":[{"name":"wp","href":"https:\/\/api.w.org\/{rel}","templated":true}]}}