{"id":50,"date":"2011-05-09T09:27:34","date_gmt":"2011-05-09T09:27:34","guid":{"rendered":""},"modified":"2014-02-24T12:40:47","modified_gmt":"2014-02-24T12:40:47","slug":"der-riesige-moa-der-hoechste-vogel-den-es-je-gab","status":"publish","type":"page","link":"https:\/\/www.big-animals.com\/de\/der-riesige-moa-der-hoechste-vogel-den-es-je-gab\/","title":{"rendered":"Der riesige Moa &#8211; der h\u00f6chste Vogel, den es je gab!"},"content":{"rendered":"<h3><span class=\"gts_text\" id=\"gts_text_1\">Der ausgestorbene riesige Moa<\/span><\/h3>\n<p><span class=\"gts_text\" id=\"gts_text_2\">Der h\u00f6chste <a href=\"\/Birds.html\">Vogel<\/a> den es je gab war der neuseel\u00e4ndische riesige Moa. Manche Wissenschaftler glauben sie sahen aus wie ein riesiger Strauss, andere sagen dass sie vermutlich nicht mit dem Nacken so hoch gehalten, gegangen sind. Wenn sie <em>wirklich<\/em> wie ein Strauss gingen, w\u00fcrden die Weibchen um die 3 Meter hoch sein (die M\u00e4nnchen jedoch waren k\u00fcrzer). Ungl\u00fccklicherweise weiss es niemand so genau &#8211; der letzte riesige Moa starb etwa 500 Jahre zuvor.<\/span><span class=\"gts_text\" id=\"gts_text_4\"> <img loading=\"lazy\" decoding=\"async\" title=\"ein typischer Mensch nahe bei einem typischen riesigen moa\" alt=\"ein Bild, welches die relativen Gr\u00f6\u00dfen eines menschlichen und riesigen moa zeigt\" src=\"http:\/\/ba.dr-mikes-maths.com\/\/wp-content\/themes\/twentyten\/images\/ba\/giant-moa-and-human.png\" width=\"243\" height=\"283\" \/><br \/>\n<\/span><\/p>\n<h3><span class=\"gts_text\" id=\"gts_text_6\">Moas aus Neuseeland<br \/>\n<\/span><\/h3>\n<p><span class=\"gts_text\" id=\"gts_text_7\">Die Moas waren a ganze Gruppe von V\u00f6geln, welche in Neuseeland lebten. Der riesige Moa war der gr\u00f6\u00dfte Moa, der Kleinste hatte die Gr\u00f6\u00dfe eines Truthahns. Die riesigen Moas lebten in W\u00e4ldern. Sie waren so gro\u00df, dass bevor die Leute ankamen, sie nur einen Gegner hatten &#8211; ein gigantisch-gro\u00dfer Adler namens Haastadler. Ungl\u00fccklicherweise w\u00e4re so ein gro\u00dfer Vogel ein sehr guter Fang f\u00fcr einen J\u00e4ger mit hungriger Familie. Zudem r\u00e4umten die Neuseel\u00e4nder die W\u00e4lder um Bauernh\u00f6fe zu bauen, also hatte der riesige Moa weniger und weniger Platz zum Leben.<\/span><span class=\"gts_text\" id=\"gts_text_12\"><br \/>\n<\/span><\/p>\n<h3><span class=\"gts_text\" id=\"gts_text_13\">Riesiger Moa-Informationen<\/span><\/h3>\n<p><span class=\"gts_text\" id=\"gts_text_14\">Die Moas geh\u00f6rten zu einer Gruppe von V\u00f6geln namens <a title=\"Laufv\u00f6gel\" href=\"http:\/\/www.big-animals.com\/ratites\/\"><span style=\"font-style: italic\">Ratites<\/span><\/a>, welche Emus, Strausse und den Kiwi beinhalten. Deren Brustknochen sind flach, wie ein Flo\u00df (das Wort <em>Ratite<\/em> kommt von dem lateinischen Wort f\u00fcr Flo\u00df). Dies bedeutet, dass die Fl\u00fcgelmuskeln eines Laufvogels nicht stark genug w\u00e4ren um ihm beim Fliegen zu helfen, sogar wenn die Fl\u00fcgel gro\u00df w\u00e4ren und der Vogel sehr klein. Im Grunde scheint der riesige Moa \u00fcberhaupt keine Fl\u00fcgel gehabt zu haben!<\/span><em><span class=\"gts_text\" id=\"gts_text_17\"><\/span><\/em><\/p>\n<p><span class=\"gts_text\" id=\"gts_text_18\">So war der riesige Moa, weil es der gr\u00f6\u00dfte Vogel der Welt war, ebenso der gr\u00f6\u00dfte Laufvogel \u00fcberhaupt und der gr\u00f6\u00dfte Moa \u00fcberhaupt! Der gr\u00f6\u00dfte Vogel \u00fcberhaupt (der <a title=\"Elefant-Vogel\" href=\"http:\/\/www.big-animals.com\/elephant-bird-2\/\">Elefant-Vogel<\/a>) und der schwerste Vogel der heute lebendig ist (der <a href=\"\/Ostrich.html\">Strau\u00df<\/a>) sind alle ebenfalls Laufv\u00f6gel &#8211; wirklich eine erstaunliche Gruppe von V\u00f6geln!<br \/>\n<\/span><\/p>\n<h3><span class=\"gts_text\" id=\"gts_text_19\">Riesiger Moa-Bilder<\/span><\/h3>\n<p><span class=\"gts_text\" id=\"gts_text_20\">Ungl\u00fccklicherweise, weil sie ausgestorben sind, weiss niemand wirklich wie ein riesiger Moa aussah. Sie k\u00f6nnen ihre Knochen in einigen Museen sehen und K\u00fcnstler haben sich versucht vorzustellen wie es aussah und Bilder gemalt. Eine<\/span><span class=\"gts_text\" id=\"gts_text_22\"> <a href=\"http:\/\/images.google.com.au\/images?q=Giant+Moa\" target=\"_blank\">Google-Bildsuche<\/a> zeigt Ihnen einige Beispiele!<br \/>\n<\/span><\/p>\n","protected":false},"excerpt":{"rendered":"<p>Der ausgestorbene riesige Moa Der h\u00f6chste Vogel den es je gab war der neuseel\u00e4ndische riesige Moa. Manche Wissenschaftler glauben sie sahen aus wie ein riesiger Strauss, andere sagen dass sie vermutlich nicht mit dem Nacken so hoch gehalten, gegangen sind. Wenn sie wirklich wie ein Strauss gingen, w\u00fcrden die Weibchen um die 3 Meter hoch &hellip; <a href=\"https:\/\/www.big-animals.com\/de\/der-riesige-moa-der-hoechste-vogel-den-es-je-gab\/\" class=\"more-link\">Continue reading <span class=\"screen-reader-text\">Der riesige Moa &#8211; der h\u00f6chste Vogel, den es je gab!<\/span><\/a><\/p>\n","protected":false},"author":1,"featured_media":0,"parent":0,"menu_order":0,"comment_status":"closed","ping_status":"open","template":"","meta":{"_acf_changed":false,"footnotes":""},"acf":[],"_links":{"self":[{"href":"https:\/\/www.big-animals.com\/de\/wp-json\/wp\/v2\/pages\/50"}],"collection":[{"href":"https:\/\/www.big-animals.com\/de\/wp-json\/wp\/v2\/pages"}],"about":[{"href":"https:\/\/www.big-animals.com\/de\/wp-json\/wp\/v2\/types\/page"}],"author":[{"embeddable":true,"href":"https:\/\/www.big-animals.com\/de\/wp-json\/wp\/v2\/users\/1"}],"replies":[{"embeddable":true,"href":"https:\/\/www.big-animals.com\/de\/wp-json\/wp\/v2\/comments?post=50"}],"version-history":[{"count":2,"href":"https:\/\/www.big-animals.com\/de\/wp-json\/wp\/v2\/pages\/50\/revisions"}],"predecessor-version":[{"id":396,"href":"https:\/\/www.big-animals.com\/de\/wp-json\/wp\/v2\/pages\/50\/revisions\/396"}],"wp:attachment":[{"href":"https:\/\/www.big-animals.com\/de\/wp-json\/wp\/v2\/media?parent=50"}],"curies":[{"name":"wp","href":"https:\/\/api.w.org\/{rel}","templated":true}]}}