{"id":51,"date":"2011-05-09T09:27:45","date_gmt":"2011-05-09T09:27:45","guid":{"rendered":""},"modified":"2014-04-25T12:25:07","modified_gmt":"2014-04-25T12:25:07","slug":"der-atlasspinner-der-groesste-schmetterling-der-welt","status":"publish","type":"page","link":"https:\/\/www.big-animals.com\/de\/der-atlasspinner-der-groesste-schmetterling-der-welt\/","title":{"rendered":"Der Atlasspinner &#8211; der gr\u00f6\u00dfte Schmetterling der Welt!"},"content":{"rendered":"<h3><span class=\"gts_text\" id=\"gts_text_1\">Informationen \u00fcber den Atlasspinner, <em>Attacus atlas<\/em><\/span><\/h3>\n<p><span class=\"gts_text\" id=\"gts_text_2\">Dieser gr\u00f6\u00dfte Schmetterling kann in den tropischen und subtropischen W\u00e4ldern S\u00fcdasiens, S\u00fcdchina gefunden werden und ist ein h\u00e4ufig gesehener Schmetterling im malayischen Archipel,<\/span><br \/>\n<img loading=\"lazy\" decoding=\"async\" title=\"Atlasspinner - die gr\u00f6\u00dfte Motte in der Welt und das Insekt mit den gr\u00f6\u00dften Fl\u00fcgeln\" alt=\"Atlasspinner - die gr\u00f6\u00dfte Motte in der Welt und das Insekt mit den gr\u00f6\u00dften Fl\u00fcgeln\" src=\"http:\/\/ba.dr-mikes-maths.com\/\/wp-content\/themes\/twentyten\/images\/ba\/atlas-moth.jpg\" width=\"355\" height=\"177\" \/><span class=\"gts_text\" id=\"gts_text_3\"><strong><\/strong><\/span><\/p>\n<p><span class=\"gts_text\" id=\"gts_text_3\"><strong>Der Atlasspinner hat gr\u00f6\u00dfere Fl\u00fcgel als jedes andere <a title=\"Die gr\u00f6\u00dften Insekten der Welt!\" href=\"http:\/\/www.big-animals.com\/de\/die-groessten-insekten-der-welt\/\">Insekt<\/a>!<\/strong><\/span><\/p>\n<p><span class=\"gts_text\" id=\"gts_text_4\">von Thailand bis hin zu Singapur und Indonesien.<\/span> Von allen m\u00f6glichen\u00a0<a title=\"Die gr\u00f6\u00dften Insekten der Welt!\" href=\"http:\/\/www.big-animals.com\/de\/die-groessten-insekten-der-welt\/\">Insekten<\/a><span class=\"gts_text\" id=\"gts_text_5\"> haben sie die gr\u00f6\u00dfte Fl\u00fcgelfl\u00e4che &#8211; ungef\u00e4hr 400 Quadratzentimeter!<\/span> <span class=\"gts_text\" id=\"gts_text_6\">In Indien werden Atlasspinner f\u00fcr die Seide ihrer Kokons kultiviert &#8211; sie produzieren braune Seide, die ein bisschen wie Wolle ist.<\/span> <span class=\"gts_text\" id=\"gts_text_7\">Ihre Kokons werden in Taiwan\u00a0als Geldbeutel benutzt!\u00a0Es wird der Atlasspinner genannt, weil seine gro\u00dfen Fl\u00fcgelmuster wie eine Landkarte aussehen.<\/span><\/p>\n<p><span class=\"gts_text\" id=\"gts_text_8\">Die weiblichen Atlasspinner sind gr\u00f6\u00dfer und schwerer als die M\u00e4nnchen.<\/span> Die Fl\u00fcgelspitzen sind hakenf\u00f6rmig und sehen aus wie ein kompletter Schlangenkopf mit Augen, um Feinde zu verschrecken. Ihre K\u00f6rper sind haarig und klein verglichen mit ihren Fl\u00fcgeln. Sie variieren in der Farbe, in verschiedenen braunen Zwischent\u00f6nen. Die weiblichen Atlasspinner legen Eier. Diese Eier werden sich nach 2 Wochen in staub-gr\u00fcne Raupen verwandeln. Sie essen die Bl\u00e4tter von Zitrusb\u00e4umen und anderen immergr\u00fcnen Pflanzen. Die erwachsenen Schmetterlinge erscheinen nach einem Monat.<span class=\"gts_text\" id=\"gts_text_9\"><\/span><span class=\"gts_text\" id=\"gts_text_15\"><\/span><\/p>\n","protected":false},"excerpt":{"rendered":"<p>Informationen \u00fcber den Atlasspinner, Attacus atlas Dieser gr\u00f6\u00dfte Schmetterling kann in den tropischen und subtropischen W\u00e4ldern S\u00fcdasiens, S\u00fcdchina gefunden werden und ist ein h\u00e4ufig gesehener Schmetterling im malayischen Archipel, Der Atlasspinner hat gr\u00f6\u00dfere Fl\u00fcgel als jedes andere Insekt! von Thailand bis hin zu Singapur und Indonesien. Von allen m\u00f6glichen\u00a0Insekten haben sie die gr\u00f6\u00dfte Fl\u00fcgelfl\u00e4che &#8211; &hellip; <a href=\"https:\/\/www.big-animals.com\/de\/der-atlasspinner-der-groesste-schmetterling-der-welt\/\" class=\"more-link\">Continue reading <span class=\"screen-reader-text\">Der Atlasspinner &#8211; der gr\u00f6\u00dfte Schmetterling der Welt!<\/span><\/a><\/p>\n","protected":false},"author":1,"featured_media":0,"parent":0,"menu_order":0,"comment_status":"closed","ping_status":"open","template":"","meta":{"_acf_changed":false,"footnotes":""},"acf":[],"_links":{"self":[{"href":"https:\/\/www.big-animals.com\/de\/wp-json\/wp\/v2\/pages\/51"}],"collection":[{"href":"https:\/\/www.big-animals.com\/de\/wp-json\/wp\/v2\/pages"}],"about":[{"href":"https:\/\/www.big-animals.com\/de\/wp-json\/wp\/v2\/types\/page"}],"author":[{"embeddable":true,"href":"https:\/\/www.big-animals.com\/de\/wp-json\/wp\/v2\/users\/1"}],"replies":[{"embeddable":true,"href":"https:\/\/www.big-animals.com\/de\/wp-json\/wp\/v2\/comments?post=51"}],"version-history":[{"count":4,"href":"https:\/\/www.big-animals.com\/de\/wp-json\/wp\/v2\/pages\/51\/revisions"}],"predecessor-version":[{"id":511,"href":"https:\/\/www.big-animals.com\/de\/wp-json\/wp\/v2\/pages\/51\/revisions\/511"}],"wp:attachment":[{"href":"https:\/\/www.big-animals.com\/de\/wp-json\/wp\/v2\/media?parent=51"}],"curies":[{"name":"wp","href":"https:\/\/api.w.org\/{rel}","templated":true}]}}