{"id":52,"date":"2011-05-09T09:27:58","date_gmt":"2011-05-09T09:27:58","guid":{"rendered":""},"modified":"2014-10-01T21:24:25","modified_gmt":"2014-10-01T21:24:25","slug":"afrikanischer-elefant","status":"publish","type":"page","link":"https:\/\/www.big-animals.com\/de\/afrikanischer-elefant\/","title":{"rendered":"Der Afrik. Elefant &#8211; Das weltgr\u00f6\u00dfte Landtier!"},"content":{"rendered":"<h3><span id=\"gts_text_1\" class=\"gts_text\">Wie gro\u00df ist der Afrikanische Elefant?<\/span><\/h3>\n<p><span id=\"gts_text_2\" class=\"gts_text\">Der Afrikanische Elefant ist das gr\u00f6\u00dfte an Land lebende <a title=\"The World's Biggest Animals!\" href=\"http:\/\/www.big-animals.com\/the-worlds-biggest-animals\/\">Tier<\/a>\u00a0der Welt.<\/span> <span id=\"gts_text_3\" class=\"gts_text\">Ein erwachsenes M\u00e4nnchen ist ungef\u00e4hr 3 bis 3,5 Meter hoch, 6-7 Meter lang und wiegt etwa\u00a07500 Kilogramm, d<\/span><span id=\"gts_text_4\" class=\"gts_text\">ie Weibchen sind dagegen etwas kleiner.<\/span> <span id=\"gts_text_5\" class=\"gts_text\">Sie k\u00f6nnen t\u00e4glich<\/span><span id=\"gts_text_5\" class=\"gts_text\">\u00a0bis zu 225 Kilogramm Nahrung\u00a0und <\/span><span id=\"gts_text_5\" class=\"gts_text\">190 Liter Wasser\u00a0aufnehmen<\/span><span id=\"gts_text_5\" class=\"gts_text\">.<\/span> <span id=\"gts_text_6\" class=\"gts_text\">Das Bild unten zeigt, wie gro\u00df der Afrikanische Elefant im Vergleich zu einem Menschen ist.<\/span><\/p>\n<figure id=\"attachment_617\" aria-describedby=\"caption-attachment-617\" style=\"width: 300px\" class=\"wp-caption alignleft\"><a href=\"http:\/\/www.big-animals.com\/wp-content\/uploads\/2008\/11\/elephant-and-human1.png\"><img loading=\"lazy\" decoding=\"async\" class=\"size-medium wp-image-617\" title=\"Afrikaner-Bush-Elefant und -mensch\" src=\"http:\/\/www.big-animals.com\/wp-content\/uploads\/2008\/11\/elephant-and-human1-300x189.png\" alt=\"Afrikaner-Bush-Elefant und -mensch\" width=\"300\" height=\"189\" \/><\/a><figcaption id=\"caption-attachment-617\" class=\"wp-caption-text\">Vergleich: Afrikanischer Elefant und Mensch<\/figcaption><\/figure>\n<p><span id=\"gts_text_7\" class=\"gts_text\">Aufgrund\u00a0seiner enormen Gr\u00f6\u00dfe\u00a0hat ein erwachsener Elefant keine nat\u00fcrlichen Feinde.<\/span> <span id=\"gts_text_8\" class=\"gts_text\">Ein Elefantenbaby\u00a0mag vielleicht in das Beuteschema eines L\u00f6wen oder Krokodils passen, doch das einzige Gesch\u00f6pf, das einem ausgewachsenen\u00a0Elefanten gef\u00e4hrlich werden kann, ist ein gut vorbereiteter Mensch &#8211; es existieren allerdings Berichte von manchen\u00a0Tierparks,\u00a0in denen\u00a0gro\u00dfe L\u00f6wenrudel durch die Entwicklung intelligenter, kollektiver Jagdstrategien erwachsene Elefanten zu Fall bringen konnten.<\/span><\/p>\n<h3>Die &#8220;Elfenbeinjagd&#8221;<\/h3>\n<p><span id=\"gts_text_10\" class=\"gts_text\">Elefanten sind fr\u00fcher\u00a0oft aus purer &#8220;Freude&#8221; an der Jagd oder wegen ihres Fleisches und ihrer Haut, besonders aber wegen ihrer Sto\u00dfz\u00e4hne, gejagt worden. Die bestehen n\u00e4mlich\u00a0aus Elfenbein und das wurde i<\/span><span id=\"gts_text_11\" class=\"gts_text\">m 19. Jahrhundert zur Verarbeitung von Klaviertasten, wertvollen Kunstwerken und anderen Luxusartikeln verwendet.<\/span>\u00a0Aufgrund der enormen Nachfrage<span id=\"gts_text_12\" class=\"gts_text\">\u00a0nach Elfenbein wurden Elefanten j\u00e4hrlich zu tausenden get\u00f6tet, sodass die\u00a0<\/span><span id=\"gts_text_13\" class=\"gts_text\">Population der Afrikanischen Elefanten von einigen Millionen im Jahre 1900 auf nur\u00a0700.000 im Jahre 1989 zur\u00fcckging, bis die &#8220;Elfenbeinjagd&#8221; schlie\u00dflich verboten wurde.\u00a0Ohne dieses Verbot w\u00e4re\u00a0er<\/span><span id=\"gts_text_14\" class=\"gts_text\">\u00a0in den 90ern\u00a0bereits vom Erdboden\u00a0verschwunden, doch so\u00a0konnte\u00a0sich ihre Population wieder auf\u00a0etwa<\/span><span id=\"gts_text_15\" class=\"gts_text\">\u00a02 Millionen erh\u00f6hen.<\/span><\/p>\n<p><span id=\"gts_text_16\" class=\"gts_text\">Heute gibt es Gesetze gegen die T\u00f6tung von\u00a0Elefanten f\u00fcr Elfenbein und in vielen L\u00e4ndern beinhalten diese Gesetze auch ein Ein- und\u00a0Verkaufsverbot des todbringenden &#8220;wei\u00dfen Goldes&#8221;.<\/span> <span id=\"gts_text_17\" class=\"gts_text\">Trotzdem gibt es Kriminelle die Elefanten illegal jagen.<\/span> <span id=\"gts_text_18\" class=\"gts_text\">Diese J\u00e4ger\u00a0nennt man\u00a0\u201eWilderer\u201c und sie verursachen eine Menge Schaden.<\/span> <span id=\"gts_text_19\" class=\"gts_text\">Im afrikanischen Staat Tschad ist die Anzahl der Elefanten beispielsweise in vierzig Jahren von 300.000 auf nur 10.000 zur\u00fcckgegangen\u00a0&#8211; all das\u00a0nur durch Wilderei.<\/span> <img decoding=\"async\" title=\"ein Bild eines afrikanischen Bush-Elefanten\" src=\"http:\/\/ba.dr-mikes-maths.com\/\/wp-content\/themes\/twentyten\/images\/ba\/african-bush-elephant.jpg\" alt=\"ein Bild eines afrikanischen Bush-Elefanten\" \/><\/p>\n<h3><span id=\"gts_text_20\" class=\"gts_text\">Afrikanische und Asiatische Elefanten<\/span><\/h3>\n<p><span id=\"gts_text_21\" class=\"gts_text\">Einstmals <\/span><span id=\"gts_text_21\" class=\"gts_text\">klassifizierten <\/span><span id=\"gts_text_21\" class=\"gts_text\">Wissenschaftler Elefanten in zwei unterschiedliche Gattungen\u00a0&#8211; den Afrikanischen Elefanten und den Asiatischen (oder Indischen) Elefanten.<\/span>\u00a0Nach einer\u00a0<span id=\"gts_text_22\" class=\"gts_text\">Untersuchung der DNS des Afrikanischen Elefanten erkannten\u00a0sie, dass ihre Population in\u00a0Wirklichkeit aus zwei unterschiedlichen Arten\u00a0besteht, welche sie den Afrikanischen Elefanten und den Waldelefanten nannten.<\/span> <span id=\"gts_text_23\" class=\"gts_text\">Der Afrikanische Elefant ist der gr\u00f6\u00dfere der zwei Arten, jedoch sind beide gr\u00f6\u00dfer als ihr asiatischer Verwandter.<\/span> <span id=\"gts_text_24\" class=\"gts_text\">Diese drei Arten\u00a0sind die einzigen Lebewesen in der Familie der\u00a0<span style=\"font-style: italic\">Elephantidae<\/span>, und &#8220;Elephantidae&#8221; ist die einzige Familie\u00a0von S\u00e4ugetieren in der Ordnung\u00a0der <span style=\"font-style: italic\">Proboscidea<\/span> (das Wort <span style=\"font-style: italic\">Proboscidae<\/span> kommt vom griechischen Wort f\u00fcr \u201eNase\u201c).<\/span> <span id=\"gts_text_25\" class=\"gts_text\">Daraus l\u00e4sst sich schlie\u00dfen, dass der Afrikanische Elefant&#8230; <\/span><\/p>\n<ul>\n<li><span id=\"gts_text_26\" class=\"gts_text\">das gr\u00f6\u00dfte Tier der drei <span style=\"font-style: italic\">Elephantidae<\/span> ist<\/span><\/li>\n<li><span id=\"gts_text_27\" class=\"gts_text\">das gr\u00f6\u00dfte Tier der drei <span style=\"font-style: italic\">Proboscidea<\/span> ist<\/span><\/li>\n<li><span id=\"gts_text_28\" class=\"gts_text\">das gr\u00f6\u00dfte Tier von \u00fcber 3900 an Land lebenden\u00a0<a href=\"http:\/\/www.big-animals.com\/the-worlds-biggest-mammals\/\">S\u00e4ugetieren<\/a>\u00a0ist<\/span><\/li>\n<\/ul>\n<p><span id=\"gts_text_29\" class=\"gts_text\">Au\u00dferdem ist er das gr\u00f6\u00dfte Landtier der Welt.<\/span> <span id=\"gts_text_30\" class=\"gts_text\">Das gr\u00f6\u00dfte S\u00e4ugetier bzw.\u00a0gr\u00f6\u00dfte Tier der Welt \u00fcberhaupt ist ein Meeresbewohner: Der\u00a0<a title=\"Der Blauwal \u2013 das gr\u00f6\u00dfte Tier \u00fcberhaupt!\" href=\"http:\/\/www.big-animals.com\/de\/der-blauwal-das-groesste-tier-ueberhaupt\/\">Blauwal<\/a>.<\/span><\/p>\n<h3><span id=\"gts_text_31\" class=\"gts_text\">Elefantensto\u00dfz\u00e4hne<\/span><\/h3>\n<p><span id=\"gts_text_32\" class=\"gts_text\">Der Sto\u00dfzahn eines Elefanten ist eigentlich nur ein sehr gro\u00dfer Zahn.<\/span> <span id=\"gts_text_33\" class=\"gts_text\">Andere Tiere mit Sto\u00dfz\u00e4hnen sind zum Beispiel Walrosse, Wildschweine und Narwale.<\/span><\/p>\n<h3><span id=\"gts_text_34\" class=\"gts_text\">Elefanten &#8211; Fakten und Mythen<\/span><\/h3>\n<p><span id=\"gts_text_35\" class=\"gts_text\">Ein ber\u00fchmtes Sprichwort besagt, dass\u00a0\u201eein Elefant nie vergisst\u201c, was<\/span><span id=\"gts_text_36\" class=\"gts_text\">\u00a0vermutlich bei\u00a0Elefanten\u00a0genauso wenig erwiesen ist, wie bei Menschen. Dass Elefanten trotzdem sehr intelligente Tiere sind <em>ist\u00a0<\/em>dagegen erwiesen.<\/span> Manchmal h\u00e4ngt das<span id=\"gts_text_37\" class=\"gts_text\"> \u00dcberleben einer Elefantenfamilie allein von der F\u00e4higkeit der Leitkuh\u00a0ab, sich daran zu erinnern, wo sie vor vielen Jahrzehnten w\u00e4hrend einer D\u00fcrre Wasser fand.<\/span> Man hat auch erkannt, dass <span id=\"gts_text_38\" class=\"gts_text\">Elefanten\u00a0 \u201eWerkzeuge\u201c nutzen &#8211; zum Beispiel\u00a0indem sie\u00a0ihren R\u00fccken mit Hilfe eines Astes kratzen oder mit weichgekautem Holz ein Wasserloch schliessen, sodass es bei gro\u00dfer Hitze nicht austrocknet.<\/span> <span id=\"gts_text_39\" class=\"gts_text\">Wenn eine Elefantenfamilie auf einen toten Elefanten st\u00f6\u00dft, versammeln sich alle um ihn und manchmal ber\u00fchren sie ihn mit\u00a0ihren R\u00fcsseln &#8211; als w\u00fcrden sie\u00a0trauern.<\/span> <span id=\"gts_text_40\" class=\"gts_text\">Die ber\u00fchmten \u201eElefantenfriedh\u00f6fe\u201c, zu denen Elefanten pilgern um zu sterben, sind jedoch nur ein Mythos.<\/span> <span id=\"gts_text_41\" class=\"gts_text\">Elefanten suchen sich keinen\u00a0speziellen \u201ePlatz zum Sterben\u201c, wenn ihre Zeit gekommen ist.<\/span> <span id=\"gts_text_42\" class=\"gts_text\">Ein Elefant kann bis zu 60-70 Jahre in der Wildnis leben.<\/span> <span id=\"gts_text_43\" class=\"gts_text\">Einige in Gefangenschaft gehaltene Elefanten haben sogar bereits ein Alter von 80 Jahren erreicht.<\/span><\/p>\n<h3><span id=\"gts_text_44\" class=\"gts_text\">Elefanten &#8211; Lebensraum und\u00a0Ern\u00e4hrung<\/span><\/h3>\n<p><span id=\"gts_text_45\" class=\"gts_text\">Die Afrikanischen Elefanten lebt in Afrika fast \u00fcberall s\u00fcdlich der Sahara-W\u00fcste, nur nicht in den\u00a0Dschungelgebieten.<\/span> <span id=\"gts_text_46\" class=\"gts_text\">Sie bevorzugen offene Grasebenen\u00a0und Savannen und wurden sogar dabei beobachtet, wie sie absichtlich B\u00e4ume niederrissen!<\/span> <span id=\"gts_text_47\" class=\"gts_text\">Die Weibchen\u00a0reisen in kleinen Familiengruppen, w\u00e4hrend die M\u00e4nnchen ab einem gewissen Alter alleine losziehen.<\/span> <span id=\"gts_text_48\" class=\"gts_text\">Sie legen sehr weite Strecken auf der Suche nach Nahrung oder Wasser zur\u00fcck.<\/span> <span id=\"gts_text_49\" class=\"gts_text\">Elefanten sind Pflanzenfresser und ern\u00e4hren sich von einer Vielzahl unterschiedlicher Gew\u00e4chse, die ihrerseits davon\u00a0<\/span><span id=\"gts_text_50\" class=\"gts_text\">profitieren, weil die Elefanten deren Samen in ihren M\u00e4gen \u00fcber weite Entfernungen tragen und sie dann, perfekt ged\u00fcngt, in einem gro\u00dfen Haufen Elefantenkot \u201eanpflanzen\u201c!<\/span><\/p>\n<h3><span id=\"gts_text_51\" class=\"gts_text\">Elefanten und Menschen<\/span><\/h3>\n<p><span id=\"gts_text_52\" class=\"gts_text\">Abgesehen von der\u00a0Jagd auf Elefanten\u00a0wegen ihres\u00a0Fleisches und Elfenbeins haben sich die Menschen\u00a0schon lange die F\u00e4higkeit der Elefanten zu Nutzen gemacht, schwere Lasten\u00a0und Ausr\u00fcstungen bewegen zu k\u00f6nnen.\u00a0Auch im<\/span><span id=\"gts_text_53\" class=\"gts_text\">\u00a0Krieg wurden sie eingesetzt. Eines der ber\u00fchmtesten Beispiele daf\u00fcr war\u00a0<a href=\"http:\/\/de.wikipedia.org\/wiki\/Hannibal\" target=\"_blank\">Hannibal<\/a>, der\u00a0Kriegselefanten \u00fcber die Alpen f\u00fchrte, als er das R\u00f6mische Reich angriff.<\/span> <span id=\"gts_text_54\" class=\"gts_text\">Asiatische Elefanten waren auch ein wichtiger Bestandteil der indischen Armee, allerdings nur bis zur Erfindung der Kanone im 17. Jahrhundert.<\/span> <span id=\"gts_text_55\" class=\"gts_text\">Sie haben jedoch bis zum heutigen Tag\u00a0einen besonderen\u00a0Stellenwert in der hinduistischen Religion und<\/span><span id=\"gts_text_56\" class=\"gts_text\">\u00a0sind eine der Hauptattraktionen bei Zoobesuchen und Safaris.<\/span><\/p>\n","protected":false},"excerpt":{"rendered":"<p>Wie gro\u00df ist der Afrikanische Elefant? Der Afrikanische Elefant ist das gr\u00f6\u00dfte an Land lebende Tier\u00a0der Welt. Ein erwachsenes M\u00e4nnchen ist ungef\u00e4hr 3 bis 3,5 Meter hoch, 6-7 Meter lang und wiegt etwa\u00a07500 Kilogramm, die Weibchen sind dagegen etwas kleiner. Sie k\u00f6nnen t\u00e4glich\u00a0bis zu 225 Kilogramm Nahrung\u00a0und 190 Liter Wasser\u00a0aufnehmen. Das Bild unten zeigt, wie &hellip; <a href=\"https:\/\/www.big-animals.com\/de\/afrikanischer-elefant\/\" class=\"more-link\">Continue reading <span class=\"screen-reader-text\">Der Afrik. Elefant &#8211; Das weltgr\u00f6\u00dfte Landtier!<\/span><\/a><\/p>\n","protected":false},"author":1,"featured_media":0,"parent":0,"menu_order":0,"comment_status":"closed","ping_status":"open","template":"","meta":{"_acf_changed":false,"footnotes":""},"acf":[],"_links":{"self":[{"href":"https:\/\/www.big-animals.com\/de\/wp-json\/wp\/v2\/pages\/52"}],"collection":[{"href":"https:\/\/www.big-animals.com\/de\/wp-json\/wp\/v2\/pages"}],"about":[{"href":"https:\/\/www.big-animals.com\/de\/wp-json\/wp\/v2\/types\/page"}],"author":[{"embeddable":true,"href":"https:\/\/www.big-animals.com\/de\/wp-json\/wp\/v2\/users\/1"}],"replies":[{"embeddable":true,"href":"https:\/\/www.big-animals.com\/de\/wp-json\/wp\/v2\/comments?post=52"}],"version-history":[{"count":23,"href":"https:\/\/www.big-animals.com\/de\/wp-json\/wp\/v2\/pages\/52\/revisions"}],"predecessor-version":[{"id":589,"href":"https:\/\/www.big-animals.com\/de\/wp-json\/wp\/v2\/pages\/52\/revisions\/589"}],"wp:attachment":[{"href":"https:\/\/www.big-animals.com\/de\/wp-json\/wp\/v2\/media?parent=52"}],"curies":[{"name":"wp","href":"https:\/\/api.w.org\/{rel}","templated":true}]}}