{"id":53,"date":"2011-05-09T09:29:51","date_gmt":"2011-05-09T09:29:51","guid":{"rendered":""},"modified":"2011-05-09T09:29:51","modified_gmt":"2011-05-09T09:29:51","slug":"nagetiere","status":"publish","type":"page","link":"https:\/\/www.big-animals.com\/de\/nagetiere\/","title":{"rendered":"Nagetiere"},"content":{"rendered":"<p><span id=\"gts_text_1\" class=\"gts_text\">Nagetiere sind <a title=\"Die gr\u00f6\u00dften S\u00e4ugetiere der Welt!\" href=\"http:\/\/www.big-animals.com\/the-worlds-biggest-mammals\/\">S\u00e4ugetiere,<\/a> die zwei vordere Z\u00e4hne haben, ununterbrochen zu wachsen in ihren oberen und untereren Kiefern.<\/span> <span id=\"gts_text_2\" class=\"gts_text\">Sie m\u00fcssen sie durch immer schneidende Sachen kurz halten.<\/span> <span id=\"gts_text_3\" class=\"gts_text\">Diese Z\u00e4hne sind f\u00fcr das Bei\u00dfen n\u00fctzlich, weil sie scharf schneiden.<\/span> <span id=\"gts_text_4\" class=\"gts_text\">Sie benutzen die scharfen Z\u00e4hne, um das Holz zu bei\u00dfen, brechen ihre Nahrung und bei\u00dfen alle m\u00f6gliche Fleischfresser, die sie in Angriff nehmen.<\/span> <span id=\"gts_text_5\" class=\"gts_text\">Die Z\u00e4hne haben Email auf der Au\u00dfenseite und herausgestellte Dentin auf dem Innere.<\/span> <span id=\"gts_text_6\" class=\"gts_text\">Die Z\u00e4hne ist speziell, weil sie selbst sch\u00e4rfen, w\u00e4hrend sie benutzt werden.<\/span> <span id=\"gts_text_7\" class=\"gts_text\">Nagetiere haben nicht Rei\u00dfz\u00e4hne wie Hunde und Katzen.<\/span><\/p>\n<p><span id=\"gts_text_8\" class=\"gts_text\">Ein viertel von S\u00e4ugetierspezies sind Nagetiere.<\/span> <span id=\"gts_text_9\" class=\"gts_text\">Es gibt ungef\u00e4hr 2277 Spezies von Nagetieren.<\/span> <span id=\"gts_text_10\" class=\"gts_text\">Sie werden in den gro\u00dfen Zahlen auf allen Kontinenten au\u00dfer der Antarktis gefunden.<\/span> <span id=\"gts_text_11\" class=\"gts_text\">Sie k\u00f6nnen sie in allen Lebensr\u00e4umen ausgenommen in die Ozeane finden.<\/span> <span id=\"gts_text_12\" class=\"gts_text\">Die gemeinsten Nagetiere sind M\u00e4use und Ratten.<\/span> <span id=\"gts_text_13\" class=\"gts_text\">Einige andere Nagetiere sind Eichh\u00f6rnchen, Stachelschweine, Biber, Streifenh\u00f6rnchen, Meerschweinchen und W\u00fchlm\u00e4use.<\/span><\/p>\n<figure id=\"attachment_712\" aria-describedby=\"caption-attachment-712\" style=\"width: 300px\" class=\"wp-caption alignleft\"><a href=\"http:\/\/www.big-animals.com\/wp-content\/uploads\/2011\/03\/Rat_in_the_snow.jpg\"><img loading=\"lazy\" decoding=\"async\" class=\"size-medium wp-image-712\" title=\"Die Ratte ist ein typisches Nagetier - fotografieren Sie, indem Sie John-auffangen\" src=\"http:\/\/www.big-animals.com\/wp-content\/uploads\/2011\/03\/Rat_in_the_snow-300x268.jpg\" alt=\"Die Ratte ist ein typisches Nagetier - fotografieren Sie, indem Sie John-auffangen\" width=\"300\" height=\"268\" \/><\/a><figcaption id=\"caption-attachment-712\" class=\"wp-caption-text\">The rat is a typical rodent - photograph by John Fielding<\/figcaption><\/figure>\n<p><span id=\"gts_text_14\" class=\"gts_text\">Die meisten Nagetiere essen Samen und Anlagen.<\/span> <span id=\"gts_text_15\" class=\"gts_text\">Es gibt einiges, die Insekten oder Fische essen.<\/span> <span id=\"gts_text_16\" class=\"gts_text\">Einige Eichh\u00f6rnchen essen sogar V\u00f6gel wie Kardin\u00e4le und Blauh\u00e4her.<\/span> <span id=\"gts_text_17\" class=\"gts_text\">Einige Nagetiere sind Plagen, weil sie Samen essen, die wir f\u00fcr unsere eigene Nahrung speichern und am schlechtesten von allen sie Krankheiten verbreiten.<\/span> <span id=\"gts_text_18\" class=\"gts_text\">Nagetiere sind das einzige Nichtfliegen, das nicht-Marineplazentare S\u00e4ugetier, zum von Australien ohne menschliche Einleitung zu erreichen.<\/span> <span id=\"gts_text_19\" class=\"gts_text\">Ungef\u00e4hr 25% der S\u00e4ugetierspezies in Australien sind Nagetiere.<\/span><\/p>\n<p><span id=\"gts_text_20\" class=\"gts_text\">Die meisten Nagetiere sind klein.<\/span> <span id=\"gts_text_21\" class=\"gts_text\">Die afrikanische Pygm\u00e4enmaus ist nur 6 Zentimeter (2,4 Zoll) lang und 7 Gramm (0,3 Unze) im Gewicht, wenn sie aufwachsen!<\/span> <span id=\"gts_text_22\" class=\"gts_text\">Andererseits ist der <a title=\"Capybara\" href=\"http:\/\/www.big-animals.com\/capybara\/\">Capybara<\/a> wirklich schwer.<\/span> <span id=\"gts_text_23\" class=\"gts_text\">Er wiegt 80 Kilogramm (175 lbs).<\/span> <span id=\"gts_text_24\" class=\"gts_text\">Das gr\u00f6\u00dfte \u00fcberhaupt Nagetier, <a title=\"Josephoartigasia Monesi\" href=\"http:\/\/www.big-animals.com\/josephoartigasia-monesi\/\"><em>Josephoartigasia Monesi<\/em><\/a> gewogen zwischen 1 bis 2,5 Tonnen!<\/span><\/p>\n<p><span id=\"gts_text_25\" class=\"gts_text\">Nagetiere sind in vielen \u00d6kosystemen wichtig, weil sie klein sind und schnell reproduzieren.<\/span> <span id=\"gts_text_26\" class=\"gts_text\">Deshalb werden sie eine wichtige Nahrungsmittelquelle f\u00fcr viele Fleischfresser.<\/span> <span id=\"gts_text_27\" class=\"gts_text\">Sie helfen auch, die Samen zu verbreiten, die sie essen.<\/span> <span id=\"gts_text_28\" class=\"gts_text\">Leute jagen Nagetiere f\u00fcr Pelz und sie als Plagen zu beseitigen.<\/span> <span id=\"gts_text_29\" class=\"gts_text\">Sie werden auch als Haustiere, f\u00fcr wissenschaftliche Forschung, Tierversuche, f\u00fcr Nahrung und sogar f\u00fcr das Lokalisieren von Landminen verwendet!<\/span><\/p>\n","protected":false},"excerpt":{"rendered":"<p>Nagetiere sind S\u00e4ugetiere, die zwei vordere Z\u00e4hne haben, ununterbrochen zu wachsen in ihren oberen und untereren Kiefern. Sie m\u00fcssen sie durch immer schneidende Sachen kurz halten. Diese Z\u00e4hne sind f\u00fcr das Bei\u00dfen n\u00fctzlich, weil sie scharf schneiden. Sie benutzen die scharfen Z\u00e4hne, um das Holz zu bei\u00dfen, brechen ihre Nahrung und bei\u00dfen alle m\u00f6gliche Fleischfresser, &hellip; <a href=\"https:\/\/www.big-animals.com\/de\/nagetiere\/\" class=\"more-link\">Continue reading <span class=\"screen-reader-text\">Nagetiere<\/span><\/a><\/p>\n","protected":false},"author":1,"featured_media":0,"parent":0,"menu_order":0,"comment_status":"closed","ping_status":"open","template":"","meta":{"_acf_changed":false,"footnotes":""},"acf":[],"_links":{"self":[{"href":"https:\/\/www.big-animals.com\/de\/wp-json\/wp\/v2\/pages\/53"}],"collection":[{"href":"https:\/\/www.big-animals.com\/de\/wp-json\/wp\/v2\/pages"}],"about":[{"href":"https:\/\/www.big-animals.com\/de\/wp-json\/wp\/v2\/types\/page"}],"author":[{"embeddable":true,"href":"https:\/\/www.big-animals.com\/de\/wp-json\/wp\/v2\/users\/1"}],"replies":[{"embeddable":true,"href":"https:\/\/www.big-animals.com\/de\/wp-json\/wp\/v2\/comments?post=53"}],"version-history":[{"count":0,"href":"https:\/\/www.big-animals.com\/de\/wp-json\/wp\/v2\/pages\/53\/revisions"}],"wp:attachment":[{"href":"https:\/\/www.big-animals.com\/de\/wp-json\/wp\/v2\/media?parent=53"}],"curies":[{"name":"wp","href":"https:\/\/api.w.org\/{rel}","templated":true}]}}