{"id":56,"date":"2011-05-09T09:30:39","date_gmt":"2011-05-09T09:30:39","guid":{"rendered":""},"modified":"2014-02-28T12:57:27","modified_gmt":"2014-02-28T12:57:27","slug":"die-groessten-tiere-der-welt","status":"publish","type":"page","link":"https:\/\/www.big-animals.com\/de\/die-groessten-tiere-der-welt\/","title":{"rendered":"Die gr\u00f6\u00dften Tiere der Welt!"},"content":{"rendered":"<p><span class=\"gts_text\" id=\"gts_text_1\"><strong>Was ist ein Tier?<\/strong><\/span><\/p>\n<p><span class=\"gts_text\" id=\"gts_text_2\">Tiere sind lebendige Wesen. Die Dinge, welche ein Tier von anderen Lebewesen unterscheiden (sowie Pflanzen, Pilze usw.) sind folgende:<br \/>\n<\/span><span class=\"gts_text\" id=\"gts_text_3\"><\/span><\/p>\n<ul>\n<li><span class=\"gts_text\" id=\"gts_text_4\">Anders als Bakterien, ist der K\u00f6rper eines Tieres gew\u00f6hnlicherweise aus vielen Zellen gemacht.<\/span><\/li>\n<li><span class=\"gts_text\" id=\"gts_text_5\">Anders als Pflanzen, kann ein Tier sein Futter nicht selbst generieren &#8211; es muss fressen, um zu \u00fcberleben. Dies ist bezogen auf die Tatsache, dass die meisten Tiere Sauerstoff atmen (Pflanzen atmen Kohlendioxid).<\/span><span class=\"gts_text\" id=\"gts_text_7\"><\/span><\/li>\n<li><span class=\"gts_text\" id=\"gts_text_8\">Anders als Pflanzen und Pilze, haben Tierzellen eine flexible Membran und keine solide Zellwand.<\/span><\/li>\n<\/ul>\n<p><span class=\"gts_text\" id=\"gts_text_9\">Dar\u00fcber hinaus, k\u00f6nnen Tiere sich normalerweise herumbewegen und auf die Umgebung reagieren. Das weltgr\u00f6\u00dfte Tier<\/span><span class=\"gts_text\" id=\"gts_text_10\"> ist der <a href=\"\/Blue-Whale.html\">Blauwal<\/a>.<\/span><\/p>\n<p><span class=\"gts_text\" id=\"gts_text_11\"><strong>Welche Arten von Tieren gibt es?<\/strong><\/span><\/p>\n<p><span class=\"gts_text\" id=\"gts_text_12\"><\/span><span class=\"gts_text\" id=\"gts_text_13\">Das Tierreich ist eine Anzahl von Gruppen unterteilt, <strong><em>St\u00e4mme<\/em><\/strong> genannt. Diese beinhalten:<br \/>\n<\/span><\/p>\n<ul>\n<li><span class=\"gts_text\" id=\"gts_text_14\">Acanthocephala, bedeutet \u201edorniger Kopf\u201c, enth\u00e4lt 850 Spezies von \u201edornenk\u00f6pfigen W\u00fcrmern\u201c. Diese Parasiten haben ein spitzes Mundst\u00fcck, mit dem sie sich an der Magenschleimhaut ihres Opfers festhalten.<\/span><span class=\"gts_text\" id=\"gts_text_15\"><\/span><\/li>\n<li><span class=\"gts_text\" id=\"gts_text_16\">Acoelomorpha, bedeutet \u201ekein Darm\u201c, haben keinen Bauch. Stattdessen formen diese winzigen Lebewesen <\/span><span class=\"gts_text\" id=\"gts_text_17\"><\/span><\/li>\n<li><span class=\"gts_text\" id=\"gts_text_18\">Annelida, \u201ekleiner Ring\u201c bedeutend, enth\u00e4lt 15000 Spezies von segmentierten W\u00fcrmern, inklusive dem verbreiteten Regenwurm. Wenn du dir diese W\u00fcrmer anschaust, scheint es als w\u00fcrde ihr K\u00f6rper aus einer Menge Ringen bestehen.<\/span><span class=\"gts_text\" id=\"gts_text_19\"><\/span><\/li>\n<li><span class=\"gts_text\" id=\"gts_text_20\"><a href=\"\/Arthropods.html\">Anthropoda<\/a> bedeutet \u201ebeweglicher Fu\u00df\u201c. Das ist bis jetzt der gr\u00f6\u00dfte Stamm mit \u00fcber eine Millionen Spezies. Diese enthalten Insekten, Spinnen, Krabben und viele andere Tiere mit einem harten \u201eExoskelett\u201c.<\/span><span class=\"gts_text\" id=\"gts_text_22\"><\/span><\/li>\n<li><span class=\"gts_text\" id=\"gts_text_23\">Brachiopoda, \u201eArmfu\u00df\u201c bedeutend, ist ein kleiner Stamm von Meerestieren. Sie leben in einer Schale, wie Klaffmuscheln und andere zweischalige Weichtiere, im Inneren unterscheiden sie sich jedoch sehr von den zweischaligen Weichtieren. Diese haben typischerweise ein Pack von Tentakeln um ihre M\u00fcnder und befestigen sich selbst an Felsen.<\/span><span class=\"gts_text\" id=\"gts_text_25\"><\/span><\/li>\n<li><span class=\"gts_text\" id=\"gts_text_26\">Bryozoa bedeutet \u201eMostiere\u201c. Diese Lebewesen sind normalerweise sehr klein und leben in Kolonien. Sie formen Matten oder steinige Massen. Es gibt um die 1500 Spezies von Bryozoa.<\/span><span class=\"gts_text\" id=\"gts_text_28\"><\/span><\/li>\n<li><span class=\"gts_text\" id=\"gts_text_29\">Das Chaetognatha (bedeutet \u201eBorstenkiefer\u201c) enth\u00e4lt um die 100 Spezies von Pfeilw\u00fcrmern. Obwohl es nur wenige Arten von diesen winzigen Plankton gibt, ist die Population von einigen Spezies enorm! <\/span><span class=\"gts_text\" id=\"gts_text_30\"><\/span><\/li>\n<li><span class=\"gts_text\" id=\"gts_text_31\"><a href=\"\/Chordates.html\">Chordatiere<\/a> bedeutet \u201eSchnur\u201c. Tiere dieses Stammes haben ein hohles R\u00fcckgrat (oder \u00c4hnliches), welcher einen wichtigen Nerv enth\u00e4lt. Ja genau, so wie bei uns! Und all die Tiere mit denen wir am meisten vertraut sind &#8211; Katzen, Hunde, V\u00f6gel, Fische, Fr\u00f6sche, Schildkr\u00f6ten und so weiter &#8211; beinhalten den <a href=\"http:\/\/www.big-animals.com\/de\/der-blauwal-das-groesste-tier-ueberhaupt\/\">Weltgr\u00f6\u00dften<\/a>. Es gibt um die 63000 Spezies von Chordatieren.<\/span><span class=\"gts_text\" id=\"gts_text_35\"><\/span><\/li>\n<li><span class=\"gts_text\" id=\"gts_text_36\">Cnidaria <\/span><span class=\"gts_text\" id=\"gts_text_37\">bedeutet \u201eBrennessel\u201c. Das ist ein sehr angebrachter Name f\u00fcr diesen Stamm, welcher 10000 Spezies von Quallenfischen, Seeanemonen, W\u00fcrfelquallen und verschiedenen anderen Meerestieren mit stechenden Tentakeln enth\u00e4lt.<br \/>\n<\/span><\/li>\n<li><span class=\"gts_text\" id=\"gts_text_38\">Ctenophora, \u201eKammtr\u00e4ger\u201c bedeutend, enth\u00e4lt nur um die 100 Spezies von Tieren. Oft verwechselt mit Quallenfischen, sind die \u201eKammquallen\u201c eigentlich ein ganz anderer Stamm.<\/span><span class=\"gts_text\" id=\"gts_text_39\"><\/span><\/li>\n<li><span class=\"gts_text\" id=\"gts_text_40\">Cycliophora <\/span><span class=\"gts_text\" id=\"gts_text_41\">bedeutet \u201eRad tragend\u201c. Dieser Stamm besitzt nur 3 bekannte Spezies von sehr ungew\u00f6hnlichen Tieren, welche eine symbiotische Beziehung mit bestimmten Arten von Hummern f\u00fchren.<br \/>\n<\/span><\/li>\n<li><span class=\"gts_text\" id=\"gts_text_42\"><a href=\"\/Echinoderms.html\">Stachelh\u00e4uter<\/a> bedeutet \u201estachelige Haut\u201c. Diese enthalten um die 7000 lebende Spezies von Seesternen, Seeigel, Seegurken und \u00e4hnlichen Kreaturen. Alle haben, mehr oder weniger, die gleiche Art von Symmetrie wie der Seestern.<\/span><span class=\"gts_text\" id=\"gts_text_44\"><\/span><\/li>\n<li><span class=\"gts_text\" id=\"gts_text_45\">Echiura\u00a0<\/span><span class=\"gts_text\" id=\"gts_text_47\"> bedeutet \u201eIgelwurm\u201c. Diese W\u00fcrmer (140 verschiedene Arten) sind nicht segmentiert wie Annelids, haben aber Stacheln auf ihren Schwanzenden. Die meisten leben im Wasser.<br \/>\n<\/span><\/li>\n<li><span class=\"gts_text\" id=\"gts_text_48\">Die Entoprocta haben M\u00fcnder die denen der Brachiopoden und den Bryozoanen \u00e4hnlich sehen. Wie auch immer, sie scheiden ihre Abfallstoffe nahe ihrer M\u00fcnder. Ekelig! <\/span><span class=\"gts_text\" id=\"gts_text_50\"><\/span><\/li>\n<li><span class=\"gts_text\" id=\"gts_text_51\">Gastrotricha bedeutet \u201eHaariger Bauch\u201c. Diese mikroskopischen Kreaturen (um die 450 verschiedene Spezies) leben f\u00fcr eine sehr kurze Zeit (um die 3 Tage).<\/span><span class=\"gts_text\" id=\"gts_text_52\"><\/span><\/li>\n<li><span class=\"gts_text\" id=\"gts_text_53\">Die Gnathostomulida sind ein weiterer kleiner Stamm von mikroskopischen Tieren. Gnathostumulida sind auch bekannt als \u201eKieferm\u00fcndchen\u201c.<\/span><span class=\"gts_text\" id=\"gts_text_54\"><\/span><\/li>\n<li><span class=\"gts_text\" id=\"gts_text_55\">Hemichordata bedeutet \u201eKiemenlochtiere\u201c. Diese sind um die 70 Arten von Eichelw\u00fcrmer und bestimmten ,anderen, \u00e4hnlichen Kreaturen. Das unterscheidende Merkmal ist, dass sich ein Teil ihrer Mund\u00f6ffnung aus ihrem K\u00f6rper herausragt wie ein gro\u00dfer Kragen. <\/span><span class=\"gts_text\" id=\"gts_text_57\"><\/span><\/li>\n<li><span class=\"gts_text\" id=\"gts_text_58\">Kinorhyncha bedeutet \u201ebewegliche Schnauze\u201c. Diese werden wunderlicherweise \u201eSchlammdrachen\u201c genannt. Sie sind sehr kleine Lebewesen mit segmentierten, gratigen K\u00f6rpern und einem Haufen von Stacheln um ihren Kopf, den sie dazu benutzen sich selbst durch den Schlamm fortzubewegen. Es gibt um die 150 bekannte Spezies. <\/span><span class=\"gts_text\" id=\"gts_text_61\"><\/span><\/li>\n<li><span class=\"gts_text\" id=\"gts_text_62\">Loricifera bedeutet \u201eKorsettr\u00e4ger\u201c. Es gibt nur um die 120 Spezies von diesen winzigen Tieren. Sie leben in Meerschlamm und bewegen sich mit Hilfe von Schuppen, die aussehen wie Regenschirme.<\/span><span class=\"gts_text\" id=\"gts_text_64\"><\/span><\/li>\n<li><span class=\"gts_text\" id=\"gts_text_65\">Micrognathozoa bedeutet \u201emit kleinen Kiefern\u201c. Im Jahr 2000 wurde die einzig bekannte Spezies von Micrognathozoa entdeckt. Es war so unterschiedlich von anderen Tieren, dass es seinen eigenen Stamm erhielt. Sein Kiefer hat 32 bewegliche Teile, was ihn zu einem der Komplexesten im Tierreich macht.<\/span><span class=\"gts_text\" id=\"gts_text_68\"><\/span><\/li>\n<li><span class=\"gts_text\" id=\"gts_text_69\"><a href=\"\/Mollusks.html\">Mollusca<\/a> bedeutet \u201ed\u00fcnne Schale\u201c. Diese sind die Mollusken. Mit 112000 Spezies, inklusive Schnecken, Rankenf\u00fc\u00dfer, zweischalige Weichtiere (Klaffmuscheln und so weiter) und sogar Tintenfische und Oktopusse, ist der dritt- oder zweitvielf\u00e4ltigste Stamm.<\/span> <span class=\"gts_text\" id=\"gts_text_71\"><\/span><\/li>\n<li><span class=\"gts_text\" id=\"gts_text_72\">Myxozoa bedeutet \u201eSchleimtier\u201c. Fr\u00fcher hat man gedacht, dies seien \u00fcberhaupt gar keine Tiere. Sie sind mikroskopische Parasiten, die Fische und W\u00fcrmer befallen.<\/span><span class=\"gts_text\" id=\"gts_text_74\"><\/span><\/li>\n<li><span class=\"gts_text\" id=\"gts_text_75\">Nematoda bedeutet \u201efadenf\u00f6rmig\u201c. Es gibt so viele spezies von Nematoden, welche aussehen wie mikroskopische W\u00fcrmer. Viele sind Parasiten und einige von diesen sind weit weg davon, mikroskopisch zu sein, k\u00f6nnen aber bis zu ein paar Meter in der L\u00e4nge wachsen! Die Nematoden werden \u00fcblicherweise \u201eRundw\u00fcrmer\u201c genannt.<\/span><span class=\"gts_text\" id=\"gts_text_78\"><\/span><\/li>\n<li><span class=\"gts_text\" id=\"gts_text_79\">Nematomorpha bedeutet \u201efadenf\u00f6rmig\u201c. Diese langen, d\u00fcnnen W\u00fcrmer (Saitenw\u00fcrmer genannt) sind Parasiten, die bestimmte Insekten und Krabben angreifen. Es gibt um die 320 Spezies.<\/span><span class=\"gts_text\" id=\"gts_text_81\"><\/span><\/li>\n<li><span class=\"gts_text\" id=\"gts_text_82\">Nemertea, \u201eMeeresnymphe\u201c bedeutend, ist der Stamm von 1200 Spezies des Schnurwurms. Sie k\u00f6nnen ihre M\u00fcnder nach aussen st\u00fclpen und fressen, indem sie ihrer Beute als Ganzes schlucken. Sie k\u00f6nnen ihre K\u00f6rper erweitern, um Beute zu verschlucken, die um Vielfaches gr\u00f6\u00dfer ist als sie selbst. Eine Spezies w\u00e4chst vermutlich sogar l\u00e4nger als der blaue Wal!<\/span><span class=\"gts_text\" id=\"gts_text_85\"><\/span><\/li>\n<li><span class=\"gts_text\" id=\"gts_text_86\">Onychophora, \u201eKrallentr\u00e4ger\u201c bedeutend, ist ein kleiner Stamm von raupenartigen Wesen namens Stummelf\u00fc\u00dfer. Manche Wissenschaftler sagen, dass die Stummelf\u00fc\u00dfer nicht zu ihrem eigenen Stamm geh\u00f6ren, sondern eigentlich Arthropoden sind.<\/span><span class=\"gts_text\" id=\"gts_text_87\"><\/span><\/li>\n<li><span class=\"gts_text\" id=\"gts_text_88\">Orthonectida bedeutet \u201egerade Schwimmende\u201c. Diese einfachen Lebewesen (es sind nur um die 20 Spezies bekannt) verhalten sich in manchen W\u00fcrmern, Mollusken und Stachelh\u00e4uter wie Parasiten.<\/span><span class=\"gts_text\" id=\"gts_text_89\"><\/span><\/li>\n<li><span class=\"gts_text\" id=\"gts_text_90\">Phoronida ist ein kleiner Stamm von Meerestieren, die sich selbst eine r\u00f6hrenformige Schale bauen. Sie haben ein paar Tentakel um ihre M\u00fcnder. Sie werden \u00fcblicherweise \u201eHufeisenw\u00fcrmer\u201c genannt, wegen der Form ihres Darms.<\/span><span class=\"gts_text\" id=\"gts_text_92\"><\/span><\/li>\n<li><span class=\"gts_text\" id=\"gts_text_93\"><a href=\"\/Placozoans.html\">Placozoa<\/a> bedeutet \u201er\u00f6hrenf\u00f6rmige Tiere\u201c. Es gibt nur eine bekannte Spezies und es sieht aus wie ein Klecks. <\/span><span class=\"gts_text\" id=\"gts_text_94\"><\/span><\/li>\n<li><span class=\"gts_text\" id=\"gts_text_95\">Platyhelminthes bedeutet \u201ePlattw\u00fcrmer\u201c und ist der Stamm des, nunja, Plattwurms. Die meisten der 25000 Spezies sind mikroskopisch und freilebend und harmlos. Jedoch gibt es Spezies, die Parasiten sind, inklusive dem ber\u00fcchtigten Leberegel, welche \u00fcber 30 Millionen Menschen weltweit betrifft.<\/span><span class=\"gts_text\" id=\"gts_text_97\"><\/span><\/li>\n<li><span class=\"gts_text\" id=\"gts_text_98\">Porifera bedeutet \u201ePorentr\u00e4ger\u201c. Diese sind Meerschw\u00e4mme &#8211; \u00fcber 5000 Spezies sind heutzutage am Leben. Schw\u00e4mme sind der Hinsicht einzigartig, dass sie keine Organe haben, ihre K\u00f6rper jedoch nur ein Haufen von Zellen ist, die zusammenarbeiten.<\/span><span class=\"gts_text\" id=\"gts_text_100\"><\/span><\/li>\n<li><span class=\"gts_text\" id=\"gts_text_101\">Priapulida sind ein kleiner Stamm (um die 17 Spezies) von meeresbewohnenden W\u00fcrmern. Sie wurden vor einem Jahrhundert entdeckt, sind aber immer noch nicht gut bekannt.<\/span><span class=\"gts_text\" id=\"gts_text_102\"><\/span><\/li>\n<li><span class=\"gts_text\" id=\"gts_text_103\">Rhombozoa (bedeutet \u201eRautentiere\u201c) sind ein Stamm von kleinen Parasiten, die Oktopusse und Tintenfische befallen. Jedes Erwachsene (einer gegebenen Spezies) hat exakt die gleiche Anzahl von Zellen!<\/span><span class=\"gts_text\" id=\"gts_text_104\"><\/span><\/li>\n<li><span class=\"gts_text\" id=\"gts_text_105\">Rotifera bedeutet \u201eRadtr\u00e4ger\u201c. Diese mikroskopischen Tiere haben B\u00fcschel von Haaren um ihre M\u00fcnder, welche sie dazu benutzen, um Futter hereinzusp\u00fclen. Wenn sie die Haare bewegen, sieht es aus wie die Bewegung eines Rads. Es gibt um 2000 Spezies.<\/span> <span class=\"gts_text\" id=\"gts_text_108\"><\/span><\/li>\n<li><span class=\"gts_text\" id=\"gts_text_109\">Sipuncula bedeutet \u201ekleines Rohr\u201c. Diese werden \u201eErdnussw\u00fcrmer\u201c, wegen der Form die sie annehmen, wenn sie ver\u00e4ngstigt sind. Der Mund hat eine Masse von Tentakeln, welche in den K\u00f6rper umgekehrt werden k\u00f6nnen. Sie sind typischerweise weniger als 10cm lang.<\/span><span class=\"gts_text\" id=\"gts_text_112\"><\/span><\/li>\n<li><span class=\"gts_text\" id=\"gts_text_113\">Tardigrada, \u201elangsamer Schritt\u201c bedeutend, ist der Stamm der \u201eB\u00e4rtierchen\u201c. Diese sind sehr kleine tiere, die ein bisschen aussehen wie ein sechsbeiniger Maulwurf. Sie k\u00f6nnen bei extremen Konditionen gefunden werden, von der Spitze des Himalaya-Gebirges bis auf den tiefsten Grund des Meeres. Es gibt um die 750 Spezies.<\/span><span class=\"gts_text\" id=\"gts_text_116\"><\/span><\/li>\n<li><span class=\"gts_text\" id=\"gts_text_117\">Xenoturbellida bedeutet \u201emerkw\u00fcrdiger Plattwurm\u201c. Nur 2 Spezies sind bekannt. Dieses Tier hat keine auszureichend definierbaren Organe ausser einem Nervensystem. Es frisst Mollusken.<\/span><span class=\"gts_text\" id=\"gts_text_120\"><\/span><\/li>\n<\/ul>\n<p><span class=\"gts_text\" id=\"gts_text_121\"><strong>Was ist das gr\u00f6\u00dfte Tier der Welt?<\/strong><\/span><\/p>\n<p><span class=\"gts_text\" id=\"gts_text_122\">Das weltgr\u00f6\u00dfte (obwohl vielleicht nicht das weltl\u00e4ngste) Tier ist der <a href=\"\/Blue-Whale.html\">Blauwal<\/a>.<\/span> Es kann bis zu 30 Meter oder mehr lang wachsen und wiegt um die 140 Tonnen &#8211; das sind 140000 kg oder 300000 Pfund! Es ist sogar gr\u00f6\u00dfer als die gr\u00f6\u00dften Dinosaurier die es je gegeben hat. Traurigerweise, ging es fast den gleichen Weg wie die Dinosaurier im 20ten Jahrhundert, aufgrund des Walfangs. Das Jagen von Blauwalen wurde in den 1960ern verboten und endete letztendlich in den 1970ern. Sogar heutzutage, ist die Anzahl der Blauwale immer noch weniger als 1% als wie vor dem Walfang.<span class=\"gts_text\" id=\"gts_text_127\"><\/span><\/p>\n","protected":false},"excerpt":{"rendered":"<p>Was ist ein Tier? Tiere sind lebendige Wesen. Die Dinge, welche ein Tier von anderen Lebewesen unterscheiden (sowie Pflanzen, Pilze usw.) sind folgende: Anders als Bakterien, ist der K\u00f6rper eines Tieres gew\u00f6hnlicherweise aus vielen Zellen gemacht. Anders als Pflanzen, kann ein Tier sein Futter nicht selbst generieren &#8211; es muss fressen, um zu \u00fcberleben. Dies &hellip; <a href=\"https:\/\/www.big-animals.com\/de\/die-groessten-tiere-der-welt\/\" class=\"more-link\">Continue reading <span class=\"screen-reader-text\">Die gr\u00f6\u00dften Tiere der Welt!<\/span><\/a><\/p>\n","protected":false},"author":1,"featured_media":0,"parent":0,"menu_order":0,"comment_status":"closed","ping_status":"open","template":"","meta":{"_acf_changed":false,"footnotes":""},"acf":[],"_links":{"self":[{"href":"https:\/\/www.big-animals.com\/de\/wp-json\/wp\/v2\/pages\/56"}],"collection":[{"href":"https:\/\/www.big-animals.com\/de\/wp-json\/wp\/v2\/pages"}],"about":[{"href":"https:\/\/www.big-animals.com\/de\/wp-json\/wp\/v2\/types\/page"}],"author":[{"embeddable":true,"href":"https:\/\/www.big-animals.com\/de\/wp-json\/wp\/v2\/users\/1"}],"replies":[{"embeddable":true,"href":"https:\/\/www.big-animals.com\/de\/wp-json\/wp\/v2\/comments?post=56"}],"version-history":[{"count":2,"href":"https:\/\/www.big-animals.com\/de\/wp-json\/wp\/v2\/pages\/56\/revisions"}],"predecessor-version":[{"id":429,"href":"https:\/\/www.big-animals.com\/de\/wp-json\/wp\/v2\/pages\/56\/revisions\/429"}],"wp:attachment":[{"href":"https:\/\/www.big-animals.com\/de\/wp-json\/wp\/v2\/media?parent=56"}],"curies":[{"name":"wp","href":"https:\/\/api.w.org\/{rel}","templated":true}]}}