{"id":57,"date":"2011-05-09T09:31:07","date_gmt":"2011-05-09T09:31:07","guid":{"rendered":""},"modified":"2014-02-26T07:52:16","modified_gmt":"2014-02-26T07:52:16","slug":"die-groessten-fische-der-welt","status":"publish","type":"page","link":"https:\/\/www.big-animals.com\/de\/die-groessten-fische-der-welt\/","title":{"rendered":"Die gr\u00f6\u00dften Fische der Welt!"},"content":{"rendered":"<p><span class=\"gts_text\" id=\"gts_text_1\"><strong>Was ist ein Fisch?<\/strong><\/span><\/p>\n<p><span class=\"gts_text\" id=\"gts_text_2\">Fische sind <a href=\"\/Animals.html\">Tiere<\/a> &#8211; eigentliche werden sie <a href=\"http:\/\/www.big-animals.com\/de\/die-groessten-wirbeltiere-der-welt\/\">Wirbeltiere<\/a> genannt, da Fische ein R\u00fcckgrat haben &#8211; \u00fcber die H\u00e4lfte aller bekannten Spezies von Wirbeltieren sind in der Tat Fische! Andere Dinge, die Fische mit ihnen gemeinsam haben sind<\/span><span class=\"gts_text\" id=\"gts_text_3\"><\/span><\/p>\n<ul>\n<li><span class=\"gts_text\" id=\"gts_text_4\">Sie haben Kiemen und atmen Wasser.<\/span><\/li>\n<li><span class=\"gts_text\" id=\"gts_text_5\">Normalerweise sind sie \u201ekaltbl\u00fctig\u201c &#8211; ihre K\u00f6rpertemperatur ist die selbe wie das umgebende Wasser.<\/span><\/li>\n<li><span class=\"gts_text\" id=\"gts_text_6\">Normalerweise k\u00f6nnen sie nicht in der Luft \u00fcberleben.<\/span><\/li>\n<\/ul>\n<p><span class=\"gts_text\" id=\"gts_text_7\">Der weltgr\u00f6\u00dfte lebendige Fisch ist eigentlich eine Art von Hai, genannt der <a href=\"http:\/\/www.big-animals.com\/de\/der-walhai\/\">Walhai<\/a>.<\/span> Der gr\u00f6\u00dfte Fisch \u00fcberhaupt ist eine ausgestorbene Art von Knochenfisch, dessen wissenschaftlicher Name<span class=\"gts_text\" id=\"gts_text_8\"> <a href=\"http:\/\/www.big-animals.com\/de\/leedsichthys-problematicus-der-groesste-fisch-den-es-je-gegeben-hat\/\">Leedsichthys Problematicus<\/a> ist.<\/span><\/p>\n<p><span class=\"gts_text\" id=\"gts_text_9\"><strong>Welche Arten von Fischen gibt es?<\/strong><\/span><\/p>\n<p><span class=\"gts_text\" id=\"gts_text_10\">Wissenschaftler teilen Tiere normalerweise in Gruppen von \u00e4hnlichen Tieren ein. Die gr\u00f6\u00dften Gruppen werden \u201eSt\u00e4mme\u201c genannt (zum Beispiel machen die Wirbeltiere den meisten Teil des Stammes namens<\/span><span class=\"gts_text\" id=\"gts_text_11\"> <a href=\"http:\/\/www.big-animals.com\/de\/die-groessten-chordatiere-der-welt\/\">Chordata<\/a> aus. Die n\u00e4chstkleineren Gruppen werden \u201eKlassen\u201c genannt (zum Beispiel machen V\u00f6gel den meisten Teil ihrer eigenen Klasse aus). Fische jedoch, sind irgendwo dazwischen. Sie sind nur Teil des Stammes Chordata, aber es gibt eigentlich so einige Klassen von Fisch. Die Bekanntesten sind die Knorpelfische (Haie, Rochen, echte Rochen) und die \u201eKnochen\u201c-fische, welche zwei Klassen enthalten &#8211; Actinopterygii (\u201enormale\u201c Fische) und Sarcoterygii (Lungenfisch und \u00e4hnliche Kreaturen). Viele der anderen Klassen sind heutzutage komplett ausgestorben. Hier ist eine Liste von all den verschiedenen Klassen von Fisch<\/span><span class=\"gts_text\" id=\"gts_text_17\"><\/span><\/p>\n<ul>\n<li><span class=\"gts_text\" id=\"gts_text_18\">Die Acanthodii, manchmal Stachelhaie genannt, sind eine ausgestorbene Gruppe von Fischen, die einige Merkmale von Knorpelfischen und andere Merkmale von Knochenfischen besa\u00dfen.<br \/>\n<\/span><\/li>\n<li><span class=\"gts_text\" id=\"gts_text_19\">Die Actinoterygii sind die gr\u00f6\u00dfte Klasse von Fischen, tats\u00e4chlich handelt es sich hierbei um die gr\u00f6\u00dfte Klasse von Wirbeltieren! Es gibt 27000 Spezies von diesen, im Salz- und S\u00fc\u00dfwasser lebend. Wissenschaflter nennen sie \u201eStrahlenflosser\u201c, du oder ich w\u00fcrden sie \u201enormale\u201c Fische nennen. Der<\/span><span class=\"gts_text\" id=\"gts_text_22\"> <a href=\"http:\/\/www.big-animals.com\/de\/leedsichthys-problematicus-der-groesste-fisch-den-es-je-gegeben-hat\/\">Leedsichthys<\/a> war ein Actinopterygus.<\/span><\/li>\n<li><span class=\"gts_text\" id=\"gts_text_23\">Die Cephalaspidomorphs sind eine Gruppe von ausgestorbenen kieferlosen Fischen. In der Tat sind sich Wissenschaflter nicht dar\u00fcber einig, welche Tiere genau in diese Gruppe geh\u00f6ren sollten &#8211; manche sagen, dass die Neunaugen einbezogen werden sollen, andere widersprechen dem.<\/span><span class=\"gts_text\" id=\"gts_text_24\"><\/span><\/li>\n<li><span class=\"gts_text\" id=\"gts_text_25\">Die <a href=\"http:\/\/www.big-animals.com\/de\/die-groessten-knorpelfische-der-welt\/\">Condrichthyes<\/a> sind die <a href=\"http:\/\/www.big-animals.com\/de\/die-groessten-knorpelfische-der-welt\/\">Knorpelfische<\/a>, einschlie\u00dflich <a href=\"http:\/\/www.big-animals.com\/de\/die-groessten-haifische-der-welt\/\">Haifische<\/a> und Rochen.<\/span> Diese Fische haben keine echten Knochen, stattdessen ist ihr Skelett aus Knorpel gemacht<span class=\"gts_text\" id=\"gts_text_26\">.<\/span> <span class=\"gts_text\" id=\"gts_text_27\">Der <a href=\"http:\/\/www.big-animals.com\/de\/der-walhai\/\">Walhai<\/a> ist ein Condrichthys.<\/span><\/li>\n<li><span class=\"gts_text\" id=\"gts_text_28\">Die Conodonts: eine Gruppe von ausgestorbenen wurm\u00e4hnlichen Tieren, die haupts\u00e4chlich wegen ihrer verkn\u00f6cherten Z\u00e4hne bekannt sind.<br \/>\n<\/span><\/li>\n<li><span class=\"gts_text\" id=\"gts_text_29\">Die Hyperoartia ist eine Klasse der Neunaugen, eine Gruppe von aalf\u00f6rmigen Meerestieren, die sich so von Fischen unterscheiden, dass Wissenschaflter sie in eine andere Gruppe getan haben.<\/span><\/li>\n<li><span class=\"gts_text\" id=\"gts_text_30\">Die Myxini: diese sind die Schleimaale &#8211; sie sehen eine bisschen aus wie Aale und k\u00f6nnen sich selbst in Knoten verwickeln<\/span><\/li>\n<li><span class=\"gts_text\" id=\"gts_text_31\">Die Placoderms: eine weitere Gruppe von ausgestorbenen Fischen, welche harte Panzerschalen besa\u00dfen um ihre K\u00f6pfe zu sch\u00fctzen.<\/span><\/li>\n<li><span class=\"gts_text\" id=\"gts_text_32\">Die Pteraspidomorphs: eine Gruppe ausgestorbener Fische, welche keine Kiefer hatten.<br \/>\n<\/span><\/li>\n<li><span class=\"gts_text\" id=\"gts_text_33\">Die Sarcoterygii oder Fleischflosser, beinhalten den Lungenfisch und den einst ausgestorben geglaubten Coelacanths.<br \/>\n<\/span><\/li>\n<\/ul>\n<p><span class=\"gts_text\" id=\"gts_text_34\"><strong>Was ist der gr\u00f6\u00dfte Fisch der Welt?<\/strong><\/span><\/p>\n<p><span class=\"gts_text\" id=\"gts_text_35\">Der weltgr\u00f6\u00dfte lebende Fisch ist ein vornehmer Gigant &#8211; der <a href=\"http:\/\/www.big-animals.com\/de\/der-walhai\/\">Walhai<\/a>.<\/span> Es ist ein<span class=\"gts_text\" id=\"gts_text_36\"> <a href=\"http:\/\/www.big-animals.com\/de\/die-groessten-haifische-der-welt\/\">Haifisch<\/a>, kein Wal, aber ist v\u00f6llig harmlos &#8211; die gr\u00f6\u00dften Dinge, die sie essen sind Krills! Es kann bis zu 12 Meter (um die 40 Fu\u00df) oder mehr lang wachsen und wiegt um die 12000 kg, beziehungsweise 26000 Pfund!<\/span><span class=\"gts_text\" id=\"gts_text_37\"><\/span><\/p>\n<p><span class=\"gts_text\" id=\"gts_text_38\">Der gr\u00f6\u00dfte jemals bekannte Fisch ist nur durch seine Fossilien bekannt, es handelt sich hierbei wieder um einen behutsamen Giganten &#8211; der <a href=\"\/Leedsichthys.html\">Leedsichthys Problematicus<\/a>.<\/span> Wissenschaftler sind sich nicht sicher, wie gro\u00df es wuchs &#8211; sie sch\u00e4tzen es bis zu 15 Meter oder sogar bis zu 30 Meter, die selbe Gr\u00f6\u00dfe wie ein<span class=\"gts_text\" id=\"gts_text_39\"> <a href=\"http:\/\/www.big-animals.com\/de\/der-blauwal-das-groesste-tier-ueberhaupt\/\">Blauwal<\/a>!<\/span><\/p>\n","protected":false},"excerpt":{"rendered":"<p>Was ist ein Fisch? Fische sind Tiere &#8211; eigentliche werden sie Wirbeltiere genannt, da Fische ein R\u00fcckgrat haben &#8211; \u00fcber die H\u00e4lfte aller bekannten Spezies von Wirbeltieren sind in der Tat Fische! Andere Dinge, die Fische mit ihnen gemeinsam haben sind Sie haben Kiemen und atmen Wasser. Normalerweise sind sie \u201ekaltbl\u00fctig\u201c &#8211; ihre K\u00f6rpertemperatur ist &hellip; <a href=\"https:\/\/www.big-animals.com\/de\/die-groessten-fische-der-welt\/\" class=\"more-link\">Continue reading <span class=\"screen-reader-text\">Die gr\u00f6\u00dften Fische der Welt!<\/span><\/a><\/p>\n","protected":false},"author":1,"featured_media":0,"parent":0,"menu_order":0,"comment_status":"closed","ping_status":"open","template":"","meta":{"_acf_changed":false,"footnotes":""},"acf":[],"_links":{"self":[{"href":"https:\/\/www.big-animals.com\/de\/wp-json\/wp\/v2\/pages\/57"}],"collection":[{"href":"https:\/\/www.big-animals.com\/de\/wp-json\/wp\/v2\/pages"}],"about":[{"href":"https:\/\/www.big-animals.com\/de\/wp-json\/wp\/v2\/types\/page"}],"author":[{"embeddable":true,"href":"https:\/\/www.big-animals.com\/de\/wp-json\/wp\/v2\/users\/1"}],"replies":[{"embeddable":true,"href":"https:\/\/www.big-animals.com\/de\/wp-json\/wp\/v2\/comments?post=57"}],"version-history":[{"count":4,"href":"https:\/\/www.big-animals.com\/de\/wp-json\/wp\/v2\/pages\/57\/revisions"}],"predecessor-version":[{"id":414,"href":"https:\/\/www.big-animals.com\/de\/wp-json\/wp\/v2\/pages\/57\/revisions\/414"}],"wp:attachment":[{"href":"https:\/\/www.big-animals.com\/de\/wp-json\/wp\/v2\/media?parent=57"}],"curies":[{"name":"wp","href":"https:\/\/api.w.org\/{rel}","templated":true}]}}