{"id":58,"date":"2011-05-09T09:32:07","date_gmt":"2011-05-09T09:32:07","guid":{"rendered":""},"modified":"2014-02-28T08:34:44","modified_gmt":"2014-02-28T08:34:44","slug":"die-groessten-stachelhaeuter-der-welt","status":"publish","type":"page","link":"https:\/\/www.big-animals.com\/de\/die-groessten-stachelhaeuter-der-welt\/","title":{"rendered":"Die gr\u00f6\u00dften Stachelh\u00e4uter der Welt!"},"content":{"rendered":"<p><span class=\"gts_text\" id=\"gts_text_1\"><strong>Was ist ein Stachelh\u00e4uter?<\/strong><\/span><\/p>\n<p><span class=\"gts_text\" id=\"gts_text_2\">Die Stacheltiere sind eine Gruppen (eigentlich ein Stamm) von <a href=\"\/Animals.html\">Tieren<\/a>. Ihre Namen kommen von den griechischen W\u00f6rtern, die \u201estachelige Haut\u201c bedeuten. Babystachelh\u00e4uter schwimmen ungehindert mit Hilfe von winzigen H\u00e4rchen, \u201eFlimmerh\u00e4rchen\u201c genannt.<\/span> Mit dem Wachstum, werden sie auf sch\u00f6ne Weise symmetrisch &#8211; das ist beim Seestern am auff\u00e4lligsten &#8211; und sie entwickeln harte Platten beziehungsweise Wirbels\u00e4ulen unter ihrer Haut. Stachelh\u00e4uter benutzen Wasser anstatt Blut, um Futter in ihrem K\u00f6rper zu transportieren und auch um zu atmen. Es gibt zwei Kandidaten f\u00fcr den weltgr\u00f6\u00dften Stachelh\u00e4uter und beide sind Seesterne.<\/p>\n<p><span class=\"gts_text\" id=\"gts_text_8\"><strong>Welche Arten von Stachelh\u00e4utern gibt es?<\/strong><\/span><\/p>\n<p><span class=\"gts_text\" id=\"gts_text_9\">Der Stamm der Stacheltiere, <em>Echinodermata<\/em> genannt, ist in f\u00fcnf Gruppen eingeteilt, <em><strong>Klassen<\/strong><\/em> genannt<em><strong>.<\/strong><\/em> Diese sind:<\/span> <span class=\"gts_text\" id=\"gts_text_10\"><\/span><\/p>\n<ul>\n<li><span class=\"gts_text\" id=\"gts_text_11\">Die Seesterne (Asteroida). Es gibt um die 1800 Spezies von diesen, verteilt in Ozeanen auf der ganzen Welt. Sie jagen andere Tiere f\u00fcr ihr Futter.<\/span><span class=\"gts_text\" id=\"gts_text_13\"><\/span><\/li>\n<li><span class=\"gts_text\" id=\"gts_text_14\">Federsterne und Seelilien (Crinoidea). Sie befestigen sich normalerweise an Steinen und haben viele Arme, mit denen sie ihr Futter fangen. Es gibt um die 600 Spezies von Crinoid.<\/span><span class=\"gts_text\" id=\"gts_text_16\"><\/span><\/li>\n<li><span class=\"gts_text\" id=\"gts_text_17\">Seeigel und Sanddollar (Echinoidea). Diese ballf\u00f6rmigen Tiere k\u00f6nnen oft viele bewegliche spitze Stacheln die aus ihrer Schale herausgucken, haben. Es gibt um die 1000 Spezies.<\/span><span class=\"gts_text\" id=\"gts_text_19\"><\/span><\/li>\n<li><span class=\"gts_text\" id=\"gts_text_21\">Seegurken (Holothuroidea) sehen ein bisschen aus wie Schnecken und haben eine ledrige Haut. Es gibt um die 1000 Spezies von Seegurken und manche werden in asiatischen L\u00e4ndern als Delikatesse angesehen!<\/span><\/li>\n<li><span class=\"gts_text\" id=\"gts_text_22\">Die Schlangensterne (Ophiuroidea) sind keine Seesterne, aber sehen sehr wie sie aus, also werden sie oft Seesterne genannt. Es gibt um die 1500 Spezies von Schlangensternen.<\/span><span class=\"gts_text\" id=\"gts_text_23\"><\/span><\/li>\n<\/ul>\n<p><span class=\"gts_text\" id=\"gts_text_24\">Zudem gibt es eine Nummer von anderen Arten der Stachelh\u00e4uter, die man heute nur von Fossilien kennt.<br \/>\n<\/span><\/p>\n<p><span class=\"gts_text\" id=\"gts_text_25\"><strong>Was ist der weltgr\u00f6\u00dfte Stachelh\u00e4uter?<\/strong><\/span><\/p>\n<p><span class=\"gts_text\" id=\"gts_text_28\">Es gibt zwei Bestreiter f\u00fcr den Titel des weltgr\u00f6\u00dften Stachelh\u00e4uters, beides Seesterne. Es gibt einen Schwergewichtchampion, Catalas Seestern (Thromidia catalai), anders bekannt als fetter Seestern, im Gewicht liegt er bei 6 Kilogramm. Jedoch sind seine fetten Arme nur knapp \u00fcber 30 cm lang. <a href=\"\/Midgardia-Xandaros.html\"><em>Midgardi Xandaros<\/em><\/a><\/span> hat Arme, die bis das Zweifache dieser L\u00e4nge erreichen k\u00f6nnen!<\/p>\n","protected":false},"excerpt":{"rendered":"<p>Was ist ein Stachelh\u00e4uter? Die Stacheltiere sind eine Gruppen (eigentlich ein Stamm) von Tieren. Ihre Namen kommen von den griechischen W\u00f6rtern, die \u201estachelige Haut\u201c bedeuten. Babystachelh\u00e4uter schwimmen ungehindert mit Hilfe von winzigen H\u00e4rchen, \u201eFlimmerh\u00e4rchen\u201c genannt. Mit dem Wachstum, werden sie auf sch\u00f6ne Weise symmetrisch &#8211; das ist beim Seestern am auff\u00e4lligsten &#8211; und sie entwickeln &hellip; <a href=\"https:\/\/www.big-animals.com\/de\/die-groessten-stachelhaeuter-der-welt\/\" class=\"more-link\">Continue reading <span class=\"screen-reader-text\">Die gr\u00f6\u00dften Stachelh\u00e4uter der Welt!<\/span><\/a><\/p>\n","protected":false},"author":1,"featured_media":0,"parent":0,"menu_order":0,"comment_status":"closed","ping_status":"open","template":"","meta":{"_acf_changed":false,"footnotes":""},"acf":[],"_links":{"self":[{"href":"https:\/\/www.big-animals.com\/de\/wp-json\/wp\/v2\/pages\/58"}],"collection":[{"href":"https:\/\/www.big-animals.com\/de\/wp-json\/wp\/v2\/pages"}],"about":[{"href":"https:\/\/www.big-animals.com\/de\/wp-json\/wp\/v2\/types\/page"}],"author":[{"embeddable":true,"href":"https:\/\/www.big-animals.com\/de\/wp-json\/wp\/v2\/users\/1"}],"replies":[{"embeddable":true,"href":"https:\/\/www.big-animals.com\/de\/wp-json\/wp\/v2\/comments?post=58"}],"version-history":[{"count":2,"href":"https:\/\/www.big-animals.com\/de\/wp-json\/wp\/v2\/pages\/58\/revisions"}],"predecessor-version":[{"id":428,"href":"https:\/\/www.big-animals.com\/de\/wp-json\/wp\/v2\/pages\/58\/revisions\/428"}],"wp:attachment":[{"href":"https:\/\/www.big-animals.com\/de\/wp-json\/wp\/v2\/media?parent=58"}],"curies":[{"name":"wp","href":"https:\/\/api.w.org\/{rel}","templated":true}]}}