{"id":59,"date":"2011-05-09T09:32:40","date_gmt":"2011-05-09T09:32:40","guid":{"rendered":""},"modified":"2014-02-28T07:58:13","modified_gmt":"2014-02-28T07:58:13","slug":"die-groessten-plattentiere-der-welt","status":"publish","type":"page","link":"https:\/\/www.big-animals.com\/de\/die-groessten-plattentiere-der-welt\/","title":{"rendered":"Die gr\u00f6\u00dften Plattentiere der Welt!"},"content":{"rendered":"<p><span class=\"gts_text\" id=\"gts_text_1\">Die Plattentiere sind erstaunliche <a href=\"\/Animals.html\">Tiere<\/a>. Sie sind sehr einfache Kreaturen, welche langsam \u00fcber Oberfl\u00e4chen auf der Suche nach Nahrung sickern. Sie leben in warmen Meeren \u00fcberall auf der Welt.<\/span> <span class=\"gts_text\" id=\"gts_text_2\"><\/span><span class=\"gts_text\" id=\"gts_text_3\"><\/span><\/p>\n<p><span class=\"gts_text\" id=\"gts_text_4\">Nur zwei Spezies der Plattentiere wurden jemals beschrieben. Eine von ihnen, Trichoplax Reptans, wurde niemals wieder gesehen seitdem es \u201eentdeckt\u201c wurde, also glauben die meisten Wissenschaflter nicht, dass es jemals existierte. Das l\u00e4sst auf<\/span><span class=\"gts_text\" id=\"gts_text_6\"> <a href=\"\/Trichoplax.html\">Trichoplax Adhaerens<\/a> als das einzige (und somit gr\u00f6\u00dfte) Plattentier schliessen.<br \/>\n<\/span><\/p>\n<p><span class=\"gts_text\" id=\"gts_text_7\">Besuche die Seite \u00fcber den <a href=\"\/Trichoplax.html\">Trichoplax Adhaerens<\/a> f\u00fcr mehr Informationen.<br \/>\n<\/span><\/p>\n","protected":false},"excerpt":{"rendered":"<p>Die Plattentiere sind erstaunliche Tiere. Sie sind sehr einfache Kreaturen, welche langsam \u00fcber Oberfl\u00e4chen auf der Suche nach Nahrung sickern. Sie leben in warmen Meeren \u00fcberall auf der Welt. Nur zwei Spezies der Plattentiere wurden jemals beschrieben. Eine von ihnen, Trichoplax Reptans, wurde niemals wieder gesehen seitdem es \u201eentdeckt\u201c wurde, also glauben die meisten Wissenschaflter &hellip; <a href=\"https:\/\/www.big-animals.com\/de\/die-groessten-plattentiere-der-welt\/\" class=\"more-link\">Continue reading <span class=\"screen-reader-text\">Die gr\u00f6\u00dften Plattentiere der Welt!<\/span><\/a><\/p>\n","protected":false},"author":1,"featured_media":0,"parent":0,"menu_order":0,"comment_status":"closed","ping_status":"open","template":"","meta":{"_acf_changed":false,"footnotes":""},"acf":[],"_links":{"self":[{"href":"https:\/\/www.big-animals.com\/de\/wp-json\/wp\/v2\/pages\/59"}],"collection":[{"href":"https:\/\/www.big-animals.com\/de\/wp-json\/wp\/v2\/pages"}],"about":[{"href":"https:\/\/www.big-animals.com\/de\/wp-json\/wp\/v2\/types\/page"}],"author":[{"embeddable":true,"href":"https:\/\/www.big-animals.com\/de\/wp-json\/wp\/v2\/users\/1"}],"replies":[{"embeddable":true,"href":"https:\/\/www.big-animals.com\/de\/wp-json\/wp\/v2\/comments?post=59"}],"version-history":[{"count":3,"href":"https:\/\/www.big-animals.com\/de\/wp-json\/wp\/v2\/pages\/59\/revisions"}],"predecessor-version":[{"id":425,"href":"https:\/\/www.big-animals.com\/de\/wp-json\/wp\/v2\/pages\/59\/revisions\/425"}],"wp:attachment":[{"href":"https:\/\/www.big-animals.com\/de\/wp-json\/wp\/v2\/media?parent=59"}],"curies":[{"name":"wp","href":"https:\/\/api.w.org\/{rel}","templated":true}]}}