{"id":6,"date":"2011-05-09T08:54:20","date_gmt":"2011-05-09T08:54:20","guid":{"rendered":""},"modified":"2014-05-15T11:01:35","modified_gmt":"2014-05-15T11:01:35","slug":"koloss-kalmar","status":"publish","type":"page","link":"https:\/\/www.big-animals.com\/de\/koloss-kalmar\/","title":{"rendered":"Koloss-Kalmar"},"content":{"rendered":"<p><span class=\"gts_text\" id=\"gts_text_1\">Der Koloss-Kalmar ist auch bekannt als antarktischer Kalmar oder Riesenkalmar. Er ist der gr\u00f6\u00dfte Kalmar, der jemals gefangen wurde. Tats\u00e4chlich ist er der gr\u00f6\u00dfte<\/span><span class=\"gts_text\" id=\"gts_text_3\"> <a title=\"Die gr\u00f6\u00dften Mollusken der Welt!\" href=\"http:\/\/www.big-animals.com\/de\/die-groessten-mollusken-der-welt\/\">Molluske<\/a> und das bekanntlich gr\u00f6\u00dfte wirbellose Tier auf Welt! Mit seinem enormen K\u00f6rper, 12-14 Meter lang, hat er ebenfalls die gr\u00f6\u00dften Augen unter allen lebenden Dingen auf der Erde. Seine Augen sind ungef\u00e4hr 30 bis 40 Zentimeter im Durchmesser, wenn er noch am Leben ist. Er wiegt fast 500 Kilogramm. <\/span><span class=\"gts_text\" id=\"gts_text_6\"><\/span><\/p>\n<p>Die Gliedma\u00dfen des Koloss-Kalmars haben scharfe, sich drehende Haken. Er hat einen breiten und robust gebauten K\u00f6rper. Er ist somit viel schwerer als der Riesenkalmar. Er hat auch einen l\u00e4ngeren Mantel als ein Riesenkalmar. Ihre Tentakel jedoch sind k\u00fcrzer als die eines Riesenkalmars.<\/p>\n<figure id=\"attachment_642\" aria-describedby=\"caption-attachment-642\" style=\"width: 300px\" class=\"wp-caption aligncenter\"><a href=\"http:\/\/www.big-animals.com\/wp-content\/uploads\/2011\/03\/Colossal_Squid_And_Human2.png\"><img loading=\"lazy\" decoding=\"async\" class=\"size-medium wp-image-642\" title=\"Kolossaler Kalmar und Mensch\" alt=\"Kolossaler Kalmar und Mensch\" src=\"http:\/\/www.big-animals.com\/wp-content\/uploads\/2011\/03\/Colossal_Squid_And_Human2-300x73.png\" width=\"300\" height=\"73\" \/><\/a><figcaption id=\"caption-attachment-642\" class=\"wp-caption-text\">Kolosskalmar und Mensch<\/figcaption><\/figure>\n<p>Sie bleiben im s\u00fcdlichen Ozean auf dem Meeresgrund, der die gesamte Antarktis umgibt. Er ern\u00e4hrt sich vom schwarzen Seehecht und anderen Kalmaren im tiefen Ozean. An seinem Lebensort ist es st\u00e4ndig dunkel und sehr kalt, der Koloss-Kalmar ist jedoch in der Lage Licht zu produzieren, um ihm dabei zu helfen in der Dunkelheit zu sehen und zu jagen.<\/p>\n<p>Der Koloss-Kalmar hat eine langsame Stoffwechselrate. Er ben\u00f6tigt nur um die 30 Gramm Nahrung pro Tag. Er braucht nicht viel Energie, da er ein sich langsam bewegendes Lebewesen ist, das aus dem Hinterhalt jagt. Der erwachsene Koloss-Kalmar kann bis zu einer Tiefe von 2200 Metern tauchen und der junge Koloss-Kalmar kann soweit wie 1000 Meter tauchen. Der erwachsene, weibliche Koloss-Kalmar ist im Allgemeinen viel gr\u00f6\u00dfer als der m\u00e4nnliche Koloss-Kalmar.<\/p>\n<p>Antarktische Pottwale ern\u00e4hren sich von Koloss-Kalmaren. 14% der Kalmarschn\u00e4bel die im Bauch von Pottwalen gefunden wurden, geh\u00f6ren zu Koloss-Kalmaren. In der Tat haben die meisten Pottwale Narben auf ihren R\u00fccken verursacht durch die Haken der Koloss-Kalmare, die bis zu 77% ihrer Beute ausmachen.<\/p>\n<p>Es gibt andere Lebewesen, welche ebenfalls Koloss-Kalmare fressen, sowie die Entenwale, Pilotwale, s\u00fcdliche See-Elefanten, schwarze Seehechte, pazifische Schlafhaie und sogar Albatrosse. Die Schn\u00e4bel von erwachsenen Koloss-Kalmaren wurden nur im Pottwal und pazifischem Schlafhai gefunden. Der Rest der Feinde sind gerade gross genug, um die jungen Koloss-Kalmare zu fressen.<\/p>\n<p>Im Jahr 2007 wurde ein lebendiger Koloss-Kalmar von einem neuseel\u00e4ndischen Fischerboot abseits der Antarktis gefangen. Er war um die 10 Meter lang und wog ungef\u00e4hr 495 Kilogramm. Er wurde\u00a0f\u00fcr wissenschaftliche Studien zur\u00fcck nach Neuseeland gebracht.<\/p>\n","protected":false},"excerpt":{"rendered":"<p>Der Koloss-Kalmar ist auch bekannt als antarktischer Kalmar oder Riesenkalmar. Er ist der gr\u00f6\u00dfte Kalmar, der jemals gefangen wurde. Tats\u00e4chlich ist er der gr\u00f6\u00dfte Molluske und das bekanntlich gr\u00f6\u00dfte wirbellose Tier auf Welt! Mit seinem enormen K\u00f6rper, 12-14 Meter lang, hat er ebenfalls die gr\u00f6\u00dften Augen unter allen lebenden Dingen auf der Erde. Seine Augen &hellip; <a href=\"https:\/\/www.big-animals.com\/de\/koloss-kalmar\/\" class=\"more-link\">Continue reading <span class=\"screen-reader-text\">Koloss-Kalmar<\/span><\/a><\/p>\n","protected":false},"author":1,"featured_media":0,"parent":0,"menu_order":0,"comment_status":"closed","ping_status":"open","template":"","meta":{"_acf_changed":false,"footnotes":""},"acf":[],"_links":{"self":[{"href":"https:\/\/www.big-animals.com\/de\/wp-json\/wp\/v2\/pages\/6"}],"collection":[{"href":"https:\/\/www.big-animals.com\/de\/wp-json\/wp\/v2\/pages"}],"about":[{"href":"https:\/\/www.big-animals.com\/de\/wp-json\/wp\/v2\/types\/page"}],"author":[{"embeddable":true,"href":"https:\/\/www.big-animals.com\/de\/wp-json\/wp\/v2\/users\/1"}],"replies":[{"embeddable":true,"href":"https:\/\/www.big-animals.com\/de\/wp-json\/wp\/v2\/comments?post=6"}],"version-history":[{"count":2,"href":"https:\/\/www.big-animals.com\/de\/wp-json\/wp\/v2\/pages\/6\/revisions"}],"predecessor-version":[{"id":536,"href":"https:\/\/www.big-animals.com\/de\/wp-json\/wp\/v2\/pages\/6\/revisions\/536"}],"wp:attachment":[{"href":"https:\/\/www.big-animals.com\/de\/wp-json\/wp\/v2\/media?parent=6"}],"curies":[{"name":"wp","href":"https:\/\/api.w.org\/{rel}","templated":true}]}}