{"id":60,"date":"2011-05-09T09:32:48","date_gmt":"2011-05-09T09:32:48","guid":{"rendered":""},"modified":"2014-02-28T08:09:29","modified_gmt":"2014-02-28T08:09:29","slug":"die-groessten-reptilien-der-welt","status":"publish","type":"page","link":"https:\/\/www.big-animals.com\/de\/die-groessten-reptilien-der-welt\/","title":{"rendered":"Die gr\u00f6\u00dften Reptilien der Welt!"},"content":{"rendered":"<p><span class=\"gts_text\" id=\"gts_text_1\"><strong>Die gr\u00f6\u00dften Reptilien der Welt<\/strong><\/span><\/p>\n<p><span class=\"gts_text\" id=\"gts_text_2\">Reptilien sind <a href=\"\/Vertebrates.html\">Wirbeltiere<\/a>. Sie atmen Luft durch ihre Lungen, legen Schaleneier und ihre Haut ist mit Schuppen bedeckt. Sie sind \u201ekaltbl\u00fctig\u201c, was bedeutet, dass ihre K\u00f6pertemperatur sich in Bezug auf das Wetter ver\u00e4ndert. Die meisten Reptilien fressen Fleisch. Reptilien sind normalerweise weniger clever als S\u00e4ugetiere und V\u00f6gel. Sie sch\u00fctzen sich selbst durch Tarnung. Krokodile, Schildkr\u00f6ten, einige Echsen und manche Schlangen zischen laut, wenn ihre Feinde sie angreifen. Sie alle haben 4 Beine, ausser Schlangen und einige Echsen. Sie unterscheiden sich von Fr\u00f6schen, da sie kein Larvenstadium haben.<\/span> Das weltgr\u00f6\u00dfte lebende Reptil ist das <span class=\"gts_text\" id=\"gts_text_3\"><\/span><span class=\"gts_text\" id=\"gts_text_11\"> <a href=\"http:\/\/www.big-animals.com\/the-saltwater-crocodile-the-words-biggest-reptile\/\">Salzwasserkrokodil<\/a>.<\/span><\/p>\n<p><span class=\"gts_text\" id=\"gts_text_12\">Es gibt 4 Gruppen von Reptilien:<\/span><\/p>\n<p>a) <span class=\"gts_text\" id=\"gts_text_13\"><a title=\"Crocodilians\" href=\"http:\/\/www.big-animals.com\/crocodilians\/\">Krokodile<\/a>, welche die Krokodile und Alligatoren beinhalten<br \/>\n<\/span><\/p>\n<p>b) <span class=\"gts_text\" id=\"gts_text_14\"><a href=\"http:\/\/www.big-animals.com\/tuatara\/\">Br\u00fcckenechsen<\/a> aus Neuseeland. Es gibt nur 2 Arten von Br\u00fcckenechsen. <\/span><span class=\"gts_text\" id=\"gts_text_15\"><\/span><\/p>\n<p>c) <span class=\"gts_text\" id=\"gts_text_16\"><a href=\"http:\/\/www.big-animals.com\/turtles-and-tortoises\/\">Schildkr\u00f6ten und Landschildkr\u00f6ten<\/a><\/span><\/p>\n<p>d) <span class=\"gts_text\" id=\"gts_text_17\"><a title=\"Eidechsen\" href=\"http:\/\/www.big-animals.com\/lizards\/\">Echsen<\/a> und <a href=\"http:\/\/www.big-animals.com\/snakes\/\">Schlangen<\/a><\/span><\/p>\n","protected":false},"excerpt":{"rendered":"<p>Die gr\u00f6\u00dften Reptilien der Welt Reptilien sind Wirbeltiere. Sie atmen Luft durch ihre Lungen, legen Schaleneier und ihre Haut ist mit Schuppen bedeckt. Sie sind \u201ekaltbl\u00fctig\u201c, was bedeutet, dass ihre K\u00f6pertemperatur sich in Bezug auf das Wetter ver\u00e4ndert. Die meisten Reptilien fressen Fleisch. Reptilien sind normalerweise weniger clever als S\u00e4ugetiere und V\u00f6gel. Sie sch\u00fctzen sich &hellip; <a href=\"https:\/\/www.big-animals.com\/de\/die-groessten-reptilien-der-welt\/\" class=\"more-link\">Continue reading <span class=\"screen-reader-text\">Die gr\u00f6\u00dften Reptilien der Welt!<\/span><\/a><\/p>\n","protected":false},"author":1,"featured_media":0,"parent":0,"menu_order":0,"comment_status":"closed","ping_status":"open","template":"","meta":{"_acf_changed":false,"footnotes":""},"acf":[],"_links":{"self":[{"href":"https:\/\/www.big-animals.com\/de\/wp-json\/wp\/v2\/pages\/60"}],"collection":[{"href":"https:\/\/www.big-animals.com\/de\/wp-json\/wp\/v2\/pages"}],"about":[{"href":"https:\/\/www.big-animals.com\/de\/wp-json\/wp\/v2\/types\/page"}],"author":[{"embeddable":true,"href":"https:\/\/www.big-animals.com\/de\/wp-json\/wp\/v2\/users\/1"}],"replies":[{"embeddable":true,"href":"https:\/\/www.big-animals.com\/de\/wp-json\/wp\/v2\/comments?post=60"}],"version-history":[{"count":2,"href":"https:\/\/www.big-animals.com\/de\/wp-json\/wp\/v2\/pages\/60\/revisions"}],"predecessor-version":[{"id":426,"href":"https:\/\/www.big-animals.com\/de\/wp-json\/wp\/v2\/pages\/60\/revisions\/426"}],"wp:attachment":[{"href":"https:\/\/www.big-animals.com\/de\/wp-json\/wp\/v2\/media?parent=60"}],"curies":[{"name":"wp","href":"https:\/\/api.w.org\/{rel}","templated":true}]}}