{"id":61,"date":"2011-05-09T09:33:07","date_gmt":"2011-05-09T09:33:07","guid":{"rendered":""},"modified":"2014-03-03T11:30:58","modified_gmt":"2014-03-03T11:30:58","slug":"die-groessten-wirbeltiere-der-welt","status":"publish","type":"page","link":"https:\/\/www.big-animals.com\/de\/die-groessten-wirbeltiere-der-welt\/","title":{"rendered":"Die gr\u00f6\u00dften Wirbeltiere der Welt!"},"content":{"rendered":"<p><span class=\"gts_text\" id=\"gts_text_1\"><strong>Was ist ein Wirbeltier?<\/strong><\/span><\/p>\n<p><span class=\"gts_text\" id=\"gts_text_2\">Die Wirbeltiere sind eine Gruppe von <a href=\"\/Animals.html\">Tieren<\/a>.<\/span> Sie alle haben eine \u201eWirbels\u00e4ule\u201c, die aus einer Anzahl von \u201eWirbeln\u201c gemacht ist und einen wichtigen Nerv enth\u00e4lt. Die Wirbeltiere sind die gr\u00f6\u00dfte Gruppe von <span class=\"gts_text\" id=\"gts_text_3\"><\/span><span class=\"gts_text\" id=\"gts_text_4\"> <a href=\"\/Chordates.html\">Chordatieren<\/a> &#8211; es gibt \u00fcber 57000 bekannte Spezies, meistens Fisch. Das weltgr\u00f6\u00dfte Tier ist ein Wirbeltier &#8211; der<\/span><span class=\"gts_text\" id=\"gts_text_5\"> <a href=\"\/Blue-Whale.html\">Blauwal<\/a>.<\/span><\/p>\n<p><span class=\"gts_text\" id=\"gts_text_6\"><strong>Welche Arten von Wirbeltieren gibt es?<\/strong><\/span><\/p>\n<p><span class=\"gts_text\" id=\"gts_text_7\">Die durchschnittliche Person teilt Wirbeltiere in Fische, Amphibien, Reptilien, V\u00f6gel und S\u00e4ugetiere ein. Wissenschaftler halten sich meistens daran, ausser dass der Fisch in eine gr\u00f6\u00dfere Anzahl von gruppen (oder \u201eKlassen\u201c) eingeteilt wird. Ebenfalls waren manche der Dinosaurier so anders, dass sie ihrer eigenen Klasse zugewiesen wurden.<br \/>\n<\/span><span class=\"gts_text\" id=\"gts_text_9\"><\/span><\/p>\n<ul>\n<li><span class=\"gts_text\" id=\"gts_text_10\">Die weithin bekanntesten Klassen von <a href=\"\/Fish.html\">Fischen<\/a> sind die Condrichthyes (Knorpelfische) und die Knochenfische, welche die Actinopterygii und Sarcopterygii enthalten. Viele der anderen Klassen sind zur heutigen Zeit v\u00f6llig ausgestorben. Wissenschaftler teilen Fische in den folgenden Klassen ein.<\/span><span class=\"gts_text\" id=\"gts_text_12\"><\/span>\n<ul>\n<li><span class=\"gts_text\" id=\"gts_text_13\">Die Acanthodii, manchmal Stachelhaie genannt, sind eine ausgestorbene Gruppe von Fischen, die einige Charakteristiken von Knorpelfischen hatte und vielen anderen von Knochenfischen.<br \/>\n<\/span><\/li>\n<li><span class=\"gts_text\" id=\"gts_text_14\">Die Actinopterygii sind die gr\u00f6\u00dfte Klasse von Fischen, tats\u00e4chlich die gr\u00f6\u00dfte Klasse von Wirbeltieren! Es gibt 2700 Spezies von diesen, \u201estrahlenflossenden\u201c Fischen, die im Meer und S\u00fc\u00dfwasser leben.<\/span><span class=\"gts_text\" id=\"gts_text_15\"><\/span><\/li>\n<li><span class=\"gts_text\" id=\"gts_text_16\">Die Cephalaspidomorphen sind eine Gruppe von ausgestorbenen kieferlosen Fischen. Tats\u00e4chlich sind sich Wissenschaftler nicht einig dar\u00fcber, welche Tiere genau in diese Gruppe geh\u00f6ren sollten &#8211; manche sagen die Neunaugen sollten inkludiert werden, andere stimmen mit dem nicht \u00fcberein.<\/span><span class=\"gts_text\" id=\"gts_text_17\"><\/span><\/li>\n<li><span class=\"gts_text\" id=\"gts_text_18\">Die Condrichthyes sind Knorpelfische, inklusive Haie und Rochen. Diese Fischen haben keine echten Knochen, stattdessen ist ihr Skelett aus Knorpelgewebe gemacht.<\/span><span class=\"gts_text\" id=\"gts_text_19\"><\/span><\/li>\n<li><span class=\"gts_text\" id=\"gts_text_20\">Die Conodonts: Eine Gruppe von ausgestorbenen wurm\u00e4hnlichen Tieren, die nur wegen ihrer verkn\u00f6cherten Z\u00e4hne bekannt sind.<br \/>\n<\/span><\/li>\n<li><span class=\"gts_text\" id=\"gts_text_21\">Die Hyperoartia ist die Klasse der Neunaugen, eine Gruppe von allf\u00f6rmigen Meerestieren, die sich so vom Fisch unterscheiden, dass Wissenschaftler sie in eine andere Gruppe einteilen.<br \/>\n<\/span><\/li>\n<li><span class=\"gts_text\" id=\"gts_text_22\">Die Myxini: diese sind die Schleimaale &#8211; sie sehen ein bisschen wie Aale aus und k\u00f6nnen sich selbst zu Knoten binden.<br \/>\n<\/span><\/li>\n<li><span class=\"gts_text\" id=\"gts_text_23\">Das Placoderms: eine weitere Gruppe von ausgestorbenen Fischen, welche robuste Platten besa\u00df, um ihre K\u00f6pfe zu sch\u00fctzen.<br \/>\n<\/span><\/li>\n<li><span class=\"gts_text\" id=\"gts_text_24\">Die Pteraspidomorphs: eine Gruppe von ausgestorbenen Fischen, welche keinen Kiefer hatten<br \/>\n<\/span><\/li>\n<li><span class=\"gts_text\" id=\"gts_text_25\">Das Sarcopterygii oder Fleischflosser, enth\u00e4lt den Lungenfisch und den einst ausgestorben gedachten Coelacanths.<br \/>\n<\/span><\/li>\n<\/ul>\n<\/li>\n<li><span class=\"gts_text\" id=\"gts_text_26\">Die anderen Klassen des Wirbeltiers sind<\/span>\n<ul>\n<li><span class=\"gts_text\" id=\"gts_text_27\">Die Amphibien (Amphibien). Diese sind Fr\u00f6sche, Molche, Kr\u00f6ten, Salamander, Axolotl. Diese sind Wirbeltiere, die Luft und Wasser atmen k\u00f6nnen.<\/span> <span class=\"gts_text\" id=\"gts_text_29\"><\/span><\/li>\n<li><span class=\"gts_text\" id=\"gts_text_30\">Die <a href=\"http:\/\/www.big-animals.com\/the-worlds-biggest-reptiles\/\">Reptilien<\/a> (Sauropsida). Diese sind Schildkr\u00f6ten, Echsen, Schlangen und andre Landwirbeltiere mit Schuppen. <\/span><span class=\"gts_text\" id=\"gts_text_31\"><\/span><\/li>\n<li><span class=\"gts_text\" id=\"gts_text_32\">Synapsida ist eine Gruppe von Lebewesen, die die meisten von uns Dinosaurier nennen w\u00fcrden, aber welche sich so sehr von Dinosauriern unterschieden, dass sie ihre eigene Klasse erhielten.<br \/>\n<\/span><\/li>\n<li><span class=\"gts_text\" id=\"gts_text_33\">Die <a href=\"\/Birds.html\">V\u00f6gel<\/a> (<\/span><span class=\"gts_text\" id=\"gts_text_34\">Aves). Meistens gefedert und meistens f\u00e4hig zu fliegen.<br \/>\n<\/span><\/li>\n<li><span class=\"gts_text\" id=\"gts_text_35\">Die <a href=\"\/Mammals.html\">S\u00e4ugetiere<\/a> (Mammalia). Diese warmbl\u00fctigen Kreaturen haben meistens Haare und geben all ihre Milch den Jungtieren. Das weltgr\u00f6\u00dfte Wirbeltier &#8211; in der Tat, das weltgr\u00f6\u00dfte Tier &#8211; ist ein S\u00e4ugetier.<\/span><span class=\"gts_text\" id=\"gts_text_37\"><\/span><\/li>\n<\/ul>\n<\/li>\n<\/ul>\n<p><span class=\"gts_text\" id=\"gts_text_38\"><strong>Was ist das gr\u00f6\u00dfte Wirbeltier der Welt?<\/strong><\/span><\/p>\n<p><span class=\"gts_text\" id=\"gts_text_39\">Das weltgr\u00f6\u00dfte Wirbeltier in jeder Hinsicht ist der <a href=\"\/Blue-Whale.html\">Blauwal<\/a>.<\/span> Es kann bis zu 30 Meter lang oder mehr wachsen und wiegt um die 140 Tonnen &#8211; das sind 140000 kg oder 300000 Pfund! Es ist sogar gr\u00f6\u00dfer als die gr\u00f6\u00dften Dinosaurier, die es jemals gab. Traurigerweise, ging es fast den selben Weg wie die Dinosaurier im 20ten Jahrhundert, aufgrund von Walfang. Das Jagen von Blauwalen wurden in den 1960ern verboten und endete endlich in den 1970ern. Sogar heute noch, ist die Population der Blauwale immer noch unter 1% von dem Wert, wie er vor dem Walfang war.<span class=\"gts_text\" id=\"gts_text_44\"><\/span><\/p>\n","protected":false},"excerpt":{"rendered":"<p>Was ist ein Wirbeltier? Die Wirbeltiere sind eine Gruppe von Tieren. Sie alle haben eine \u201eWirbels\u00e4ule\u201c, die aus einer Anzahl von \u201eWirbeln\u201c gemacht ist und einen wichtigen Nerv enth\u00e4lt. Die Wirbeltiere sind die gr\u00f6\u00dfte Gruppe von Chordatieren &#8211; es gibt \u00fcber 57000 bekannte Spezies, meistens Fisch. Das weltgr\u00f6\u00dfte Tier ist ein Wirbeltier &#8211; der Blauwal. &hellip; <a href=\"https:\/\/www.big-animals.com\/de\/die-groessten-wirbeltiere-der-welt\/\" class=\"more-link\">Continue reading <span class=\"screen-reader-text\">Die gr\u00f6\u00dften Wirbeltiere der Welt!<\/span><\/a><\/p>\n","protected":false},"author":1,"featured_media":0,"parent":0,"menu_order":0,"comment_status":"closed","ping_status":"open","template":"","meta":{"_acf_changed":false,"footnotes":""},"acf":[],"_links":{"self":[{"href":"https:\/\/www.big-animals.com\/de\/wp-json\/wp\/v2\/pages\/61"}],"collection":[{"href":"https:\/\/www.big-animals.com\/de\/wp-json\/wp\/v2\/pages"}],"about":[{"href":"https:\/\/www.big-animals.com\/de\/wp-json\/wp\/v2\/types\/page"}],"author":[{"embeddable":true,"href":"https:\/\/www.big-animals.com\/de\/wp-json\/wp\/v2\/users\/1"}],"replies":[{"embeddable":true,"href":"https:\/\/www.big-animals.com\/de\/wp-json\/wp\/v2\/comments?post=61"}],"version-history":[{"count":2,"href":"https:\/\/www.big-animals.com\/de\/wp-json\/wp\/v2\/pages\/61\/revisions"}],"predecessor-version":[{"id":433,"href":"https:\/\/www.big-animals.com\/de\/wp-json\/wp\/v2\/pages\/61\/revisions\/433"}],"wp:attachment":[{"href":"https:\/\/www.big-animals.com\/de\/wp-json\/wp\/v2\/media?parent=61"}],"curies":[{"name":"wp","href":"https:\/\/api.w.org\/{rel}","templated":true}]}}