{"id":62,"date":"2011-05-09T09:33:43","date_gmt":"2011-05-09T09:33:43","guid":{"rendered":""},"modified":"2014-04-24T08:39:07","modified_gmt":"2014-04-24T08:39:07","slug":"tylosaurus","status":"publish","type":"page","link":"https:\/\/www.big-animals.com\/de\/tylosaurus\/","title":{"rendered":"Tylosaurus"},"content":{"rendered":"<figure id=\"attachment_651\" aria-describedby=\"caption-attachment-651\" style=\"width: 221px\" class=\"wp-caption alignleft\"><a href=\"http:\/\/www.big-animals.com\/wp-content\/uploads\/2011\/03\/Tylosaurus_and_Human2.png\"><img loading=\"lazy\" decoding=\"async\" class=\"size-medium wp-image-651\" title=\"Das Tylosaurus ist das gr\u00f6\u00dfte \u00fcberhaupt Marinereptil der Welt\" alt=\"Das Tylosaurus ist das gr\u00f6\u00dfte \u00fcberhaupt Marinereptil der Welt\" src=\"http:\/\/www.big-animals.com\/wp-content\/uploads\/2011\/03\/Tylosaurus_and_Human2-221x300.png\" width=\"221\" height=\"300\" \/><\/a><figcaption id=\"caption-attachment-651\" class=\"wp-caption-text\">Der Tylosaurus ist das weltgr\u00f6\u00dfte Meeresreptil \u00fcberhaupt<\/figcaption><\/figure>\n<p><span class=\"gts_text\" id=\"gts_text_1\">Der Tylosaurus ist die gr\u00f6\u00dfte <a title=\"Eidechsen\" href=\"http:\/\/www.big-animals.com\/lizards\/\">Eidechse<\/a> \u00fcberhaupt.<\/span> Er war eine Meeresechse &#8211; somit lebte er im Meer. Tats\u00e4chlich geh\u00f6rt dem Tylosaurus der Titel des gr\u00f6\u00dften Meeres<span class=\"gts_text\" id=\"gts_text_3\"><a title=\"Die gr\u00f6\u00dften Reptilien der Welt!\" href=\"http:\/\/www.big-animals.com\/the-worlds-biggest-reptiles\/\">reptils <\/a>\u00fcberhaupt.<\/span> Er ist auf vielerlei Weise den heutigen Waranen und <a title=\"Schlangen\" href=\"http:\/\/www.big-animals.com\/snakes\/\">Schlangen<\/a> \u00e4hnlich. Er lebte zusammen mit Dinosauriern und starb zur gleichen Zeit wie die Dinosaurier aus. Er wurde in den Ozeanen nahe Amerika gefunden.<span class=\"gts_text\" id=\"gts_text_4\"> <\/span><span class=\"gts_text\" id=\"gts_text_6\"><\/span><\/p>\n<p>Tylosaurus konnte bis ungef\u00e4hr 15 Meter oder mehr wachsen. Er hatte eine lange, zylinderf\u00f6rmige Schnauze, die ihm erlaubte seine Beute zu finden und mit einem Sto\u00df zu verletzen. Er besa\u00df zwei Reihen von scharfen, konisch geformten Z\u00e4hnen. Er hatte einen scharniergelenkigen Kiefer und einen beweglichen Sch\u00e4del, wie die Schlangen, so dass es ihnen erlaubt war ihre Beute als Ganzes zu verschlingen. Er hatte ebenfalls einen langen, muskul\u00f6sen und flachen Schwanz, schnellbewegliche Schwimmflossen und einen stromlinienf\u00f6rmigen K\u00f6rper. All diese Eigenschaften halfen dem Tylosaurus dabei, ein kr\u00e4ftiger Schwimmer zu sein. Er konnte seine Beute auf eine schnelle Weise angreifen.<\/p>\n<p>Die versteinerten Inhalte im Bauch des Tylosaurus zeigten uns, dass dieses t\u00f6dliche Meerestier alle m\u00f6glichen Arten von Nahrung fra\u00df wie z.B. Fische, Haie, kleinere Meeresechsen, fleischfressende Meeresreptilien und flugunf\u00e4hige Tauchv\u00f6gel. Mutter Tylosauren gebaren lebendgeb\u00e4rende Babys. Sie kehrte nicht zur K\u00fcste zur\u00fcck, um ihre Eier zu legen so wie die Meeresschildkr\u00f6ten.<\/p>\n","protected":false},"excerpt":{"rendered":"<p>Der Tylosaurus ist die gr\u00f6\u00dfte Eidechse \u00fcberhaupt. Er war eine Meeresechse &#8211; somit lebte er im Meer. Tats\u00e4chlich geh\u00f6rt dem Tylosaurus der Titel des gr\u00f6\u00dften Meeresreptils \u00fcberhaupt. Er ist auf vielerlei Weise den heutigen Waranen und Schlangen \u00e4hnlich. Er lebte zusammen mit Dinosauriern und starb zur gleichen Zeit wie die Dinosaurier aus. Er wurde in &hellip; <a href=\"https:\/\/www.big-animals.com\/de\/tylosaurus\/\" class=\"more-link\">Continue reading <span class=\"screen-reader-text\">Tylosaurus<\/span><\/a><\/p>\n","protected":false},"author":1,"featured_media":0,"parent":0,"menu_order":0,"comment_status":"closed","ping_status":"open","template":"","meta":{"_acf_changed":false,"footnotes":""},"acf":[],"_links":{"self":[{"href":"https:\/\/www.big-animals.com\/de\/wp-json\/wp\/v2\/pages\/62"}],"collection":[{"href":"https:\/\/www.big-animals.com\/de\/wp-json\/wp\/v2\/pages"}],"about":[{"href":"https:\/\/www.big-animals.com\/de\/wp-json\/wp\/v2\/types\/page"}],"author":[{"embeddable":true,"href":"https:\/\/www.big-animals.com\/de\/wp-json\/wp\/v2\/users\/1"}],"replies":[{"embeddable":true,"href":"https:\/\/www.big-animals.com\/de\/wp-json\/wp\/v2\/comments?post=62"}],"version-history":[{"count":2,"href":"https:\/\/www.big-animals.com\/de\/wp-json\/wp\/v2\/pages\/62\/revisions"}],"predecessor-version":[{"id":495,"href":"https:\/\/www.big-animals.com\/de\/wp-json\/wp\/v2\/pages\/62\/revisions\/495"}],"wp:attachment":[{"href":"https:\/\/www.big-animals.com\/de\/wp-json\/wp\/v2\/media?parent=62"}],"curies":[{"name":"wp","href":"https:\/\/api.w.org\/{rel}","templated":true}]}}